{"id":20216,"date":"2024-10-15T12:53:42","date_gmt":"2024-10-15T12:53:42","guid":{"rendered":"https:\/\/indesfuggerhaus.de\/?page_id=20216"},"modified":"2024-10-15T12:57:16","modified_gmt":"2024-10-15T12:57:16","slug":"elegance-of-art","status":"publish","type":"page","link":"https:\/\/indesfuggerhaus.de\/fr\/elegance-of-art\/","title":{"rendered":"Elegance of art"},"content":{"rendered":"<div data-elementor-type=\"wp-page\" data-elementor-id=\"20216\" class=\"elementor elementor-20216\" data-elementor-post-type=\"page\">\n\t\t\t\t<div class=\"elementor-element elementor-element-b66f965 e-flex e-con-boxed e-con e-parent\" data-id=\"b66f965\" data-element_type=\"container\" data-e-type=\"container\">\n\t\t\t\t\t<div class=\"e-con-inner\">\n\t\t\t\t<div class=\"elementor-element elementor-element-125a201 elementor-widget elementor-widget-text-editor\" data-id=\"125a201\" data-element_type=\"widget\" data-e-type=\"widget\" data-widget_type=\"text-editor.default\">\n\t\t\t\t<div class=\"elementor-widget-container\">\n\t\t\t\t\t\t\t\t\t<h5 style=\"text-align: center;\">Kunstvoll und ausdrucksstark &#8211;\u00a0 Elegance of Art<\/h5>\t\t\t\t\t\t\t\t<\/div>\n\t\t\t\t<\/div>\n\t\t\t\t\t<\/div>\n\t\t\t\t<\/div>\n\t\t<div class=\"elementor-element elementor-element-b493b1a e-flex e-con-boxed e-con e-parent\" data-id=\"b493b1a\" data-element_type=\"container\" data-e-type=\"container\">\n\t\t\t\t\t<div class=\"e-con-inner\">\n\t\t\t\t<div class=\"elementor-element elementor-element-a711b74 elementor-widget elementor-widget-text-editor\" data-id=\"a711b74\" data-element_type=\"widget\" data-e-type=\"widget\" data-widget_type=\"text-editor.default\">\n\t\t\t\t<div class=\"elementor-widget-container\">\n\t\t\t\t\t\t\t\t\t<p style=\"text-align: left;\">Die neue Kollektion von Fuggerhaus pr\u00e4sentiert sich luftig und ausdrucksstark, mit auff\u00e4lligen Farben und kunstvollen Motiven. Lassen Sie sich von der geheimnisvollen Eleganz in ein aufregendes Stoffabenteuer entfu\u0308hren. Kunstvolle und ausdrucksstarke Drucke auf halbtransparentem Store mit floralem oder grafischem Dessin stehen im Kontrast, sowohl bei der Motivwahl als auch bei den je zwei Kolorits. Durch den hell-dunkel Kontrast wird Spannung erzeugt und dennoch fu\u0308gen sich Dominante als auch Dezente Farben zu einem harmonischen Gesamtbild. Die vier verschiedenen Druckmotive pr\u00e4sentieren sich halbtransparent und weich flie\u00dfend mit ca. 300cm H\u00f6he und bieten jeweils zwei verschiedene Kolorits.<\/p><p style=\"text-align: left;\"><br \/>Artikel Trapez zeichnet grafische Linien in einem dunklen und einem helleren Farbkonzept. L\u00e4ngsstreifen im Aquarellstil mit kunstvollem Verlauf schmu\u0308cken Artikel Galvano in zwei starken Farben. Kunstvoll skizzierte Kreise lockern die grafischen Motive auf und schmu\u0308cken Artikel Crossing mit einer eher natu\u0308rlichen Farbstellungen, wohingegen Artikel Sidero mit einem wilden Bl\u00e4tterregen Aufmerksamkeit erregt. Den Drucken zur Seite gestellt sind drei elegante Ausbrenner in wunderbar passenden Farbstellungen, welche der Kollektion die n\u00f6tige Eleganz und Ruhe verleihen.<br \/>Egal, ob die grobe Struktur von Pikot, die hohe Transparenz von Crossout oder die zarte Haptik des Ausbrenners Labonne ihre Fenster umspielen, genie\u00dfen Sie Ihre Ausstrahlung und Eleganz mit allen Sinnen. Abgerundet wird die Kollektion mit einem weich flie\u00dfenden halbtransparenten Uni mit 20% Leinenanteil und einer H\u00f6he von ca. 320cm. Artikel Linaya h\u00e4lt mit seiner Farbpalette von 35 Kolorits fu\u0308r jeden Geschmack etwas bereit und fu\u0308gt sich luftig leicht in Ihre Raumsituation ein, sowohl solo oder als dezenter Begleiter.<br \/>Schaffen Sie sich Ihren Ru\u0308ckzugsort und genie\u00dfen Sie die neue Kollektion von Fuggerhaus: Elegance of Art<\/p>\t\t\t\t\t\t\t\t<\/div>\n\t\t\t\t<\/div>\n\t\t\t\t\t<\/div>\n\t\t\t\t<\/div>\n\t\t<div class=\"elementor-element elementor-element-d58169a e-flex e-con-boxed e-con e-parent\" data-id=\"d58169a\" data-element_type=\"container\" data-e-type=\"container\">\n\t\t\t\t\t<div class=\"e-con-inner\">\n\t\t\t\t<div class=\"elementor-element elementor-element-d9c8b3c elementor-skin-carousel elementor-arrows-yes elementor-pagination-type-bullets elementor-pagination-position-outside elementor-widget elementor-widget-media-carousel\" data-id=\"d9c8b3c\" data-element_type=\"widget\" data-e-type=\"widget\" data-settings=\"{&quot;skin&quot;:&quot;carousel&quot;,&quot;effect&quot;:&quot;slide&quot;,&quot;show_arrows&quot;:&quot;yes&quot;,&quot;pagination&quot;:&quot;bullets&quot;,&quot;speed&quot;:500,&quot;autoplay&quot;:&quot;yes&quot;,&quot;autoplay_speed&quot;:5000,&quot;loop&quot;:&quot;yes&quot;,&quot;pause_on_hover&quot;:&quot;yes&quot;,&quot;pause_on_interaction&quot;:&quot;yes&quot;,&quot;space_between&quot;:{&quot;unit&quot;:&quot;px&quot;,&quot;size&quot;:10,&quot;sizes&quot;:[]},&quot;space_between_tablet&quot;:{&quot;unit&quot;:&quot;px&quot;,&quot;size&quot;:10,&quot;sizes&quot;:[]},&quot;space_between_mobile&quot;:{&quot;unit&quot;:&quot;px&quot;,&quot;size&quot;:10,&quot;sizes&quot;:[]}}\" data-widget_type=\"media-carousel.default\">\n\t\t\t\t<div class=\"elementor-widget-container\">\n\t\t\t\t\t\t\t\t\t<div class=\"elementor-swiper\">\n\t\t\t\t\t<div class=\"elementor-main-swiper swiper\" role=\"region\" aria-roledescription=\"carousel\" aria-label=\"Diapositive\">\n\t\t\t\t<div class=\"swiper-wrapper\">\n\t\t\t\t\t\t\t\t\t\t\t<div class=\"swiper-slide\" role=\"group\" aria-roledescription=\"slide\">\n\t\t\t\t\t\t\t\t\t<div class=\"elementor-carousel-image\" role=\"img\" aria-label=\"Wyk-FR 7334-16 Elegance of art\" style=\"background-image: url(&#039;https:\/\/indesfuggerhaus.de\/wp-content\/uploads\/2024\/10\/Wyk-FR_7334-16.jpg&#039;)\">\n\n\t\t\t\n\t\t\t\t\t<\/div>\n\t\t\t\t\t\t\t\t<\/div>\n\t\t\t\t\t\t\t\t\t\t\t<div class=\"swiper-slide\" role=\"group\" aria-roledescription=\"slide\">\n\t\t\t\t\t\t\t\t\t<div class=\"elementor-carousel-image\" role=\"img\" aria-label=\"Labonne_7325\" style=\"background-image: url(&#039;https:\/\/indesfuggerhaus.de\/wp-content\/uploads\/2024\/10\/2Labonne_7325.jpg&#039;)\">\n\n\t\t\t\n\t\t\t\t\t<\/div>\n\t\t\t\t\t\t\t\t<\/div>\n\t\t\t\t\t\t\t\t\t\t\t<div class=\"swiper-slide\" role=\"group\" aria-roledescription=\"slide\">\n\t\t\t\t\t\t\t\t\t<div class=\"elementor-carousel-image\" role=\"img\" aria-label=\"Sidero_7328-22\" style=\"background-image: url(&#039;https:\/\/indesfuggerhaus.de\/wp-content\/uploads\/2024\/10\/6Sidero_7328-22.jpg&#039;)\">\n\n\t\t\t\n\t\t\t\t\t<\/div>\n\t\t\t\t\t\t\t\t<\/div>\n\t\t\t\t\t\t\t\t\t\t\t<div class=\"swiper-slide\" role=\"group\" aria-roledescription=\"slide\">\n\t\t\t\t\t\t\t\t\t<div class=\"elementor-carousel-image\" role=\"img\" aria-label=\"Trapez_7329-21_detail\" style=\"background-image: url(&#039;https:\/\/indesfuggerhaus.de\/wp-content\/uploads\/2024\/10\/Trapez_7329-21_detail.jpg&#039;)\">\n\n\t\t\t\n\t\t\t\t\t<\/div>\n\t\t\t\t\t\t\t\t<\/div>\n\t\t\t\t\t\t\t\t\t\t\t<div class=\"swiper-slide\" role=\"group\" aria-roledescription=\"slide\">\n\t\t\t\t\t\t\t\t\t<div class=\"elementor-carousel-image\" role=\"img\" aria-label=\"Sidero_7328-22\" style=\"background-image: url(&#039;https:\/\/indesfuggerhaus.de\/wp-content\/uploads\/2024\/10\/1Sidero_7328-22.jpg&#039;)\">\n\n\t\t\t\n\t\t\t\t\t<\/div>\n\t\t\t\t\t\t\t\t<\/div>\n\t\t\t\t\t\t\t\t\t\t\t<div class=\"swiper-slide\" role=\"group\" aria-roledescription=\"slide\">\n\t\t\t\t\t\t\t\t\t<div class=\"elementor-carousel-image\" role=\"img\" aria-label=\"Linaya_7320\" style=\"background-image: url(&#039;https:\/\/indesfuggerhaus.de\/wp-content\/uploads\/2024\/10\/2Linaya_7320.jpg&#039;)\">\n\n\t\t\t\n\t\t\t\t\t<\/div>\n\t\t\t\t\t\t\t\t<\/div>\n\t\t\t\t\t\t\t\t\t\t\t<div class=\"swiper-slide\" role=\"group\" aria-roledescription=\"slide\">\n\t\t\t\t\t\t\t\t\t<div class=\"elementor-carousel-image\" role=\"img\" aria-label=\"Galvano 7327-23 Elegance of art\" style=\"background-image: url(&#039;https:\/\/indesfuggerhaus.de\/wp-content\/uploads\/2024\/10\/3Galvano_7327-23.jpg&#039;)\">\n\n\t\t\t\n\t\t\t\t\t<\/div>\n\t\t\t\t\t\t\t\t<\/div>\n\t\t\t\t\t\t\t\t\t\t\t<div class=\"swiper-slide\" role=\"group\" aria-roledescription=\"slide\">\n\t\t\t\t\t\t\t\t\t<div class=\"elementor-carousel-image\" role=\"img\" aria-label=\"Crossing_7326-24_detail\" style=\"background-image: url(&#039;https:\/\/indesfuggerhaus.de\/wp-content\/uploads\/2024\/10\/Crossing_7326-24_detail.jpg&#039;)\">\n\n\t\t\t\n\t\t\t\t\t<\/div>\n\t\t\t\t\t\t\t\t<\/div>\n\t\t\t\t\t\t\t\t\t\t\t<div class=\"swiper-slide\" role=\"group\" aria-roledescription=\"slide\">\n\t\t\t\t\t\t\t\t\t<div class=\"elementor-carousel-image\" role=\"img\" aria-label=\"Elegance of art 7326-24\" style=\"background-image: url(&#039;https:\/\/indesfuggerhaus.de\/wp-content\/uploads\/2024\/10\/5Crossing_7326-24.jpg&#039;)\">\n\n\t\t\t\n\t\t\t\t\t<\/div>\n\t\t\t\t\t\t\t\t<\/div>\n\t\t\t\t\t\t\t\t\t\t\t<div class=\"swiper-slide\" role=\"group\" aria-roledescription=\"slide\">\n\t\t\t\t\t\t\t\t\t<div class=\"elementor-carousel-image\" role=\"img\" aria-label=\"Elegance of art\" style=\"background-image: url(&#039;https:\/\/indesfuggerhaus.de\/wp-content\/uploads\/2024\/10\/4Pikot_7324-19.jpg&#039;)\">\n\n\t\t\t\n\t\t\t\t\t<\/div>\n\t\t\t\t\t\t\t\t<\/div>\n\t\t\t\t\t\t\t\t\t<\/div>\n\t\t\t\t\t\t\t\t\t\t\t\t\t\t\t<div class=\"elementor-swiper-button elementor-swiper-button-prev\" role=\"button\" tabindex=\"0\" aria-label=\"Pr\u00e9c\u00e9dent\">\n\t\t\t\t\t\t\t<svg aria-hidden=\"true\" class=\"e-font-icon-svg e-eicon-chevron-left\" viewbox=\"0 0 1000 1000\" xmlns=\"http:\/\/www.w3.org\/2000\/svg\"><path d=\"M646 125C629 125 613 133 604 142L308 442C296 454 292 471 292 487 292 504 296 521 308 533L604 854C617 867 629 875 646 875 663 875 679 871 692 858 704 846 713 829 713 812 713 796 708 779 692 767L438 487 692 225C700 217 708 204 708 187 708 171 704 154 692 142 675 129 663 125 646 125Z\"><\/path><\/svg>\t\t\t\t\t\t<\/div>\n\t\t\t\t\t\t<div class=\"elementor-swiper-button elementor-swiper-button-next\" role=\"button\" tabindex=\"0\" aria-label=\"Suivant\">\n\t\t\t\t\t\t\t<svg aria-hidden=\"true\" class=\"e-font-icon-svg e-eicon-chevron-right\" viewbox=\"0 0 1000 1000\" xmlns=\"http:\/\/www.w3.org\/2000\/svg\"><path d=\"M696 533C708 521 713 504 713 487 713 471 708 454 696 446L400 146C388 133 375 125 354 125 338 125 325 129 313 142 300 154 292 171 292 187 292 204 296 221 308 233L563 492 304 771C292 783 288 800 288 817 288 833 296 850 308 863 321 871 338 875 354 875 371 875 388 867 400 854L696 533Z\"><\/path><\/svg>\t\t\t\t\t\t<\/div>\n\t\t\t\t\t\t\t\t\t\t\t\t\t\t\t\t<div class=\"swiper-pagination\"><\/div>\n\t\t\t\t\t\t\t\t\t\t\t\t<\/div>\n\t\t\t\t<\/div>\n\t\t\t\t\t\t\t\t<\/div>\n\t\t\t\t<\/div>\n\t\t\t\t\t<\/div>\n\t\t\t\t<\/div>\n\t\t\t\t<\/div>","protected":false},"excerpt":{"rendered":"<p>Kunstvoll und ausdrucksstark &#8211;\u00a0 Elegance of Art Die neue Kollektion von Fuggerhaus pr\u00e4sentiert sich luftig und ausdrucksstark, mit auff\u00e4lligen Farben und kunstvollen Motiven. Lassen Sie sich von der geheimnisvollen Eleganz in ein aufregendes Stoffabenteuer entfu\u0308hren. Kunstvolle und ausdrucksstarke Drucke auf halbtransparentem Store mit floralem oder grafischem Dessin stehen im Kontrast, sowohl bei der Motivwahl als [&hellip;]<\/p>\n","protected":false},"author":2,"featured_media":0,"parent":0,"menu_order":0,"comment_status":"closed","ping_status":"closed","template":"","meta":{"footnotes":""},"class_list":["post-20216","page","type-page","status-publish","hentry"],"_links":{"self":[{"href":"https:\/\/indesfuggerhaus.de\/fr\/wp-json\/wp\/v2\/pages\/20216","targetHints":{"allow":["GET"]}}],"collection":[{"href":"https:\/\/indesfuggerhaus.de\/fr\/wp-json\/wp\/v2\/pages"}],"about":[{"href":"https:\/\/indesfuggerhaus.de\/fr\/wp-json\/wp\/v2\/types\/page"}],"author":[{"embeddable":true,"href":"https:\/\/indesfuggerhaus.de\/fr\/wp-json\/wp\/v2\/users\/2"}],"replies":[{"embeddable":true,"href":"https:\/\/indesfuggerhaus.de\/fr\/wp-json\/wp\/v2\/comments?post=20216"}],"version-history":[{"count":4,"href":"https:\/\/indesfuggerhaus.de\/fr\/wp-json\/wp\/v2\/pages\/20216\/revisions"}],"predecessor-version":[{"id":20231,"href":"https:\/\/indesfuggerhaus.de\/fr\/wp-json\/wp\/v2\/pages\/20216\/revisions\/20231"}],"wp:attachment":[{"href":"https:\/\/indesfuggerhaus.de\/fr\/wp-json\/wp\/v2\/media?parent=20216"}],"curies":[{"name":"wp","href":"https:\/\/api.w.org\/{rel}","templated":true}]}}