{"id":20929,"date":"2024-11-13T10:43:33","date_gmt":"2024-11-13T10:43:33","guid":{"rendered":"https:\/\/indesfuggerhaus.de\/?page_id=20929"},"modified":"2024-11-13T10:45:09","modified_gmt":"2024-11-13T10:45:09","slug":"green-steps-2","status":"publish","type":"page","link":"https:\/\/indesfuggerhaus.de\/fr\/green-steps-2\/","title":{"rendered":"Green Steps 2"},"content":{"rendered":"<div data-elementor-type=\"wp-page\" data-elementor-id=\"20929\" class=\"elementor elementor-20929\" data-elementor-post-type=\"page\">\n\t\t\t\t<div class=\"elementor-element elementor-element-6871dd0 e-flex e-con-boxed e-con e-parent\" data-id=\"6871dd0\" data-element_type=\"container\" data-e-type=\"container\">\n\t\t\t\t\t<div class=\"e-con-inner\">\n\t\t<div class=\"elementor-element elementor-element-71300a3 e-con-full e-flex e-con e-child\" data-id=\"71300a3\" data-element_type=\"container\" data-e-type=\"container\">\n\t\t\t\t<div class=\"elementor-element elementor-element-d02c014 elementor-widget elementor-widget-heading\" data-id=\"d02c014\" data-element_type=\"widget\" data-e-type=\"widget\" data-widget_type=\"heading.default\">\n\t\t\t\t<div class=\"elementor-widget-container\">\n\t\t\t\t\t<h2 class=\"elementor-heading-title elementor-size-default\">Green Steps <\/h2>\t\t\t\t<\/div>\n\t\t\t\t<\/div>\n\t\t\t\t<\/div>\n\t\t\t\t\t<\/div>\n\t\t\t\t<\/div>\n\t\t<div class=\"elementor-element elementor-element-0cd274d e-flex e-con-boxed e-con e-parent\" data-id=\"0cd274d\" data-element_type=\"container\" data-e-type=\"container\">\n\t\t\t\t\t<div class=\"e-con-inner\">\n\t\t\t\t<div class=\"elementor-element elementor-element-28939eb elementor-widget elementor-widget-text-editor\" data-id=\"28939eb\" data-element_type=\"widget\" data-e-type=\"widget\" data-widget_type=\"text-editor.default\">\n\t\t\t\t<div class=\"elementor-widget-container\">\n\t\t\t\t\t\t\t\t\t<p style=\"text-align: center;\">Vous trouverez bient\u00f4t plus d'informations sur GreenSteps ici ! Vous trouverez d\u00e9j\u00e0 nos articles durables dans notre <a href=\"https:\/\/indesfuggerhaus.de\/fr\/stoffbibliothek\/?wpf_filter_materialwelten=nachhaltige-materialien&amp;wpf_fbv=1\">Biblioth\u00e8que de tissus.<\/a><\/p>\t\t\t\t\t\t\t\t<\/div>\n\t\t\t\t<\/div>\n\t\t<div class=\"elementor-element elementor-element-638e5c8 e-con-full e-flex e-con e-child\" data-id=\"638e5c8\" data-element_type=\"container\" data-e-type=\"container\">\n\t\t<div class=\"elementor-element elementor-element-fc26a19 e-con-full e-flex e-con e-child\" data-id=\"fc26a19\" data-element_type=\"container\" data-e-type=\"container\">\n\t\t\t\t<div class=\"elementor-element elementor-element-b50eb87 elementor-widget-divider--view-line elementor-widget elementor-widget-divider\" data-id=\"b50eb87\" data-element_type=\"widget\" data-e-type=\"widget\" data-widget_type=\"divider.default\">\n\t\t\t\t<div class=\"elementor-widget-container\">\n\t\t\t\t\t\t\t<div class=\"elementor-divider\">\n\t\t\t<span class=\"elementor-divider-separator\">\n\t\t\t\t\t\t<\/span>\n\t\t<\/div>\n\t\t\t\t\t\t<\/div>\n\t\t\t\t<\/div>\n\t\t\t\t<\/div>\n\t\t\t\t<div class=\"elementor-element elementor-element-e914ea8 elementor-widget elementor-widget-image\" data-id=\"e914ea8\" data-element_type=\"widget\" data-e-type=\"widget\" data-widget_type=\"image.default\">\n\t\t\t\t<div class=\"elementor-widget-container\">\n\t\t\t\t\t\t\t\t\t\t\t\t\t\t\t<img decoding=\"async\" width=\"150\" height=\"150\" src=\"https:\/\/indesfuggerhaus.de\/wp-content\/uploads\/2024\/11\/Wartungsarbeiten-150x150.png\" class=\"attachment-thumbnail size-thumbnail wp-image-20933\" alt=\"\" srcset=\"https:\/\/indesfuggerhaus.de\/wp-content\/uploads\/2024\/11\/Wartungsarbeiten-150x150.png 150w, https:\/\/indesfuggerhaus.de\/wp-content\/uploads\/2024\/11\/Wartungsarbeiten-100x100.png 100w\" sizes=\"(max-width: 150px) 100vw, 150px\" \/>\t\t\t\t\t\t\t\t\t\t\t\t\t\t\t<\/div>\n\t\t\t\t<\/div>\n\t\t\t\t<\/div>\n\t\t\t\t\t<\/div>\n\t\t\t\t<\/div>\n\t\t<div class=\"elementor-element elementor-element-7a8af9b e-flex e-con-boxed e-con e-parent\" data-id=\"7a8af9b\" data-element_type=\"container\" data-e-type=\"container\">\n\t\t\t\t\t<div class=\"e-con-inner\">\n\t\t<div class=\"elementor-element elementor-element-91b1807 e-con-full e-flex e-con e-child\" data-id=\"91b1807\" data-element_type=\"container\" data-e-type=\"container\">\n\t\t\t\t<div class=\"elementor-element elementor-element-8b671e7 elementor-widget elementor-widget-heading\" data-id=\"8b671e7\" data-element_type=\"widget\" data-e-type=\"widget\" data-widget_type=\"heading.default\">\n\t\t\t\t<div class=\"elementor-widget-container\">\n\t\t\t\t\t<h2 class=\"elementor-heading-title elementor-size-default\">Travaux de maintenance<\/h2>\t\t\t\t<\/div>\n\t\t\t\t<\/div>\n\t\t\t\t<\/div>\n\t\t\t\t\t<\/div>\n\t\t\t\t<\/div>\n\t\t\t\t<\/div>","protected":false},"excerpt":{"rendered":"<p>Green Steps Hier gibt es bald mehr zum Thema GreenSteps! Unsere Nachhaltigen Artikel finden Sie Bereits jetzt in unserer Stoffbibliothek. Wartungsarbeiten<\/p>","protected":false},"author":2,"featured_media":0,"parent":0,"menu_order":0,"comment_status":"closed","ping_status":"closed","template":"","meta":{"footnotes":""},"class_list":["post-20929","page","type-page","status-publish","hentry"],"_links":{"self":[{"href":"https:\/\/indesfuggerhaus.de\/fr\/wp-json\/wp\/v2\/pages\/20929","targetHints":{"allow":["GET"]}}],"collection":[{"href":"https:\/\/indesfuggerhaus.de\/fr\/wp-json\/wp\/v2\/pages"}],"about":[{"href":"https:\/\/indesfuggerhaus.de\/fr\/wp-json\/wp\/v2\/types\/page"}],"author":[{"embeddable":true,"href":"https:\/\/indesfuggerhaus.de\/fr\/wp-json\/wp\/v2\/users\/2"}],"replies":[{"embeddable":true,"href":"https:\/\/indesfuggerhaus.de\/fr\/wp-json\/wp\/v2\/comments?post=20929"}],"version-history":[{"count":4,"href":"https:\/\/indesfuggerhaus.de\/fr\/wp-json\/wp\/v2\/pages\/20929\/revisions"}],"predecessor-version":[{"id":20936,"href":"https:\/\/indesfuggerhaus.de\/fr\/wp-json\/wp\/v2\/pages\/20929\/revisions\/20936"}],"wp:attachment":[{"href":"https:\/\/indesfuggerhaus.de\/fr\/wp-json\/wp\/v2\/media?parent=20929"}],"curies":[{"name":"wp","href":"https:\/\/api.w.org\/{rel}","templated":true}]}}