{"id":21095,"date":"2024-11-15T13:31:54","date_gmt":"2024-11-15T13:31:54","guid":{"rendered":"https:\/\/indesfuggerhaus.de\/?page_id=21095"},"modified":"2025-08-26T07:54:40","modified_gmt":"2025-08-26T07:54:40","slug":"bildmaterial","status":"publish","type":"page","link":"https:\/\/indesfuggerhaus.de\/fr\/bildmaterial\/","title":{"rendered":"Mat\u00e9riel visuel"},"content":{"rendered":"<div data-elementor-type=\"wp-page\" data-elementor-id=\"21095\" class=\"elementor elementor-21095\" data-elementor-post-type=\"page\">\n\t\t\t\t<div class=\"elementor-element elementor-element-6a58cb5 e-flex e-con-boxed e-con e-parent\" data-id=\"6a58cb5\" data-element_type=\"container\" data-e-type=\"container\">\n\t\t\t\t\t<div class=\"e-con-inner\">\n\t\t<div class=\"elementor-element elementor-element-2596f6f e-con-full e-flex e-con e-child\" data-id=\"2596f6f\" data-element_type=\"container\" data-e-type=\"container\">\n\t\t\t\t<div class=\"elementor-element elementor-element-a85a57c elementor-widget elementor-widget-heading\" data-id=\"a85a57c\" data-element_type=\"widget\" data-e-type=\"widget\" data-widget_type=\"heading.default\">\n\t\t\t\t<div class=\"elementor-widget-container\">\n\t\t\t\t\t<h2 class=\"elementor-heading-title elementor-size-default\">Mat\u00e9riel visuel<\/h2>\t\t\t\t<\/div>\n\t\t\t\t<\/div>\n\t\t\t\t<\/div>\n\t\t\t\t\t<\/div>\n\t\t\t\t<\/div>\n\t\t<div class=\"elementor-element elementor-element-2d9246d e-flex e-con-boxed e-con e-parent\" data-id=\"2d9246d\" data-element_type=\"container\" data-e-type=\"container\">\n\t\t\t\t\t<div class=\"e-con-inner\">\n\t\t<div class=\"elementor-element elementor-element-fac22e2 e-con-full e-flex e-con e-child\" data-id=\"fac22e2\" data-element_type=\"container\" data-e-type=\"container\">\n\t\t\t\t<div class=\"elementor-element elementor-element-0c175ff elementor-widget elementor-widget-text-editor\" data-id=\"0c175ff\" data-element_type=\"widget\" data-e-type=\"widget\" data-widget_type=\"text-editor.default\">\n\t\t\t\t<div class=\"elementor-widget-container\">\n\t\t\t\t\t\t\t\t\t<p><strong>2025<br \/><\/strong><a href=\"https:\/\/indesfuggerhaus.de\/wp-content\/uploads\/2025\/08\/Famous-Farn-2025.zip\">Foug\u00e8re c\u00e9l\u00e8bre 2025<\/a><br \/><a href=\"https:\/\/indesfuggerhaus.de\/wp-content\/uploads\/2025\/08\/Pure-Cosiness-2025.zip\">Indes Fuggerhaus Collection \u201ePure Cosiness\u201c<\/a><strong><br \/><\/strong><\/p><p><strong>2024<\/strong><br \/><a href=\"https:\/\/indesfuggerhaus.de\/wp-content\/uploads\/2024\/11\/Tropical_Garden.zip\">Indes Fuggerhaus Collection \"Jardin tropical<\/a><\/p><p><strong>2023<br \/><\/strong><a href=\"https:\/\/indesfuggerhaus.de\/wp-content\/uploads\/2024\/11\/New_Balance.zip\">Indes Fuggerhaus Collection \"New Balance<\/a><br \/><a href=\"https:\/\/indesfuggerhaus.de\/wp-content\/uploads\/2024\/11\/Living_Secrets.zip\">Indes Fuggerhaus Collection \"Living Secrets<\/a><br \/><a href=\"https:\/\/indesfuggerhaus.de\/wp-content\/uploads\/2024\/11\/Summer_Vibes.zip\">Indes Fuggerhaus Collection \"Summer Vibes<\/a><\/p><p><strong>2022<br \/><\/strong><a href=\"https:\/\/indesfuggerhaus.de\/wp-content\/uploads\/2024\/11\/Colour_up_your_life.zip\">Collection Indes \"Color up your life\" (Colorie ta vie)<\/a><br \/><a href=\"https:\/\/indesfuggerhaus.de\/wp-content\/uploads\/2024\/11\/Elegance_of_Art.zip\">Collection Fuggerhaus \"\u00c9l\u00e9gance de l'art<\/a><br \/><a href=\"https:\/\/indesfuggerhaus.de\/wp-content\/uploads\/2024\/11\/Indes_Natural_Roots.zip\">Collection Indes \"Natural Roots<\/a><br \/><a href=\"https:\/\/indesfuggerhaus.de\/wp-content\/uploads\/2024\/11\/Fuggerhaus_Modern_Classic.zip\">Collection \"Modern Classic\" de Fuggerhaus<\/a><\/p><p><a href=\"https:\/\/indesfuggerhaus.de\/wp-content\/uploads\/2024\/11\/Alle_Raumbilder_Re-Invent_RGB_low.zip\">FR-One Collection \"Re-Invent<\/a><\/p><p><strong><a href=\"https:\/\/indesfuggerhaus.de\/fr\/archiv-bildmaterial\/\">Archives<\/a><\/strong><\/p><p style=\"text-align: left;\">En cliquant sur la collection correspondante <br \/>le t\u00e9l\u00e9chargement des images d\u00e9marre.<\/p>\t\t\t\t\t\t\t\t<\/div>\n\t\t\t\t<\/div>\n\t\t\t\t<\/div>\n\t\t<div class=\"elementor-element elementor-element-fe1829c e-con-full e-flex e-con e-child\" data-id=\"fe1829c\" data-element_type=\"container\" data-e-type=\"container\">\n\t\t\t\t<\/div>\n\t\t\t\t\t<\/div>\n\t\t\t\t<\/div>\n\t\t\t\t<\/div>","protected":false},"excerpt":{"rendered":"<p>Bildmaterial 2025Famous Farn 2025Indes Fuggerhaus Kollektion &#8222;Pure Cosiness&#8220; 2024Indes Fuggerhaus Kollektion &#8222;Tropical Garden&#8220; 2023Indes Fuggerhaus Kollektion &#8222;New Balance&#8220;Indes Fuggerhaus Kollektion &#8222;Living Secrets&#8220;Indes Fuggerhaus Kollektion &#8222;Summer Vibes&#8220; 2022Indes Kollektion &#8222;Color up your life&#8220;Fuggerhaus Kollektion &#8222;Elegance of art&#8220;Indes Kollektion &#8222;Natural Roots&#8220;Fuggerhaus Kollektion &#8222;Modern Classic&#8220; FR-One Kollektion &#8222;Re-Invent&#8220; Archiv Mit einem Klick auf die jeweilige Kollektion startet der [&hellip;]<\/p>\n","protected":false},"author":2,"featured_media":0,"parent":0,"menu_order":0,"comment_status":"closed","ping_status":"closed","template":"","meta":{"footnotes":""},"class_list":["post-21095","page","type-page","status-publish","hentry"],"_links":{"self":[{"href":"https:\/\/indesfuggerhaus.de\/fr\/wp-json\/wp\/v2\/pages\/21095","targetHints":{"allow":["GET"]}}],"collection":[{"href":"https:\/\/indesfuggerhaus.de\/fr\/wp-json\/wp\/v2\/pages"}],"about":[{"href":"https:\/\/indesfuggerhaus.de\/fr\/wp-json\/wp\/v2\/types\/page"}],"author":[{"embeddable":true,"href":"https:\/\/indesfuggerhaus.de\/fr\/wp-json\/wp\/v2\/users\/2"}],"replies":[{"embeddable":true,"href":"https:\/\/indesfuggerhaus.de\/fr\/wp-json\/wp\/v2\/comments?post=21095"}],"version-history":[{"count":28,"href":"https:\/\/indesfuggerhaus.de\/fr\/wp-json\/wp\/v2\/pages\/21095\/revisions"}],"predecessor-version":[{"id":23926,"href":"https:\/\/indesfuggerhaus.de\/fr\/wp-json\/wp\/v2\/pages\/21095\/revisions\/23926"}],"wp:attachment":[{"href":"https:\/\/indesfuggerhaus.de\/fr\/wp-json\/wp\/v2\/media?parent=21095"}],"curies":[{"name":"wp","href":"https:\/\/api.w.org\/{rel}","templated":true}]}}