{"id":24534,"date":"2026-01-30T09:23:08","date_gmt":"2026-01-30T09:23:08","guid":{"rendered":"https:\/\/indesfuggerhaus.de\/?page_id=24534"},"modified":"2026-01-30T09:46:53","modified_gmt":"2026-01-30T09:46:53","slug":"neuigkeiten","status":"publish","type":"page","link":"https:\/\/indesfuggerhaus.de\/fr\/neuigkeiten\/","title":{"rendered":"Nouvelles"},"content":{"rendered":"<div data-elementor-type=\"wp-page\" data-elementor-id=\"24534\" class=\"elementor elementor-24534\" data-elementor-post-type=\"page\">\n\t\t\t\t<div class=\"elementor-element elementor-element-a26d4de e-flex e-con-boxed e-con e-parent\" data-id=\"a26d4de\" data-element_type=\"container\" data-e-type=\"container\">\n\t\t\t\t\t<div class=\"e-con-inner\">\n\t\t\t\t<div class=\"elementor-element elementor-element-9713bd4 elementor-widget-divider--view-line elementor-widget elementor-widget-divider\" data-id=\"9713bd4\" data-element_type=\"widget\" data-e-type=\"widget\" data-widget_type=\"divider.default\">\n\t\t\t\t<div class=\"elementor-widget-container\">\n\t\t\t\t\t\t\t<div class=\"elementor-divider\">\n\t\t\t<span class=\"elementor-divider-separator\">\n\t\t\t\t\t\t<\/span>\n\t\t<\/div>\n\t\t\t\t\t\t<\/div>\n\t\t\t\t<\/div>\n\t\t\t\t\t<\/div>\n\t\t\t\t<\/div>\n\t\t<div class=\"elementor-element elementor-element-ef62107 e-flex e-con-boxed e-con e-parent\" data-id=\"ef62107\" data-element_type=\"container\" data-e-type=\"container\">\n\t\t\t\t\t<div class=\"e-con-inner\">\n\t\t<div class=\"elementor-element elementor-element-ca04596 e-con-full e-flex e-con e-child\" data-id=\"ca04596\" data-element_type=\"container\" data-e-type=\"container\">\n\t\t\t\t<div class=\"elementor-element elementor-element-b23e7c1 elementor-widget elementor-widget-heading\" data-id=\"b23e7c1\" data-element_type=\"widget\" data-e-type=\"widget\" data-widget_type=\"heading.default\">\n\t\t\t\t<div class=\"elementor-widget-container\">\n\t\t\t\t\t<h2 class=\"elementor-heading-title elementor-size-default\">Nouvelles<\/h2>\t\t\t\t<\/div>\n\t\t\t\t<\/div>\n\t\t\t\t<\/div>\n\t\t<div class=\"elementor-element elementor-element-d9a1671 e-con-full e-flex e-con e-child\" data-id=\"d9a1671\" data-element_type=\"container\" data-e-type=\"container\">\n\t\t\t\t<div class=\"elementor-element elementor-element-b7339b9 elementor-grid-1 elementor-grid-tablet-2 elementor-grid-mobile-1 elementor-posts--thumbnail-top elementor-widget elementor-widget-posts\" data-id=\"b7339b9\" data-element_type=\"widget\" data-e-type=\"widget\" data-settings=\"{&quot;classic_columns&quot;:&quot;1&quot;,&quot;classic_columns_tablet&quot;:&quot;2&quot;,&quot;classic_columns_mobile&quot;:&quot;1&quot;,&quot;classic_row_gap&quot;:{&quot;unit&quot;:&quot;px&quot;,&quot;size&quot;:35,&quot;sizes&quot;:[]},&quot;classic_row_gap_tablet&quot;:{&quot;unit&quot;:&quot;px&quot;,&quot;size&quot;:&quot;&quot;,&quot;sizes&quot;:[]},&quot;classic_row_gap_mobile&quot;:{&quot;unit&quot;:&quot;px&quot;,&quot;size&quot;:&quot;&quot;,&quot;sizes&quot;:[]}}\" data-widget_type=\"posts.classic\">\n\t\t\t\t<div class=\"elementor-widget-container\">\n\t\t\t\t\t\t\t<div class=\"elementor-posts-container elementor-posts elementor-posts--skin-classic elementor-grid\" role=\"list\">\n\t\t\t\t<article class=\"elementor-post elementor-grid-item post-24513 post type-post status-publish format-standard hentry category-uncategorized\" role=\"listitem\">\n\t\t\t\t<div class=\"elementor-post__text\">\n\t\t\t\t<h1 class=\"elementor-post__title\">\n\t\t\t<a href=\"https:\/\/indesfuggerhaus.de\/fr\/elementor-24513\/\" >\n\t\t\t\tIndes Fuggerhaus reprend une grande partie de la gamme Geos\t\t\t<\/a>\n\t\t<\/h1>\n\t\t\t\t<div class=\"elementor-post__meta-data\">\n\t\t\t\t\t<span class=\"elementor-post-date\">\n\t\t\tjanvier 29, 2026\t\t<\/span>\n\t\t\t\t<\/div>\n\t\t\t\t<div class=\"elementor-post__excerpt\">\n\t\t\t<p>Indes Fuggerhaus reprend une grande partie de la gamme Geos nous souhaitons vous informer aujourd'hui que la soci\u00e9t\u00e9 Indes Fuggerhaus Textil GmbH a repris la gamme GEOS dans les domaines des tissus d'ameublement, des rideaux ainsi qu'une s\u00e9lection de produits.<\/p>\n\t\t<\/div>\n\t\t\n\t\t<a class=\"elementor-post__read-more\" href=\"https:\/\/indesfuggerhaus.de\/fr\/elementor-24513\/\" aria-label=\"En savoir plus sur Indes Fuggerhaus \u00fcbernimmt gro\u00dfe Teile des Geos-Sortiments\" tabindex=\"-1\" >\n\t\t\tLire la suite \"\t\t<\/a>\n\n\t\t\t\t<\/div>\n\t\t\t\t<\/article>\n\t\t\t\t<article class=\"elementor-post elementor-grid-item post-24353 post type-post status-publish format-standard hentry category-uncategorized\" role=\"listitem\">\n\t\t\t\t<div class=\"elementor-post__text\">\n\t\t\t\t<h1 class=\"elementor-post__title\">\n\t\t\t<a href=\"https:\/\/indesfuggerhaus.de\/fr\/jetzt-konfektionsauftraege-rechtzeitig-fuer-weihnachten-planen\/\" >\n\t\t\t\tPlanifiez d\u00e8s maintenant vos commandes de confection \u00e0 temps pour No\u00ebl !\t\t\t<\/a>\n\t\t<\/h1>\n\t\t\t\t<div class=\"elementor-post__meta-data\">\n\t\t\t\t\t<span class=\"elementor-post-date\">\n\t\t\toctobre 27, 2025\t\t<\/span>\n\t\t\t\t<\/div>\n\t\t\t\t<div class=\"elementor-post__excerpt\">\n\t\t\t<p>Toutes les commandes de confection qui nous parviennent avant le 10 novembre 2025 seront envoy\u00e9es avant No\u00ebl, \u00e0 condition que la marchandise soit disponible en stock. Assurez-vous d\u00e8s maintenant<\/p>\n\t\t<\/div>\n\t\t\n\t\t<a class=\"elementor-post__read-more\" href=\"https:\/\/indesfuggerhaus.de\/fr\/jetzt-konfektionsauftraege-rechtzeitig-fuer-weihnachten-planen\/\" aria-label=\"En savoir plus sur Jetzt Konfektionsauftr\u00e4ge rechtzeitig f\u00fcr Weihnachten planen!\" tabindex=\"-1\" >\n\t\t\tLire la suite \"\t\t<\/a>\n\n\t\t\t\t<\/div>\n\t\t\t\t<\/article>\n\t\t\t\t<article class=\"elementor-post elementor-grid-item post-23518 post type-post status-publish format-standard hentry category-uncategorized\" role=\"listitem\">\n\t\t\t\t<div class=\"elementor-post__text\">\n\t\t\t\t<h1 class=\"elementor-post__title\">\n\t\t\t<a href=\"https:\/\/indesfuggerhaus.de\/fr\/neuer-newsletter\/\" >\n\t\t\t\tNouvelle newsletter !\t\t\t<\/a>\n\t\t<\/h1>\n\t\t\t\t<div class=\"elementor-post__meta-data\">\n\t\t\t\t\t<span class=\"elementor-post-date\">\n\t\t\tavril 15, 2025\t\t<\/span>\n\t\t\t\t<\/div>\n\t\t\t\t<div class=\"elementor-post__excerpt\">\n\t\t\t<p>Inscrivez-vous d\u00e8s maintenant \u00e0 notre nouvelle newsletter pour ne plus manquer aucune mise \u00e0 jour ou collection \u00e0 l'avenir ! Newsletter<\/p>\n\t\t<\/div>\n\t\t\n\t\t<a class=\"elementor-post__read-more\" href=\"https:\/\/indesfuggerhaus.de\/fr\/neuer-newsletter\/\" aria-label=\"En savoir plus sur Neuer Newsletter!\" tabindex=\"-1\" >\n\t\t\tLire la suite \"\t\t<\/a>\n\n\t\t\t\t<\/div>\n\t\t\t\t<\/article>\n\t\t\t\t<article class=\"elementor-post elementor-grid-item post-22210 post type-post status-publish format-standard hentry category-uncategorized\" role=\"listitem\">\n\t\t\t\t<div class=\"elementor-post__text\">\n\t\t\t\t<h1 class=\"elementor-post__title\">\n\t\t\t<a href=\"https:\/\/indesfuggerhaus.de\/fr\/indes-fuggerhaus-im-wohnmagazin\/\" >\n\t\t\t\tIndes Fuggerhaus dans le magazine Wohnmagazin\t\t\t<\/a>\n\t\t<\/h1>\n\t\t\t\t<div class=\"elementor-post__meta-data\">\n\t\t\t\t\t<span class=\"elementor-post-date\">\n\t\t\tf\u00e9vrier 24, 2025\t\t<\/span>\n\t\t\t\t<\/div>\n\t\t\t\t<div class=\"elementor-post__excerpt\">\n\t\t\t<p>\u00a0 Indes Fuggerhaus se pr\u00e9sente actuellement avec un publireportage exclusif dans le magazine Wohn, consacr\u00e9 \u00e0 un th\u00e8me tr\u00e8s particulier dans la cat\u00e9gorie des tissus de d\u00e9coration et de rideaux :<\/p>\n\t\t<\/div>\n\t\t\n\t\t<a class=\"elementor-post__read-more\" href=\"https:\/\/indesfuggerhaus.de\/fr\/indes-fuggerhaus-im-wohnmagazin\/\" aria-label=\"En savoir plus sur Indes Fuggerhaus im Wohnmagazin\" tabindex=\"-1\" >\n\t\t\tLire la suite \"\t\t<\/a>\n\n\t\t\t\t<\/div>\n\t\t\t\t<\/article>\n\t\t\t\t<article class=\"elementor-post elementor-grid-item post-21944 post type-post status-publish format-standard hentry category-uncategorized\" role=\"listitem\">\n\t\t\t\t<div class=\"elementor-post__text\">\n\t\t\t\t<h1 class=\"elementor-post__title\">\n\t\t\t<a href=\"https:\/\/indesfuggerhaus.de\/fr\/einladung-zu-den-vienna-interior-fashion-days\/\" >\n\t\t\t\tInvitation aux Vienna Interior Fashion Days\t\t\t<\/a>\n\t\t<\/h1>\n\t\t\t\t<div class=\"elementor-post__meta-data\">\n\t\t\t\t\t<span class=\"elementor-post-date\">\n\t\t\tjanvier 31, 2025\t\t<\/span>\n\t\t\t\t<\/div>\n\t\t\t\t<div class=\"elementor-post__excerpt\">\n\t\t\t<p>D\u00e9couvrez de pr\u00e8s les derni\u00e8res tendances en mati\u00e8re d'int\u00e9rieur ! Lors des Vienna Interior Fashion Days, cinq showrooms de premier plan \u00e0 Vienne pr\u00e9senteront leurs derni\u00e8res collections et les points forts de leur design. Laissez-vous s\u00e9duire par<\/p>\n\t\t<\/div>\n\t\t\n\t\t<a class=\"elementor-post__read-more\" href=\"https:\/\/indesfuggerhaus.de\/fr\/einladung-zu-den-vienna-interior-fashion-days\/\" aria-label=\"En savoir plus sur Einladung zu den Vienna Interior Fashion Days\" tabindex=\"-1\" >\n\t\t\tLire la suite \"\t\t<\/a>\n\n\t\t\t\t<\/div>\n\t\t\t\t<\/article>\n\t\t\t\t<article class=\"elementor-post elementor-grid-item post-21938 post type-post status-publish format-standard hentry category-uncategorized\" role=\"listitem\">\n\t\t\t\t<div class=\"elementor-post__text\">\n\t\t\t\t<h1 class=\"elementor-post__title\">\n\t\t\t<a href=\"https:\/\/indesfuggerhaus.de\/fr\/einladung-zur-wohnschau-in-hamburg-besuchen-sie-uns\/\" >\n\t\t\t\tInvitation \u00e0 l'exposition sur l'habitat \u00e0 Hambourg - Venez nous rendre visite !\t\t\t<\/a>\n\t\t<\/h1>\n\t\t\t\t<div class=\"elementor-post__meta-data\">\n\t\t\t\t\t<span class=\"elementor-post-date\">\n\t\t\tjanvier 31, 2025\t\t<\/span>\n\t\t\t\t<\/div>\n\t\t\t\t<div class=\"elementor-post__excerpt\">\n\t\t\t<p>Nous sommes heureux de vous accueillir au Salon de l'habitat de Hambourg ! Les 19 &amp; 20.02.2025, nous vous pr\u00e9senterons notre derni\u00e8re collection et les tendances dans le domaine de l'habitat.<\/p>\n\t\t<\/div>\n\t\t\n\t\t<a class=\"elementor-post__read-more\" href=\"https:\/\/indesfuggerhaus.de\/fr\/einladung-zur-wohnschau-in-hamburg-besuchen-sie-uns\/\" aria-label=\"En savoir plus sur Einladung zur Wohnschau in Hamburg &#8211; Besuchen Sie uns!\" tabindex=\"-1\" >\n\t\t\tLire la suite \"\t\t<\/a>\n\n\t\t\t\t<\/div>\n\t\t\t\t<\/article>\n\t\t\t\t<\/div>\n\t\t\n\t\t\t\t\t\t<\/div>\n\t\t\t\t<\/div>\n\t\t\t\t<\/div>\n\t\t\t\t\t<\/div>\n\t\t\t\t<\/div>\n\t\t\t\t<\/div>","protected":false},"excerpt":{"rendered":"<p>Nouvelles<\/p>","protected":false},"author":2,"featured_media":0,"parent":0,"menu_order":0,"comment_status":"closed","ping_status":"closed","template":"","meta":{"footnotes":""},"class_list":["post-24534","page","type-page","status-publish","hentry"],"_links":{"self":[{"href":"https:\/\/indesfuggerhaus.de\/fr\/wp-json\/wp\/v2\/pages\/24534","targetHints":{"allow":["GET"]}}],"collection":[{"href":"https:\/\/indesfuggerhaus.de\/fr\/wp-json\/wp\/v2\/pages"}],"about":[{"href":"https:\/\/indesfuggerhaus.de\/fr\/wp-json\/wp\/v2\/types\/page"}],"author":[{"embeddable":true,"href":"https:\/\/indesfuggerhaus.de\/fr\/wp-json\/wp\/v2\/users\/2"}],"replies":[{"embeddable":true,"href":"https:\/\/indesfuggerhaus.de\/fr\/wp-json\/wp\/v2\/comments?post=24534"}],"version-history":[{"count":4,"href":"https:\/\/indesfuggerhaus.de\/fr\/wp-json\/wp\/v2\/pages\/24534\/revisions"}],"predecessor-version":[{"id":24539,"href":"https:\/\/indesfuggerhaus.de\/fr\/wp-json\/wp\/v2\/pages\/24534\/revisions\/24539"}],"wp:attachment":[{"href":"https:\/\/indesfuggerhaus.de\/fr\/wp-json\/wp\/v2\/media?parent=24534"}],"curies":[{"name":"wp","href":"https:\/\/api.w.org\/{rel}","templated":true}]}}