{"id":52,"date":"2023-09-11T11:39:57","date_gmt":"2023-09-11T11:39:57","guid":{"rendered":"https:\/\/indesfuggerhaus.de\/?page_id=52"},"modified":"2026-03-31T11:57:54","modified_gmt":"2026-03-31T11:57:54","slug":"naehservice","status":"publish","type":"page","link":"https:\/\/indesfuggerhaus.de\/fr\/naehservice\/","title":{"rendered":"Service de couture"},"content":{"rendered":"<div data-elementor-type=\"wp-page\" data-elementor-id=\"52\" class=\"elementor elementor-52\" data-elementor-post-type=\"page\">\n\t\t\t\t<div class=\"elementor-element elementor-element-dd5bcf6 e-flex e-con-boxed e-con e-parent\" data-id=\"dd5bcf6\" data-element_type=\"container\" data-e-type=\"container\">\n\t\t\t\t\t<div class=\"e-con-inner\">\n\t\t<div class=\"elementor-element elementor-element-2afcef7 e-con-full e-flex e-con e-child\" data-id=\"2afcef7\" data-element_type=\"container\" data-e-type=\"container\">\n\t\t\t\t<div class=\"elementor-element elementor-element-252b1ba elementor-widget-divider--view-line elementor-widget elementor-widget-divider\" data-id=\"252b1ba\" data-element_type=\"widget\" data-e-type=\"widget\" data-widget_type=\"divider.default\">\n\t\t\t\t<div class=\"elementor-widget-container\">\n\t\t\t\t\t\t\t<div class=\"elementor-divider\">\n\t\t\t<span class=\"elementor-divider-separator\">\n\t\t\t\t\t\t<\/span>\n\t\t<\/div>\n\t\t\t\t\t\t<\/div>\n\t\t\t\t<\/div>\n\t\t\t\t<\/div>\n\t\t\t\t\t<\/div>\n\t\t\t\t<\/div>\n\t\t<div class=\"elementor-element elementor-element-1709222 e-flex e-con-boxed e-con e-parent\" data-id=\"1709222\" data-element_type=\"container\" data-e-type=\"container\">\n\t\t\t\t\t<div class=\"e-con-inner\">\n\t\t<div class=\"elementor-element elementor-element-94472b5 e-con-full e-flex e-con e-child\" data-id=\"94472b5\" data-element_type=\"container\" data-e-type=\"container\">\n\t\t\t\t<div class=\"elementor-element elementor-element-969c26d elementor-widget elementor-widget-heading\" data-id=\"969c26d\" data-element_type=\"widget\" data-e-type=\"widget\" data-widget_type=\"heading.default\">\n\t\t\t\t<div class=\"elementor-widget-container\">\n\t\t\t\t\t<h2 class=\"elementor-heading-title elementor-size-default\">Service de couture<\/h2>\t\t\t\t<\/div>\n\t\t\t\t<\/div>\n\t\t\t\t<\/div>\n\t\t\t\t\t<\/div>\n\t\t\t\t<\/div>\n\t\t<div class=\"elementor-element elementor-element-6e4f585 e-flex e-con-boxed e-con e-parent\" data-id=\"6e4f585\" data-element_type=\"container\" data-e-type=\"container\">\n\t\t\t\t\t<div class=\"e-con-inner\">\n\t\t<div class=\"elementor-element elementor-element-b19b9ee e-con-full e-flex e-con e-child\" data-id=\"b19b9ee\" data-element_type=\"container\" data-e-type=\"container\">\n\t\t\t\t<div class=\"elementor-element elementor-element-1c0ce30 elementor-widget elementor-widget-text-editor\" data-id=\"1c0ce30\" data-element_type=\"widget\" data-e-type=\"widget\" data-widget_type=\"text-editor.default\">\n\t\t\t\t<div class=\"elementor-widget-container\">\n\t\t\t\t\t\t\t\t\t<h3 style=\"text-align: center;\">Quelques \u00e9tapes pour une d\u00e9coration de fen\u00eatre personnalis\u00e9e<\/h3><p style=\"text-align: center;\">En quelques \u00e9tapes seulement, vous nous passez votre commande client de mani\u00e8re num\u00e9rique et sans papier. Vous choisissez le tissu, d\u00e9terminez le type de confection et la commande est ex\u00e9cut\u00e9e pour vous. Nous vous proposons une multitude de types de confection professionnels qui couvrent la majeure partie de la demande actuelle du march\u00e9.<\/p><p style=\"text-align: center;\">Gr\u00e2ce au service de couture, qui n'est accessible qu'aux commer\u00e7ants enregistr\u00e9s, il est facile pour vous de r\u00e9pondre rapidement et correctement aux commandes individuelles.<\/p>\t\t\t\t\t\t\t\t<\/div>\n\t\t\t\t<\/div>\n\t\t\t\t<div class=\"elementor-element elementor-element-f1d4954 elementor-align-left elementor-widget elementor-widget-button\" data-id=\"f1d4954\" data-element_type=\"widget\" data-e-type=\"widget\" data-widget_type=\"button.default\">\n\t\t\t\t<div class=\"elementor-widget-container\">\n\t\t\t\t\t\t\t\t\t<div class=\"elementor-button-wrapper\">\n\t\t\t\t\t<a class=\"elementor-button elementor-button-link elementor-size-sm\" href=\"https:\/\/youtu.be\/OTIiLnCx5PQ\" target=\"_blank\">\n\t\t\t\t\t\t<span class=\"elementor-button-content-wrapper\">\n\t\t\t\t\t\t\t\t\t<span class=\"elementor-button-text\">Voir la vid\u00e9o du service de couture<\/span>\n\t\t\t\t\t<\/span>\n\t\t\t\t\t<\/a>\n\t\t\t\t<\/div>\n\t\t\t\t\t\t\t\t<\/div>\n\t\t\t\t<\/div>\n\t\t\t\t<\/div>\n\t\t\t\t\t<\/div>\n\t\t\t\t<\/div>\n\t\t<div class=\"elementor-element elementor-element-6d22a93 e-flex e-con-boxed e-con e-parent\" data-id=\"6d22a93\" data-element_type=\"container\" data-e-type=\"container\">\n\t\t\t\t\t<div class=\"e-con-inner\">\n\t\t<div class=\"elementor-element elementor-element-a48bd94 e-con-full e-flex e-con e-child\" data-id=\"a48bd94\" data-element_type=\"container\" data-e-type=\"container\">\n\t\t\t\t<div class=\"elementor-element elementor-element-27118c7 elementor-widget__width-initial elementor-widget elementor-widget-image\" data-id=\"27118c7\" data-element_type=\"widget\" data-e-type=\"widget\" data-widget_type=\"image.default\">\n\t\t\t\t<div class=\"elementor-widget-container\">\n\t\t\t\t\t\t\t\t\t\t\t\t\t\t\t<img fetchpriority=\"high\" decoding=\"async\" width=\"300\" height=\"300\" src=\"https:\/\/indesfuggerhaus.de\/wp-content\/uploads\/2024\/08\/Nahservice-Logo-freigestellt-Bunt-Helvetica-300x300.png\" class=\"elementor-animation-shrink attachment-medium size-medium wp-image-19769\" alt=\"N\u00e4hservice\" srcset=\"https:\/\/indesfuggerhaus.de\/wp-content\/uploads\/2024\/08\/Nahservice-Logo-freigestellt-Bunt-Helvetica-300x300.png 300w, https:\/\/indesfuggerhaus.de\/wp-content\/uploads\/2024\/08\/Nahservice-Logo-freigestellt-Bunt-Helvetica-100x100.png 100w, https:\/\/indesfuggerhaus.de\/wp-content\/uploads\/2024\/08\/Nahservice-Logo-freigestellt-Bunt-Helvetica-150x150.png 150w, https:\/\/indesfuggerhaus.de\/wp-content\/uploads\/2024\/08\/Nahservice-Logo-freigestellt-Bunt-Helvetica.png 591w\" sizes=\"(max-width: 300px) 100vw, 300px\" \/>\t\t\t\t\t\t\t\t\t\t\t\t\t\t\t<\/div>\n\t\t\t\t<\/div>\n\t\t\t\t<\/div>\n\t\t<div class=\"elementor-element elementor-element-972e7cb e-con-full e-flex e-con e-child\" data-id=\"972e7cb\" data-element_type=\"container\" data-e-type=\"container\">\n\t\t<div class=\"elementor-element elementor-element-ded503a e-con-full e-flex e-con e-child\" data-id=\"ded503a\" data-element_type=\"container\" data-e-type=\"container\">\n\t\t\t\t<div class=\"elementor-element elementor-element-d322a01 elementor-widget elementor-widget-text-editor\" data-id=\"d322a01\" data-element_type=\"widget\" data-e-type=\"widget\" data-widget_type=\"text-editor.default\">\n\t\t\t\t<div class=\"elementor-widget-container\">\n\t\t\t\t\t\t\t\t\t<p style=\"text-align: center;\">\"Gr\u00e2ce au service de couture en ligne, j'ai maintenant <br \/>Possibilit\u00e9 de r\u00e9aliser plus de commandes dans le m\u00eame temps\".<\/p>\t\t\t\t\t\t\t\t<\/div>\n\t\t\t\t<\/div>\n\t\t\t\t<div class=\"elementor-element elementor-element-24a6fab elementor-widget elementor-widget-text-editor\" data-id=\"24a6fab\" data-element_type=\"widget\" data-e-type=\"widget\" data-widget_type=\"text-editor.default\">\n\t\t\t\t<div class=\"elementor-widget-container\">\n\t\t\t\t\t\t\t\t\t<p style=\"text-align: center;\"><strong>- D\u00e9corateur d'int\u00e9rieur de Cologne, NRW<\/strong><\/p>\t\t\t\t\t\t\t\t<\/div>\n\t\t\t\t<\/div>\n\t\t\t\t<div class=\"elementor-element elementor-element-b1a913b elementor-widget-divider--view-line elementor-widget elementor-widget-divider\" data-id=\"b1a913b\" data-element_type=\"widget\" data-e-type=\"widget\" data-widget_type=\"divider.default\">\n\t\t\t\t<div class=\"elementor-widget-container\">\n\t\t\t\t\t\t\t<div class=\"elementor-divider\">\n\t\t\t<span class=\"elementor-divider-separator\">\n\t\t\t\t\t\t<\/span>\n\t\t<\/div>\n\t\t\t\t\t\t<\/div>\n\t\t\t\t<\/div>\n\t\t\t\t<\/div>\n\t\t\t\t<\/div>\n\t\t\t\t\t<\/div>\n\t\t\t\t<\/div>\n\t\t<div class=\"elementor-element elementor-element-f8300c8 e-flex e-con-boxed e-con e-parent\" data-id=\"f8300c8\" data-element_type=\"container\" data-e-type=\"container\">\n\t\t\t\t\t<div class=\"e-con-inner\">\n\t\t<div class=\"elementor-element elementor-element-1cfb103 e-con-full e-flex e-con e-child\" data-id=\"1cfb103\" data-element_type=\"container\" data-e-type=\"container\" data-settings=\"{&quot;background_background&quot;:&quot;classic&quot;}\">\n\t\t\t\t<div class=\"elementor-element elementor-element-7b97b6f elementor-widget elementor-widget-text-editor\" data-id=\"7b97b6f\" data-element_type=\"widget\" data-e-type=\"widget\" data-widget_type=\"text-editor.default\">\n\t\t\t\t<div class=\"elementor-widget-container\">\n\t\t\t\t\t\t\t\t\t<h1 style=\"text-align: center;\">1. choisir le tissu<\/h1>\t\t\t\t\t\t\t\t<\/div>\n\t\t\t\t<\/div>\n\t\t\t\t<div class=\"elementor-element elementor-element-d268cb0 elementor-widget elementor-widget-text-editor\" data-id=\"d268cb0\" data-element_type=\"widget\" data-e-type=\"widget\" data-widget_type=\"text-editor.default\">\n\t\t\t\t<div class=\"elementor-widget-container\">\n\t\t\t\t\t\t\t\t\t<h1 style=\"text-align: center;\">3. envoyer la commande<\/h1>\t\t\t\t\t\t\t\t<\/div>\n\t\t\t\t<\/div>\n\t\t\t\t<div class=\"elementor-element elementor-element-be5f465 elementor-widget elementor-widget-text-editor\" data-id=\"be5f465\" data-element_type=\"widget\" data-e-type=\"widget\" data-widget_type=\"text-editor.default\">\n\t\t\t\t<div class=\"elementor-widget-container\">\n\t\t\t\t\t\t\t\t\t<h1 style=\"text-align: center;\">2. d\u00e9finir le type de confection<\/h1>\t\t\t\t\t\t\t\t<\/div>\n\t\t\t\t<\/div>\n\t\t\t\t<\/div>\n\t\t\t\t\t<\/div>\n\t\t\t\t<\/div>\n\t\t<div class=\"elementor-element elementor-element-f18ee20 e-flex e-con-boxed e-con e-parent\" data-id=\"f18ee20\" data-element_type=\"container\" data-e-type=\"container\">\n\t\t\t\t\t<div class=\"e-con-inner\">\n\t\t<div class=\"elementor-element elementor-element-cd53643 e-con-full e-flex e-con e-child\" data-id=\"cd53643\" data-element_type=\"container\" data-e-type=\"container\" data-settings=\"{&quot;background_background&quot;:&quot;classic&quot;}\">\n\t\t\t\t<div class=\"elementor-element elementor-element-d3707c8 elementor-widget elementor-widget-text-editor\" data-id=\"d3707c8\" data-element_type=\"widget\" data-e-type=\"widget\" data-widget_type=\"text-editor.default\">\n\t\t\t\t<div class=\"elementor-widget-container\">\n\t\t\t\t\t\t\t\t\t<p style=\"text-align: center;\">Combinez notre tr\u00e8s grand choix de tissus d'ameublement tendance avec de nombreuses variantes de couture actuelles.<\/p>\t\t\t\t\t\t\t\t<\/div>\n\t\t\t\t<\/div>\n\t\t\t\t<\/div>\n\t\t<div class=\"elementor-element elementor-element-4ff6f9e e-con-full e-flex e-con e-child\" data-id=\"4ff6f9e\" data-element_type=\"container\" data-e-type=\"container\" data-settings=\"{&quot;background_background&quot;:&quot;classic&quot;}\">\n\t\t\t\t<div class=\"elementor-element elementor-element-ca8b835 elementor-widget elementor-widget-text-editor\" data-id=\"ca8b835\" data-element_type=\"widget\" data-e-type=\"widget\" data-widget_type=\"text-editor.default\">\n\t\t\t\t<div class=\"elementor-widget-container\">\n\t\t\t\t\t\t\t\t\t<p style=\"text-align: center;\">Concentrez-vous sur le conseil \u00e0 vos clients : Indes Fuggerhaus coud pour vous avec une qualit\u00e9 professionnelle de d\u00e9corateur d'int\u00e9rieur.<\/p>\t\t\t\t\t\t\t\t<\/div>\n\t\t\t\t<\/div>\n\t\t\t\t<\/div>\n\t\t<div class=\"elementor-element elementor-element-cc6ab58 e-con-full e-flex e-con e-child\" data-id=\"cc6ab58\" data-element_type=\"container\" data-e-type=\"container\" data-settings=\"{&quot;background_background&quot;:&quot;classic&quot;}\">\n\t\t\t\t<div class=\"elementor-element elementor-element-e6c39bb elementor-widget elementor-widget-text-editor\" data-id=\"e6c39bb\" data-element_type=\"widget\" data-e-type=\"widget\" data-widget_type=\"text-editor.default\">\n\t\t\t\t<div class=\"elementor-widget-container\">\n\t\t\t\t\t\t\t\t\t<p style=\"text-align: center;\">Vous pouvez configurer tr\u00e8s rapidement diff\u00e9rentes d\u00e9corations de fen\u00eatre, coussins et stores \u00e0 fronces et obtenir les dimensions de coupe et l'offre de prix en quelques secondes.<\/p>\t\t\t\t\t\t\t\t<\/div>\n\t\t\t\t<\/div>\n\t\t\t\t<\/div>\n\t\t\t\t\t<\/div>\n\t\t\t\t<\/div>\n\t\t<div class=\"elementor-element elementor-element-ff1370e e-flex e-con-boxed e-con e-parent\" data-id=\"ff1370e\" data-element_type=\"container\" data-e-type=\"container\">\n\t\t\t\t\t<div class=\"e-con-inner\">\n\t\t\t\t<div class=\"elementor-element elementor-element-bec6fc0 elementor-align-center elementor-widget elementor-widget-button\" data-id=\"bec6fc0\" data-element_type=\"widget\" data-e-type=\"widget\" data-widget_type=\"button.default\">\n\t\t\t\t<div class=\"elementor-widget-container\">\n\t\t\t\t\t\t\t\t\t<div class=\"elementor-button-wrapper\">\n\t\t\t\t\t<a class=\"elementor-button elementor-button-link elementor-size-sm\" href=\"https:\/\/indesfuggerhaus.de\/fr\/unternehmen\/naehservice-login\/?L=0\" target=\"_blank\">\n\t\t\t\t\t\t<span class=\"elementor-button-content-wrapper\">\n\t\t\t\t\t\t\t\t\t<span class=\"elementor-button-text\">Configurer un rideau maintenant<\/span>\n\t\t\t\t\t<\/span>\n\t\t\t\t\t<\/a>\n\t\t\t\t<\/div>\n\t\t\t\t\t\t\t\t<\/div>\n\t\t\t\t<\/div>\n\t\t\t\t<div class=\"elementor-element elementor-element-356d5fe elementor-widget-divider--view-line elementor-widget elementor-widget-divider\" data-id=\"356d5fe\" data-element_type=\"widget\" data-e-type=\"widget\" data-widget_type=\"divider.default\">\n\t\t\t\t<div class=\"elementor-widget-container\">\n\t\t\t\t\t\t\t<div class=\"elementor-divider\">\n\t\t\t<span class=\"elementor-divider-separator\">\n\t\t\t\t\t\t<\/span>\n\t\t<\/div>\n\t\t\t\t\t\t<\/div>\n\t\t\t\t<\/div>\n\t\t\t\t<div class=\"elementor-element elementor-element-1e31dc3 elementor-widget elementor-widget-text-editor\" data-id=\"1e31dc3\" data-element_type=\"widget\" data-e-type=\"widget\" data-widget_type=\"text-editor.default\">\n\t\t\t\t<div class=\"elementor-widget-container\">\n\t\t\t\t\t\t\t\t\t<h3 style=\"text-align: center;\">Quels sont les avantages du service de couture en ligne pour vous ?<\/h3>\t\t\t\t\t\t\t\t<\/div>\n\t\t\t\t<\/div>\n\t\t\t\t\t<\/div>\n\t\t\t\t<\/div>\n\t\t<div class=\"elementor-element elementor-element-2c8f839 e-flex e-con-boxed e-con e-parent\" data-id=\"2c8f839\" data-element_type=\"container\" data-e-type=\"container\">\n\t\t\t\t\t<div class=\"e-con-inner\">\n\t\t\t\t<div class=\"elementor-element elementor-element-befea3f elementor-widget elementor-widget-text-editor\" data-id=\"befea3f\" data-element_type=\"widget\" data-e-type=\"widget\" data-widget_type=\"text-editor.default\">\n\t\t\t\t<div class=\"elementor-widget-container\">\n\t\t\t\t\t\t\t\t\t<p style=\"text-align: center;\"><strong>1. configuration et offres tr\u00e8s rapides<\/strong><\/p><p style=\"text-align: center;\">Soumettez \u00e0 vos clients des offres de diff\u00e9rentes d\u00e9corations de fen\u00eatre plus rapidement que jamais - imm\u00e9diatement avec le prix. <br \/>Vous pouvez sauvegarder les offres ou nous les envoyer directement sous forme de commande - le bon prix \u00e0 tout moment et en tout lieu : Tissu + confection<\/p><p>\u00a0<\/p><p style=\"text-align: center;\"><strong><span style=\"color: var( --e-global-color-text ); font-family: var( --e-global-typography-text-font-family ), Sans-serif; font-size: 1rem; text-align: var(--text-align);\">2. commande simple et s\u00fbre<\/span><\/strong><\/p><p style=\"text-align: center;\">Un syst\u00e8me de commande clairement structur\u00e9 vous attend, qui vous permet d'acc\u00e9der pas \u00e0 pas \u00e0 votre fabrication individuelle sur mesure. <br \/>Gr\u00e2ce aux champs d'interrogation pr\u00e9cis, vous pouvez vous attendre \u00e0 des tissus clairement confectionn\u00e9s et correctement fabriqu\u00e9s dans les r\u00e8gles de l'art.<br \/><br \/><\/p><p style=\"text-align: center;\"><strong><span style=\"color: var( --e-global-color-text ); font-family: var( --e-global-typography-text-font-family ), Sans-serif; font-size: 1rem; text-align: var(--text-align);\">3. marge attractive<\/span><\/strong><\/p><p style=\"text-align: center;\"><span style=\"color: var( --e-global-color-text ); font-family: var( --e-global-typography-text-font-family ), Sans-serif; font-size: 1rem; font-weight: var( --e-global-typography-text-font-weight ); text-align: var(--text-align);\">Vous recevez vos tissus cousus rapidement et de mani\u00e8re fiable avec une marge int\u00e9ressante. Nous vous livrons les stores japonais enti\u00e8rement enfil\u00e9s <br \/>Vous aurez ainsi la possibilit\u00e9 de vendre beaucoup plus de d\u00e9corations de fen\u00eatre en tissu.<\/span><\/p>\t\t\t\t\t\t\t\t<\/div>\n\t\t\t\t<\/div>\n\t\t\t\t\t<\/div>\n\t\t\t\t<\/div>\n\t\t<div class=\"elementor-element elementor-element-ff174b1 e-flex e-con-boxed e-con e-parent\" data-id=\"ff174b1\" data-element_type=\"container\" data-e-type=\"container\">\n\t\t\t\t\t<div class=\"e-con-inner\">\n\t\t\t\t<div class=\"elementor-element elementor-element-1ec86c5 elementor-widget elementor-widget-text-editor\" data-id=\"1ec86c5\" data-element_type=\"widget\" data-e-type=\"widget\" data-widget_type=\"text-editor.default\">\n\t\t\t\t<div class=\"elementor-widget-container\">\n\t\t\t\t\t\t\t\t\t<h5 style=\"text-align: center;\">Demandez maintenant vos donn\u00e9es d'acc\u00e8s et commencez \u00e0 travailler.<\/h5>\t\t\t\t\t\t\t\t<\/div>\n\t\t\t\t<\/div>\n\t\t\t\t<div class=\"elementor-element elementor-element-7d94934 elementor-align-center elementor-widget elementor-widget-button\" data-id=\"7d94934\" data-element_type=\"widget\" data-e-type=\"widget\" data-widget_type=\"button.default\">\n\t\t\t\t<div class=\"elementor-widget-container\">\n\t\t\t\t\t\t\t\t\t<div class=\"elementor-button-wrapper\">\n\t\t\t\t\t<a class=\"elementor-button elementor-button-link elementor-size-sm\" href=\"https:\/\/indesfuggerhaus.de\/fr\/unternehmen\/ansprechpartner\/\">\n\t\t\t\t\t\t<span class=\"elementor-button-content-wrapper\">\n\t\t\t\t\t\t\t\t\t<span class=\"elementor-button-text\">Trouvez le bon interlocuteur<\/span>\n\t\t\t\t\t<\/span>\n\t\t\t\t\t<\/a>\n\t\t\t\t<\/div>\n\t\t\t\t\t\t\t\t<\/div>\n\t\t\t\t<\/div>\n\t\t\t\t<div class=\"elementor-element elementor-element-4570669 elementor-widget-divider--view-line elementor-widget elementor-widget-divider\" data-id=\"4570669\" data-element_type=\"widget\" data-e-type=\"widget\" data-widget_type=\"divider.default\">\n\t\t\t\t<div class=\"elementor-widget-container\">\n\t\t\t\t\t\t\t<div class=\"elementor-divider\">\n\t\t\t<span class=\"elementor-divider-separator\">\n\t\t\t\t\t\t<\/span>\n\t\t<\/div>\n\t\t\t\t\t\t<\/div>\n\t\t\t\t<\/div>\n\t\t\t\t\t<\/div>\n\t\t\t\t<\/div>\n\t\t\t\t<\/div>","protected":false},"excerpt":{"rendered":"<p>N\u00e4hservice In wenigen Schritten zur individuellen Fensterdekoration In nur wenigen Schritten geben Sie einfach und papierlos Ihre Kundenbestellung digital bei uns auf. Sie suchen den Stoff aus, legen die Konfektionsart fest und\u00a0 der Auftrag wird f\u00fcr Sie ausgef\u00fchrt. Wir bieten Ihnen eine Vielzahl an professionellen Konfektionsarten, die den Gro\u00dfteil der derzeitigen Marktnachfrage abdecken. Mit dem [&hellip;]<\/p>\n","protected":false},"author":2,"featured_media":0,"parent":0,"menu_order":0,"comment_status":"closed","ping_status":"closed","template":"","meta":{"footnotes":""},"class_list":["post-52","page","type-page","status-publish","hentry"],"_links":{"self":[{"href":"https:\/\/indesfuggerhaus.de\/fr\/wp-json\/wp\/v2\/pages\/52","targetHints":{"allow":["GET"]}}],"collection":[{"href":"https:\/\/indesfuggerhaus.de\/fr\/wp-json\/wp\/v2\/pages"}],"about":[{"href":"https:\/\/indesfuggerhaus.de\/fr\/wp-json\/wp\/v2\/types\/page"}],"author":[{"embeddable":true,"href":"https:\/\/indesfuggerhaus.de\/fr\/wp-json\/wp\/v2\/users\/2"}],"replies":[{"embeddable":true,"href":"https:\/\/indesfuggerhaus.de\/fr\/wp-json\/wp\/v2\/comments?post=52"}],"version-history":[{"count":139,"href":"https:\/\/indesfuggerhaus.de\/fr\/wp-json\/wp\/v2\/pages\/52\/revisions"}],"predecessor-version":[{"id":29819,"href":"https:\/\/indesfuggerhaus.de\/fr\/wp-json\/wp\/v2\/pages\/52\/revisions\/29819"}],"wp:attachment":[{"href":"https:\/\/indesfuggerhaus.de\/fr\/wp-json\/wp\/v2\/media?parent=52"}],"curies":[{"name":"wp","href":"https:\/\/api.w.org\/{rel}","templated":true}]}}