{"id":56,"date":"2023-09-11T11:40:15","date_gmt":"2023-09-11T11:40:15","guid":{"rendered":"https:\/\/indesfuggerhaus.de\/?page_id=56"},"modified":"2024-11-15T15:15:18","modified_gmt":"2024-11-15T15:15:18","slug":"service","status":"publish","type":"page","link":"https:\/\/indesfuggerhaus.de\/fr\/service\/","title":{"rendered":"Service de presse"},"content":{"rendered":"<div data-elementor-type=\"wp-page\" data-elementor-id=\"56\" class=\"elementor elementor-56\" data-elementor-post-type=\"page\">\n\t\t\t\t<div class=\"elementor-element elementor-element-aeed843 e-flex e-con-boxed e-con e-parent\" data-id=\"aeed843\" data-element_type=\"container\" data-e-type=\"container\">\n\t\t\t\t\t<div class=\"e-con-inner\">\n\t\t<div class=\"elementor-element elementor-element-6ddffdf e-con-full e-flex e-con e-child\" data-id=\"6ddffdf\" data-element_type=\"container\" data-e-type=\"container\">\n\t\t\t\t<div class=\"elementor-element elementor-element-73f9b56 elementor-widget elementor-widget-heading\" data-id=\"73f9b56\" data-element_type=\"widget\" data-e-type=\"widget\" data-widget_type=\"heading.default\">\n\t\t\t\t<div class=\"elementor-widget-container\">\n\t\t\t\t\t<h2 class=\"elementor-heading-title elementor-size-default\">Service de presse<\/h2>\t\t\t\t<\/div>\n\t\t\t\t<\/div>\n\t\t\t\t<\/div>\n\t\t\t\t\t<\/div>\n\t\t\t\t<\/div>\n\t\t<div class=\"elementor-element elementor-element-8a7bfa6 e-flex e-con-boxed e-con e-parent\" data-id=\"8a7bfa6\" data-element_type=\"container\" data-e-type=\"container\">\n\t\t\t\t\t<div class=\"e-con-inner\">\n\t\t\t\t<div class=\"elementor-element elementor-element-036b634 elementor-widget elementor-widget-text-editor\" data-id=\"036b634\" data-element_type=\"widget\" data-e-type=\"widget\" data-widget_type=\"text-editor.default\">\n\t\t\t\t<div class=\"elementor-widget-container\">\n\t\t\t\t\t\t\t\t\t<p class=\"bodytext\" style=\"text-align: center;\">Notre service de presse vous aide \u00e0 effectuer des recherches et \u00e0 r\u00e9diger des articles sur le th\u00e8me des tissus, de l'habitat et de l'am\u00e9nagement. <br \/>Nos donn\u00e9es photographiques sont mises gratuitement \u00e0 la disposition de toutes les r\u00e9dactions de la presse sp\u00e9cialis\u00e9e et grand public ainsi que des clients d'Indes Fuggerhaus Textil GmbH.\u00a0<\/p><p class=\"bodytext\" style=\"text-align: center;\">En cas d'utilisation de nos donn\u00e9es photographiques sur Internet, il convient de faire r\u00e9f\u00e9rence, lors de la publication, \u00e0<br \/>\u00a0<a href=\"https:\/\/indesfuggerhaus.de\/fr\/\" target=\"_blank\" rel=\"noopener\">www.indesfuggerhaus.de<\/a> ou le lien vers nos profils de m\u00e9dias sociaux.<\/p>\t\t\t\t\t\t\t\t<\/div>\n\t\t\t\t<\/div>\n\t\t\t\t\t<\/div>\n\t\t\t\t<\/div>\n\t\t<div class=\"elementor-element elementor-element-532cd12 e-flex e-con-boxed e-con e-parent\" data-id=\"532cd12\" data-element_type=\"container\" data-e-type=\"container\">\n\t\t\t\t\t<div class=\"e-con-inner\">\n\t\t<div class=\"elementor-element elementor-element-7f33697 e-con-full e-flex e-con e-child\" data-id=\"7f33697\" data-element_type=\"container\" data-e-type=\"container\">\n\t\t\t\t<div class=\"elementor-element elementor-element-240963c elementor-widget elementor-widget-image\" data-id=\"240963c\" data-element_type=\"widget\" data-e-type=\"widget\" data-widget_type=\"image.default\">\n\t\t\t\t<div class=\"elementor-widget-container\">\n\t\t\t\t\t\t\t\t\t\t\t\t\t\t\t<img fetchpriority=\"high\" decoding=\"async\" width=\"800\" height=\"534\" src=\"https:\/\/indesfuggerhaus.de\/wp-content\/uploads\/2024\/10\/Desert_02-1024x683.jpg\" class=\"attachment-large size-large wp-image-20141\" alt=\"Desert_02\" srcset=\"https:\/\/indesfuggerhaus.de\/wp-content\/uploads\/2024\/10\/Desert_02-1024x683.jpg 1024w, https:\/\/indesfuggerhaus.de\/wp-content\/uploads\/2024\/10\/Desert_02-600x400.jpg 600w, https:\/\/indesfuggerhaus.de\/wp-content\/uploads\/2024\/10\/Desert_02-300x200.jpg 300w, https:\/\/indesfuggerhaus.de\/wp-content\/uploads\/2024\/10\/Desert_02-768x512.jpg 768w, https:\/\/indesfuggerhaus.de\/wp-content\/uploads\/2024\/10\/Desert_02-1536x1024.jpg 1536w, https:\/\/indesfuggerhaus.de\/wp-content\/uploads\/2024\/10\/Desert_02-2048x1365.jpg 2048w\" sizes=\"(max-width: 800px) 100vw, 800px\" \/>\t\t\t\t\t\t\t\t\t\t\t\t\t\t\t<\/div>\n\t\t\t\t<\/div>\n\t\t\t\t<\/div>\n\t\t<div class=\"elementor-element elementor-element-43ee7cd e-con-full e-flex e-con e-child\" data-id=\"43ee7cd\" data-element_type=\"container\" data-e-type=\"container\">\n\t\t\t\t<div class=\"elementor-element elementor-element-a3a56f0 elementor-widget elementor-widget-heading\" data-id=\"a3a56f0\" data-element_type=\"widget\" data-e-type=\"widget\" data-widget_type=\"heading.default\">\n\t\t\t\t<div class=\"elementor-widget-container\">\n\t\t\t\t\t<h2 class=\"elementor-heading-title elementor-size-default\"><br><br>Contactez-nous !<\/h2>\t\t\t\t<\/div>\n\t\t\t\t<\/div>\n\t\t\t\t<div class=\"elementor-element elementor-element-5f00d32 elementor-widget elementor-widget-text-editor\" data-id=\"5f00d32\" data-element_type=\"widget\" data-e-type=\"widget\" data-widget_type=\"text-editor.default\">\n\t\t\t\t<div class=\"elementor-widget-container\">\n\t\t\t\t\t\t\t\t\t<p class=\"bodytext\" style=\"text-align: center;\">Vous \u00eates int\u00e9ress\u00e9 par des visuels, de grands tirages de brochures <br \/>ou d'autres documents de presse ?<\/p><p class=\"bodytext\" style=\"text-align: center;\">Dans ce cas, veuillez vous adresser \u00e0 notre \u00e9quipe de service :<\/p><p style=\"text-align: center;\"><a href=\"\/fr\/marketing@indesfuggerhaus.de\/\">marketing@indesfuggerhaus.de<\/a><\/p>\t\t\t\t\t\t\t\t<\/div>\n\t\t\t\t<\/div>\n\t\t\t\t<\/div>\n\t\t\t\t\t<\/div>\n\t\t\t\t<\/div>\n\t\t\t\t<\/div>","protected":false},"excerpt":{"rendered":"<p>Presseservice Unser Presseservice unterst\u00fctzt Sie bei der Recherche und Berichterstattung rund um das Thema Stoffe, Wohnen und Einrichten. Unsere Bilddaten stehen allen Redaktionen der Fach- und Publikumspresse sowie Kunden der Indes Fuggerhaus Textil GmbH kostenlos zur Verf\u00fcgung.\u00a0 Bei einer Verwendung unserer Bilddaten im Internet muss bei Ver\u00f6ffentlichung ein Verweis auf\u00a0www.indesfuggerhaus.de bzw. die Verlinkung unserer Social-Media-Profile [&hellip;]<\/p>\n","protected":false},"author":2,"featured_media":0,"parent":0,"menu_order":0,"comment_status":"closed","ping_status":"closed","template":"","meta":{"footnotes":""},"class_list":["post-56","page","type-page","status-publish","hentry"],"_links":{"self":[{"href":"https:\/\/indesfuggerhaus.de\/fr\/wp-json\/wp\/v2\/pages\/56","targetHints":{"allow":["GET"]}}],"collection":[{"href":"https:\/\/indesfuggerhaus.de\/fr\/wp-json\/wp\/v2\/pages"}],"about":[{"href":"https:\/\/indesfuggerhaus.de\/fr\/wp-json\/wp\/v2\/types\/page"}],"author":[{"embeddable":true,"href":"https:\/\/indesfuggerhaus.de\/fr\/wp-json\/wp\/v2\/users\/2"}],"replies":[{"embeddable":true,"href":"https:\/\/indesfuggerhaus.de\/fr\/wp-json\/wp\/v2\/comments?post=56"}],"version-history":[{"count":18,"href":"https:\/\/indesfuggerhaus.de\/fr\/wp-json\/wp\/v2\/pages\/56\/revisions"}],"predecessor-version":[{"id":21130,"href":"https:\/\/indesfuggerhaus.de\/fr\/wp-json\/wp\/v2\/pages\/56\/revisions\/21130"}],"wp:attachment":[{"href":"https:\/\/indesfuggerhaus.de\/fr\/wp-json\/wp\/v2\/media?parent=56"}],"curies":[{"name":"wp","href":"https:\/\/api.w.org\/{rel}","templated":true}]}}