{"id":83,"date":"2023-09-11T13:17:06","date_gmt":"2023-09-11T13:17:06","guid":{"rendered":"https:\/\/indesfuggerhaus.de\/?page_id=83"},"modified":"2025-07-24T08:19:32","modified_gmt":"2025-07-24T08:19:32","slug":"impressum","status":"publish","type":"page","link":"https:\/\/indesfuggerhaus.de\/fr\/impressum\/","title":{"rendered":"Mentions l\u00e9gales"},"content":{"rendered":"<div data-elementor-type=\"wp-page\" data-elementor-id=\"83\" class=\"elementor elementor-83\" data-elementor-post-type=\"page\">\n\t\t\t\t<div class=\"elementor-element elementor-element-5d7bda5f e-flex e-con-boxed e-con e-parent\" data-id=\"5d7bda5f\" data-element_type=\"container\" data-e-type=\"container\">\n\t\t\t\t\t<div class=\"e-con-inner\">\n\t\t\t\t<div class=\"elementor-element elementor-element-497cec3d elementor-widget elementor-widget-spacer\" data-id=\"497cec3d\" data-element_type=\"widget\" data-e-type=\"widget\" data-widget_type=\"spacer.default\">\n\t\t\t\t<div class=\"elementor-widget-container\">\n\t\t\t\t\t\t\t<div class=\"elementor-spacer\">\n\t\t\t<div class=\"elementor-spacer-inner\"><\/div>\n\t\t<\/div>\n\t\t\t\t\t\t<\/div>\n\t\t\t\t<\/div>\n\t\t\t\t\t<\/div>\n\t\t\t\t<\/div>\n\t\t<div class=\"elementor-element elementor-element-4f1e41be e-flex e-con-boxed e-con e-parent\" data-id=\"4f1e41be\" data-element_type=\"container\" data-e-type=\"container\">\n\t\t\t\t\t<div class=\"e-con-inner\">\n\t\t\t\t<div class=\"elementor-element elementor-element-1cd5dcef elementor-widget elementor-widget-heading\" data-id=\"1cd5dcef\" data-element_type=\"widget\" data-e-type=\"widget\" data-widget_type=\"heading.default\">\n\t\t\t\t<div class=\"elementor-widget-container\">\n\t\t\t\t\t<h2 class=\"elementor-heading-title elementor-size-default\">Mentions l\u00e9gales<\/h2>\t\t\t\t<\/div>\n\t\t\t\t<\/div>\n\t\t\t\t<div class=\"elementor-element elementor-element-809b804 elementor-widget elementor-widget-spacer\" data-id=\"809b804\" data-element_type=\"widget\" data-e-type=\"widget\" data-widget_type=\"spacer.default\">\n\t\t\t\t<div class=\"elementor-widget-container\">\n\t\t\t\t\t\t\t<div class=\"elementor-spacer\">\n\t\t\t<div class=\"elementor-spacer-inner\"><\/div>\n\t\t<\/div>\n\t\t\t\t\t\t<\/div>\n\t\t\t\t<\/div>\n\t\t\t\t<div class=\"elementor-element elementor-element-19df05af elementor-widget elementor-widget-text-editor\" data-id=\"19df05af\" data-element_type=\"widget\" data-e-type=\"widget\" data-widget_type=\"text-editor.default\">\n\t\t\t\t<div class=\"elementor-widget-container\">\n\t\t\t\t\t\t\t\t\t<section id=\"mainBottom\" class=\"row\"><div id=\"c859\" class=\"csc-default\"><div class=\"tx-dce-pi1\"><div class=\"col-sm-12\"><div class=\"content-margin\"><p class=\"bodytext\"><b>Indes Fuggerhaus Textil GmbH<br \/><\/b>2, rue Eichendorff<br \/>51709 Marienheide<br \/>Allemagne<\/p><p class=\"bodytext\">T\u00e9l. : +49 (0) 2264 \/ 20 135 700<br \/>T\u00e9l\u00e9copieur : +49 (0) 2264 \/ 20 135 600<\/p><p class=\"bodytext\" style=\"text-align: left;\"><a class=\"mail\" title=\"Ouvre une fen\u00eatre pour envoyer le courriel\" href=\"mailto:contact@indesfuggerhaus.de\">contact@indesfuggerhaus.de<\/a><br \/><a class=\"external-link-new-window\" title=\"Ouvrir le lien externe dans une nouvelle fen\u00eatre\" href=\"https:\/\/indesfuggerhaus.de\/fr\/\" target=\"_blank\" rel=\"noopener\">www.indesfuggerhaus.de<\/a><\/p><p class=\"bodytext\"><b>Directeur g\u00e9n\u00e9ral :<\/b><br \/>Georg H\u00fcnnemeyer<\/p><p class=\"bodytext\"><b>Tribunal d'enregistrement :<\/b><br \/>Tribunal d'instance de Cologne - HRB 39665<\/p><p class=\"bodytext\"><b>Num\u00e9ro d'identification de la taxe sur le chiffre d'affaires :<\/b><br \/>DE813259421<\/p><p class=\"bodytext\"><b>Num\u00e9ro de TVA :<br \/><\/b>212\/5713\/0297<\/p><p class=\"bodytext\"><b>1. contenu de l'offre en ligne<br \/><\/b>L'auteur n'assume aucune garantie quant \u00e0 l'actualit\u00e9, l'exactitude, l'exhaustivit\u00e9 ou la qualit\u00e9 des informations mises \u00e0 disposition. Toute pr\u00e9tention en responsabilit\u00e9 \u00e0 l'encontre de l'auteur se rapportant \u00e0 des dommages mat\u00e9riels ou immat\u00e9riels caus\u00e9s par l'utilisation ou la non-utilisation des informations pr\u00e9sent\u00e9es ou par l'utilisation d'informations erron\u00e9es ou incompl\u00e8tes est fondamentalement exclue, dans la mesure o\u00f9 il n'est pas prouv\u00e9 que l'auteur a commis une faute intentionnelle ou une n\u00e9gligence grave. Toutes les offres sont sans engagement et non contractuelles. L'auteur se r\u00e9serve express\u00e9ment le droit de modifier, de compl\u00e9ter ou de supprimer des parties de pages ou l'ensemble de l'offre sans avis pr\u00e9alable, ou d'en suspendre temporairement ou d\u00e9finitivement la publication.<\/p><p class=\"bodytext\"><b><br \/>2. r\u00e9f\u00e9rences et liens<\/b>\u2028<br \/>En cas de renvois directs ou indirects \u00e0 des sites Internet externes (\"liens\") qui ne rel\u00e8vent pas de la responsabilit\u00e9 de l'auteur, une obligation de responsabilit\u00e9 entrerait exclusivement en vigueur dans le cas o\u00f9 l'auteur aurait connaissance des contenus et qu'il lui serait techniquement possible et raisonnable d'emp\u00eacher l'utilisation en cas de contenus ill\u00e9gaux. L'auteur d\u00e9clare express\u00e9ment par la pr\u00e9sente qu'au moment de l'\u00e9tablissement des liens, aucun contenu ill\u00e9gal n'\u00e9tait identifiable sur les pages \u00e0 relier. L'auteur n'a aucune influence sur la conception actuelle et future, les contenus ou la paternit\u00e9 des pages li\u00e9es\/associ\u00e9es. C'est pourquoi il se distancie express\u00e9ment par la pr\u00e9sente de tous les contenus de toutes les pages li\u00e9es\/associ\u00e9es qui ont \u00e9t\u00e9 modifi\u00e9es apr\u00e8s l'\u00e9tablissement des liens. Cette constatation s'applique \u00e0 tous les liens et renvois plac\u00e9s au sein de la propre offre Internet ainsi qu'aux inscriptions de tiers dans les livres d'or, forums de discussion et listes de diffusion mis en place par l'auteur. Seul le fournisseur de la page \u00e0 laquelle il a \u00e9t\u00e9 renvoy\u00e9 est responsable des contenus ill\u00e9gaux, erron\u00e9s ou incomplets et en particulier des dommages r\u00e9sultant de l'utilisation ou de la non-utilisation des informations ainsi pr\u00e9sent\u00e9es, et non celui qui ne fait que renvoyer \u00e0 la publication concern\u00e9e par le biais de liens.<\/p><p class=\"bodytext\"><b>3. droit d'auteur et droit des signes distinctifs<br \/><\/b>L'auteur s'efforce de respecter dans toutes les publications les droits d'auteur des graphiques, documents sonores, s\u00e9quences vid\u00e9o et textes utilis\u00e9s, d'utiliser des graphiques, documents sonores, s\u00e9quences vid\u00e9o et textes qu'il a lui-m\u00eame cr\u00e9\u00e9s ou de recourir \u00e0 des graphiques, documents sonores, s\u00e9quences vid\u00e9o et textes libres de droits. Toutes les marques et marques d\u00e9pos\u00e9es mentionn\u00e9es dans l'offre Internet et \u00e9ventuellement prot\u00e9g\u00e9es par des tiers sont soumises sans restriction aux dispositions du droit des marques en vigueur et aux droits de propri\u00e9t\u00e9 des propri\u00e9taires enregistr\u00e9s respectifs. La simple mention d'une marque ne permet pas d'en d\u00e9duire qu'elle n'est pas prot\u00e9g\u00e9e par les droits d'un tiers ! Le copyright des objets publi\u00e9s et cr\u00e9\u00e9s par l'auteur lui-m\u00eame reste la propri\u00e9t\u00e9 exclusive de l'auteur des pages. Toute reproduction ou utilisation de tels graphiques, documents sonores, s\u00e9quences vid\u00e9o et textes dans d'autres publications \u00e9lectroniques ou imprim\u00e9es est interdite sans l'autorisation expresse de l'auteur.<\/p><\/div><\/div><\/div><\/div><\/section><footer class=\"visible-md visible-lg\"><\/footer>\t\t\t\t\t\t\t\t<\/div>\n\t\t\t\t<\/div>\n\t\t\t\t\t<\/div>\n\t\t\t\t<\/div>\n\t\t<div class=\"elementor-element elementor-element-46217a5 e-flex e-con-boxed e-con e-parent\" data-id=\"46217a5\" data-element_type=\"container\" data-e-type=\"container\">\n\t\t\t\t\t<div class=\"e-con-inner\">\n\t\t\t\t<div class=\"elementor-element elementor-element-c549279 elementor-widget elementor-widget-spacer\" data-id=\"c549279\" data-element_type=\"widget\" data-e-type=\"widget\" data-widget_type=\"spacer.default\">\n\t\t\t\t<div class=\"elementor-widget-container\">\n\t\t\t\t\t\t\t<div class=\"elementor-spacer\">\n\t\t\t<div class=\"elementor-spacer-inner\"><\/div>\n\t\t<\/div>\n\t\t\t\t\t\t<\/div>\n\t\t\t\t<\/div>\n\t\t\t\t\t<\/div>\n\t\t\t\t<\/div>\n\t\t\t\t<\/div>","protected":false},"excerpt":{"rendered":"<p>Impressum Indes Fuggerhaus Textil GmbHEichendorffstra\u00dfe 251709 MarienheideDeutschland Tel.: +49 (0) 2264 \/ 20 135 700Fax: +49 (0) 2264 \/ 20 135 600 contact@indesfuggerhaus.dewww.indesfuggerhaus.de Gesch\u00e4ftsf\u00fchrer:Georg H\u00fcnnemeyer Registergericht:Amtsgericht K\u00f6ln &#8211; HRB 39665 Umsatzsteuer-Identifikationsnummer:DE 813259421 Umsatzsteuer-Nr.:212\/5713\/0297 1. Inhalt des OnlineangebotesDer Autor \u00fcbernimmt keinerlei Gew\u00e4hr f\u00fcr die Aktualit\u00e4t, Korrektheit, Vollst\u00e4ndigkeit oder Qualit\u00e4t der bereitgestellten Informationen. Haftungsanspr\u00fcche gegen den Autor, [&hellip;]<\/p>\n","protected":false},"author":2,"featured_media":0,"parent":0,"menu_order":0,"comment_status":"closed","ping_status":"closed","template":"","meta":{"footnotes":""},"class_list":["post-83","page","type-page","status-publish","hentry"],"_links":{"self":[{"href":"https:\/\/indesfuggerhaus.de\/fr\/wp-json\/wp\/v2\/pages\/83","targetHints":{"allow":["GET"]}}],"collection":[{"href":"https:\/\/indesfuggerhaus.de\/fr\/wp-json\/wp\/v2\/pages"}],"about":[{"href":"https:\/\/indesfuggerhaus.de\/fr\/wp-json\/wp\/v2\/types\/page"}],"author":[{"embeddable":true,"href":"https:\/\/indesfuggerhaus.de\/fr\/wp-json\/wp\/v2\/users\/2"}],"replies":[{"embeddable":true,"href":"https:\/\/indesfuggerhaus.de\/fr\/wp-json\/wp\/v2\/comments?post=83"}],"version-history":[{"count":16,"href":"https:\/\/indesfuggerhaus.de\/fr\/wp-json\/wp\/v2\/pages\/83\/revisions"}],"predecessor-version":[{"id":23754,"href":"https:\/\/indesfuggerhaus.de\/fr\/wp-json\/wp\/v2\/pages\/83\/revisions\/23754"}],"wp:attachment":[{"href":"https:\/\/indesfuggerhaus.de\/fr\/wp-json\/wp\/v2\/media?parent=83"}],"curies":[{"name":"wp","href":"https:\/\/api.w.org\/{rel}","templated":true}]}}