{"id":24053,"date":"2025-08-28T11:18:44","date_gmt":"2025-08-28T11:18:44","guid":{"rendered":"https:\/\/indesfuggerhaus.de\/?post_type=product&#038;p=24053"},"modified":"2026-02-12T14:00:46","modified_gmt":"2026-02-12T14:00:46","slug":"4920-22-famous-farn","status":"publish","type":"product","link":"https:\/\/indesfuggerhaus.de\/fr\/produit\/4920-22-famous-farn\/","title":{"rendered":"4920-22 Foug\u00e8re c\u00e9l\u00e8bre"},"content":{"rendered":"","protected":false},"excerpt":{"rendered":"","protected":false},"featured_media":24079,"template":"","meta":[],"product_brand":[],"product_cat":[398],"product_tag":[],"class_list":{"0":"post-24053","1":"product","2":"type-product","3":"status-publish","4":"has-post-thumbnail","6":"product_cat-dekorationsstoff","7":"pa_beschwerungsband-ja","8":"pa_design-floral","9":"pa_eignung-dekoration","10":"pa_eignung-raffrollo","11":"pa_farbwelten-braun","12":"pa_farbwelten-bunt","13":"pa_farbwelten-gelb","14":"pa_farbwelten-orange","15":"pa_farbwelten-rot","16":"pa_kollektion-famous-farn","17":"pa_marke-indes","18":"pa_sondereigenschaften-nachhaltig","19":"pa_transparenz-halbtransparent","21":"first","22":"instock","23":"shipping-taxable","24":"product-type-simple"},"_links":{"self":[{"href":"https:\/\/indesfuggerhaus.de\/fr\/wp-json\/wp\/v2\/product\/24053","targetHints":{"allow":["GET"]}}],"collection":[{"href":"https:\/\/indesfuggerhaus.de\/fr\/wp-json\/wp\/v2\/product"}],"about":[{"href":"https:\/\/indesfuggerhaus.de\/fr\/wp-json\/wp\/v2\/types\/product"}],"wp:featuredmedia":[{"embeddable":true,"href":"https:\/\/indesfuggerhaus.de\/fr\/wp-json\/wp\/v2\/media\/24079"}],"wp:attachment":[{"href":"https:\/\/indesfuggerhaus.de\/fr\/wp-json\/wp\/v2\/media?parent=24053"}],"wp:term":[{"taxonomy":"product_brand","embeddable":true,"href":"https:\/\/indesfuggerhaus.de\/fr\/wp-json\/wp\/v2\/product_brand?post=24053"},{"taxonomy":"product_cat","embeddable":true,"href":"https:\/\/indesfuggerhaus.de\/fr\/wp-json\/wp\/v2\/product_cat?post=24053"},{"taxonomy":"product_tag","embeddable":true,"href":"https:\/\/indesfuggerhaus.de\/fr\/wp-json\/wp\/v2\/product_tag?post=24053"}],"curies":[{"name":"wp","href":"https:\/\/api.w.org\/{rel}","templated":true}]}}