{"id":22002,"date":"2025-02-10T11:02:34","date_gmt":"2025-02-10T11:02:34","guid":{"rendered":"https:\/\/indesfuggerhaus.de\/?page_id=22002"},"modified":"2025-02-10T11:04:16","modified_gmt":"2025-02-10T11:04:16","slug":"calm-ref","status":"publish","type":"page","link":"https:\/\/indesfuggerhaus.de\/nl\/calm-ref\/","title":{"rendered":"Rustige reflecties"},"content":{"rendered":"<div data-elementor-type=\"wp-page\" data-elementor-id=\"22002\" class=\"elementor elementor-22002\" data-elementor-post-type=\"page\">\n\t\t\t\t<div class=\"elementor-element elementor-element-a409533 e-flex e-con-boxed e-con e-parent\" data-id=\"a409533\" data-element_type=\"container\" data-e-type=\"container\">\n\t\t\t\t\t<div class=\"e-con-inner\">\n\t\t\t\t<div class=\"elementor-element elementor-element-d028158 elementor-widget elementor-widget-text-editor\" data-id=\"d028158\" data-element_type=\"widget\" data-e-type=\"widget\" data-widget_type=\"text-editor.default\">\n\t\t\t\t<div class=\"elementor-widget-container\">\n\t\t\t\t\t\t\t\t\t<h4>We ondersteunen je bij het cre\u00ebren van je eigen persoonlijke oase van welzijn, want inrichting wordt steeds belangrijker.<\/h4><p>Met de nieuwe collectie \u201eCalm Reflections\u201c van Indes Fuggerhaus cre\u00eber je emoties zoals rust, geborgenheid en gezelligheid door een unieke selectie harmonieuze en rustige stoffen aan te bieden. Perfect te combineren met de huidige inrichtingstrend met veel hout en ingetogen elegantie in wit, cr\u00e8me en beige.<\/p><p>De zachte kleuren cre\u00ebren een rustgevende sfeer die je helpt om de stress van alledag te vergeten en even helemaal weg te zijn. De positief-negatieve stijl kenmerkt de hele collectie en zorgt voor een subtiel speelse touch, vooral bij de burn-outs. Als de zon door de ramen en door je gordijnen schijnt<br \/>glinstert en cre\u00ebert een uniek spel van licht en schaduw dat lichtheid en natuur in je huis brengt.<\/p><p>De sfeer wordt niet alleen gecre\u00eberd door de kleurnuances wit, groen en beige, maar ook door de patronen die kenmerkend zijn voor deze collectie. Van exotische bladmotieven tot speels borduurwerk, de nieuwe collectie biedt alles wat je nodig hebt om van je huis een gezellig toevluchtsoord te maken - trouw aan het motto \u201eCalm Reflections\u201c.<\/p><p>We zijn verheugd om deze collectie aan je te presenteren en kijken ernaar uit om jouw persoonlijke hoogtepunt in deze collectie te ontdekken en je huis om te toveren tot een natuurlijk en stijlvol thuis.<\/p>\t\t\t\t\t\t\t\t<\/div>\n\t\t\t\t<\/div>\n\t\t\t\t\t<\/div>\n\t\t\t\t<\/div>\n\t\t<div class=\"elementor-element elementor-element-7e1b1b9 e-flex e-con-boxed e-con e-parent\" data-id=\"7e1b1b9\" data-element_type=\"container\" data-e-type=\"container\">\n\t\t\t\t\t<div class=\"e-con-inner\">\n\t\t\t\t<div class=\"elementor-element elementor-element-0df79a4 elementor-skin-carousel elementor-arrows-yes elementor-pagination-type-bullets elementor-pagination-position-outside elementor-widget elementor-widget-media-carousel\" data-id=\"0df79a4\" data-element_type=\"widget\" data-e-type=\"widget\" data-settings=\"{&quot;skin&quot;:&quot;carousel&quot;,&quot;effect&quot;:&quot;slide&quot;,&quot;show_arrows&quot;:&quot;yes&quot;,&quot;pagination&quot;:&quot;bullets&quot;,&quot;speed&quot;:500,&quot;autoplay&quot;:&quot;yes&quot;,&quot;autoplay_speed&quot;:5000,&quot;loop&quot;:&quot;yes&quot;,&quot;pause_on_hover&quot;:&quot;yes&quot;,&quot;pause_on_interaction&quot;:&quot;yes&quot;,&quot;space_between&quot;:{&quot;unit&quot;:&quot;px&quot;,&quot;size&quot;:10,&quot;sizes&quot;:[]},&quot;space_between_tablet&quot;:{&quot;unit&quot;:&quot;px&quot;,&quot;size&quot;:10,&quot;sizes&quot;:[]},&quot;space_between_mobile&quot;:{&quot;unit&quot;:&quot;px&quot;,&quot;size&quot;:10,&quot;sizes&quot;:[]}}\" data-widget_type=\"media-carousel.default\">\n\t\t\t\t<div class=\"elementor-widget-container\">\n\t\t\t\t\t\t\t\t\t<div class=\"elementor-swiper\">\n\t\t\t\t\t<div class=\"elementor-main-swiper swiper\" role=\"region\" aria-roledescription=\"carousel\" aria-label=\"Schuifregelaar\">\n\t\t\t\t<div class=\"swiper-wrapper\">\n\t\t\t\t\t\t\t\t\t\t\t<div class=\"swiper-slide\" role=\"group\" aria-roledescription=\"slide\">\n\t\t\t\t\t\t\t\t\t<div class=\"elementor-carousel-image\" role=\"img\" aria-label=\"Anela Calm Reflections van Indes Fuggerhaus\" style=\"background-image: url(&#039;https:\/\/indesfuggerhaus.de\/wp-content\/uploads\/2025\/02\/Anela4875-16_4874-17_01_04.jpg&#039;)\">\n\n\t\t\t\n\t\t\t\t\t<\/div>\n\t\t\t\t\t\t\t\t<\/div>\n\t\t\t\t\t\t\t\t\t\t\t<div class=\"swiper-slide\" role=\"group\" aria-roledescription=\"slide\">\n\t\t\t\t\t\t\t\t\t<div class=\"elementor-carousel-image\" role=\"img\" aria-label=\"Rustige overpeinzingen door Indes Fuggerhaus\" style=\"background-image: url(&#039;https:\/\/indesfuggerhaus.de\/wp-content\/uploads\/2025\/02\/Bjordis4877-21_Kissen4878-20_Lio_10-scaled.jpg&#039;)\">\n\n\t\t\t\n\t\t\t\t\t<\/div>\n\t\t\t\t\t\t\t\t<\/div>\n\t\t\t\t\t\t\t\t\t\t\t<div class=\"swiper-slide\" role=\"group\" aria-roledescription=\"slide\">\n\t\t\t\t\t\t\t\t\t<div class=\"elementor-carousel-image\" role=\"img\" aria-label=\"Catalea licht Rust Reflecties van Indes Fuggerhaus\" style=\"background-image: url(&#039;https:\/\/indesfuggerhaus.de\/wp-content\/uploads\/2025\/02\/Calatea4870-11_light4871-10_02.jpg&#039;)\">\n\n\t\t\t\n\t\t\t\t\t<\/div>\n\t\t\t\t\t\t\t\t<\/div>\n\t\t\t\t\t\t\t\t\t\t\t<div class=\"swiper-slide\" role=\"group\" aria-roledescription=\"slide\">\n\t\t\t\t\t\t\t\t\t<div class=\"elementor-carousel-image\" role=\"img\" aria-label=\"Callum Calm Reflections door Indes Fuggerhaus\" style=\"background-image: url(&#039;https:\/\/indesfuggerhaus.de\/wp-content\/uploads\/2025\/02\/Callum-4872-19_light4873-18_03.jpg&#039;)\">\n\n\t\t\t\n\t\t\t\t\t<\/div>\n\t\t\t\t\t\t\t\t<\/div>\n\t\t\t\t\t\t\t\t\t\t\t<div class=\"swiper-slide\" role=\"group\" aria-roledescription=\"slide\">\n\t\t\t\t\t\t\t\t\t<div class=\"elementor-carousel-image\" role=\"img\" aria-label=\"Collins Calm Reflections door Indes Fuggerhaus\" style=\"background-image: url(&#039;https:\/\/indesfuggerhaus.de\/wp-content\/uploads\/2025\/02\/Collins-light4894-28_Lio_03-scaled.jpg&#039;)\">\n\n\t\t\t\n\t\t\t\t\t<\/div>\n\t\t\t\t\t\t\t\t<\/div>\n\t\t\t\t\t\t\t\t\t\t\t<div class=\"swiper-slide\" role=\"group\" aria-roledescription=\"slide\">\n\t\t\t\t\t\t\t\t\t<div class=\"elementor-carousel-image\" role=\"img\" aria-label=\"Woestijn Kalmte Reflecties door Indes Fuggerhaus\" style=\"background-image: url(&#039;https:\/\/indesfuggerhaus.de\/wp-content\/uploads\/2025\/02\/Desert-7361-27_02.jpg&#039;)\">\n\n\t\t\t\n\t\t\t\t\t<\/div>\n\t\t\t\t\t\t\t\t<\/div>\n\t\t\t\t\t\t\t\t\t\t\t<div class=\"swiper-slide\" role=\"group\" aria-roledescription=\"slide\">\n\t\t\t\t\t\t\t\t\t<div class=\"elementor-carousel-image\" role=\"img\" aria-label=\"Floris Calm Reflections van Indes Fuggerhaus\" style=\"background-image: url(&#039;https:\/\/indesfuggerhaus.de\/wp-content\/uploads\/2025\/02\/Floris_4890-39_04-scaled.jpg&#039;)\">\n\n\t\t\t\n\t\t\t\t\t<\/div>\n\t\t\t\t\t\t\t\t<\/div>\n\t\t\t\t\t\t\t\t\t\t\t<div class=\"swiper-slide\" role=\"group\" aria-roledescription=\"slide\">\n\t\t\t\t\t\t\t\t\t<div class=\"elementor-carousel-image\" role=\"img\" aria-label=\"Fontein Calm Reflections van Indes Fuggerhaus\" style=\"background-image: url(&#039;https:\/\/indesfuggerhaus.de\/wp-content\/uploads\/2025\/02\/Fountain_01-scaled.jpg&#039;)\">\n\n\t\t\t\n\t\t\t\t\t<\/div>\n\t\t\t\t\t\t\t\t<\/div>\n\t\t\t\t\t\t\t\t\t\t\t<div class=\"swiper-slide\" role=\"group\" aria-roledescription=\"slide\">\n\t\t\t\t\t\t\t\t\t<div class=\"elementor-carousel-image\" role=\"img\" aria-label=\"Ginko Rust Reflecties van Indes Fuggerhaus\" style=\"background-image: url(&#039;https:\/\/indesfuggerhaus.de\/wp-content\/uploads\/2025\/02\/Ginko-4896-26_02-scaled.jpg&#039;)\">\n\n\t\t\t\n\t\t\t\t\t<\/div>\n\t\t\t\t\t\t\t\t<\/div>\n\t\t\t\t\t\t\t\t\t\t\t<div class=\"swiper-slide\" role=\"group\" aria-roledescription=\"slide\">\n\t\t\t\t\t\t\t\t\t<div class=\"elementor-carousel-image\" role=\"img\" aria-label=\"Kalmerende reflecties Lio van Indes Fuggerhaus\" style=\"background-image: url(&#039;https:\/\/indesfuggerhaus.de\/wp-content\/uploads\/2025\/02\/Lio-scaled.jpg&#039;)\">\n\n\t\t\t\n\t\t\t\t\t<\/div>\n\t\t\t\t\t\t\t\t<\/div>\n\t\t\t\t\t\t\t\t\t\t\t<div class=\"swiper-slide\" role=\"group\" aria-roledescription=\"slide\">\n\t\t\t\t\t\t\t\t\t<div class=\"elementor-carousel-image\" role=\"img\" aria-label=\"Lovis Calm Reflections van Indes Fuggerhaus\" style=\"background-image: url(&#039;https:\/\/indesfuggerhaus.de\/wp-content\/uploads\/2025\/02\/Lovis_7369-36_07-scaled.jpg&#039;)\">\n\n\t\t\t\n\t\t\t\t\t<\/div>\n\t\t\t\t\t\t\t\t<\/div>\n\t\t\t\t\t\t\t\t\t\t\t<div class=\"swiper-slide\" role=\"group\" aria-roledescription=\"slide\">\n\t\t\t\t\t\t\t\t\t<div class=\"elementor-carousel-image\" role=\"img\" aria-label=\"Ohana Calm Reflections van Indes Fuggerhaus\" style=\"background-image: url(&#039;https:\/\/indesfuggerhaus.de\/wp-content\/uploads\/2025\/02\/Ohana-4876-39_03-scaled.jpg&#039;)\">\n\n\t\t\t\n\t\t\t\t\t<\/div>\n\t\t\t\t\t\t\t\t<\/div>\n\t\t\t\t\t\t\t\t\t\t\t<div class=\"swiper-slide\" role=\"group\" aria-roledescription=\"slide\">\n\t\t\t\t\t\t\t\t\t<div class=\"elementor-carousel-image\" role=\"img\" aria-label=\"Ovin Kalmte Reflecties van Indes Fuggerhaus\" style=\"background-image: url(&#039;https:\/\/indesfuggerhaus.de\/wp-content\/uploads\/2025\/02\/Ovin4881-62_Silence_03.jpg&#039;)\">\n\n\t\t\t\n\t\t\t\t\t<\/div>\n\t\t\t\t\t\t\t\t<\/div>\n\t\t\t\t\t\t\t\t\t\t\t<div class=\"swiper-slide\" role=\"group\" aria-roledescription=\"slide\">\n\t\t\t\t\t\t\t\t\t<div class=\"elementor-carousel-image\" role=\"img\" aria-label=\"Pilea Kalmte Reflecties van Indes Fuggerhaus\" style=\"background-image: url(&#039;https:\/\/indesfuggerhaus.de\/wp-content\/uploads\/2025\/02\/Pilea-4865-26_02-scaled.jpg&#039;)\">\n\n\t\t\t\n\t\t\t\t\t<\/div>\n\t\t\t\t\t\t\t\t<\/div>\n\t\t\t\t\t\t\t\t\t\t\t<div class=\"swiper-slide\" role=\"group\" aria-roledescription=\"slide\">\n\t\t\t\t\t\t\t\t\t<div class=\"elementor-carousel-image\" role=\"img\" aria-label=\"Solea Calm Reflections van Indes Fuggerhaus\" style=\"background-image: url(&#039;https:\/\/indesfuggerhaus.de\/wp-content\/uploads\/2025\/02\/Solea-4895-10_01-scaled.jpg&#039;)\">\n\n\t\t\t\n\t\t\t\t\t<\/div>\n\t\t\t\t\t\t\t\t<\/div>\n\t\t\t\t\t\t\t\t\t<\/div>\n\t\t\t\t\t\t\t\t\t\t\t\t\t\t\t<div class=\"elementor-swiper-button elementor-swiper-button-prev\" role=\"button\" tabindex=\"0\" aria-label=\"Vorige\">\n\t\t\t\t\t\t\t<svg aria-hidden=\"true\" class=\"e-font-icon-svg e-eicon-chevron-left\" viewbox=\"0 0 1000 1000\" xmlns=\"http:\/\/www.w3.org\/2000\/svg\"><path d=\"M646 125C629 125 613 133 604 142L308 442C296 454 292 471 292 487 292 504 296 521 308 533L604 854C617 867 629 875 646 875 663 875 679 871 692 858 704 846 713 829 713 812 713 796 708 779 692 767L438 487 692 225C700 217 708 204 708 187 708 171 704 154 692 142 675 129 663 125 646 125Z\"><\/path><\/svg>\t\t\t\t\t\t<\/div>\n\t\t\t\t\t\t<div class=\"elementor-swiper-button elementor-swiper-button-next\" role=\"button\" tabindex=\"0\" aria-label=\"Volgende\">\n\t\t\t\t\t\t\t<svg aria-hidden=\"true\" class=\"e-font-icon-svg e-eicon-chevron-right\" viewbox=\"0 0 1000 1000\" xmlns=\"http:\/\/www.w3.org\/2000\/svg\"><path d=\"M696 533C708 521 713 504 713 487 713 471 708 454 696 446L400 146C388 133 375 125 354 125 338 125 325 129 313 142 300 154 292 171 292 187 292 204 296 221 308 233L563 492 304 771C292 783 288 800 288 817 288 833 296 850 308 863 321 871 338 875 354 875 371 875 388 867 400 854L696 533Z\"><\/path><\/svg>\t\t\t\t\t\t<\/div>\n\t\t\t\t\t\t\t\t\t\t\t\t\t\t\t\t<div class=\"swiper-pagination\"><\/div>\n\t\t\t\t\t\t\t\t\t\t\t\t<\/div>\n\t\t\t\t<\/div>\n\t\t\t\t\t\t\t\t<\/div>\n\t\t\t\t<\/div>\n\t\t\t\t\t<\/div>\n\t\t\t\t<\/div>\n\t\t\t\t<\/div>","protected":false},"excerpt":{"rendered":"<p>Wir unterst\u00fctzen Sie dabei, Ihre pers\u00f6nliche Wohlf\u00fchloase zu schaffen, da das\u00a0Thema Einrichtung immer wichtiger wird. Die neue Kollektion \u201eCalm Reflections\u201c von Indes Fuggerhaus erm\u00f6glicht es Ihnen, Emotionen\u00a0wie Ruhe, Geborgenheit und Behaglichkeit zu erzeugen, indem sie eine einzigartige Auswahl an\u00a0harmonischen und ruhigen Stoffen bietet. Perfekt kombinierbar zu den aktuellen\u00a0Einrichtungstrend mit viel Holz und zur\u00fcckhaltender Eleganz in [&hellip;]<\/p>\n","protected":false},"author":2,"featured_media":0,"parent":0,"menu_order":0,"comment_status":"closed","ping_status":"closed","template":"","meta":{"footnotes":""},"class_list":["post-22002","page","type-page","status-publish","hentry"],"_links":{"self":[{"href":"https:\/\/indesfuggerhaus.de\/nl\/wp-json\/wp\/v2\/pages\/22002","targetHints":{"allow":["GET"]}}],"collection":[{"href":"https:\/\/indesfuggerhaus.de\/nl\/wp-json\/wp\/v2\/pages"}],"about":[{"href":"https:\/\/indesfuggerhaus.de\/nl\/wp-json\/wp\/v2\/types\/page"}],"author":[{"embeddable":true,"href":"https:\/\/indesfuggerhaus.de\/nl\/wp-json\/wp\/v2\/users\/2"}],"replies":[{"embeddable":true,"href":"https:\/\/indesfuggerhaus.de\/nl\/wp-json\/wp\/v2\/comments?post=22002"}],"version-history":[{"count":4,"href":"https:\/\/indesfuggerhaus.de\/nl\/wp-json\/wp\/v2\/pages\/22002\/revisions"}],"predecessor-version":[{"id":22021,"href":"https:\/\/indesfuggerhaus.de\/nl\/wp-json\/wp\/v2\/pages\/22002\/revisions\/22021"}],"wp:attachment":[{"href":"https:\/\/indesfuggerhaus.de\/nl\/wp-json\/wp\/v2\/media?parent=22002"}],"curies":[{"name":"wp","href":"https:\/\/api.w.org\/{rel}","templated":true}]}}