{"id":105,"date":"2023-09-12T12:52:56","date_gmt":"2023-09-12T12:52:56","guid":{"rendered":"https:\/\/indesfuggerhaus.de\/?page_id=105"},"modified":"2024-11-21T19:55:00","modified_gmt":"2024-11-21T19:55:00","slug":"fr-one","status":"publish","type":"page","link":"https:\/\/indesfuggerhaus.de\/pl\/kollektionen\/fr-one\/","title":{"rendered":"FR-One"},"content":{"rendered":"<div data-elementor-type=\"wp-page\" data-elementor-id=\"105\" class=\"elementor elementor-105\" data-elementor-post-type=\"page\">\n\t\t\t\t<div class=\"elementor-element elementor-element-4537b08 e-flex e-con-boxed e-con e-parent\" data-id=\"4537b08\" data-element_type=\"container\" data-e-type=\"container\">\n\t\t\t\t\t<div class=\"e-con-inner\">\n\t\t<div class=\"elementor-element elementor-element-fcd9572 e-con-full e-flex e-con e-child\" data-id=\"fcd9572\" data-element_type=\"container\" data-e-type=\"container\">\n\t\t\t\t<div class=\"elementor-element elementor-element-01ca537 elementor-widget elementor-widget-heading\" data-id=\"01ca537\" data-element_type=\"widget\" data-e-type=\"widget\" data-widget_type=\"heading.default\">\n\t\t\t\t<div class=\"elementor-widget-container\">\n\t\t\t\t\t<h2 class=\"elementor-heading-title elementor-size-default\">FR-One<\/h2>\t\t\t\t<\/div>\n\t\t\t\t<\/div>\n\t\t\t\t<\/div>\n\t\t\t\t\t<\/div>\n\t\t\t\t<\/div>\n\t\t<div class=\"elementor-element elementor-element-1ca8889 e-flex e-con-boxed e-con e-parent\" data-id=\"1ca8889\" data-element_type=\"container\" data-e-type=\"container\">\n\t\t\t\t\t<div class=\"e-con-inner\">\n\t\t\t\t<div class=\"elementor-element elementor-element-44402a3 elementor-widget elementor-widget-text-editor\" data-id=\"44402a3\" data-element_type=\"widget\" data-e-type=\"widget\" data-widget_type=\"text-editor.default\">\n\t\t\t\t<div class=\"elementor-widget-container\">\n\t\t\t\t\t\t\t\t\t<p style=\"text-align: center;\">FR-One, kolekcja tkanin od Fuggerhaus dla Twojego bezpiecze\u0144stwa.&nbsp;<br><span style=\"color: var( --e-global-color-text ); font-family: var( --e-global-typography-text-font-family ), Sans-serif; font-weight: var( --e-global-typography-text-font-weight ); font-size: 1rem;\">Trwale trudnopalny, certyfikowany zgodnie ze wszystkimi normami - na ca\u0142ym \u015bwiecie. <br>To na pewno dobre uczucie!<\/span><\/p>\t\t\t\t\t\t\t\t<\/div>\n\t\t\t\t<\/div>\n\t\t\t\t\t<\/div>\n\t\t\t\t<\/div>\n\t\t<div class=\"elementor-element elementor-element-6a2ada5 e-flex e-con-boxed e-con e-parent\" data-id=\"6a2ada5\" data-element_type=\"container\" data-e-type=\"container\">\n\t\t\t\t\t<div class=\"e-con-inner\">\n\t\t\t\t<div class=\"elementor-element elementor-element-48d3e00 elementor--h-position-center elementor--v-position-middle elementor-arrows-position-inside elementor-pagination-position-inside elementor-widget elementor-widget-slides\" data-id=\"48d3e00\" data-element_type=\"widget\" data-e-type=\"widget\" data-settings=\"{&quot;transition_speed&quot;:1000,&quot;navigation&quot;:&quot;both&quot;,&quot;infinite&quot;:&quot;yes&quot;,&quot;transition&quot;:&quot;slide&quot;}\" data-widget_type=\"slides.default\">\n\t\t\t\t<div class=\"elementor-widget-container\">\n\t\t\t\t\t\t\t\t\t<div class=\"elementor-swiper\">\n\t\t\t\t\t<div class=\"elementor-slides-wrapper elementor-main-swiper swiper\" role=\"region\" aria-roledescription=\"carousel\" aria-label=\"Slajdy\" dir=\"ltr\" data-animation=\"fadeInUp\">\n\t\t\t\t<div class=\"swiper-wrapper elementor-slides\">\n\t\t\t\t\t\t\t\t\t\t<div class=\"elementor-repeater-item-6311719 swiper-slide\" role=\"group\" aria-roledescription=\"slide\"><div class=\"swiper-slide-bg\" role=\"img\" aria-label=\"FR-One\"><\/div><div class=\"swiper-slide-inner\" ><div class=\"swiper-slide-contents\"><div class=\"elementor-slide-heading\">Spellbound<\/div><div class=\"elementor-slide-description\">\u015awiadome projektowanie<\/div><a href=\"https:\/\/indesfuggerhaus.de\/pl\/spellbound\/\" class=\"elementor-button elementor-slide-button elementor-size-sm\">Dowiedz si\u0119 wi\u0119cej<\/a><\/div><\/div><\/div><div class=\"elementor-repeater-item-160aae7 swiper-slide\" role=\"group\" aria-roledescription=\"slide\"><div class=\"swiper-slide-bg\" role=\"img\" aria-label=\"FR-One\"><\/div><div class=\"swiper-slide-inner\" ><div class=\"swiper-slide-contents\"><div class=\"elementor-slide-heading\">Optimum<\/div><div class=\"elementor-slide-description\">\u017bycie ze wszystkimi zaletami<\/div><a href=\"https:\/\/indesfuggerhaus.de\/pl\/optimum\/\" class=\"elementor-button elementor-slide-button elementor-size-sm\">Dowiedz si\u0119 wi\u0119cej<\/a><\/div><\/div><\/div><div class=\"elementor-repeater-item-e034a52 swiper-slide\" role=\"group\" aria-roledescription=\"slide\"><div class=\"swiper-slide-bg\" role=\"img\" aria-label=\"Litologia FR-One\"><\/div><div class=\"swiper-slide-inner\" ><div class=\"swiper-slide-contents\"><div class=\"elementor-slide-heading\">Litologia<\/div><div class=\"elementor-slide-description\">Stw\u00f3rz swoj\u0105 oaz\u0119 spokoju<\/div><a href=\"https:\/\/indesfuggerhaus.de\/pl\/lithology\/\" class=\"elementor-button elementor-slide-button elementor-size-sm\">Dowiedz si\u0119 wi\u0119cej<\/a><\/div><\/div><\/div>\t\t\t\t<\/div>\n\t\t\t\t\t\t\t\t\t\t\t\t\t\t\t<div class=\"elementor-swiper-button elementor-swiper-button-prev\" role=\"button\" tabindex=\"0\" aria-label=\"Previous slide\">\n\t\t\t\t\t\t\t<svg aria-hidden=\"true\" class=\"e-font-icon-svg e-eicon-chevron-left\" viewbox=\"0 0 1000 1000\" xmlns=\"http:\/\/www.w3.org\/2000\/svg\"><path d=\"M646 125C629 125 613 133 604 142L308 442C296 454 292 471 292 487 292 504 296 521 308 533L604 854C617 867 629 875 646 875 663 875 679 871 692 858 704 846 713 829 713 812 713 796 708 779 692 767L438 487 692 225C700 217 708 204 708 187 708 171 704 154 692 142 675 129 663 125 646 125Z\"><\/path><\/svg>\t\t\t\t\t\t<\/div>\n\t\t\t\t\t\t<div class=\"elementor-swiper-button elementor-swiper-button-next\" role=\"button\" tabindex=\"0\" aria-label=\"Next slide\">\n\t\t\t\t\t\t\t<svg aria-hidden=\"true\" class=\"e-font-icon-svg e-eicon-chevron-right\" viewbox=\"0 0 1000 1000\" xmlns=\"http:\/\/www.w3.org\/2000\/svg\"><path d=\"M696 533C708 521 713 504 713 487 713 471 708 454 696 446L400 146C388 133 375 125 354 125 338 125 325 129 313 142 300 154 292 171 292 187 292 204 296 221 308 233L563 492 304 771C292 783 288 800 288 817 288 833 296 850 308 863 321 871 338 875 354 875 371 875 388 867 400 854L696 533Z\"><\/path><\/svg>\t\t\t\t\t\t<\/div>\n\t\t\t\t\t\t\t\t\t\t\t\t\t\t\t\t<div class=\"swiper-pagination\"><\/div>\n\t\t\t\t\t\t\t\t\t\t\t\t<\/div>\n\t\t\t\t<\/div>\n\t\t\t\t\t\t\t\t<\/div>\n\t\t\t\t<\/div>\n\t\t\t\t\t<\/div>\n\t\t\t\t<\/div>\n\t\t<div class=\"elementor-element elementor-element-5169e12 e-flex e-con-boxed e-con e-parent\" data-id=\"5169e12\" data-element_type=\"container\" data-e-type=\"container\">\n\t\t\t\t\t<div class=\"e-con-inner\">\n\t\t<div class=\"elementor-element elementor-element-abc41ab e-con-full e-flex e-con e-child\" data-id=\"abc41ab\" data-element_type=\"container\" data-e-type=\"container\">\n\t\t\t\t<div class=\"elementor-element elementor-element-2888296 elementor-widget elementor-widget-image\" data-id=\"2888296\" data-element_type=\"widget\" data-e-type=\"widget\" data-widget_type=\"image.default\">\n\t\t\t\t<div class=\"elementor-widget-container\">\n\t\t\t\t\t\t\t\t\t\t\t\t\t\t\t<img fetchpriority=\"high\" decoding=\"async\" width=\"370\" height=\"369\" src=\"https:\/\/indesfuggerhaus.de\/wp-content\/uploads\/2024\/10\/IndesFuggerhaus_JabaFR_JunkoFR.jpg\" class=\"attachment-large size-large wp-image-20000\" alt=\"FR-One Indes Fuggerhaus Jaba FR Junko FR\" srcset=\"https:\/\/indesfuggerhaus.de\/wp-content\/uploads\/2024\/10\/IndesFuggerhaus_JabaFR_JunkoFR.jpg 370w, https:\/\/indesfuggerhaus.de\/wp-content\/uploads\/2024\/10\/IndesFuggerhaus_JabaFR_JunkoFR-300x300.jpg 300w, https:\/\/indesfuggerhaus.de\/wp-content\/uploads\/2024\/10\/IndesFuggerhaus_JabaFR_JunkoFR-100x100.jpg 100w, https:\/\/indesfuggerhaus.de\/wp-content\/uploads\/2024\/10\/IndesFuggerhaus_JabaFR_JunkoFR-150x150.jpg 150w\" sizes=\"(max-width: 370px) 100vw, 370px\" \/>\t\t\t\t\t\t\t\t\t\t\t\t\t\t\t<\/div>\n\t\t\t\t<\/div>\n\t\t\t\t<\/div>\n\t\t<div class=\"elementor-element elementor-element-256889b e-con-full e-flex e-con e-child\" data-id=\"256889b\" data-element_type=\"container\" data-e-type=\"container\">\n\t\t<div class=\"elementor-element elementor-element-ba68866 e-con-full e-flex e-con e-child\" data-id=\"ba68866\" data-element_type=\"container\" data-e-type=\"container\">\n\t\t\t\t<div class=\"elementor-element elementor-element-e70abad elementor-widget elementor-widget-text-editor\" data-id=\"e70abad\" data-element_type=\"widget\" data-e-type=\"widget\" data-widget_type=\"text-editor.default\">\n\t\t\t\t<div class=\"elementor-widget-container\">\n\t\t\t\t\t\t\t\t\t<h5 class=\"bodytext\" style=\"font-family: Roboto, sans-serif; color: #000000; text-align: center;\">FR-One - film<\/h5><p class=\"bodytext\" style=\"text-align: center;\">FR-One - zielone sumienie!<br \/>Wszystkie tkaniny i ich procesy produkcyjne otrzyma\u0142y certyfikat Oeko-Tex Standard 100. To gwarancja ekologicznej produkcji, nieszkodliwych sk\u0142adnik\u00f3w i braku negatywnego wp\u0142ywu na ludzkie zdrowie. <br \/>Wszystkie materia\u0142y i pomoce s\u0105 pod sta\u0142\u0105 kontrol\u0105 i spe\u0142niaj\u0105 wszystkie obowi\u0105zuj\u0105ce normy.<\/p><p class=\"bodytext\" style=\"text-align: center;\">W d\u0105\u017ceniu do bardziej zr\u00f3wnowa\u017conego rozwoju, tekstylia FR-One s\u0105 produkowane przez przyjazne dla \u015brodowiska fabryki, kt\u00f3re otrzyma\u0142y najwy\u017cszy standard Oeko-Tex - Oeko-Tex 1000.<\/p><p class=\"bodytext\" style=\"text-align: center;\">\u00a0<\/p>\t\t\t\t\t\t\t\t<\/div>\n\t\t\t\t<\/div>\n\t\t\t\t<\/div>\n\t\t<div class=\"elementor-element elementor-element-675c93f e-con-full e-flex e-con e-child\" data-id=\"675c93f\" data-element_type=\"container\" data-e-type=\"container\">\n\t\t\t\t<div class=\"elementor-element elementor-element-4f36ace elementor-align-center elementor-widget elementor-widget-button\" data-id=\"4f36ace\" data-element_type=\"widget\" data-e-type=\"widget\" data-widget_type=\"button.default\">\n\t\t\t\t<div class=\"elementor-widget-container\">\n\t\t\t\t\t\t\t\t\t<div class=\"elementor-button-wrapper\">\n\t\t\t\t\t<a class=\"elementor-button elementor-button-link elementor-size-sm\" href=\"https:\/\/www.youtube.com\/watch?v=8vlrOb2uV-I\">\n\t\t\t\t\t\t<span class=\"elementor-button-content-wrapper\">\n\t\t\t\t\t\t\t\t\t<span class=\"elementor-button-text\">Wydajno\u015b\u0107 FR-One<\/span>\n\t\t\t\t\t<\/span>\n\t\t\t\t\t<\/a>\n\t\t\t\t<\/div>\n\t\t\t\t\t\t\t\t<\/div>\n\t\t\t\t<\/div>\n\t\t\t\t<\/div>\n\t\t\t\t<\/div>\n\t\t\t\t\t<\/div>\n\t\t\t\t<\/div>\n\t\t<div class=\"elementor-element elementor-element-628015a e-flex e-con-boxed e-con e-parent\" data-id=\"628015a\" data-element_type=\"container\" data-e-type=\"container\">\n\t\t\t\t\t<div class=\"e-con-inner\">\n\t\t<div class=\"elementor-element elementor-element-6432abc e-con-full e-flex e-con e-child\" data-id=\"6432abc\" data-element_type=\"container\" data-e-type=\"container\">\n\t\t\t\t<div class=\"elementor-element elementor-element-e58f75c elementor-widget elementor-widget-image\" data-id=\"e58f75c\" data-element_type=\"widget\" data-e-type=\"widget\" data-widget_type=\"image.default\">\n\t\t\t\t<div class=\"elementor-widget-container\">\n\t\t\t\t\t\t\t\t\t\t\t\t\t\t\t<img decoding=\"async\" width=\"375\" height=\"567\" src=\"https:\/\/indesfuggerhaus.de\/wp-content\/uploads\/2024\/10\/fr-one.jpg\" class=\"attachment-large size-large wp-image-20350\" alt=\"FR-One\" srcset=\"https:\/\/indesfuggerhaus.de\/wp-content\/uploads\/2024\/10\/fr-one.jpg 375w, https:\/\/indesfuggerhaus.de\/wp-content\/uploads\/2024\/10\/fr-one-198x300.jpg 198w\" sizes=\"(max-width: 375px) 100vw, 375px\" \/>\t\t\t\t\t\t\t\t\t\t\t\t\t\t\t<\/div>\n\t\t\t\t<\/div>\n\t\t\t\t<\/div>\n\t\t<div class=\"elementor-element elementor-element-d9a7bdb e-con-full e-flex e-con e-child\" data-id=\"d9a7bdb\" data-element_type=\"container\" data-e-type=\"container\">\n\t\t\t\t<div class=\"elementor-element elementor-element-974e378 elementor-widget elementor-widget-image\" data-id=\"974e378\" data-element_type=\"widget\" data-e-type=\"widget\" data-widget_type=\"image.default\">\n\t\t\t\t<div class=\"elementor-widget-container\">\n\t\t\t\t\t\t\t\t\t\t\t\t\t\t\t<img decoding=\"async\" width=\"684\" height=\"1024\" src=\"https:\/\/indesfuggerhaus.de\/wp-content\/uploads\/2024\/10\/Lupine-FR_2520-78_Blossom-1-684x1024.jpg\" class=\"attachment-large size-large wp-image-20348\" alt=\"FR-One\" srcset=\"https:\/\/indesfuggerhaus.de\/wp-content\/uploads\/2024\/10\/Lupine-FR_2520-78_Blossom-1-684x1024.jpg 684w, https:\/\/indesfuggerhaus.de\/wp-content\/uploads\/2024\/10\/Lupine-FR_2520-78_Blossom-1-600x899.jpg 600w, https:\/\/indesfuggerhaus.de\/wp-content\/uploads\/2024\/10\/Lupine-FR_2520-78_Blossom-1-200x300.jpg 200w, https:\/\/indesfuggerhaus.de\/wp-content\/uploads\/2024\/10\/Lupine-FR_2520-78_Blossom-1-768x1151.jpg 768w, https:\/\/indesfuggerhaus.de\/wp-content\/uploads\/2024\/10\/Lupine-FR_2520-78_Blossom-1.jpg 801w\" sizes=\"(max-width: 684px) 100vw, 684px\" \/>\t\t\t\t\t\t\t\t\t\t\t\t\t\t\t<\/div>\n\t\t\t\t<\/div>\n\t\t\t\t<\/div>\n\t\t<div class=\"elementor-element elementor-element-bf7b140 e-con-full e-flex e-con e-child\" data-id=\"bf7b140\" data-element_type=\"container\" data-e-type=\"container\">\n\t\t\t\t<div class=\"elementor-element elementor-element-6b2aa75 elementor-widget elementor-widget-image\" data-id=\"6b2aa75\" data-element_type=\"widget\" data-e-type=\"widget\" data-widget_type=\"image.default\">\n\t\t\t\t<div class=\"elementor-widget-container\">\n\t\t\t\t\t\t\t\t\t\t\t\t\t\t\t<img loading=\"lazy\" decoding=\"async\" width=\"684\" height=\"1024\" src=\"https:\/\/indesfuggerhaus.de\/wp-content\/uploads\/2024\/10\/Odeon_2556-73_Iron-684x1024.jpg\" class=\"attachment-large size-large wp-image-20349\" alt=\"FR-One\" srcset=\"https:\/\/indesfuggerhaus.de\/wp-content\/uploads\/2024\/10\/Odeon_2556-73_Iron-684x1024.jpg 684w, https:\/\/indesfuggerhaus.de\/wp-content\/uploads\/2024\/10\/Odeon_2556-73_Iron-600x899.jpg 600w, https:\/\/indesfuggerhaus.de\/wp-content\/uploads\/2024\/10\/Odeon_2556-73_Iron-200x300.jpg 200w, https:\/\/indesfuggerhaus.de\/wp-content\/uploads\/2024\/10\/Odeon_2556-73_Iron-768x1151.jpg 768w, https:\/\/indesfuggerhaus.de\/wp-content\/uploads\/2024\/10\/Odeon_2556-73_Iron.jpg 801w\" sizes=\"(max-width: 684px) 100vw, 684px\" \/>\t\t\t\t\t\t\t\t\t\t\t\t\t\t\t<\/div>\n\t\t\t\t<\/div>\n\t\t\t\t<\/div>\n\t\t<div class=\"elementor-element elementor-element-1ec25af e-con-full e-flex e-con e-child\" data-id=\"1ec25af\" data-element_type=\"container\" data-e-type=\"container\">\n\t\t\t\t<\/div>\n\t\t<div class=\"elementor-element elementor-element-829c424 e-con-full e-flex e-con e-child\" data-id=\"829c424\" data-element_type=\"container\" data-e-type=\"container\">\n\t\t\t\t<\/div>\n\t\t<div class=\"elementor-element elementor-element-eacface e-con-full e-flex e-con e-child\" data-id=\"eacface\" data-element_type=\"container\" data-e-type=\"container\">\n\t\t\t\t<\/div>\n\t\t\t\t\t<\/div>\n\t\t\t\t<\/div>\n\t\t<div class=\"elementor-element elementor-element-b2e7601 e-flex e-con-boxed e-con e-parent\" data-id=\"b2e7601\" data-element_type=\"container\" data-e-type=\"container\">\n\t\t\t\t\t<div class=\"e-con-inner\">\n\t\t\t\t<div class=\"elementor-element elementor-element-577112c elementor-align-center elementor-widget elementor-widget-button\" data-id=\"577112c\" data-element_type=\"widget\" data-e-type=\"widget\" data-widget_type=\"button.default\">\n\t\t\t\t<div class=\"elementor-widget-container\">\n\t\t\t\t\t\t\t\t\t<div class=\"elementor-button-wrapper\">\n\t\t\t\t\t<a class=\"elementor-button elementor-button-link elementor-size-sm\" href=\"https:\/\/indesfuggerhaus.de\/pl\/bildmaterial\/\" target=\"_blank\">\n\t\t\t\t\t\t<span class=\"elementor-button-content-wrapper\">\n\t\t\t\t\t\t\t\t\t<span class=\"elementor-button-text\">Materia\u0142 zdj\u0119ciowy<\/span>\n\t\t\t\t\t<\/span>\n\t\t\t\t\t<\/a>\n\t\t\t\t<\/div>\n\t\t\t\t\t\t\t\t<\/div>\n\t\t\t\t<\/div>\n\t\t\t\t\t<\/div>\n\t\t\t\t<\/div>\n\t\t\t\t<\/div>","protected":false},"excerpt":{"rendered":"<p>FR-One FR-One, die Stoffkollektion von Fuggerhaus f\u00fcr Ihre Sicherheit.&nbsp;Permanente Schwerentflammbarkeit, zertifiziert nach allen Standards &#8211; weltweit. Mit Sicherheit ein gutes Gef\u00fchl! SpellboundInformiertes DesignMehr erfahrenOptimumLeben mit allen Vorz\u00fcgenMehr erfahrenLithologySchaffen Sie sich Ihre Ruhe-OaseMehr erfahren Previous slide Next slide FR-One &#8211; the movie FR-One &#8211;\u00a0 das gr\u00fcne Gewissen!Alle Stoffe und ihre Herstellungsprozesse sind mit dem \u00d6ko-Tex Standard [&hellip;]<\/p>\n","protected":false},"author":2,"featured_media":0,"parent":46,"menu_order":3,"comment_status":"closed","ping_status":"closed","template":"","meta":{"footnotes":""},"class_list":["post-105","page","type-page","status-publish","hentry"],"_links":{"self":[{"href":"https:\/\/indesfuggerhaus.de\/pl\/wp-json\/wp\/v2\/pages\/105","targetHints":{"allow":["GET"]}}],"collection":[{"href":"https:\/\/indesfuggerhaus.de\/pl\/wp-json\/wp\/v2\/pages"}],"about":[{"href":"https:\/\/indesfuggerhaus.de\/pl\/wp-json\/wp\/v2\/types\/page"}],"author":[{"embeddable":true,"href":"https:\/\/indesfuggerhaus.de\/pl\/wp-json\/wp\/v2\/users\/2"}],"replies":[{"embeddable":true,"href":"https:\/\/indesfuggerhaus.de\/pl\/wp-json\/wp\/v2\/comments?post=105"}],"version-history":[{"count":64,"href":"https:\/\/indesfuggerhaus.de\/pl\/wp-json\/wp\/v2\/pages\/105\/revisions"}],"predecessor-version":[{"id":21308,"href":"https:\/\/indesfuggerhaus.de\/pl\/wp-json\/wp\/v2\/pages\/105\/revisions\/21308"}],"up":[{"embeddable":true,"href":"https:\/\/indesfuggerhaus.de\/pl\/wp-json\/wp\/v2\/pages\/46"}],"wp:attachment":[{"href":"https:\/\/indesfuggerhaus.de\/pl\/wp-json\/wp\/v2\/media?parent=105"}],"curies":[{"name":"wp","href":"https:\/\/api.w.org\/{rel}","templated":true}]}}