{"id":108,"date":"2023-09-12T12:59:42","date_gmt":"2023-09-12T12:59:42","guid":{"rendered":"https:\/\/indesfuggerhaus.de\/?page_id=108"},"modified":"2026-02-18T15:21:05","modified_gmt":"2026-02-18T15:21:05","slug":"homing","status":"publish","type":"page","link":"https:\/\/indesfuggerhaus.de\/pl\/kollektionen\/homing\/","title":{"rendered":"Homing"},"content":{"rendered":"<div data-elementor-type=\"wp-page\" data-elementor-id=\"108\" class=\"elementor elementor-108\" data-elementor-post-type=\"page\">\n\t\t\t\t<div class=\"elementor-element elementor-element-7b24cce e-flex e-con-boxed e-con e-parent\" data-id=\"7b24cce\" data-element_type=\"container\" data-e-type=\"container\">\n\t\t\t\t\t<div class=\"e-con-inner\">\n\t\t<div class=\"elementor-element elementor-element-f116885 e-con-full e-flex e-con e-child\" data-id=\"f116885\" data-element_type=\"container\" data-e-type=\"container\">\n\t\t\t\t<div class=\"elementor-element elementor-element-e731b4d elementor-widget elementor-widget-heading\" data-id=\"e731b4d\" data-element_type=\"widget\" data-e-type=\"widget\" data-widget_type=\"heading.default\">\n\t\t\t\t<div class=\"elementor-widget-container\">\n\t\t\t\t\t<h2 class=\"elementor-heading-title elementor-size-default\">Homing<\/h2>\t\t\t\t<\/div>\n\t\t\t\t<\/div>\n\t\t\t\t<\/div>\n\t\t\t\t\t<\/div>\n\t\t\t\t<\/div>\n\t\t<div class=\"elementor-element elementor-element-892fbab e-flex e-con-boxed e-con e-parent\" data-id=\"892fbab\" data-element_type=\"container\" data-e-type=\"container\">\n\t\t\t\t\t<div class=\"e-con-inner\">\n\t\t\t\t<div class=\"elementor-element elementor-element-226df51 elementor-widget elementor-widget-text-editor\" data-id=\"226df51\" data-element_type=\"widget\" data-e-type=\"widget\" data-widget_type=\"text-editor.default\">\n\t\t\t\t<div class=\"elementor-widget-container\">\n\t\t\t\t\t\t\t\t\t<p style=\"text-align: center;\">Homing stawia Tw\u00f3j w\u0142asny dom w centrum uwagi. <br \/>Dzi\u0119ki gotowej gamie Homing ten centralny punkt mo\u017cna stworzy\u0107 w mgnieniu oka: jako oaz\u0119 dobrego samopoczucia, stylowy loft lub przytulne schronienie.<\/p><p style=\"text-align: center;\">Tak jak lubisz. I to bez ci\u0119cia, szycia czy obszywania. Gotowe do u\u017cycia chusty p\u0119telki, chusty oczkowe,<br \/>\u017baluzje panelowe i rolety rzymskie wygl\u0105daj\u0105 \u015bwietnie dzi\u0119ki wyrazistym wzorom i dopasowanym poduszkom. Idealne dla pocz\u0105tkuj\u0105cych meblarzy!<\/p><p style=\"text-align: center;\">Asortyment produkt\u00f3w koncentruje si\u0119 na gotowych chustach p\u0119telkowych, chustach oczkowych, \u017caluzjach panelowych i roletach rzymskich. <br \/>Gotowe do u\u017cycia produkty u\u0142atwiaj\u0105 zaprojektowanie w\u0142asnego domu.<\/p>\t\t\t\t\t\t\t\t<\/div>\n\t\t\t\t<\/div>\n\t\t\t\t\t<\/div>\n\t\t\t\t<\/div>\n\t\t<div class=\"elementor-element elementor-element-e7b8bda e-flex e-con-boxed e-con e-parent\" data-id=\"e7b8bda\" data-element_type=\"container\" data-e-type=\"container\">\n\t\t\t\t\t<div class=\"e-con-inner\">\n\t\t\t\t<div class=\"elementor-element elementor-element-c376a6b elementor--h-position-center elementor--v-position-middle elementor-arrows-position-inside elementor-pagination-position-inside elementor-widget elementor-widget-slides\" data-id=\"c376a6b\" data-element_type=\"widget\" data-e-type=\"widget\" data-settings=\"{&quot;navigation&quot;:&quot;both&quot;,&quot;infinite&quot;:&quot;yes&quot;,&quot;transition&quot;:&quot;slide&quot;,&quot;transition_speed&quot;:500}\" data-widget_type=\"slides.default\">\n\t\t\t\t<div class=\"elementor-widget-container\">\n\t\t\t\t\t\t\t\t\t<div class=\"elementor-swiper\">\n\t\t\t\t\t<div class=\"elementor-slides-wrapper elementor-main-swiper swiper\" role=\"region\" aria-roledescription=\"carousel\" aria-label=\"Suwak\" dir=\"ltr\" data-animation=\"fadeInUp\">\n\t\t\t\t<div class=\"swiper-wrapper elementor-slides\">\n\t\t\t\t\t\t\t\t\t\t<div class=\"elementor-repeater-item-49c447e swiper-slide\" role=\"group\" aria-roledescription=\"slide\"><div class=\"swiper-slide-bg\" role=\"img\" aria-label=\"Zdj\u0119cie pokoju 5759-16 z Indes Fuggerhaus\"><\/div><div class=\"swiper-slide-inner\" ><div class=\"swiper-slide-contents\"><div class=\"elementor-slide-heading\">Gotowe szaliki i poszewki na poduszki<\/div><div class=\"elementor-slide-description\">Wybierz, roz\u0142\u0105cz si\u0119, poczuj si\u0119 dobrze<\/div><\/div><\/div><\/div>\t\t\t\t<\/div>\n\t\t\t\t\t\t\t<\/div>\n\t\t\t\t<\/div>\n\t\t\t\t\t\t\t\t<\/div>\n\t\t\t\t<\/div>\n\t\t\t\t\t<\/div>\n\t\t\t\t<\/div>\n\t\t<div class=\"elementor-element elementor-element-b1c9ed6 e-flex e-con-boxed e-con e-parent\" data-id=\"b1c9ed6\" data-element_type=\"container\" data-e-type=\"container\">\n\t\t\t\t\t<div class=\"e-con-inner\">\n\t\t<div class=\"elementor-element elementor-element-36e373b e-con-full e-flex e-con e-child\" data-id=\"36e373b\" data-element_type=\"container\" data-e-type=\"container\">\n\t\t\t\t<div class=\"elementor-element elementor-element-1b6195d elementor-widget elementor-widget-image\" data-id=\"1b6195d\" data-element_type=\"widget\" data-e-type=\"widget\" data-widget_type=\"image.default\">\n\t\t\t\t<div class=\"elementor-widget-container\">\n\t\t\t\t\t\t\t\t\t\t\t\t\t\t\t<img fetchpriority=\"high\" decoding=\"async\" width=\"683\" height=\"1024\" src=\"https:\/\/indesfuggerhaus.de\/wp-content\/uploads\/2026\/02\/679201_db-683x1024.jpg\" class=\"attachment-large size-large wp-image-24647\" alt=\"\" srcset=\"https:\/\/indesfuggerhaus.de\/wp-content\/uploads\/2026\/02\/679201_db-683x1024.jpg 683w, https:\/\/indesfuggerhaus.de\/wp-content\/uploads\/2026\/02\/679201_db-200x300.jpg 200w, https:\/\/indesfuggerhaus.de\/wp-content\/uploads\/2026\/02\/679201_db-768x1152.jpg 768w, https:\/\/indesfuggerhaus.de\/wp-content\/uploads\/2026\/02\/679201_db-1024x1536.jpg 1024w, https:\/\/indesfuggerhaus.de\/wp-content\/uploads\/2026\/02\/679201_db-1365x2048.jpg 1365w, https:\/\/indesfuggerhaus.de\/wp-content\/uploads\/2026\/02\/679201_db-8x12.jpg 8w, https:\/\/indesfuggerhaus.de\/wp-content\/uploads\/2026\/02\/679201_db-600x900.jpg 600w, https:\/\/indesfuggerhaus.de\/wp-content\/uploads\/2026\/02\/679201_db-scaled.jpg 1707w\" sizes=\"(max-width: 683px) 100vw, 683px\" \/>\t\t\t\t\t\t\t\t\t\t\t\t\t\t\t<\/div>\n\t\t\t\t<\/div>\n\t\t\t\t<\/div>\n\t\t<div class=\"elementor-element elementor-element-1fc7ab3 e-con-full e-flex e-con e-child\" data-id=\"1fc7ab3\" data-element_type=\"container\" data-e-type=\"container\">\n\t\t\t\t<div class=\"elementor-element elementor-element-c2fb5ef elementor-widget elementor-widget-image\" data-id=\"c2fb5ef\" data-element_type=\"widget\" data-e-type=\"widget\" data-widget_type=\"image.default\">\n\t\t\t\t<div class=\"elementor-widget-container\">\n\t\t\t\t\t\t\t\t\t\t\t\t\t\t\t<img decoding=\"async\" width=\"375\" height=\"567\" src=\"https:\/\/indesfuggerhaus.de\/wp-content\/uploads\/2024\/10\/linn-mint.jpg\" class=\"attachment-large size-large wp-image-20343\" alt=\"Linn-mint\" srcset=\"https:\/\/indesfuggerhaus.de\/wp-content\/uploads\/2024\/10\/linn-mint.jpg 375w, https:\/\/indesfuggerhaus.de\/wp-content\/uploads\/2024\/10\/linn-mint-198x300.jpg 198w\" sizes=\"(max-width: 375px) 100vw, 375px\" \/>\t\t\t\t\t\t\t\t\t\t\t\t\t\t\t<\/div>\n\t\t\t\t<\/div>\n\t\t\t\t<\/div>\n\t\t<div class=\"elementor-element elementor-element-bf4f2f2 e-con-full e-flex e-con e-child\" data-id=\"bf4f2f2\" data-element_type=\"container\" data-e-type=\"container\">\n\t\t\t\t<div class=\"elementor-element elementor-element-d2ec7cb elementor-widget elementor-widget-image\" data-id=\"d2ec7cb\" data-element_type=\"widget\" data-e-type=\"widget\" data-widget_type=\"image.default\">\n\t\t\t\t<div class=\"elementor-widget-container\">\n\t\t\t\t\t\t\t\t\t\t\t\t\t\t\t<img decoding=\"async\" width=\"683\" height=\"1024\" src=\"https:\/\/indesfuggerhaus.de\/wp-content\/uploads\/2024\/10\/Kelani_safran_508518_db-683x1024.jpg\" class=\"attachment-large size-large wp-image-20021\" alt=\"Homing Kelani safran 5085-18 Detailbild\" srcset=\"https:\/\/indesfuggerhaus.de\/wp-content\/uploads\/2024\/10\/Kelani_safran_508518_db-683x1024.jpg 683w, https:\/\/indesfuggerhaus.de\/wp-content\/uploads\/2024\/10\/Kelani_safran_508518_db-scaled-600x900.jpg 600w, https:\/\/indesfuggerhaus.de\/wp-content\/uploads\/2024\/10\/Kelani_safran_508518_db-200x300.jpg 200w, https:\/\/indesfuggerhaus.de\/wp-content\/uploads\/2024\/10\/Kelani_safran_508518_db-768x1152.jpg 768w, https:\/\/indesfuggerhaus.de\/wp-content\/uploads\/2024\/10\/Kelani_safran_508518_db-1024x1536.jpg 1024w, https:\/\/indesfuggerhaus.de\/wp-content\/uploads\/2024\/10\/Kelani_safran_508518_db-1365x2048.jpg 1365w, https:\/\/indesfuggerhaus.de\/wp-content\/uploads\/2024\/10\/Kelani_safran_508518_db-scaled.jpg 1707w\" sizes=\"(max-width: 683px) 100vw, 683px\" \/>\t\t\t\t\t\t\t\t\t\t\t\t\t\t\t<\/div>\n\t\t\t\t<\/div>\n\t\t\t\t<\/div>\n\t\t<div class=\"elementor-element elementor-element-1b32f97 e-con-full e-flex e-con e-child\" data-id=\"1b32f97\" data-element_type=\"container\" data-e-type=\"container\">\n\t\t\t\t<div class=\"elementor-element elementor-element-3bbc02a elementor-widget elementor-widget-image\" data-id=\"3bbc02a\" data-element_type=\"widget\" data-e-type=\"widget\" data-widget_type=\"image.default\">\n\t\t\t\t<div class=\"elementor-widget-container\">\n\t\t\t\t\t\t\t\t\t\t\t\t\t\t\t<img loading=\"lazy\" decoding=\"async\" width=\"375\" height=\"450\" src=\"https:\/\/indesfuggerhaus.de\/wp-content\/uploads\/2026\/02\/Design-ohne-Titel-5.jpg\" class=\"attachment-large size-large wp-image-24645\" alt=\"\" srcset=\"https:\/\/indesfuggerhaus.de\/wp-content\/uploads\/2026\/02\/Design-ohne-Titel-5.jpg 375w, https:\/\/indesfuggerhaus.de\/wp-content\/uploads\/2026\/02\/Design-ohne-Titel-5-250x300.jpg 250w, https:\/\/indesfuggerhaus.de\/wp-content\/uploads\/2026\/02\/Design-ohne-Titel-5-10x12.jpg 10w\" sizes=\"(max-width: 375px) 100vw, 375px\" \/>\t\t\t\t\t\t\t\t\t\t\t\t\t\t\t<\/div>\n\t\t\t\t<\/div>\n\t\t\t\t<\/div>\n\t\t<div class=\"elementor-element elementor-element-68544d9 e-con-full e-flex e-con e-child\" data-id=\"68544d9\" data-element_type=\"container\" data-e-type=\"container\">\n\t\t\t\t<div class=\"elementor-element elementor-element-9ef0b56 elementor-widget elementor-widget-text-editor\" data-id=\"9ef0b56\" data-element_type=\"widget\" data-e-type=\"widget\" data-widget_type=\"text-editor.default\">\n\t\t\t\t<div class=\"elementor-widget-container\">\n\t\t\t\t\t\t\t\t\t<p>\u00a0<\/p><p>\u00a0<\/p><p>\u00a0<\/p><p style=\"text-align: center;\">Poszewki na poduszki i gotowe szaliki mo\u017cna idealnie ze sob\u0105 \u0142\u0105czy\u0107 - aby uzyska\u0107 harmonijny, wysokiej jako\u015bci og\u00f3lny wygl\u0105d pomieszczenia. Skoordynowane materia\u0142y, kolory i tekstury tworz\u0105 harmonijne kombinacje w mgnieniu oka, dzi\u0119ki czemu pomieszczenia mieszkalne wydaj\u0105 si\u0119 spokojniejsze, bardziej eleganckie i przytulne. <br \/>Niezale\u017cnie od tego, czy jest to ton w ton, aby uzyska\u0107 ponadczasowy wygl\u0105d, czy celowo kontrastuj\u0105cy jako akcent: dzi\u0119ki dopasowanej kombinacji poszewki na poduszk\u0119 i gotowego szalika wn\u0119trze wygl\u0105da tak, jakby zosta\u0142o odlane z jednej formy - i nadal mo\u017cna je elastycznie zmienia\u0107 w zale\u017cno\u015bci od sezonu lub stylu.<\/p>\t\t\t\t\t\t\t\t<\/div>\n\t\t\t\t<\/div>\n\t\t\t\t<\/div>\n\t\t<div class=\"elementor-element elementor-element-ba49b19 e-con-full e-flex e-con e-child\" data-id=\"ba49b19\" data-element_type=\"container\" data-e-type=\"container\">\n\t\t\t\t<div class=\"elementor-element elementor-element-33bead9 elementor-widget elementor-widget-image\" data-id=\"33bead9\" data-element_type=\"widget\" data-e-type=\"widget\" data-widget_type=\"image.default\">\n\t\t\t\t<div class=\"elementor-widget-container\">\n\t\t\t\t\t\t\t\t\t\t\t\t\t\t\t<img loading=\"lazy\" decoding=\"async\" width=\"375\" height=\"450\" src=\"https:\/\/indesfuggerhaus.de\/wp-content\/uploads\/2026\/02\/Design-ohne-Titel-4-1.jpg\" class=\"attachment-large size-large wp-image-24646\" alt=\"\" srcset=\"https:\/\/indesfuggerhaus.de\/wp-content\/uploads\/2026\/02\/Design-ohne-Titel-4-1.jpg 375w, https:\/\/indesfuggerhaus.de\/wp-content\/uploads\/2026\/02\/Design-ohne-Titel-4-1-250x300.jpg 250w, https:\/\/indesfuggerhaus.de\/wp-content\/uploads\/2026\/02\/Design-ohne-Titel-4-1-10x12.jpg 10w\" sizes=\"(max-width: 375px) 100vw, 375px\" \/>\t\t\t\t\t\t\t\t\t\t\t\t\t\t\t<\/div>\n\t\t\t\t<\/div>\n\t\t\t\t<\/div>\n\t\t\t\t\t<\/div>\n\t\t\t\t<\/div>\n\t\t<div class=\"elementor-element elementor-element-c4a2e31 e-flex e-con-boxed e-con e-parent\" data-id=\"c4a2e31\" data-element_type=\"container\" data-e-type=\"container\">\n\t\t\t\t\t<div class=\"e-con-inner\">\n\t\t<div class=\"elementor-element elementor-element-d254127 e-con-full e-flex e-con e-child\" data-id=\"d254127\" data-element_type=\"container\" data-e-type=\"container\">\n\t\t\t\t<div class=\"elementor-element elementor-element-0c0b6fa elementor-widget elementor-widget-image\" data-id=\"0c0b6fa\" data-element_type=\"widget\" data-e-type=\"widget\" data-widget_type=\"image.default\">\n\t\t\t\t<div class=\"elementor-widget-container\">\n\t\t\t\t\t\t\t\t\t\t\t\t\t\t\t<img loading=\"lazy\" decoding=\"async\" width=\"375\" height=\"567\" src=\"https:\/\/indesfuggerhaus.de\/wp-content\/uploads\/2026\/02\/Design-ohne-Titel.jpg\" class=\"attachment-large size-large wp-image-24639\" alt=\"\" srcset=\"https:\/\/indesfuggerhaus.de\/wp-content\/uploads\/2026\/02\/Design-ohne-Titel.jpg 375w, https:\/\/indesfuggerhaus.de\/wp-content\/uploads\/2026\/02\/Design-ohne-Titel-198x300.jpg 198w, https:\/\/indesfuggerhaus.de\/wp-content\/uploads\/2026\/02\/Design-ohne-Titel-8x12.jpg 8w\" sizes=\"(max-width: 375px) 100vw, 375px\" \/>\t\t\t\t\t\t\t\t\t\t\t\t\t\t\t<\/div>\n\t\t\t\t<\/div>\n\t\t\t\t<\/div>\n\t\t<div class=\"elementor-element elementor-element-1ba031e e-con-full e-flex e-con e-child\" data-id=\"1ba031e\" data-element_type=\"container\" data-e-type=\"container\">\n\t\t\t\t<div class=\"elementor-element elementor-element-5846738 elementor-widget elementor-widget-image\" data-id=\"5846738\" data-element_type=\"widget\" data-e-type=\"widget\" data-widget_type=\"image.default\">\n\t\t\t\t<div class=\"elementor-widget-container\">\n\t\t\t\t\t\t\t\t\t\t\t\t\t\t\t<img loading=\"lazy\" decoding=\"async\" width=\"750\" height=\"567\" src=\"https:\/\/indesfuggerhaus.de\/wp-content\/uploads\/2026\/02\/Design-ohne-Titel-2.jpg\" class=\"attachment-large size-large wp-image-24641\" alt=\"\" srcset=\"https:\/\/indesfuggerhaus.de\/wp-content\/uploads\/2026\/02\/Design-ohne-Titel-2.jpg 750w, https:\/\/indesfuggerhaus.de\/wp-content\/uploads\/2026\/02\/Design-ohne-Titel-2-300x227.jpg 300w, https:\/\/indesfuggerhaus.de\/wp-content\/uploads\/2026\/02\/Design-ohne-Titel-2-16x12.jpg 16w, https:\/\/indesfuggerhaus.de\/wp-content\/uploads\/2026\/02\/Design-ohne-Titel-2-600x454.jpg 600w\" sizes=\"(max-width: 750px) 100vw, 750px\" \/>\t\t\t\t\t\t\t\t\t\t\t\t\t\t\t<\/div>\n\t\t\t\t<\/div>\n\t\t\t\t<\/div>\n\t\t<div class=\"elementor-element elementor-element-05f8a16 e-con-full e-flex e-con e-child\" data-id=\"05f8a16\" data-element_type=\"container\" data-e-type=\"container\">\n\t\t\t\t<div class=\"elementor-element elementor-element-a25e8d7 elementor-widget elementor-widget-image\" data-id=\"a25e8d7\" data-element_type=\"widget\" data-e-type=\"widget\" data-widget_type=\"image.default\">\n\t\t\t\t<div class=\"elementor-widget-container\">\n\t\t\t\t\t\t\t\t\t\t\t\t\t\t\t<img loading=\"lazy\" decoding=\"async\" width=\"375\" height=\"567\" src=\"https:\/\/indesfuggerhaus.de\/wp-content\/uploads\/2026\/02\/Design-ohne-Titel-1.jpg\" class=\"attachment-large size-large wp-image-24640\" alt=\"\" srcset=\"https:\/\/indesfuggerhaus.de\/wp-content\/uploads\/2026\/02\/Design-ohne-Titel-1.jpg 375w, https:\/\/indesfuggerhaus.de\/wp-content\/uploads\/2026\/02\/Design-ohne-Titel-1-198x300.jpg 198w, https:\/\/indesfuggerhaus.de\/wp-content\/uploads\/2026\/02\/Design-ohne-Titel-1-8x12.jpg 8w\" sizes=\"(max-width: 375px) 100vw, 375px\" \/>\t\t\t\t\t\t\t\t\t\t\t\t\t\t\t<\/div>\n\t\t\t\t<\/div>\n\t\t\t\t<\/div>\n\t\t\t\t\t<\/div>\n\t\t\t\t<\/div>\n\t\t<div class=\"elementor-element elementor-element-1272513 e-flex e-con-boxed e-con e-parent\" data-id=\"1272513\" data-element_type=\"container\" data-e-type=\"container\">\n\t\t\t\t\t<div class=\"e-con-inner\">\n\t\t<div class=\"elementor-element elementor-element-4a678b2 e-con-full e-flex e-con e-child\" data-id=\"4a678b2\" data-element_type=\"container\" data-e-type=\"container\">\n\t\t\t\t<div class=\"elementor-element elementor-element-088798c elementor-widget elementor-widget-image\" data-id=\"088798c\" data-element_type=\"widget\" data-e-type=\"widget\" data-widget_type=\"image.default\">\n\t\t\t\t<div class=\"elementor-widget-container\">\n\t\t\t\t\t\t\t\t\t\t\t\t\t\t\t<img loading=\"lazy\" decoding=\"async\" width=\"700\" height=\"375\" src=\"https:\/\/indesfuggerhaus.de\/wp-content\/uploads\/2026\/02\/Design-ohne-Titel-3.jpg\" class=\"attachment-large size-large wp-image-24643\" alt=\"\" srcset=\"https:\/\/indesfuggerhaus.de\/wp-content\/uploads\/2026\/02\/Design-ohne-Titel-3.jpg 700w, https:\/\/indesfuggerhaus.de\/wp-content\/uploads\/2026\/02\/Design-ohne-Titel-3-300x161.jpg 300w, https:\/\/indesfuggerhaus.de\/wp-content\/uploads\/2026\/02\/Design-ohne-Titel-3-18x10.jpg 18w, https:\/\/indesfuggerhaus.de\/wp-content\/uploads\/2026\/02\/Design-ohne-Titel-3-600x321.jpg 600w\" sizes=\"(max-width: 700px) 100vw, 700px\" \/>\t\t\t\t\t\t\t\t\t\t\t\t\t\t\t<\/div>\n\t\t\t\t<\/div>\n\t\t\t\t<\/div>\n\t\t<div class=\"elementor-element elementor-element-4b8f11d e-con-full e-flex e-con e-child\" data-id=\"4b8f11d\" data-element_type=\"container\" data-e-type=\"container\">\n\t\t\t\t<div class=\"elementor-element elementor-element-32137ad elementor-widget elementor-widget-image\" data-id=\"32137ad\" data-element_type=\"widget\" data-e-type=\"widget\" data-widget_type=\"image.default\">\n\t\t\t\t<div class=\"elementor-widget-container\">\n\t\t\t\t\t\t\t\t\t\t\t\t\t\t\t<img loading=\"lazy\" decoding=\"async\" width=\"567\" height=\"375\" src=\"https:\/\/indesfuggerhaus.de\/wp-content\/uploads\/2026\/02\/1-rotated.jpg\" class=\"attachment-large size-large wp-image-24642\" alt=\"\" srcset=\"https:\/\/indesfuggerhaus.de\/wp-content\/uploads\/2026\/02\/1-rotated.jpg 567w, https:\/\/indesfuggerhaus.de\/wp-content\/uploads\/2026\/02\/1-300x198.jpg 300w, https:\/\/indesfuggerhaus.de\/wp-content\/uploads\/2026\/02\/1-18x12.jpg 18w\" sizes=\"(max-width: 567px) 100vw, 567px\" \/>\t\t\t\t\t\t\t\t\t\t\t\t\t\t\t<\/div>\n\t\t\t\t<\/div>\n\t\t\t\t<\/div>\n\t\t<div class=\"elementor-element elementor-element-9e55d4b e-con-full e-flex e-con e-child\" data-id=\"9e55d4b\" data-element_type=\"container\" data-e-type=\"container\">\n\t\t\t\t<div class=\"elementor-element elementor-element-241c4f1 elementor-widget elementor-widget-image\" data-id=\"241c4f1\" data-element_type=\"widget\" data-e-type=\"widget\" data-widget_type=\"image.default\">\n\t\t\t\t<div class=\"elementor-widget-container\">\n\t\t\t\t\t\t\t\t\t\t\t\t\t\t\t<img loading=\"lazy\" decoding=\"async\" width=\"567\" height=\"375\" src=\"https:\/\/indesfuggerhaus.de\/wp-content\/uploads\/2026\/02\/Design-ohne-Titel-6-rotated.jpg\" class=\"attachment-large size-large wp-image-24648\" alt=\"\" srcset=\"https:\/\/indesfuggerhaus.de\/wp-content\/uploads\/2026\/02\/Design-ohne-Titel-6-rotated.jpg 567w, https:\/\/indesfuggerhaus.de\/wp-content\/uploads\/2026\/02\/Design-ohne-Titel-6-300x198.jpg 300w, https:\/\/indesfuggerhaus.de\/wp-content\/uploads\/2026\/02\/Design-ohne-Titel-6-18x12.jpg 18w\" sizes=\"(max-width: 567px) 100vw, 567px\" \/>\t\t\t\t\t\t\t\t\t\t\t\t\t\t\t<\/div>\n\t\t\t\t<\/div>\n\t\t\t\t<\/div>\n\t\t<div class=\"elementor-element elementor-element-1f9d026 e-con-full e-flex e-con e-child\" data-id=\"1f9d026\" data-element_type=\"container\" data-e-type=\"container\">\n\t\t\t\t<div class=\"elementor-element elementor-element-4c6f00c elementor-widget elementor-widget-text-editor\" data-id=\"4c6f00c\" data-element_type=\"widget\" data-e-type=\"widget\" data-widget_type=\"text-editor.default\">\n\t\t\t\t<div class=\"elementor-widget-container\">\n\t\t\t\t\t\t\t\t\t<p>\u00a0<\/p><p>\u00a0<\/p><p><strong>Homing - poszewki na poduszki, gotowe szale i zas\u0142ony bistro: zaprojektowane w jednym stylu, stworzone dla jednego domu.<\/strong><\/p><p>\u00a0<\/p><p style=\"text-align: center;\"><a href=\"https:\/\/www.instagram.com\/homing.living\/\">Odkryj Homing na Instagramie ju\u017c teraz<\/a><\/p>\t\t\t\t\t\t\t\t<\/div>\n\t\t\t\t<\/div>\n\t\t\t\t<\/div>\n\t\t\t\t\t<\/div>\n\t\t\t\t<\/div>\n\t\t\t\t<\/div>","protected":false},"excerpt":{"rendered":"<p>Homing Homing stellt das eigene Zuhause in den Mittelpunkt. Mit der Homing-Fertigkonfektion l\u00e4sst sich dieser Mittelpunkt im Handumdrehen gestalten: als Wohlf\u00fchloase, stylisches Loft oder gem\u00fctlicher R\u00fcckzugsort. Ganz nach Geschmack. Und ganz ohne Zuschneiden, N\u00e4hen und S\u00e4umen. Die sofort einsetzbaren Schlaufenschals, \u00d6senschals,Fl\u00e4chenvorh\u00e4nge und Raffrollos sehen mit ihren klaren Dessins und den passenden Kissen toll aus. Ideal [&hellip;]<\/p>\n","protected":false},"author":2,"featured_media":0,"parent":46,"menu_order":4,"comment_status":"closed","ping_status":"closed","template":"","meta":{"footnotes":""},"class_list":["post-108","page","type-page","status-publish","hentry"],"_links":{"self":[{"href":"https:\/\/indesfuggerhaus.de\/pl\/wp-json\/wp\/v2\/pages\/108","targetHints":{"allow":["GET"]}}],"collection":[{"href":"https:\/\/indesfuggerhaus.de\/pl\/wp-json\/wp\/v2\/pages"}],"about":[{"href":"https:\/\/indesfuggerhaus.de\/pl\/wp-json\/wp\/v2\/types\/page"}],"author":[{"embeddable":true,"href":"https:\/\/indesfuggerhaus.de\/pl\/wp-json\/wp\/v2\/users\/2"}],"replies":[{"embeddable":true,"href":"https:\/\/indesfuggerhaus.de\/pl\/wp-json\/wp\/v2\/comments?post=108"}],"version-history":[{"count":55,"href":"https:\/\/indesfuggerhaus.de\/pl\/wp-json\/wp\/v2\/pages\/108\/revisions"}],"predecessor-version":[{"id":24654,"href":"https:\/\/indesfuggerhaus.de\/pl\/wp-json\/wp\/v2\/pages\/108\/revisions\/24654"}],"up":[{"embeddable":true,"href":"https:\/\/indesfuggerhaus.de\/pl\/wp-json\/wp\/v2\/pages\/46"}],"wp:attachment":[{"href":"https:\/\/indesfuggerhaus.de\/pl\/wp-json\/wp\/v2\/media?parent=108"}],"curies":[{"name":"wp","href":"https:\/\/api.w.org\/{rel}","templated":true}]}}