{"id":131,"date":"2023-09-12T13:09:57","date_gmt":"2023-09-12T13:09:57","guid":{"rendered":"https:\/\/indesfuggerhaus.de\/?page_id=131"},"modified":"2024-11-13T21:19:42","modified_gmt":"2024-11-13T21:19:42","slug":"standort","status":"publish","type":"page","link":"https:\/\/indesfuggerhaus.de\/pl\/unternehmen\/standort\/","title":{"rendered":"Lokalizacja"},"content":{"rendered":"<div data-elementor-type=\"wp-page\" data-elementor-id=\"131\" class=\"elementor elementor-131\" data-elementor-post-type=\"page\">\n\t\t\t\t<div class=\"elementor-element elementor-element-9692772 e-flex e-con-boxed e-con e-parent\" data-id=\"9692772\" data-element_type=\"container\" data-e-type=\"container\">\n\t\t\t\t\t<div class=\"e-con-inner\">\n\t\t<div class=\"elementor-element elementor-element-f8e1258 e-con-full e-flex e-con e-child\" data-id=\"f8e1258\" data-element_type=\"container\" data-e-type=\"container\">\n\t\t\t\t<div class=\"elementor-element elementor-element-9475648 elementor-widget elementor-widget-heading\" data-id=\"9475648\" data-element_type=\"widget\" data-e-type=\"widget\" data-widget_type=\"heading.default\">\n\t\t\t\t<div class=\"elementor-widget-container\">\n\t\t\t\t\t<h2 class=\"elementor-heading-title elementor-size-default\">Lokalizacja<\/h2>\t\t\t\t<\/div>\n\t\t\t\t<\/div>\n\t\t\t\t<\/div>\n\t\t\t\t\t<\/div>\n\t\t\t\t<\/div>\n\t\t<div class=\"elementor-element elementor-element-05fed68 e-flex e-con-boxed e-con e-parent\" data-id=\"05fed68\" data-element_type=\"container\" data-e-type=\"container\">\n\t\t\t\t\t<div class=\"e-con-inner\">\n\t\t<div class=\"elementor-element elementor-element-fd69c66 e-con-full e-flex e-con e-child\" data-id=\"fd69c66\" data-element_type=\"container\" data-e-type=\"container\">\n\t\t\t\t<div class=\"elementor-element elementor-element-6acad8d elementor-widget elementor-widget-text-editor\" data-id=\"6acad8d\" data-element_type=\"widget\" data-e-type=\"widget\" data-widget_type=\"text-editor.default\">\n\t\t\t\t<div class=\"elementor-widget-container\">\n\t\t\t\t\t\t\t\t\t<p style=\"text-align: center;\"><strong>Indes Fuggerhaus Textil GmbH<\/strong> - Eichendorffstra\u00dfe 2 - 51709 Marienheide\u00a0<br \/>contact@indesfuggerhaus.de \/\/ marketing@indesfuggerhaus.de \/\/ Telefon: +49 (0) 2264 \/ 20 135 700<\/p>\t\t\t\t\t\t\t\t<\/div>\n\t\t\t\t<\/div>\n\t\t\t\t<\/div>\n\t\t\t\t\t<\/div>\n\t\t\t\t<\/div>\n\t\t<div class=\"elementor-element elementor-element-64ecc87 e-flex e-con-boxed e-con e-parent\" data-id=\"64ecc87\" data-element_type=\"container\" data-e-type=\"container\">\n\t\t\t\t\t<div class=\"e-con-inner\">\n\t\t<div class=\"elementor-element elementor-element-449183f e-con-full e-flex e-con e-child\" data-id=\"449183f\" data-element_type=\"container\" data-e-type=\"container\">\n\t\t\t\t<div class=\"elementor-element elementor-element-bee4c96 elementor-widget elementor-widget-google_maps\" data-id=\"bee4c96\" data-element_type=\"widget\" data-e-type=\"widget\" data-widget_type=\"google_maps.default\">\n\t\t\t\t<div class=\"elementor-widget-container\">\n\t\t\t\t\t\t\t<div class=\"elementor-custom-embed\">\n\t\t\t<iframe loading=\"lazy\"\n\t\t\t\t\tsrc=\"https:\/\/maps.google.com\/maps?q=Eichendorffstra%C3%9Fe%202%2C%2051709%20Marienheide&#038;t=m&#038;z=10&#038;output=embed&#038;iwloc=near\"\n\t\t\t\t\ttitle=\"Eichendorffstra\u00dfe 2, 51709 Marienheide\"\n\t\t\t\t\taria-label=\"Eichendorffstra\u00dfe 2, 51709 Marienheide\"\n\t\t\t><\/iframe>\n\t\t<\/div>\n\t\t\t\t\t\t<\/div>\n\t\t\t\t<\/div>\n\t\t\t\t<\/div>\n\t\t<div class=\"elementor-element elementor-element-78724ab e-con-full e-flex e-con e-child\" data-id=\"78724ab\" data-element_type=\"container\" data-e-type=\"container\">\n\t\t\t\t<div class=\"elementor-element elementor-element-893502f elementor-widget elementor-widget-image\" data-id=\"893502f\" data-element_type=\"widget\" data-e-type=\"widget\" data-widget_type=\"image.default\">\n\t\t\t\t<div class=\"elementor-widget-container\">\n\t\t\t\t\t\t\t\t\t\t\t\t\t\t\t<img fetchpriority=\"high\" decoding=\"async\" width=\"800\" height=\"534\" src=\"https:\/\/indesfuggerhaus.de\/wp-content\/uploads\/2024\/08\/6-1024x683.jpg\" class=\"attachment-large size-large wp-image-19335\" alt=\"Indes Fuggerhaus Standort\" srcset=\"https:\/\/indesfuggerhaus.de\/wp-content\/uploads\/2024\/08\/6-1024x683.jpg 1024w, https:\/\/indesfuggerhaus.de\/wp-content\/uploads\/2024\/08\/6-scaled-600x400.jpg 600w, https:\/\/indesfuggerhaus.de\/wp-content\/uploads\/2024\/08\/6-300x200.jpg 300w, https:\/\/indesfuggerhaus.de\/wp-content\/uploads\/2024\/08\/6-768x512.jpg 768w, https:\/\/indesfuggerhaus.de\/wp-content\/uploads\/2024\/08\/6-1536x1024.jpg 1536w, https:\/\/indesfuggerhaus.de\/wp-content\/uploads\/2024\/08\/6-2048x1365.jpg 2048w\" sizes=\"(max-width: 800px) 100vw, 800px\" \/>\t\t\t\t\t\t\t\t\t\t\t\t\t\t\t<\/div>\n\t\t\t\t<\/div>\n\t\t\t\t<\/div>\n\t\t\t\t\t<\/div>\n\t\t\t\t<\/div>\n\t\t<div class=\"elementor-element elementor-element-72d5856 e-flex e-con-boxed e-con e-parent\" data-id=\"72d5856\" data-element_type=\"container\" data-e-type=\"container\">\n\t\t\t\t\t<div class=\"e-con-inner\">\n\t\t<div class=\"elementor-element elementor-element-f19210d e-con-full e-flex e-con e-child\" data-id=\"f19210d\" data-element_type=\"container\" data-e-type=\"container\">\n\t\t\t\t<div class=\"elementor-element elementor-element-b4a58e9 elementor-widget-divider--view-line elementor-widget elementor-widget-divider\" data-id=\"b4a58e9\" data-element_type=\"widget\" data-e-type=\"widget\" data-widget_type=\"divider.default\">\n\t\t\t\t<div class=\"elementor-widget-container\">\n\t\t\t\t\t\t\t<div class=\"elementor-divider\">\n\t\t\t<span class=\"elementor-divider-separator\">\n\t\t\t\t\t\t<\/span>\n\t\t<\/div>\n\t\t\t\t\t\t<\/div>\n\t\t\t\t<\/div>\n\t\t\t\t<\/div>\n\t\t\t\t\t<\/div>\n\t\t\t\t<\/div>\n\t\t<div class=\"elementor-element elementor-element-21a3ac2 e-flex e-con-boxed e-con e-parent\" data-id=\"21a3ac2\" data-element_type=\"container\" data-e-type=\"container\">\n\t\t\t\t\t<div class=\"e-con-inner\">\n\t\t\t\t<div class=\"elementor-element elementor-element-da62360 elementor-widget elementor-widget-heading\" data-id=\"da62360\" data-element_type=\"widget\" data-e-type=\"widget\" data-widget_type=\"heading.default\">\n\t\t\t\t<div class=\"elementor-widget-container\">\n\t\t\t\t\t<h2 class=\"elementor-heading-title elementor-size-default\">Z niecierpliwo\u015bci\u0105 czekamy na Twoj\u0105 wizyt\u0119!<\/h2>\t\t\t\t<\/div>\n\t\t\t\t<\/div>\n\t\t\t\t\t<\/div>\n\t\t\t\t<\/div>\n\t\t\t\t<\/div>","protected":false},"excerpt":{"rendered":"<p>Standort Indes Fuggerhaus Textil GmbH \u2022 Eichendorffstra\u00dfe 2 \u2022 51709 Marienheide\u00a0contact@indesfuggerhaus.de \/\/ marketing@indesfuggerhaus.de \/\/ Tel.: +49 (0) 2264 \/ 20 135 700 Wir freuen uns auf Ihren Besuch!<\/p>","protected":false},"author":2,"featured_media":0,"parent":54,"menu_order":3,"comment_status":"closed","ping_status":"closed","template":"","meta":{"footnotes":""},"class_list":["post-131","page","type-page","status-publish","hentry"],"_links":{"self":[{"href":"https:\/\/indesfuggerhaus.de\/pl\/wp-json\/wp\/v2\/pages\/131","targetHints":{"allow":["GET"]}}],"collection":[{"href":"https:\/\/indesfuggerhaus.de\/pl\/wp-json\/wp\/v2\/pages"}],"about":[{"href":"https:\/\/indesfuggerhaus.de\/pl\/wp-json\/wp\/v2\/types\/page"}],"author":[{"embeddable":true,"href":"https:\/\/indesfuggerhaus.de\/pl\/wp-json\/wp\/v2\/users\/2"}],"replies":[{"embeddable":true,"href":"https:\/\/indesfuggerhaus.de\/pl\/wp-json\/wp\/v2\/comments?post=131"}],"version-history":[{"count":28,"href":"https:\/\/indesfuggerhaus.de\/pl\/wp-json\/wp\/v2\/pages\/131\/revisions"}],"predecessor-version":[{"id":21088,"href":"https:\/\/indesfuggerhaus.de\/pl\/wp-json\/wp\/v2\/pages\/131\/revisions\/21088"}],"up":[{"embeddable":true,"href":"https:\/\/indesfuggerhaus.de\/pl\/wp-json\/wp\/v2\/pages\/54"}],"wp:attachment":[{"href":"https:\/\/indesfuggerhaus.de\/pl\/wp-json\/wp\/v2\/media?parent=131"}],"curies":[{"name":"wp","href":"https:\/\/api.w.org\/{rel}","templated":true}]}}