{"id":18747,"date":"2024-04-30T06:00:59","date_gmt":"2024-04-30T06:00:59","guid":{"rendered":"https:\/\/indesfuggerhaus.de\/?page_id=18747"},"modified":"2024-11-21T19:42:22","modified_gmt":"2024-11-21T19:42:22","slug":"peach-fuzz-2024","status":"publish","type":"page","link":"https:\/\/indesfuggerhaus.de\/pl\/kollektionen\/peach-fuzz-2024\/","title":{"rendered":"Peach Fuzz 2024"},"content":{"rendered":"<div data-elementor-type=\"wp-page\" data-elementor-id=\"18747\" class=\"elementor elementor-18747\" data-elementor-post-type=\"page\">\n\t\t\t\t<div class=\"elementor-element elementor-element-782168c e-flex e-con-boxed e-con e-parent\" data-id=\"782168c\" data-element_type=\"container\" data-e-type=\"container\">\n\t\t\t\t\t<div class=\"e-con-inner\">\n\t\t<div class=\"elementor-element elementor-element-0a0b763 e-con-full e-flex e-con e-child\" data-id=\"0a0b763\" data-element_type=\"container\" data-e-type=\"container\">\n\t\t\t\t<div class=\"elementor-element elementor-element-ab81f3b elementor-widget elementor-widget-heading\" data-id=\"ab81f3b\" data-element_type=\"widget\" data-e-type=\"widget\" data-widget_type=\"heading.default\">\n\t\t\t\t<div class=\"elementor-widget-container\">\n\t\t\t\t\t<h2 class=\"elementor-heading-title elementor-size-default\">Trend kolorystyczny 2024 - Peach Fuzz<\/h2>\t\t\t\t<\/div>\n\t\t\t\t<\/div>\n\t\t\t\t<\/div>\n\t\t\t\t\t<\/div>\n\t\t\t\t<\/div>\n\t\t<div class=\"elementor-element elementor-element-f9885ec e-flex e-con-boxed e-con e-parent\" data-id=\"f9885ec\" data-element_type=\"container\" data-e-type=\"container\">\n\t\t\t\t\t<div class=\"e-con-inner\">\n\t\t\t\t<div class=\"elementor-element elementor-element-a957d84 elementor-blockquote--skin-clean elementor-widget elementor-widget-blockquote\" data-id=\"a957d84\" data-element_type=\"widget\" data-e-type=\"widget\" data-widget_type=\"blockquote.default\">\n\t\t\t\t<div class=\"elementor-widget-container\">\n\t\t\t\t\t\t\t<blockquote class=\"elementor-blockquote\">\n\t\t\t<p class=\"elementor-blockquote__content\">\n\t\t\t\tWszechogarniaj\u0105ca aura tego aksamitnego, mi\u0119kkiego brzoskwiniowego koloru jest dobra dla naszego umys\u0142u, cia\u0142a i duszy.\t\t\t<\/p>\n\t\t\t\t\t\t\t<div class=\"e-q-footer\">\n\t\t\t\t\t\t\t\t\t\t\t<cite class=\"elementor-blockquote__author\">Eksperci ds. kolor\u00f3w z Pantone<\/cite>\n\t\t\t\t\t\t\t\t\t\t\t\t\t\t<\/div>\n\t\t\t\t\t<\/blockquote>\n\t\t\t\t\t\t<\/div>\n\t\t\t\t<\/div>\n\t\t\t\t\t<\/div>\n\t\t\t\t<\/div>\n\t\t<div class=\"elementor-element elementor-element-06ecd03 e-flex e-con-boxed e-con e-parent\" data-id=\"06ecd03\" data-element_type=\"container\" data-e-type=\"container\">\n\t\t\t\t\t<div class=\"e-con-inner\">\n\t\t<div class=\"elementor-element elementor-element-96f0f95 e-con-full e-flex e-con e-child\" data-id=\"96f0f95\" data-element_type=\"container\" data-e-type=\"container\">\n\t\t\t\t<div class=\"elementor-element elementor-element-24abec7 elementor-widget elementor-widget-image\" data-id=\"24abec7\" data-element_type=\"widget\" data-e-type=\"widget\" data-widget_type=\"image.default\">\n\t\t\t\t<div class=\"elementor-widget-container\">\n\t\t\t\t\t\t\t\t\t\t\t\t\t\t\t<img fetchpriority=\"high\" decoding=\"async\" width=\"500\" height=\"750\" src=\"https:\/\/indesfuggerhaus.de\/wp-content\/uploads\/2024\/08\/Peach-Guzz-Mood-Bild.jpg\" class=\"attachment-medium_large size-medium_large wp-image-19489\" alt=\"Peach Fuzz 2024\" srcset=\"https:\/\/indesfuggerhaus.de\/wp-content\/uploads\/2024\/08\/Peach-Guzz-Mood-Bild.jpg 500w, https:\/\/indesfuggerhaus.de\/wp-content\/uploads\/2024\/08\/Peach-Guzz-Mood-Bild-200x300.jpg 200w\" sizes=\"(max-width: 500px) 100vw, 500px\" \/>\t\t\t\t\t\t\t\t\t\t\t\t\t\t\t<\/div>\n\t\t\t\t<\/div>\n\t\t\t\t<\/div>\n\t\t<div class=\"elementor-element elementor-element-f59af4e e-con-full e-flex e-con e-child\" data-id=\"f59af4e\" data-element_type=\"container\" data-e-type=\"container\">\n\t\t<div class=\"elementor-element elementor-element-2bb89a9 e-con-full e-flex e-con e-child\" data-id=\"2bb89a9\" data-element_type=\"container\" data-e-type=\"container\">\n\t\t\t\t<div class=\"elementor-element elementor-element-319dd9e elementor-widget elementor-widget-image\" data-id=\"319dd9e\" data-element_type=\"widget\" data-e-type=\"widget\" data-widget_type=\"image.default\">\n\t\t\t\t<div class=\"elementor-widget-container\">\n\t\t\t\t\t\t\t\t\t\t\t\t\t\t\t<img decoding=\"async\" width=\"200\" height=\"300\" src=\"https:\/\/indesfuggerhaus.de\/wp-content\/uploads\/2024\/08\/pantone-color-chip-200x300.webp\" class=\"attachment-medium size-medium wp-image-19490\" alt=\"Pantone color (Peach Fuzz)\" srcset=\"https:\/\/indesfuggerhaus.de\/wp-content\/uploads\/2024\/08\/pantone-color-chip-200x300.webp 200w, https:\/\/indesfuggerhaus.de\/wp-content\/uploads\/2024\/08\/pantone-color-chip.webp 440w\" sizes=\"(max-width: 200px) 100vw, 200px\" \/>\t\t\t\t\t\t\t\t\t\t\t\t\t\t\t<\/div>\n\t\t\t\t<\/div>\n\t\t\t\t<\/div>\n\t\t<div class=\"elementor-element elementor-element-b8db54c e-con-full e-flex e-con e-child\" data-id=\"b8db54c\" data-element_type=\"container\" data-e-type=\"container\">\n\t\t\t\t<div class=\"elementor-element elementor-element-b4949c0 elementor-widget elementor-widget-text-editor\" data-id=\"b4949c0\" data-element_type=\"widget\" data-e-type=\"widget\" data-widget_type=\"text-editor.default\">\n\t\t\t\t<div class=\"elementor-widget-container\">\n\t\t\t\t\t\t\t\t\t<p>Zw\u0142aszcza w czasach szybkiego tempa \u017cycia, ch\u0142odnych kolor\u00f3w na naszych smartfonach i komputerach, nasze w\u0142asne cztery \u015bciany zawsze zapewniaj\u0105 niezb\u0119dn\u0105 r\u00f3wnowag\u0119, kt\u00f3ra sprawia, \u017ce czujemy si\u0119 dobrze.<\/p><p>W tym roku postawili\u015bmy sobie za zadanie stworzenie kampanii opartej na ciep\u0142ym, ponadczasowym, a jednocze\u015bnie nowoczesnym nastroju stworzonym przez Kolor Roku Pantone \"Peach Fuzz\".<\/p><p>Poniewa\u017c nasze tkaniny s\u0105 nie tylko atrakcyjne wizualnie, ale tak\u017ce funkcjonalne, obszar \"tkanin funkcjonalnych\" zostanie podkre\u015blony w kampanii. B\u0105d\u017a na bie\u017c\u0105co!<br \/>Polszer, tkaniny outdoorowe i trudnopalne s\u0105 zawarte w naszej kolekcji artyku\u0142\u00f3w, aby dope\u0142ni\u0107 temat trend\u00f3w.<\/p><p>Cieszymy si\u0119, \u017ce w tym roku mo\u017cemy zaprezentowa\u0107 nasz\u0105 ofert\u0119 w zupe\u0142nie nowy spos\u00f3b - jeden \u015bwiat kolor\u00f3w, a jednocze\u015bnie niezliczone mo\u017cliwo\u015bci.<\/p>\t\t\t\t\t\t\t\t<\/div>\n\t\t\t\t<\/div>\n\t\t\t\t<\/div>\n\t\t\t\t<\/div>\n\t\t\t\t\t<\/div>\n\t\t\t\t<\/div>\n\t\t<div class=\"elementor-element elementor-element-9165256 e-flex e-con-boxed e-con e-parent\" data-id=\"9165256\" data-element_type=\"container\" data-e-type=\"container\">\n\t\t\t\t\t<div class=\"e-con-inner\">\n\t\t\t\t<div class=\"elementor-element elementor-element-d615dc8 elementor-widget elementor-widget-image\" data-id=\"d615dc8\" data-element_type=\"widget\" data-e-type=\"widget\" data-widget_type=\"image.default\">\n\t\t\t\t<div class=\"elementor-widget-container\">\n\t\t\t\t\t\t\t\t\t\t\t\t\t\t\t<img decoding=\"async\" width=\"1536\" height=\"1024\" src=\"https:\/\/indesfuggerhaus.de\/wp-content\/uploads\/2024\/08\/Moodboard_Peach-Fuzz-1536x1024.jpg\" class=\"attachment-1536x1536 size-1536x1536 wp-image-19494\" alt=\"Peach Fuzz Trendfarbe 2024\" srcset=\"https:\/\/indesfuggerhaus.de\/wp-content\/uploads\/2024\/08\/Moodboard_Peach-Fuzz-1536x1024.jpg 1536w, https:\/\/indesfuggerhaus.de\/wp-content\/uploads\/2024\/08\/Moodboard_Peach-Fuzz-scaled-600x400.jpg 600w, https:\/\/indesfuggerhaus.de\/wp-content\/uploads\/2024\/08\/Moodboard_Peach-Fuzz-300x200.jpg 300w, https:\/\/indesfuggerhaus.de\/wp-content\/uploads\/2024\/08\/Moodboard_Peach-Fuzz-1024x683.jpg 1024w, https:\/\/indesfuggerhaus.de\/wp-content\/uploads\/2024\/08\/Moodboard_Peach-Fuzz-768x512.jpg 768w, https:\/\/indesfuggerhaus.de\/wp-content\/uploads\/2024\/08\/Moodboard_Peach-Fuzz-2048x1365.jpg 2048w\" sizes=\"(max-width: 1536px) 100vw, 1536px\" \/>\t\t\t\t\t\t\t\t\t\t\t\t\t\t\t<\/div>\n\t\t\t\t<\/div>\n\t\t\t\t\t<\/div>\n\t\t\t\t<\/div>\n\t\t\t\t<\/div>","protected":false},"excerpt":{"rendered":"<p>Trendfarbe 2024 &#8211; Peach Fuzz Die allumfassende Aura dieses samtigen, weichen Pfirsichtons, tut unserem Geist, unserem K\u00f6rper und unserer Seele gut. Farbexperten von Pantone Gerade in Zeiten von Schnelllebigkeit, k\u00fchler Farbdarstellung unserer Smartphones und Computer schaffen die eigenen vier W\u00e4nde doch stets den n\u00f6tigen Ausgleich, damit wir uns wohlf\u00fchlen. Dieses Jahr haben wir es uns [&hellip;]<\/p>\n","protected":false},"author":2,"featured_media":0,"parent":46,"menu_order":0,"comment_status":"closed","ping_status":"closed","template":"","meta":{"footnotes":""},"class_list":["post-18747","page","type-page","status-publish","hentry"],"_links":{"self":[{"href":"https:\/\/indesfuggerhaus.de\/pl\/wp-json\/wp\/v2\/pages\/18747","targetHints":{"allow":["GET"]}}],"collection":[{"href":"https:\/\/indesfuggerhaus.de\/pl\/wp-json\/wp\/v2\/pages"}],"about":[{"href":"https:\/\/indesfuggerhaus.de\/pl\/wp-json\/wp\/v2\/types\/page"}],"author":[{"embeddable":true,"href":"https:\/\/indesfuggerhaus.de\/pl\/wp-json\/wp\/v2\/users\/2"}],"replies":[{"embeddable":true,"href":"https:\/\/indesfuggerhaus.de\/pl\/wp-json\/wp\/v2\/comments?post=18747"}],"version-history":[{"count":25,"href":"https:\/\/indesfuggerhaus.de\/pl\/wp-json\/wp\/v2\/pages\/18747\/revisions"}],"predecessor-version":[{"id":21278,"href":"https:\/\/indesfuggerhaus.de\/pl\/wp-json\/wp\/v2\/pages\/18747\/revisions\/21278"}],"up":[{"embeddable":true,"href":"https:\/\/indesfuggerhaus.de\/pl\/wp-json\/wp\/v2\/pages\/46"}],"wp:attachment":[{"href":"https:\/\/indesfuggerhaus.de\/pl\/wp-json\/wp\/v2\/media?parent=18747"}],"curies":[{"name":"wp","href":"https:\/\/api.w.org\/{rel}","templated":true}]}}