{"id":19732,"date":"2024-08-14T09:48:42","date_gmt":"2024-08-14T09:48:42","guid":{"rendered":"https:\/\/indesfuggerhaus.de\/?page_id=19732"},"modified":"2026-03-20T12:50:38","modified_gmt":"2026-03-20T12:50:38","slug":"stellenangebote","status":"publish","type":"page","link":"https:\/\/indesfuggerhaus.de\/pl\/stellenangebote\/","title":{"rendered":"Wakaty"},"content":{"rendered":"<div data-elementor-type=\"wp-page\" data-elementor-id=\"19732\" class=\"elementor elementor-19732\" data-elementor-post-type=\"page\">\n\t\t\t\t<div class=\"elementor-element elementor-element-f4dcd3a e-flex e-con-boxed e-con e-parent\" data-id=\"f4dcd3a\" data-element_type=\"container\" data-e-type=\"container\">\n\t\t\t\t\t<div class=\"e-con-inner\">\n\t\t<div class=\"elementor-element elementor-element-4db92f8 e-con-full e-flex e-con e-child\" data-id=\"4db92f8\" data-element_type=\"container\" data-e-type=\"container\">\n\t\t\t\t<div class=\"elementor-element elementor-element-0b14ea6 elementor-widget elementor-widget-heading\" data-id=\"0b14ea6\" data-element_type=\"widget\" data-e-type=\"widget\" data-widget_type=\"heading.default\">\n\t\t\t\t<div class=\"elementor-widget-container\">\n\t\t\t\t\t<h2 class=\"elementor-heading-title elementor-size-default\">Wakaty<\/h2>\t\t\t\t<\/div>\n\t\t\t\t<\/div>\n\t\t\t\t<\/div>\n\t\t\t\t\t<\/div>\n\t\t\t\t<\/div>\n\t\t<div class=\"elementor-element elementor-element-6703f89 e-flex e-con-boxed e-con e-parent\" data-id=\"6703f89\" data-element_type=\"container\" data-e-type=\"container\">\n\t\t\t\t\t<div class=\"e-con-inner\">\n\t\t<div class=\"elementor-element elementor-element-e99f5b2 e-con-full e-flex e-con e-child\" data-id=\"e99f5b2\" data-element_type=\"container\" data-e-type=\"container\">\n\t\t\t\t<div class=\"elementor-element elementor-element-2e0328e elementor-widget elementor-widget-text-editor\" data-id=\"2e0328e\" data-element_type=\"widget\" data-e-type=\"widget\" data-widget_type=\"text-editor.default\">\n\t\t\t\t<div class=\"elementor-widget-container\">\n\t\t\t\t\t\t\t\t\t<p style=\"text-align: center;\">Tutaj znajdziesz nasze oferty pracy. <br \/>Ch\u0119tnie przyjmujemy r\u00f3wnie\u017c aplikacje niezam\u00f3wione w dowolnym momencie. <br \/>pod <a href=\"\/pl\/hr@indesfuggerhaus.de\/\">hr@indesfuggerhaus.de<\/a><strong>\u00a0<\/strong>w kierunku!<\/p>\t\t\t\t\t\t\t\t<\/div>\n\t\t\t\t<\/div>\n\t\t\t\t<\/div>\n\t\t\t\t\t<\/div>\n\t\t\t\t<\/div>\n\t\t<div class=\"elementor-element elementor-element-8621e27 e-flex e-con-boxed e-con e-parent\" data-id=\"8621e27\" data-element_type=\"container\" data-e-type=\"container\">\n\t\t\t\t\t<div class=\"e-con-inner\">\n\t\t\t\t<div class=\"elementor-element elementor-element-2f4127b elementor-widget elementor-widget-n-accordion\" data-id=\"2f4127b\" data-element_type=\"widget\" data-e-type=\"widget\" data-settings=\"{&quot;default_state&quot;:&quot;expanded&quot;,&quot;max_items_expended&quot;:&quot;one&quot;,&quot;n_accordion_animation_duration&quot;:{&quot;unit&quot;:&quot;ms&quot;,&quot;size&quot;:400,&quot;sizes&quot;:[]}}\" data-widget_type=\"nested-accordion.default\">\n\t\t\t\t<div class=\"elementor-widget-container\">\n\t\t\t\t\t\t\t<div class=\"e-n-accordion\" aria-label=\"Akordeon. Otwieranie \u0142\u0105czy za pomoc\u0105 klawisza Enter lub spacji, zamykanie za pomoc\u0105 klawisza Escape i nawigacja za pomoc\u0105 klawiszy strza\u0142ek\">\n\t\t\t\t\t\t<details id=\"e-n-accordion-item-4950\" class=\"e-n-accordion-item\" open>\n\t\t\t\t<summary class=\"e-n-accordion-item-title\" data-accordion-index=\"1\" tabindex=\"0\" aria-expanded=\"true\" aria-controls=\"e-n-accordion-item-4950\" >\n\t\t\t\t\t<span class='e-n-accordion-item-title-header'><div class=\"e-n-accordion-item-title-text\"> Pracownik obs\u0142ugi klienta ds. ochrony przeciws\u0142onecznej \/ szycia (m\/k\/d) <\/div><\/span>\n\t\t\t\t\t\t\t<span class='e-n-accordion-item-title-icon'>\n\t\t\t<span class='e-opened' ><svg aria-hidden=\"true\" class=\"e-font-icon-svg e-fas-minus\" viewbox=\"0 0 448 512\" xmlns=\"http:\/\/www.w3.org\/2000\/svg\"><path d=\"M416 208H32c-17.67 0-32 14.33-32 32v32c0 17.67 14.33 32 32 32h384c17.67 0 32-14.33 32-32v-32c0-17.67-14.33-32-32-32z\"><\/path><\/svg><\/span>\n\t\t\t<span class='e-closed'><svg aria-hidden=\"true\" class=\"e-font-icon-svg e-fas-plus\" viewbox=\"0 0 448 512\" xmlns=\"http:\/\/www.w3.org\/2000\/svg\"><path d=\"M416 208H272V64c0-17.67-14.33-32-32-32h-32c-17.67 0-32 14.33-32 32v144H32c-17.67 0-32 14.33-32 32v32c0 17.67 14.33 32 32 32h144v144c0 17.67 14.33 32 32 32h32c17.67 0 32-14.33 32-32V304h144c17.67 0 32-14.33 32-32v-32c0-17.67-14.33-32-32-32z\"><\/path><\/svg><\/span>\n\t\t<\/span>\n\n\t\t\t\t\t\t<\/summary>\n\t\t\t\t<div role=\"region\" aria-labelledby=\"e-n-accordion-item-4950\" class=\"elementor-element elementor-element-e0be569 e-con-full e-flex e-con e-child\" data-id=\"e0be569\" data-element_type=\"container\" data-e-type=\"container\">\n\t\t<div role=\"region\" aria-labelledby=\"e-n-accordion-item-4950\" class=\"elementor-element elementor-element-6d25691 e-flex e-con-boxed e-con e-child\" data-id=\"6d25691\" data-element_type=\"container\" data-e-type=\"container\">\n\t\t\t\t\t<div class=\"e-con-inner\">\n\t\t\t\t<div class=\"elementor-element elementor-element-12002fc elementor-widget elementor-widget-image\" data-id=\"12002fc\" data-element_type=\"widget\" data-e-type=\"widget\" data-widget_type=\"image.default\">\n\t\t\t\t<div class=\"elementor-widget-container\">\n\t\t\t\t\t\t\t\t\t\t\t\t\t\t\t\t<a href=\"https:\/\/indesfuggerhaus.de\/wp-content\/uploads\/2025\/12\/Kundenservice-3.jpg\" data-elementor-open-lightbox=\"yes\" data-e-action-hash=\"#elementor-action%3Aaction%3Dlightbox%26settings%3DeyJpZCI6MjQ0NTEsInVybCI6Imh0dHBzOlwvXC9pbmRlc2Z1Z2dlcmhhdXMuZGVcL3dwLWNvbnRlbnRcL3VwbG9hZHNcLzIwMjVcLzEyXC9LdW5kZW5zZXJ2aWNlLTMuanBnIn0%3D\">\n\t\t\t\t\t\t\t<img fetchpriority=\"high\" decoding=\"async\" width=\"768\" height=\"668\" src=\"https:\/\/indesfuggerhaus.de\/wp-content\/uploads\/2025\/12\/Kundenservice-3-768x668.jpg\" class=\"attachment-medium_large size-medium_large wp-image-24451\" alt=\"\" srcset=\"https:\/\/indesfuggerhaus.de\/wp-content\/uploads\/2025\/12\/Kundenservice-3-768x668.jpg 768w, https:\/\/indesfuggerhaus.de\/wp-content\/uploads\/2025\/12\/Kundenservice-3-300x261.jpg 300w, https:\/\/indesfuggerhaus.de\/wp-content\/uploads\/2025\/12\/Kundenservice-3-1024x891.jpg 1024w, https:\/\/indesfuggerhaus.de\/wp-content\/uploads\/2025\/12\/Kundenservice-3-14x12.jpg 14w, https:\/\/indesfuggerhaus.de\/wp-content\/uploads\/2025\/12\/Kundenservice-3-600x522.jpg 600w, https:\/\/indesfuggerhaus.de\/wp-content\/uploads\/2025\/12\/Kundenservice-3.jpg 1221w\" sizes=\"(max-width: 768px) 100vw, 768px\" \/>\t\t\t\t\t\t\t\t<\/a>\n\t\t\t\t\t\t\t\t\t\t\t\t\t\t\t<\/div>\n\t\t\t\t<\/div>\n\t\t\t\t\t<\/div>\n\t\t\t\t<\/div>\n\t\t\t\t<\/div>\n\t\t\t\t\t<\/details>\n\t\t\t\t\t<\/div>\n\t\t\t\t\t\t<\/div>\n\t\t\t\t<\/div>\n\t\t\t\t\t<\/div>\n\t\t\t\t<\/div>\n\t\t\t\t<\/div>","protected":false},"excerpt":{"rendered":"<p>Stellenangebote Hier finden Sie unsere offenen Stellen. Wir nehmen au\u00dferdem gerne jederzeit Ihre Initiativbewerbung unter hr@indesfuggerhaus.de\u00a0entgegen! Mitarbeiter Kundenservice Sonnenschutz \/ N\u00e4hservice (m\/w\/d)<\/p>","protected":false},"author":2,"featured_media":0,"parent":0,"menu_order":0,"comment_status":"closed","ping_status":"closed","template":"","meta":{"footnotes":""},"class_list":["post-19732","page","type-page","status-publish","hentry"],"_links":{"self":[{"href":"https:\/\/indesfuggerhaus.de\/pl\/wp-json\/wp\/v2\/pages\/19732","targetHints":{"allow":["GET"]}}],"collection":[{"href":"https:\/\/indesfuggerhaus.de\/pl\/wp-json\/wp\/v2\/pages"}],"about":[{"href":"https:\/\/indesfuggerhaus.de\/pl\/wp-json\/wp\/v2\/types\/page"}],"author":[{"embeddable":true,"href":"https:\/\/indesfuggerhaus.de\/pl\/wp-json\/wp\/v2\/users\/2"}],"replies":[{"embeddable":true,"href":"https:\/\/indesfuggerhaus.de\/pl\/wp-json\/wp\/v2\/comments?post=19732"}],"version-history":[{"count":55,"href":"https:\/\/indesfuggerhaus.de\/pl\/wp-json\/wp\/v2\/pages\/19732\/revisions"}],"predecessor-version":[{"id":29801,"href":"https:\/\/indesfuggerhaus.de\/pl\/wp-json\/wp\/v2\/pages\/19732\/revisions\/29801"}],"wp:attachment":[{"href":"https:\/\/indesfuggerhaus.de\/pl\/wp-json\/wp\/v2\/media?parent=19732"}],"curies":[{"name":"wp","href":"https:\/\/api.w.org\/{rel}","templated":true}]}}