{"id":19737,"date":"2024-08-14T09:53:09","date_gmt":"2024-08-14T09:53:09","guid":{"rendered":"https:\/\/indesfuggerhaus.de\/?page_id=19737"},"modified":"2025-08-11T09:48:41","modified_gmt":"2025-08-11T09:48:41","slug":"ausbildung","status":"publish","type":"page","link":"https:\/\/indesfuggerhaus.de\/pl\/ausbildung\/","title":{"rendered":"Edukacja"},"content":{"rendered":"<div data-elementor-type=\"wp-page\" data-elementor-id=\"19737\" class=\"elementor elementor-19737\" data-elementor-post-type=\"page\">\n\t\t\t\t<div class=\"elementor-element elementor-element-9f82fdf e-flex e-con-boxed e-con e-parent\" data-id=\"9f82fdf\" data-element_type=\"container\" data-e-type=\"container\">\n\t\t\t\t\t<div class=\"e-con-inner\">\n\t\t<div class=\"elementor-element elementor-element-6cd67e1 e-con-full e-flex e-con e-child\" data-id=\"6cd67e1\" data-element_type=\"container\" data-e-type=\"container\">\n\t\t\t\t<div class=\"elementor-element elementor-element-4831f89 elementor-widget elementor-widget-heading\" data-id=\"4831f89\" data-element_type=\"widget\" data-e-type=\"widget\" data-widget_type=\"heading.default\">\n\t\t\t\t<div class=\"elementor-widget-container\">\n\t\t\t\t\t<h2 class=\"elementor-heading-title elementor-size-default\">Edukacja<\/h2>\t\t\t\t<\/div>\n\t\t\t\t<\/div>\n\t\t\t\t<\/div>\n\t\t\t\t\t<\/div>\n\t\t\t\t<\/div>\n\t\t<div class=\"elementor-element elementor-element-def9fa2 e-flex e-con-boxed e-con e-parent\" data-id=\"def9fa2\" data-element_type=\"container\" data-e-type=\"container\">\n\t\t\t\t\t<div class=\"e-con-inner\">\n\t\t<div class=\"elementor-element elementor-element-4474098 e-con-full e-flex e-con e-child\" data-id=\"4474098\" data-element_type=\"container\" data-e-type=\"container\">\n\t\t\t\t<div class=\"elementor-element elementor-element-924def5 elementor-widget elementor-widget-image\" data-id=\"924def5\" data-element_type=\"widget\" data-e-type=\"widget\" data-widget_type=\"image.default\">\n\t\t\t\t<div class=\"elementor-widget-container\">\n\t\t\t\t\t\t\t\t\t\t\t\t\t\t\t<img fetchpriority=\"high\" decoding=\"async\" width=\"800\" height=\"534\" src=\"https:\/\/indesfuggerhaus.de\/wp-content\/uploads\/2024\/08\/Meyer_Schrader-Fuggerhaus_Layout-7392-1024x683.jpg\" class=\"attachment-large size-large wp-image-19263\" alt=\"B\u00fcrokonzepte: Indes Fuggerhaus\" srcset=\"https:\/\/indesfuggerhaus.de\/wp-content\/uploads\/2024\/08\/Meyer_Schrader-Fuggerhaus_Layout-7392-1024x683.jpg 1024w, https:\/\/indesfuggerhaus.de\/wp-content\/uploads\/2024\/08\/Meyer_Schrader-Fuggerhaus_Layout-7392-600x400.jpg 600w, https:\/\/indesfuggerhaus.de\/wp-content\/uploads\/2024\/08\/Meyer_Schrader-Fuggerhaus_Layout-7392-300x200.jpg 300w, https:\/\/indesfuggerhaus.de\/wp-content\/uploads\/2024\/08\/Meyer_Schrader-Fuggerhaus_Layout-7392-768x512.jpg 768w, https:\/\/indesfuggerhaus.de\/wp-content\/uploads\/2024\/08\/Meyer_Schrader-Fuggerhaus_Layout-7392-1536x1024.jpg 1536w, https:\/\/indesfuggerhaus.de\/wp-content\/uploads\/2024\/08\/Meyer_Schrader-Fuggerhaus_Layout-7392-2048x1366.jpg 2048w\" sizes=\"(max-width: 800px) 100vw, 800px\" \/>\t\t\t\t\t\t\t\t\t\t\t\t\t\t\t<\/div>\n\t\t\t\t<\/div>\n\t\t\t\t<\/div>\n\t\t<div class=\"elementor-element elementor-element-434b31b e-con-full e-flex e-con e-child\" data-id=\"434b31b\" data-element_type=\"container\" data-e-type=\"container\">\n\t\t\t\t<div class=\"elementor-element elementor-element-c3513af elementor-widget elementor-widget-text-editor\" data-id=\"c3513af\" data-element_type=\"widget\" data-e-type=\"widget\" data-widget_type=\"text-editor.default\">\n\t\t\t\t<div class=\"elementor-widget-container\">\n\t\t\t\t\t\t\t\t\t<h5>Szkolenie dla urz\u0119dnik\u00f3w handlu hurtowego i zagranicznego<\/h5><div><p>Aplikuj ju\u017c teraz na rok 2026.<\/p><p>Treningi rozpoczynamy zawsze 1 sierpnia danego roku.<\/p><p>Czekamy na komplet dokument\u00f3w aplikacyjnych:<\/p><ul><li>List motywacyjny<\/li><li>\u017byciorys<\/li><li>Kopia ostatniego certyfikatu<\/li><\/ul><div>\u00a0<\/div><div>Nie mo\u017cemy si\u0119 doczeka\u0107, aby Ci\u0119 pozna\u0107!<\/div><\/div>\t\t\t\t\t\t\t\t<\/div>\n\t\t\t\t<\/div>\n\t\t\t\t<\/div>\n\t\t\t\t\t<\/div>\n\t\t\t\t<\/div>\n\t\t<div class=\"elementor-element elementor-element-f481f41 e-flex e-con-boxed e-con e-parent\" data-id=\"f481f41\" data-element_type=\"container\" data-e-type=\"container\">\n\t\t\t\t\t<div class=\"e-con-inner\">\n\t\t<div class=\"elementor-element elementor-element-2c7efd1 e-con-full e-flex e-con e-child\" data-id=\"2c7efd1\" data-element_type=\"container\" data-e-type=\"container\">\n\t\t\t\t<\/div>\n\t\t\t\t<div class=\"elementor-element elementor-element-01eef25 elementor-align-center elementor-widget elementor-widget-button\" data-id=\"01eef25\" data-element_type=\"widget\" data-e-type=\"widget\" data-widget_type=\"button.default\">\n\t\t\t\t<div class=\"elementor-widget-container\">\n\t\t\t\t\t\t\t\t\t<div class=\"elementor-button-wrapper\">\n\t\t\t\t\t<a class=\"elementor-button elementor-button-link elementor-size-sm\" href=\"https:\/\/indesfuggerhaus.de\/wp-content\/uploads\/2025\/03\/Gross-und-Aussenhandelsmanagement_Anzeige_2025.pdf\" target=\"_blank\">\n\t\t\t\t\t\t<span class=\"elementor-button-content-wrapper\">\n\t\t\t\t\t\t\t\t\t<span class=\"elementor-button-text\">Ulotka szkoleniowa handel hurtowy i zagraniczny<\/span>\n\t\t\t\t\t<\/span>\n\t\t\t\t\t<\/a>\n\t\t\t\t<\/div>\n\t\t\t\t\t\t\t\t<\/div>\n\t\t\t\t<\/div>\n\t\t\t\t\t<\/div>\n\t\t\t\t<\/div>\n\t\t<div class=\"elementor-element elementor-element-fa0b2f4 e-flex e-con-boxed e-con e-parent\" data-id=\"fa0b2f4\" data-element_type=\"container\" data-e-type=\"container\">\n\t\t\t\t\t<div class=\"e-con-inner\">\n\t\t<div class=\"elementor-element elementor-element-abee131 e-con-full e-flex e-con e-child\" data-id=\"abee131\" data-element_type=\"container\" data-e-type=\"container\">\n\t\t\t\t<div class=\"elementor-element elementor-element-8bc909b elementor-widget elementor-widget-image\" data-id=\"8bc909b\" data-element_type=\"widget\" data-e-type=\"widget\" data-widget_type=\"image.default\">\n\t\t\t\t<div class=\"elementor-widget-container\">\n\t\t\t\t\t\t\t\t\t\t\t\t\t\t\t<img decoding=\"async\" width=\"800\" height=\"534\" src=\"https:\/\/indesfuggerhaus.de\/wp-content\/uploads\/2024\/10\/Couponlager-Wagen-1024x683.jpg\" class=\"attachment-large size-large wp-image-20443\" alt=\"Couponlager Wagen\" srcset=\"https:\/\/indesfuggerhaus.de\/wp-content\/uploads\/2024\/10\/Couponlager-Wagen-1024x683.jpg 1024w, https:\/\/indesfuggerhaus.de\/wp-content\/uploads\/2024\/10\/Couponlager-Wagen-scaled-600x400.jpg 600w, https:\/\/indesfuggerhaus.de\/wp-content\/uploads\/2024\/10\/Couponlager-Wagen-300x200.jpg 300w, https:\/\/indesfuggerhaus.de\/wp-content\/uploads\/2024\/10\/Couponlager-Wagen-768x512.jpg 768w, https:\/\/indesfuggerhaus.de\/wp-content\/uploads\/2024\/10\/Couponlager-Wagen-1536x1024.jpg 1536w, https:\/\/indesfuggerhaus.de\/wp-content\/uploads\/2024\/10\/Couponlager-Wagen-2048x1365.jpg 2048w\" sizes=\"(max-width: 800px) 100vw, 800px\" \/>\t\t\t\t\t\t\t\t\t\t\t\t\t\t\t<\/div>\n\t\t\t\t<\/div>\n\t\t\t\t<\/div>\n\t\t<div class=\"elementor-element elementor-element-8f69dd5 e-con-full e-flex e-con e-child\" data-id=\"8f69dd5\" data-element_type=\"container\" data-e-type=\"container\">\n\t\t\t\t<div class=\"elementor-element elementor-element-cfffc19 elementor-widget elementor-widget-text-editor\" data-id=\"cfffc19\" data-element_type=\"widget\" data-e-type=\"widget\" data-widget_type=\"text-editor.default\">\n\t\t\t\t<div class=\"elementor-widget-container\">\n\t\t\t\t\t\t\t\t\t<h5>Szkolenie dla specjalist\u00f3w ds. logistyki magazynowej<\/h5><div><p>Aplikuj ju\u017c teraz na rok 2026.<\/p><p>Treningi rozpoczynamy zawsze 1 sierpnia danego roku.<\/p><p>Czekamy na komplet dokument\u00f3w aplikacyjnych:<\/p><ul><li>List motywacyjny<\/li><li>\u017byciorys<\/li><li>Kopia ostatniego certyfikatu<\/li><\/ul><div>\u00a0<\/div><div>Nie mo\u017cemy si\u0119 doczeka\u0107, aby Ci\u0119 pozna\u0107!<\/div><\/div>\t\t\t\t\t\t\t\t<\/div>\n\t\t\t\t<\/div>\n\t\t\t\t<\/div>\n\t\t\t\t\t<\/div>\n\t\t\t\t<\/div>\n\t\t<div class=\"elementor-element elementor-element-274fae4 e-flex e-con-boxed e-con e-parent\" data-id=\"274fae4\" data-element_type=\"container\" data-e-type=\"container\">\n\t\t\t\t\t<div class=\"e-con-inner\">\n\t\t\t\t<div class=\"elementor-element elementor-element-472b2fe elementor-align-center elementor-widget elementor-widget-button\" data-id=\"472b2fe\" data-element_type=\"widget\" data-e-type=\"widget\" data-widget_type=\"button.default\">\n\t\t\t\t<div class=\"elementor-widget-container\">\n\t\t\t\t\t\t\t\t\t<div class=\"elementor-button-wrapper\">\n\t\t\t\t\t<a class=\"elementor-button elementor-button-link elementor-size-sm\" href=\"https:\/\/indesfuggerhaus.de\/wp-content\/uploads\/2025\/03\/Lagerlogistik_Anzeige_2025.pdf\" target=\"_blank\">\n\t\t\t\t\t\t<span class=\"elementor-button-content-wrapper\">\n\t\t\t\t\t\t\t\t\t<span class=\"elementor-button-text\">Ulotka szkoleniowa dotycz\u0105ca logistyki magazynowej<\/span>\n\t\t\t\t\t<\/span>\n\t\t\t\t\t<\/a>\n\t\t\t\t<\/div>\n\t\t\t\t\t\t\t\t<\/div>\n\t\t\t\t<\/div>\n\t\t\t\t\t<\/div>\n\t\t\t\t<\/div>\n\t\t<div class=\"elementor-element elementor-element-0960679 e-flex e-con-boxed e-con e-parent\" data-id=\"0960679\" data-element_type=\"container\" data-e-type=\"container\">\n\t\t\t\t\t<div class=\"e-con-inner\">\n\t\t<div class=\"elementor-element elementor-element-cae00f9 e-con-full e-flex e-con e-child\" data-id=\"cae00f9\" data-element_type=\"container\" data-e-type=\"container\">\n\t\t\t\t<div class=\"elementor-element elementor-element-9f08c48 elementor-widget-divider--view-line elementor-widget elementor-widget-divider\" data-id=\"9f08c48\" data-element_type=\"widget\" data-e-type=\"widget\" data-widget_type=\"divider.default\">\n\t\t\t\t<div class=\"elementor-widget-container\">\n\t\t\t\t\t\t\t<div class=\"elementor-divider\">\n\t\t\t<span class=\"elementor-divider-separator\">\n\t\t\t\t\t\t<\/span>\n\t\t<\/div>\n\t\t\t\t\t\t<\/div>\n\t\t\t\t<\/div>\n\t\t\t\t<\/div>\n\t\t\t\t\t<\/div>\n\t\t\t\t<\/div>\n\t\t\t\t<\/div>","protected":false},"excerpt":{"rendered":"<p>Ausbildung Ausbildung f\u00fcr Kaufleute im Gro\u00df- und Au\u00dfenhandel Bewerben Sie sich jetzt f\u00fcr das Jahr 2026. Ausbildungsbeginn ist bei uns immer der 01.08 des jeweiligen Jahres. Wir freuen uns auf Ihre vollst\u00e4ndigen Bewerbungsunterlagen: Bewerbungsanschreiben Lebenslauf Kopie des letzten Zeugnisses \u00a0Wir freuen uns, Sie kennenzulernen! Ausbildungsflyer Gro\u00df- &amp; Au\u00dfenhandel Ausbildung f\u00fcr Fachkraft f\u00fcr Lagerlogistik Bewerben Sie [&hellip;]<\/p>\n","protected":false},"author":2,"featured_media":0,"parent":0,"menu_order":0,"comment_status":"closed","ping_status":"closed","template":"","meta":{"footnotes":""},"class_list":["post-19737","page","type-page","status-publish","hentry"],"_links":{"self":[{"href":"https:\/\/indesfuggerhaus.de\/pl\/wp-json\/wp\/v2\/pages\/19737","targetHints":{"allow":["GET"]}}],"collection":[{"href":"https:\/\/indesfuggerhaus.de\/pl\/wp-json\/wp\/v2\/pages"}],"about":[{"href":"https:\/\/indesfuggerhaus.de\/pl\/wp-json\/wp\/v2\/types\/page"}],"author":[{"embeddable":true,"href":"https:\/\/indesfuggerhaus.de\/pl\/wp-json\/wp\/v2\/users\/2"}],"replies":[{"embeddable":true,"href":"https:\/\/indesfuggerhaus.de\/pl\/wp-json\/wp\/v2\/comments?post=19737"}],"version-history":[{"count":40,"href":"https:\/\/indesfuggerhaus.de\/pl\/wp-json\/wp\/v2\/pages\/19737\/revisions"}],"predecessor-version":[{"id":23792,"href":"https:\/\/indesfuggerhaus.de\/pl\/wp-json\/wp\/v2\/pages\/19737\/revisions\/23792"}],"wp:attachment":[{"href":"https:\/\/indesfuggerhaus.de\/pl\/wp-json\/wp\/v2\/media?parent=19737"}],"curies":[{"name":"wp","href":"https:\/\/api.w.org\/{rel}","templated":true}]}}