{"id":20091,"date":"2024-10-15T10:04:26","date_gmt":"2024-10-15T10:04:26","guid":{"rendered":"https:\/\/indesfuggerhaus.de\/?page_id=20091"},"modified":"2025-06-12T08:59:01","modified_gmt":"2025-06-12T08:59:01","slug":"green-steps","status":"publish","type":"page","link":"https:\/\/indesfuggerhaus.de\/pl\/green-steps\/","title":{"rendered":"Green Steps"},"content":{"rendered":"<div data-elementor-type=\"wp-page\" data-elementor-id=\"20091\" class=\"elementor elementor-20091\" data-elementor-post-type=\"page\">\n\t\t\t\t<div class=\"elementor-element elementor-element-77523f1 e-flex e-con-boxed e-con e-parent\" data-id=\"77523f1\" data-element_type=\"container\" data-e-type=\"container\">\n\t\t\t\t\t<div class=\"e-con-inner\">\n\t\t<div class=\"elementor-element elementor-element-9d97036 e-con-full e-flex e-con e-child\" data-id=\"9d97036\" data-element_type=\"container\" data-e-type=\"container\">\n\t\t<div class=\"elementor-element elementor-element-e4e89cb e-con-full e-flex e-con e-child\" data-id=\"e4e89cb\" data-element_type=\"container\" data-e-type=\"container\">\n\t\t\t\t<\/div>\n\t\t\t\t<div class=\"elementor-element elementor-element-f4f3066 elementor-widget__width-initial elementor-widget elementor-widget-heading\" data-id=\"f4f3066\" data-element_type=\"widget\" data-e-type=\"widget\" data-widget_type=\"heading.default\">\n\t\t\t\t<div class=\"elementor-widget-container\">\n\t\t\t\t\t<h2 class=\"elementor-heading-title elementor-size-default\">Green Steps <\/h2>\t\t\t\t<\/div>\n\t\t\t\t<\/div>\n\t\t<div class=\"elementor-element elementor-element-db53622 e-con-full e-flex e-con e-child\" data-id=\"db53622\" data-element_type=\"container\" data-e-type=\"container\">\n\t\t\t\t<\/div>\n\t\t\t\t<\/div>\n\t\t\t\t\t<\/div>\n\t\t\t\t<\/div>\n\t\t<div class=\"elementor-element elementor-element-2de6491 e-flex e-con-boxed e-con e-parent\" data-id=\"2de6491\" data-element_type=\"container\" data-e-type=\"container\">\n\t\t\t\t\t<div class=\"e-con-inner\">\n\t\t<div class=\"elementor-element elementor-element-35a384c e-con-full e-flex e-con e-child\" data-id=\"35a384c\" data-element_type=\"container\" data-e-type=\"container\">\n\t\t\t\t<div class=\"elementor-element elementor-element-8c39209 elementor-widget elementor-widget-text-editor\" data-id=\"8c39209\" data-element_type=\"widget\" data-e-type=\"widget\" data-widget_type=\"text-editor.default\">\n\t\t\t\t<div class=\"elementor-widget-container\">\n\t\t\t\t\t\t\t\t\t<p class=\"p1 eyeAtext\" style=\"font-size: 14.5455px !important; line-height: 21.8182px !important;\" data-w=\"802.6\" data-originalfontsize=\"16\" data-originallineheight=\"22\"><b>Zr\u00f3wnowa\u017cony rozw\u00f3j - krok po kroku!<\/b><\/p><p>Mamy przyjemno\u015b\u0107 przedstawi\u0107 Pa\u0144stwu nasz\u0105 dynamiczn\u0105 \u015bcie\u017ck\u0119 w kierunku bardziej zr\u00f3wnowa\u017conego rozwoju. W nadchodz\u0105cych latach czeka nas wiele zmian, kt\u00f3re pomog\u0105 nam uczyni\u0107 nasz\u0105 firm\u0119 i nasze produkty bardziej przyjaznymi dla \u015brodowiska. Zanurz si\u0119 w \u015bwiecie \"Green Steps\" i odkryj, jak mo\u017cemy wsp\u00f3lnie kszta\u0142towa\u0107 bardziej zr\u00f3wnowa\u017con\u0105 przysz\u0142o\u015b\u0107.<\/p><p data-w=\"802.6\" data-originalfontsize=\"16\" data-originallineheight=\"22\">To powinno i\u015b\u0107 \"krok po kroku\"! Wiele tkanin ze Stoffverlag w Marienheide jest ju\u017c trwa\u0142ych, a zatem zr\u00f3wnowa\u017conych w prawdziwym tego s\u0142owa znaczeniu. Ponadto - krok po kroku - pojawiaj\u0105 si\u0119 innowacyjne prz\u0119dze, kt\u00f3re pomagaj\u0105 oszcz\u0119dza\u0107 zasoby i zmniejsza\u0107 zanieczyszczenie \u015brodowiska. Opr\u00f3cz wysokiej jako\u015bci prz\u0119dzy z recyklingu, kt\u00f3ra nadaje si\u0119 do tkanin dekoracyjnych i zas\u0142on, certyfikowane w\u0142\u00f3kna naturalne i nowe, kompostowalne materia\u0142y r\u00f3wnie\u017c staj\u0105 si\u0119 przedmiotem rozwoju produkt\u00f3w. Asortyment Green Steps w Indes Fuggerhaus jest stale poszerzany o zas\u0142ony i tkaniny dekoracyjne.<\/p>\t\t\t\t\t\t\t\t<\/div>\n\t\t\t\t<\/div>\n\t\t\t\t<\/div>\n\t\t<div class=\"elementor-element elementor-element-0be9747 e-con-full elementor-hidden-tablet elementor-hidden-mobile e-flex e-con e-child\" data-id=\"0be9747\" data-element_type=\"container\" data-e-type=\"container\">\n\t\t\t\t<div class=\"elementor-element elementor-element-6358e3c elementor-cta--skin-cover elementor-animated-content elementor-bg-transform elementor-bg-transform-zoom-in elementor-widget elementor-widget-call-to-action\" data-id=\"6358e3c\" data-element_type=\"widget\" data-e-type=\"widget\" data-widget_type=\"call-to-action.default\">\n\t\t\t\t<div class=\"elementor-widget-container\">\n\t\t\t\t\t\t\t<div class=\"elementor-cta\">\n\t\t\t\t\t<div class=\"elementor-cta__bg-wrapper\">\n\t\t\t\t<div class=\"elementor-cta__bg elementor-bg\" style=\"background-image: url(https:\/\/indesfuggerhaus.de\/wp-content\/uploads\/2025\/06\/201221_GreenSteps.png);\" role=\"img\" aria-label=\"Green Steps\"><\/div>\n\t\t\t\t<div class=\"elementor-cta__bg-overlay\"><\/div>\n\t\t\t<\/div>\n\t\t\t\t\t\t\t<div class=\"elementor-cta__content\">\n\t\t\t\t\n\t\t\t\t\n\t\t\t\t\t\t\t\t\t<div class=\"elementor-cta__description elementor-cta__content-item elementor-content-item elementor-animated-item--grow\">\n\t\t\t\t\t\t \t\t\t\t\t<\/div>\n\t\t\t\t\n\t\t\t\t\t\t\t<\/div>\n\t\t\t\t\t\t<\/div>\n\t\t\t\t\t\t<\/div>\n\t\t\t\t<\/div>\n\t\t\t\t<\/div>\n\t\t\t\t\t<\/div>\n\t\t\t\t<\/div>\n\t\t<div class=\"elementor-element elementor-element-aaabd26 e-flex e-con-boxed e-con e-parent\" data-id=\"aaabd26\" data-element_type=\"container\" data-e-type=\"container\">\n\t\t\t\t\t<div class=\"e-con-inner\">\n\t\t<div class=\"elementor-element elementor-element-e53cb5b e-con-full e-flex e-con e-child\" data-id=\"e53cb5b\" data-element_type=\"container\" data-e-type=\"container\">\n\t\t\t\t<\/div>\n\t\t\t\t\t<\/div>\n\t\t\t\t<\/div>\n\t\t<div class=\"elementor-element elementor-element-178b20c e-flex e-con-boxed e-con e-parent\" data-id=\"178b20c\" data-element_type=\"container\" data-e-type=\"container\">\n\t\t\t\t\t<div class=\"e-con-inner\">\n\t\t<div class=\"elementor-element elementor-element-d28070e e-con-full e-flex e-con e-child\" data-id=\"d28070e\" data-element_type=\"container\" data-e-type=\"container\">\n\t\t\t\t<div class=\"elementor-element elementor-element-fa0c724 elementor-hidden-mobile elementor--h-position-center elementor--v-position-middle elementor-arrows-position-inside elementor-pagination-position-inside elementor-widget elementor-widget-slides\" data-id=\"fa0c724\" data-element_type=\"widget\" data-e-type=\"widget\" data-settings=\"{&quot;navigation&quot;:&quot;both&quot;,&quot;infinite&quot;:&quot;yes&quot;,&quot;transition&quot;:&quot;slide&quot;,&quot;transition_speed&quot;:500}\" data-widget_type=\"slides.default\">\n\t\t\t\t<div class=\"elementor-widget-container\">\n\t\t\t\t\t\t\t\t\t<div class=\"elementor-swiper\">\n\t\t\t\t\t<div class=\"elementor-slides-wrapper elementor-main-swiper swiper\" role=\"region\" aria-roledescription=\"carousel\" aria-label=\"Suwak\" dir=\"ltr\" data-animation=\"fadeInUp\">\n\t\t\t\t<div class=\"swiper-wrapper elementor-slides\">\n\t\t\t\t\t\t\t\t\t\t<div class=\"elementor-repeater-item-24aebfc swiper-slide\" role=\"group\" aria-roledescription=\"slide\"><div class=\"swiper-slide-bg\" role=\"img\" aria-label=\"Bardziej zr\u00f3wnowa\u017cone opakowania\"><\/div><div class=\"elementor-background-overlay\"><\/div><div class=\"swiper-slide-inner\" ><div class=\"swiper-slide-contents\"><div class=\"elementor-slide-heading\">Nowe opakowanie - zaprojektowane w spos\u00f3b zr\u00f3wnowa\u017cony<\/div><div class=\"elementor-slide-description\">Skupiamy si\u0119 na rozwi\u0105zaniach przyjaznych dla \u015brodowiska: Plastikowe wieszaki ust\u0119puj\u0105 miejsca kartonowym wersjom nadaj\u0105cym si\u0119 do recyklingu, a torebki foliowe s\u0105 ca\u0142kowicie wyeliminowane.\nZmieniamy r\u00f3wnie\u017c spos\u00f3b wysy\u0142ki - u\u017cywamy papieru zamiast konwencjonalnej ta\u015bmy klej\u0105cej, a pr\u00f3bki wysy\u0142amy bez plastiku.\n\nIndes Fuggerhaus stopniowo sprawia, \u017ce ca\u0142a gama jego produkt\u00f3w staje si\u0119 bardziej zr\u00f3wnowa\u017cona - dzi\u0119ki materia\u0142om pochodz\u0105cym z recyklingu, innowacyjnym rozwi\u0105zaniom opakowaniowym i jasnemu zobowi\u0105zaniu do odpowiedzialno\u015bci.\nrozwi\u0105zania opakowaniowe i jasne zobowi\u0105zanie do odpowiedzialno\u015bci.<\/div><\/div><\/div><\/div><div class=\"elementor-repeater-item-91a0139 swiper-slide\" role=\"group\" aria-roledescription=\"slide\"><div class=\"swiper-slide-bg\" role=\"img\" aria-label=\"Green Steps\"><\/div><div class=\"elementor-background-overlay\"><\/div><div class=\"swiper-slide-inner\" ><div class=\"swiper-slide-contents\"><div class=\"elementor-slide-heading\">Tkaniny dekoracyjne i zas\u0142ony<\/div><div class=\"elementor-slide-description\">Tkaniny dekoracyjne i zas\u0142ony\n\nPrz\u0119dze z recyklingu, certyfikowane w\u0142\u00f3kna naturalne, a w przysz\u0142o\u015bci materia\u0142y kompostowalne staj\u0105 si\u0119 coraz wa\u017cniejsze dla tkanin dekoracyjnych i zas\u0142on. Bran\u017ca jest wci\u0105\u017c w powijakach - jeste\u015bmy na bie\u017c\u0105co, promujemy innowacje i stale si\u0119 rozwijamy.<\/div><a href=\"https:\/\/indesfuggerhaus.de\/pl\/stoffbibliothek\/?wpf_filter_sondereigenschaften=nachhaltig&#038;wpf_fbv=1\" class=\"elementor-button elementor-slide-button elementor-size-md\">Kliknij tutaj, aby zapozna\u0107 si\u0119 z ofert\u0105 GreenSteps<\/a><\/div><\/div><\/div><div class=\"elementor-repeater-item-0c0150c swiper-slide\" role=\"group\" aria-roledescription=\"slide\"><div class=\"swiper-slide-bg\" role=\"img\" aria-label=\"Green Steps\"><\/div><div class=\"elementor-background-overlay\"><\/div><div class=\"swiper-slide-inner\" ><div class=\"swiper-slide-contents\"><div class=\"elementor-slide-heading\">Sunlife - Prywatno\u015b\u0107 i ochrona przeciws\u0142oneczna<\/div><div class=\"elementor-slide-description\">Tkaniny EvoTex i ReTex \u0142\u0105cz\u0105 w sobie stylow\u0105 funkcjonalno\u015b\u0107 z materia\u0142ami pochodz\u0105cymi z recyklingu, zmniejszaj\u0105c ilo\u015b\u0107 odpad\u00f3w i zwi\u0119kszaj\u0105c \u015bwiadomo\u015b\u0107 ekologiczn\u0105.<\/div><a href=\"https:\/\/indesfuggerhaus.de\/pl\/sunlife-neu\/\" class=\"elementor-button elementor-slide-button elementor-size-md\">Kliknij tutaj, aby przej\u015b\u0107 do Sunlife<\/a><\/div><\/div><\/div>\t\t\t\t<\/div>\n\t\t\t\t\t\t\t\t\t\t\t\t\t\t\t<div class=\"elementor-swiper-button elementor-swiper-button-prev\" role=\"button\" tabindex=\"0\" aria-label=\"Poprzedni slajd\">\n\t\t\t\t\t\t\t<svg aria-hidden=\"true\" class=\"e-font-icon-svg e-eicon-chevron-left\" viewbox=\"0 0 1000 1000\" xmlns=\"http:\/\/www.w3.org\/2000\/svg\"><path d=\"M646 125C629 125 613 133 604 142L308 442C296 454 292 471 292 487 292 504 296 521 308 533L604 854C617 867 629 875 646 875 663 875 679 871 692 858 704 846 713 829 713 812 713 796 708 779 692 767L438 487 692 225C700 217 708 204 708 187 708 171 704 154 692 142 675 129 663 125 646 125Z\"><\/path><\/svg>\t\t\t\t\t\t<\/div>\n\t\t\t\t\t\t<div class=\"elementor-swiper-button elementor-swiper-button-next\" role=\"button\" tabindex=\"0\" aria-label=\"Nast\u0119pny slajd\">\n\t\t\t\t\t\t\t<svg aria-hidden=\"true\" class=\"e-font-icon-svg e-eicon-chevron-right\" viewbox=\"0 0 1000 1000\" xmlns=\"http:\/\/www.w3.org\/2000\/svg\"><path d=\"M696 533C708 521 713 504 713 487 713 471 708 454 696 446L400 146C388 133 375 125 354 125 338 125 325 129 313 142 300 154 292 171 292 187 292 204 296 221 308 233L563 492 304 771C292 783 288 800 288 817 288 833 296 850 308 863 321 871 338 875 354 875 371 875 388 867 400 854L696 533Z\"><\/path><\/svg>\t\t\t\t\t\t<\/div>\n\t\t\t\t\t\t\t\t\t\t\t\t\t\t\t\t<div class=\"swiper-pagination\"><\/div>\n\t\t\t\t\t\t\t\t\t\t\t\t<\/div>\n\t\t\t\t<\/div>\n\t\t\t\t\t\t\t\t<\/div>\n\t\t\t\t<\/div>\n\t\t\t\t<div class=\"elementor-element elementor-element-f79e783 elementor-hidden-desktop elementor-hidden-tablet elementor--h-position-center elementor--v-position-middle elementor-arrows-position-inside elementor-pagination-position-inside elementor-widget elementor-widget-slides\" data-id=\"f79e783\" data-element_type=\"widget\" data-e-type=\"widget\" data-settings=\"{&quot;navigation&quot;:&quot;both&quot;,&quot;infinite&quot;:&quot;yes&quot;,&quot;transition&quot;:&quot;slide&quot;,&quot;transition_speed&quot;:500}\" data-widget_type=\"slides.default\">\n\t\t\t\t<div class=\"elementor-widget-container\">\n\t\t\t\t\t\t\t\t\t<div class=\"elementor-swiper\">\n\t\t\t\t\t<div class=\"elementor-slides-wrapper elementor-main-swiper swiper\" role=\"region\" aria-roledescription=\"carousel\" aria-label=\"Suwak\" dir=\"ltr\" data-animation=\"fadeInUp\">\n\t\t\t\t<div class=\"swiper-wrapper elementor-slides\">\n\t\t\t\t\t\t\t\t\t\t<div class=\"elementor-repeater-item-24aebfc swiper-slide\" role=\"group\" aria-roledescription=\"slide\"><div class=\"swiper-slide-bg\" role=\"img\" aria-label=\"Bardziej zr\u00f3wnowa\u017cone opakowania\"><\/div><div class=\"elementor-background-overlay\"><\/div><div class=\"swiper-slide-inner\" ><div class=\"swiper-slide-contents\"><div class=\"elementor-slide-heading\">Nowe opakowanie - zaprojektowane w spos\u00f3b zr\u00f3wnowa\u017cony<\/div><div class=\"elementor-slide-description\">Skupiamy si\u0119 na rozwi\u0105zaniach przyjaznych dla \u015brodowiska: Plastikowe wieszaki ust\u0119puj\u0105 miejsca kartonowym wersjom nadaj\u0105cym si\u0119 do recyklingu, a torebki foliowe s\u0105 ca\u0142kowicie wyeliminowane.\nZmieniamy r\u00f3wnie\u017c spos\u00f3b wysy\u0142ki - u\u017cywamy papieru zamiast konwencjonalnej ta\u015bmy klej\u0105cej, a pr\u00f3bki wysy\u0142amy bez plastiku.\n\nIndes Fuggerhaus stopniowo sprawia, \u017ce ca\u0142a gama jego produkt\u00f3w staje si\u0119 bardziej zr\u00f3wnowa\u017cona - dzi\u0119ki materia\u0142om pochodz\u0105cym z recyklingu, innowacyjnym rozwi\u0105zaniom opakowaniowym i jasnemu zobowi\u0105zaniu do odpowiedzialno\u015bci.\nrozwi\u0105zania opakowaniowe i jasne zobowi\u0105zanie do odpowiedzialno\u015bci.<\/div><\/div><\/div><\/div><div class=\"elementor-repeater-item-91a0139 swiper-slide\" role=\"group\" aria-roledescription=\"slide\"><div class=\"swiper-slide-bg\" role=\"img\" aria-label=\"Green Steps\"><\/div><div class=\"elementor-background-overlay\"><\/div><div class=\"swiper-slide-inner\" ><div class=\"swiper-slide-contents\"><div class=\"elementor-slide-heading\">Tkaniny dekoracyjne i zas\u0142ony<\/div><div class=\"elementor-slide-description\">Tkaniny dekoracyjne i zas\u0142ony\n\nPrz\u0119dze z recyklingu, certyfikowane w\u0142\u00f3kna naturalne, a w przysz\u0142o\u015bci materia\u0142y kompostowalne staj\u0105 si\u0119 coraz wa\u017cniejsze dla tkanin dekoracyjnych i zas\u0142on. Bran\u017ca jest wci\u0105\u017c w powijakach - jeste\u015bmy na bie\u017c\u0105co, promujemy innowacje i stale si\u0119 rozwijamy.<\/div><a href=\"https:\/\/indesfuggerhaus.de\/pl\/stoffbibliothek\/?wpf_filter_sondereigenschaften=nachhaltig&#038;wpf_fbv=1\" class=\"elementor-button elementor-slide-button elementor-size-md\">Kliknij tutaj, aby zapozna\u0107 si\u0119 z ofert\u0105 GreenSteps<\/a><\/div><\/div><\/div><div class=\"elementor-repeater-item-0c0150c swiper-slide\" role=\"group\" aria-roledescription=\"slide\"><div class=\"swiper-slide-bg\" role=\"img\" aria-label=\"Green Steps\"><\/div><div class=\"elementor-background-overlay\"><\/div><div class=\"swiper-slide-inner\" ><div class=\"swiper-slide-contents\"><div class=\"elementor-slide-heading\">Sunlife - Prywatno\u015b\u0107 i ochrona przeciws\u0142oneczna<\/div><div class=\"elementor-slide-description\">Tkaniny EvoTex i ReTex \u0142\u0105cz\u0105 w sobie stylow\u0105 funkcjonalno\u015b\u0107 z materia\u0142ami pochodz\u0105cymi z recyklingu, zmniejszaj\u0105c ilo\u015b\u0107 odpad\u00f3w i zwi\u0119kszaj\u0105c \u015bwiadomo\u015b\u0107 ekologiczn\u0105.<\/div><a href=\"https:\/\/indesfuggerhaus.de\/pl\/sunlife-neu\/\" class=\"elementor-button elementor-slide-button elementor-size-md\">Kliknij tutaj, aby przej\u015b\u0107 do Sunlife<\/a><\/div><\/div><\/div>\t\t\t\t<\/div>\n\t\t\t\t\t\t\t\t\t\t\t\t\t\t\t<div class=\"elementor-swiper-button elementor-swiper-button-prev\" role=\"button\" tabindex=\"0\" aria-label=\"Poprzedni slajd\">\n\t\t\t\t\t\t\t<svg aria-hidden=\"true\" class=\"e-font-icon-svg e-eicon-chevron-left\" viewbox=\"0 0 1000 1000\" xmlns=\"http:\/\/www.w3.org\/2000\/svg\"><path d=\"M646 125C629 125 613 133 604 142L308 442C296 454 292 471 292 487 292 504 296 521 308 533L604 854C617 867 629 875 646 875 663 875 679 871 692 858 704 846 713 829 713 812 713 796 708 779 692 767L438 487 692 225C700 217 708 204 708 187 708 171 704 154 692 142 675 129 663 125 646 125Z\"><\/path><\/svg>\t\t\t\t\t\t<\/div>\n\t\t\t\t\t\t<div class=\"elementor-swiper-button elementor-swiper-button-next\" role=\"button\" tabindex=\"0\" aria-label=\"Nast\u0119pny slajd\">\n\t\t\t\t\t\t\t<svg aria-hidden=\"true\" class=\"e-font-icon-svg e-eicon-chevron-right\" viewbox=\"0 0 1000 1000\" xmlns=\"http:\/\/www.w3.org\/2000\/svg\"><path d=\"M696 533C708 521 713 504 713 487 713 471 708 454 696 446L400 146C388 133 375 125 354 125 338 125 325 129 313 142 300 154 292 171 292 187 292 204 296 221 308 233L563 492 304 771C292 783 288 800 288 817 288 833 296 850 308 863 321 871 338 875 354 875 371 875 388 867 400 854L696 533Z\"><\/path><\/svg>\t\t\t\t\t\t<\/div>\n\t\t\t\t\t\t\t\t\t\t\t\t\t\t\t\t<div class=\"swiper-pagination\"><\/div>\n\t\t\t\t\t\t\t\t\t\t\t\t<\/div>\n\t\t\t\t<\/div>\n\t\t\t\t\t\t\t\t<\/div>\n\t\t\t\t<\/div>\n\t\t\t\t<\/div>\n\t\t\t\t\t<\/div>\n\t\t\t\t<\/div>\n\t\t<div class=\"elementor-element elementor-element-15c18d8 e-flex e-con-boxed e-con e-parent\" data-id=\"15c18d8\" data-element_type=\"container\" data-e-type=\"container\">\n\t\t\t\t\t<div class=\"e-con-inner\">\n\t\t<div class=\"elementor-element elementor-element-e711365 e-con-full e-flex e-con e-child\" data-id=\"e711365\" data-element_type=\"container\" data-e-type=\"container\">\n\t\t\t\t<\/div>\n\t\t\t\t\t<\/div>\n\t\t\t\t<\/div>\n\t\t<div class=\"elementor-element elementor-element-162ac31 e-flex e-con-boxed e-con e-parent\" data-id=\"162ac31\" data-element_type=\"container\" data-e-type=\"container\">\n\t\t\t\t\t<div class=\"e-con-inner\">\n\t\t\t\t<div class=\"elementor-element elementor-element-7364bdc elementor-widget elementor-widget-image\" data-id=\"7364bdc\" data-element_type=\"widget\" data-e-type=\"widget\" data-widget_type=\"image.default\">\n\t\t\t\t<div class=\"elementor-widget-container\">\n\t\t\t\t\t\t\t\t\t\t\t\t\t\t\t<img fetchpriority=\"high\" decoding=\"async\" width=\"800\" height=\"178\" src=\"https:\/\/indesfuggerhaus.de\/wp-content\/uploads\/2025\/06\/Greensteps-Banner-Globe-1024x228.png\" class=\"attachment-large size-large wp-image-23629\" alt=\"Green Steps\" srcset=\"https:\/\/indesfuggerhaus.de\/wp-content\/uploads\/2025\/06\/Greensteps-Banner-Globe-1024x228.png 1024w, https:\/\/indesfuggerhaus.de\/wp-content\/uploads\/2025\/06\/Greensteps-Banner-Globe-300x67.png 300w, https:\/\/indesfuggerhaus.de\/wp-content\/uploads\/2025\/06\/Greensteps-Banner-Globe-768x171.png 768w, https:\/\/indesfuggerhaus.de\/wp-content\/uploads\/2025\/06\/Greensteps-Banner-Globe-1536x341.png 1536w, https:\/\/indesfuggerhaus.de\/wp-content\/uploads\/2025\/06\/Greensteps-Banner-Globe-2048x455.png 2048w, https:\/\/indesfuggerhaus.de\/wp-content\/uploads\/2025\/06\/Greensteps-Banner-Globe-18x4.png 18w, https:\/\/indesfuggerhaus.de\/wp-content\/uploads\/2025\/06\/Greensteps-Banner-Globe-600x133.png 600w\" sizes=\"(max-width: 800px) 100vw, 800px\" \/>\t\t\t\t\t\t\t\t\t\t\t\t\t\t\t<\/div>\n\t\t\t\t<\/div>\n\t\t\t\t\t<\/div>\n\t\t\t\t<\/div>\n\t\t<div class=\"elementor-element elementor-element-a28a6e3 e-flex e-con-boxed e-con e-parent\" data-id=\"a28a6e3\" data-element_type=\"container\" data-e-type=\"container\">\n\t\t\t\t\t<div class=\"e-con-inner\">\n\t\t<div class=\"elementor-element elementor-element-f438c15 e-con-full e-flex e-con e-child\" data-id=\"f438c15\" data-element_type=\"container\" data-e-type=\"container\">\n\t\t\t\t<\/div>\n\t\t\t\t\t<\/div>\n\t\t\t\t<\/div>\n\t\t\t\t<\/div>","protected":false},"excerpt":{"rendered":"<p>Green Steps Nachhaltigkeit \u2013 Step by Step! Wir freuen uns, Ihnen einen Einblick in unseren dynamischen Weg zu mehr Nachhaltigkeit zu geben. In den kommenden Jahren werden viele Ver\u00e4nderungen auf uns zukommen, die dazu beitragen, unser Unternehmen und unsere Produkte umweltfreundlicher zu gestalten. Tauchen Sie ein in die Welt von \u201eGreen Steps\u201c und entdecken Sie, [&hellip;]<\/p>\n","protected":false},"author":2,"featured_media":0,"parent":0,"menu_order":0,"comment_status":"closed","ping_status":"closed","template":"","meta":{"footnotes":""},"class_list":["post-20091","page","type-page","status-publish","hentry"],"_links":{"self":[{"href":"https:\/\/indesfuggerhaus.de\/pl\/wp-json\/wp\/v2\/pages\/20091","targetHints":{"allow":["GET"]}}],"collection":[{"href":"https:\/\/indesfuggerhaus.de\/pl\/wp-json\/wp\/v2\/pages"}],"about":[{"href":"https:\/\/indesfuggerhaus.de\/pl\/wp-json\/wp\/v2\/types\/page"}],"author":[{"embeddable":true,"href":"https:\/\/indesfuggerhaus.de\/pl\/wp-json\/wp\/v2\/users\/2"}],"replies":[{"embeddable":true,"href":"https:\/\/indesfuggerhaus.de\/pl\/wp-json\/wp\/v2\/comments?post=20091"}],"version-history":[{"count":67,"href":"https:\/\/indesfuggerhaus.de\/pl\/wp-json\/wp\/v2\/pages\/20091\/revisions"}],"predecessor-version":[{"id":23664,"href":"https:\/\/indesfuggerhaus.de\/pl\/wp-json\/wp\/v2\/pages\/20091\/revisions\/23664"}],"wp:attachment":[{"href":"https:\/\/indesfuggerhaus.de\/pl\/wp-json\/wp\/v2\/media?parent=20091"}],"curies":[{"name":"wp","href":"https:\/\/api.w.org\/{rel}","templated":true}]}}