{"id":20216,"date":"2024-10-15T12:53:42","date_gmt":"2024-10-15T12:53:42","guid":{"rendered":"https:\/\/indesfuggerhaus.de\/?page_id=20216"},"modified":"2024-10-15T12:57:16","modified_gmt":"2024-10-15T12:57:16","slug":"elegance-of-art","status":"publish","type":"page","link":"https:\/\/indesfuggerhaus.de\/pl\/elegance-of-art\/","title":{"rendered":"Elegancja sztuki"},"content":{"rendered":"<div data-elementor-type=\"wp-page\" data-elementor-id=\"20216\" class=\"elementor elementor-20216\" data-elementor-post-type=\"page\">\n\t\t\t\t<div class=\"elementor-element elementor-element-b66f965 e-flex e-con-boxed e-con e-parent\" data-id=\"b66f965\" data-element_type=\"container\" data-e-type=\"container\">\n\t\t\t\t\t<div class=\"e-con-inner\">\n\t\t\t\t<div class=\"elementor-element elementor-element-125a201 elementor-widget elementor-widget-text-editor\" data-id=\"125a201\" data-element_type=\"widget\" data-e-type=\"widget\" data-widget_type=\"text-editor.default\">\n\t\t\t\t<div class=\"elementor-widget-container\">\n\t\t\t\t\t\t\t\t\t<h5 style=\"text-align: center;\">Artystyczny i wyrazisty - Elegance of Art<\/h5>\t\t\t\t\t\t\t\t<\/div>\n\t\t\t\t<\/div>\n\t\t\t\t\t<\/div>\n\t\t\t\t<\/div>\n\t\t<div class=\"elementor-element elementor-element-b493b1a e-flex e-con-boxed e-con e-parent\" data-id=\"b493b1a\" data-element_type=\"container\" data-e-type=\"container\">\n\t\t\t\t\t<div class=\"e-con-inner\">\n\t\t\t\t<div class=\"elementor-element elementor-element-a711b74 elementor-widget elementor-widget-text-editor\" data-id=\"a711b74\" data-element_type=\"widget\" data-e-type=\"widget\" data-widget_type=\"text-editor.default\">\n\t\t\t\t<div class=\"elementor-widget-container\">\n\t\t\t\t\t\t\t\t\t<p style=\"text-align: left;\">Nowa kolekcja Fuggerhaus jest zwiewna i wyrazista, z przyci\u0105gaj\u0105cymi wzrok kolorami i artystycznymi motywami. Niech tajemnicza elegancja zabierze Ci\u0119 w ekscytuj\u0105c\u0105 przygod\u0119 z tkaninami. Artystyczne i wyraziste nadruki na p\u00f3\u0142przezroczystych zas\u0142onach z kwiatowymi lub graficznymi wzorami kontrastuj\u0105 zar\u00f3wno w wyborze motyw\u00f3w, jak i w dw\u00f3ch wersjach kolorystycznych. Jasno-ciemny kontrast tworzy napi\u0119cie, a jednocze\u015bnie zar\u00f3wno dominuj\u0105ce, jak i subtelne kolory \u0142\u0105cz\u0105 si\u0119, tworz\u0105c harmonijny og\u00f3lny wygl\u0105d. Cztery r\u00f3\u017cne motywy nadruk\u00f3w s\u0105 p\u00f3\u0142przezroczyste i mi\u0119kko uk\u0142adaj\u0105 si\u0119 na wysoko\u015bci ok. 300 cm, a ka\u017cdy z nich oferuje dwa r\u00f3\u017cne kolory.<\/p><p style=\"text-align: left;\"><br \/>Artyku\u0142 Trapez charakteryzuje si\u0119 graficznymi liniami w ciemnych i ja\u015bniejszych kolorach. Pod\u0142u\u017cne paski w stylu akwareli z artystycznym gradientem zdobi\u0105 artyku\u0142 Galvano w dw\u00f3ch mocnych kolorach. Artystycznie naszkicowane okr\u0119gi prze\u0142amuj\u0105 motywy graficzne i zdobi\u0105 model Crossing w bardziej naturalnej kolorystyce, podczas gdy model Sidero przyci\u0105ga uwag\u0119 dzikim deszczem li\u015bci. Nadruki s\u0105 uzupe\u0142nione trzema eleganckimi wypaleniami w cudownie dopasowanych kolorach, kt\u00f3re nadaj\u0105 kolekcji niezb\u0119dnej elegancji i spokoju.<br \/>Niezale\u017cnie od tego, czy okna otacza szorstka faktura Pikot, wysoka przezroczysto\u015b\u0107 Crossout, czy delikatna w dotyku draperia Labonne burnout, ciesz si\u0119 ich blaskiem i elegancj\u0105 wszystkimi zmys\u0142ami. Kolekcj\u0119 uzupe\u0142nia mi\u0119kko uk\u0142adaj\u0105ca si\u0119, p\u00f3\u0142przezroczysta tkanina g\u0142adka o zawarto\u015bci lnu 20% i wysoko\u015bci ok. 320 cm. Dzi\u0119ki palecie 35 odcieni, Linaya ma co\u015b dla ka\u017cdego gustu i \u0142atwo wtapia si\u0119 w pomieszczenie, zar\u00f3wno samodzielnie, jak i jako dyskretny towarzysz.<br \/>Stw\u00f3rz sw\u00f3j w\u0142asny azyl i ciesz si\u0119 now\u0105 kolekcj\u0105 od Fuggerhaus: Elegance of Art<\/p>\t\t\t\t\t\t\t\t<\/div>\n\t\t\t\t<\/div>\n\t\t\t\t\t<\/div>\n\t\t\t\t<\/div>\n\t\t<div class=\"elementor-element elementor-element-d58169a e-flex e-con-boxed e-con e-parent\" data-id=\"d58169a\" data-element_type=\"container\" data-e-type=\"container\">\n\t\t\t\t\t<div class=\"e-con-inner\">\n\t\t\t\t<div class=\"elementor-element elementor-element-d9c8b3c elementor-skin-carousel elementor-arrows-yes elementor-pagination-type-bullets elementor-pagination-position-outside elementor-widget elementor-widget-media-carousel\" data-id=\"d9c8b3c\" data-element_type=\"widget\" data-e-type=\"widget\" data-settings=\"{&quot;skin&quot;:&quot;carousel&quot;,&quot;effect&quot;:&quot;slide&quot;,&quot;show_arrows&quot;:&quot;yes&quot;,&quot;pagination&quot;:&quot;bullets&quot;,&quot;speed&quot;:500,&quot;autoplay&quot;:&quot;yes&quot;,&quot;autoplay_speed&quot;:5000,&quot;loop&quot;:&quot;yes&quot;,&quot;pause_on_hover&quot;:&quot;yes&quot;,&quot;pause_on_interaction&quot;:&quot;yes&quot;,&quot;space_between&quot;:{&quot;unit&quot;:&quot;px&quot;,&quot;size&quot;:10,&quot;sizes&quot;:[]},&quot;space_between_tablet&quot;:{&quot;unit&quot;:&quot;px&quot;,&quot;size&quot;:10,&quot;sizes&quot;:[]},&quot;space_between_mobile&quot;:{&quot;unit&quot;:&quot;px&quot;,&quot;size&quot;:10,&quot;sizes&quot;:[]}}\" data-widget_type=\"media-carousel.default\">\n\t\t\t\t<div class=\"elementor-widget-container\">\n\t\t\t\t\t\t\t\t\t<div class=\"elementor-swiper\">\n\t\t\t\t\t<div class=\"elementor-main-swiper swiper\" role=\"region\" aria-roledescription=\"carousel\" aria-label=\"Suwak\">\n\t\t\t\t<div class=\"swiper-wrapper\">\n\t\t\t\t\t\t\t\t\t\t\t<div class=\"swiper-slide\" role=\"group\" aria-roledescription=\"slide\">\n\t\t\t\t\t\t\t\t\t<div class=\"elementor-carousel-image\" role=\"img\" aria-label=\"Wyk-FR 7334-16 Elegancja sztuki\" style=\"background-image: url(&#039;https:\/\/indesfuggerhaus.de\/wp-content\/uploads\/2024\/10\/Wyk-FR_7334-16.jpg&#039;)\">\n\n\t\t\t\n\t\t\t\t\t<\/div>\n\t\t\t\t\t\t\t\t<\/div>\n\t\t\t\t\t\t\t\t\t\t\t<div class=\"swiper-slide\" role=\"group\" aria-roledescription=\"slide\">\n\t\t\t\t\t\t\t\t\t<div class=\"elementor-carousel-image\" role=\"img\" aria-label=\"Labonne_7325\" style=\"background-image: url(&#039;https:\/\/indesfuggerhaus.de\/wp-content\/uploads\/2024\/10\/2Labonne_7325.jpg&#039;)\">\n\n\t\t\t\n\t\t\t\t\t<\/div>\n\t\t\t\t\t\t\t\t<\/div>\n\t\t\t\t\t\t\t\t\t\t\t<div class=\"swiper-slide\" role=\"group\" aria-roledescription=\"slide\">\n\t\t\t\t\t\t\t\t\t<div class=\"elementor-carousel-image\" role=\"img\" aria-label=\"Sidero_7328-22\" style=\"background-image: url(&#039;https:\/\/indesfuggerhaus.de\/wp-content\/uploads\/2024\/10\/6Sidero_7328-22.jpg&#039;)\">\n\n\t\t\t\n\t\t\t\t\t<\/div>\n\t\t\t\t\t\t\t\t<\/div>\n\t\t\t\t\t\t\t\t\t\t\t<div class=\"swiper-slide\" role=\"group\" aria-roledescription=\"slide\">\n\t\t\t\t\t\t\t\t\t<div class=\"elementor-carousel-image\" role=\"img\" aria-label=\"Trapez_7329-21_detail\" style=\"background-image: url(&#039;https:\/\/indesfuggerhaus.de\/wp-content\/uploads\/2024\/10\/Trapez_7329-21_detail.jpg&#039;)\">\n\n\t\t\t\n\t\t\t\t\t<\/div>\n\t\t\t\t\t\t\t\t<\/div>\n\t\t\t\t\t\t\t\t\t\t\t<div class=\"swiper-slide\" role=\"group\" aria-roledescription=\"slide\">\n\t\t\t\t\t\t\t\t\t<div class=\"elementor-carousel-image\" role=\"img\" aria-label=\"Sidero_7328-22\" style=\"background-image: url(&#039;https:\/\/indesfuggerhaus.de\/wp-content\/uploads\/2024\/10\/1Sidero_7328-22.jpg&#039;)\">\n\n\t\t\t\n\t\t\t\t\t<\/div>\n\t\t\t\t\t\t\t\t<\/div>\n\t\t\t\t\t\t\t\t\t\t\t<div class=\"swiper-slide\" role=\"group\" aria-roledescription=\"slide\">\n\t\t\t\t\t\t\t\t\t<div class=\"elementor-carousel-image\" role=\"img\" aria-label=\"Linaya_7320\" style=\"background-image: url(&#039;https:\/\/indesfuggerhaus.de\/wp-content\/uploads\/2024\/10\/2Linaya_7320.jpg&#039;)\">\n\n\t\t\t\n\t\t\t\t\t<\/div>\n\t\t\t\t\t\t\t\t<\/div>\n\t\t\t\t\t\t\t\t\t\t\t<div class=\"swiper-slide\" role=\"group\" aria-roledescription=\"slide\">\n\t\t\t\t\t\t\t\t\t<div class=\"elementor-carousel-image\" role=\"img\" aria-label=\"Galvano 7327-23 Elegancja sztuki\" style=\"background-image: url(&#039;https:\/\/indesfuggerhaus.de\/wp-content\/uploads\/2024\/10\/3Galvano_7327-23.jpg&#039;)\">\n\n\t\t\t\n\t\t\t\t\t<\/div>\n\t\t\t\t\t\t\t\t<\/div>\n\t\t\t\t\t\t\t\t\t\t\t<div class=\"swiper-slide\" role=\"group\" aria-roledescription=\"slide\">\n\t\t\t\t\t\t\t\t\t<div class=\"elementor-carousel-image\" role=\"img\" aria-label=\"Crossing_7326-24_detail\" style=\"background-image: url(&#039;https:\/\/indesfuggerhaus.de\/wp-content\/uploads\/2024\/10\/Crossing_7326-24_detail.jpg&#039;)\">\n\n\t\t\t\n\t\t\t\t\t<\/div>\n\t\t\t\t\t\t\t\t<\/div>\n\t\t\t\t\t\t\t\t\t\t\t<div class=\"swiper-slide\" role=\"group\" aria-roledescription=\"slide\">\n\t\t\t\t\t\t\t\t\t<div class=\"elementor-carousel-image\" role=\"img\" aria-label=\"Elegancja sztuki 7326-24\" style=\"background-image: url(&#039;https:\/\/indesfuggerhaus.de\/wp-content\/uploads\/2024\/10\/5Crossing_7326-24.jpg&#039;)\">\n\n\t\t\t\n\t\t\t\t\t<\/div>\n\t\t\t\t\t\t\t\t<\/div>\n\t\t\t\t\t\t\t\t\t\t\t<div class=\"swiper-slide\" role=\"group\" aria-roledescription=\"slide\">\n\t\t\t\t\t\t\t\t\t<div class=\"elementor-carousel-image\" role=\"img\" aria-label=\"Elegancja sztuki\" style=\"background-image: url(&#039;https:\/\/indesfuggerhaus.de\/wp-content\/uploads\/2024\/10\/4Pikot_7324-19.jpg&#039;)\">\n\n\t\t\t\n\t\t\t\t\t<\/div>\n\t\t\t\t\t\t\t\t<\/div>\n\t\t\t\t\t\t\t\t\t<\/div>\n\t\t\t\t\t\t\t\t\t\t\t\t\t\t\t<div class=\"elementor-swiper-button elementor-swiper-button-prev\" role=\"button\" tabindex=\"0\" aria-label=\"Poprzedni\">\n\t\t\t\t\t\t\t<svg aria-hidden=\"true\" class=\"e-font-icon-svg e-eicon-chevron-left\" viewbox=\"0 0 1000 1000\" xmlns=\"http:\/\/www.w3.org\/2000\/svg\"><path d=\"M646 125C629 125 613 133 604 142L308 442C296 454 292 471 292 487 292 504 296 521 308 533L604 854C617 867 629 875 646 875 663 875 679 871 692 858 704 846 713 829 713 812 713 796 708 779 692 767L438 487 692 225C700 217 708 204 708 187 708 171 704 154 692 142 675 129 663 125 646 125Z\"><\/path><\/svg>\t\t\t\t\t\t<\/div>\n\t\t\t\t\t\t<div class=\"elementor-swiper-button elementor-swiper-button-next\" role=\"button\" tabindex=\"0\" aria-label=\"Nast\u0119pny\">\n\t\t\t\t\t\t\t<svg aria-hidden=\"true\" class=\"e-font-icon-svg e-eicon-chevron-right\" viewbox=\"0 0 1000 1000\" xmlns=\"http:\/\/www.w3.org\/2000\/svg\"><path d=\"M696 533C708 521 713 504 713 487 713 471 708 454 696 446L400 146C388 133 375 125 354 125 338 125 325 129 313 142 300 154 292 171 292 187 292 204 296 221 308 233L563 492 304 771C292 783 288 800 288 817 288 833 296 850 308 863 321 871 338 875 354 875 371 875 388 867 400 854L696 533Z\"><\/path><\/svg>\t\t\t\t\t\t<\/div>\n\t\t\t\t\t\t\t\t\t\t\t\t\t\t\t\t<div class=\"swiper-pagination\"><\/div>\n\t\t\t\t\t\t\t\t\t\t\t\t<\/div>\n\t\t\t\t<\/div>\n\t\t\t\t\t\t\t\t<\/div>\n\t\t\t\t<\/div>\n\t\t\t\t\t<\/div>\n\t\t\t\t<\/div>\n\t\t\t\t<\/div>","protected":false},"excerpt":{"rendered":"<p>Kunstvoll und ausdrucksstark &#8211;\u00a0 Elegance of Art Die neue Kollektion von Fuggerhaus pr\u00e4sentiert sich luftig und ausdrucksstark, mit auff\u00e4lligen Farben und kunstvollen Motiven. Lassen Sie sich von der geheimnisvollen Eleganz in ein aufregendes Stoffabenteuer entfu\u0308hren. Kunstvolle und ausdrucksstarke Drucke auf halbtransparentem Store mit floralem oder grafischem Dessin stehen im Kontrast, sowohl bei der Motivwahl als [&hellip;]<\/p>\n","protected":false},"author":2,"featured_media":0,"parent":0,"menu_order":0,"comment_status":"closed","ping_status":"closed","template":"","meta":{"footnotes":""},"class_list":["post-20216","page","type-page","status-publish","hentry"],"_links":{"self":[{"href":"https:\/\/indesfuggerhaus.de\/pl\/wp-json\/wp\/v2\/pages\/20216","targetHints":{"allow":["GET"]}}],"collection":[{"href":"https:\/\/indesfuggerhaus.de\/pl\/wp-json\/wp\/v2\/pages"}],"about":[{"href":"https:\/\/indesfuggerhaus.de\/pl\/wp-json\/wp\/v2\/types\/page"}],"author":[{"embeddable":true,"href":"https:\/\/indesfuggerhaus.de\/pl\/wp-json\/wp\/v2\/users\/2"}],"replies":[{"embeddable":true,"href":"https:\/\/indesfuggerhaus.de\/pl\/wp-json\/wp\/v2\/comments?post=20216"}],"version-history":[{"count":4,"href":"https:\/\/indesfuggerhaus.de\/pl\/wp-json\/wp\/v2\/pages\/20216\/revisions"}],"predecessor-version":[{"id":20231,"href":"https:\/\/indesfuggerhaus.de\/pl\/wp-json\/wp\/v2\/pages\/20216\/revisions\/20231"}],"wp:attachment":[{"href":"https:\/\/indesfuggerhaus.de\/pl\/wp-json\/wp\/v2\/media?parent=20216"}],"curies":[{"name":"wp","href":"https:\/\/api.w.org\/{rel}","templated":true}]}}