{"id":20268,"date":"2024-10-15T14:02:23","date_gmt":"2024-10-15T14:02:23","guid":{"rendered":"https:\/\/indesfuggerhaus.de\/?page_id=20268"},"modified":"2024-10-15T14:05:40","modified_gmt":"2024-10-15T14:05:40","slug":"optimum","status":"publish","type":"page","link":"https:\/\/indesfuggerhaus.de\/pl\/optimum\/","title":{"rendered":"Optimum"},"content":{"rendered":"<div data-elementor-type=\"wp-page\" data-elementor-id=\"20268\" class=\"elementor elementor-20268\" data-elementor-post-type=\"page\">\n\t\t\t\t<div class=\"elementor-element elementor-element-bf81a50 e-flex e-con-boxed e-con e-parent\" data-id=\"bf81a50\" data-element_type=\"container\" data-e-type=\"container\">\n\t\t\t\t\t<div class=\"e-con-inner\">\n\t\t\t\t<div class=\"elementor-element elementor-element-300eaec elementor-widget elementor-widget-text-editor\" data-id=\"300eaec\" data-element_type=\"widget\" data-e-type=\"widget\" data-widget_type=\"text-editor.default\">\n\t\t\t\t<div class=\"elementor-widget-container\">\n\t\t\t\t\t\t\t\t\t<h5 style=\"text-align: center;\">\u017bycie ze wszystkimi zaletami<\/h5>\t\t\t\t\t\t\t\t<\/div>\n\t\t\t\t<\/div>\n\t\t\t\t\t<\/div>\n\t\t\t\t<\/div>\n\t\t<div class=\"elementor-element elementor-element-5683e71 e-flex e-con-boxed e-con e-parent\" data-id=\"5683e71\" data-element_type=\"container\" data-e-type=\"container\">\n\t\t\t\t\t<div class=\"e-con-inner\">\n\t\t\t\t<div class=\"elementor-element elementor-element-7874fac elementor-widget elementor-widget-text-editor\" data-id=\"7874fac\" data-element_type=\"widget\" data-e-type=\"widget\" data-widget_type=\"text-editor.default\">\n\t\t\t\t<div class=\"elementor-widget-container\">\n\t\t\t\t\t\t\t\t\t<p class=\"bodytext\">Graficzne, nowoczesne lub neobarokowe wzory - kolekcja Fuggerhaus \u201eOptimum\u201c wzbogaca przestrzenie mieszkalne o ponadczasow\u0105 elegancj\u0119. Lekkie, przezroczyste tkaniny, wyrafinowane geometryczne wzory i klasyczne ornamenty zach\u0119caj\u0105 do kreatywnych kombinacji. Wzajemne oddzia\u0142ywanie tworzy wyj\u0105tkowe wra\u017cenia przestrzenne. Zwiewne, przezroczyste tkaniny Scherlies z \u0142atwo\u015bci\u0105 poruszaj\u0105 si\u0119 wok\u00f3\u0142 okna i \u015bwietnie wygl\u0105daj\u0105 w po\u0142\u0105czeniu z nowoczesnymi geometrycznymi dekoracjami.<\/p><p class=\"bodytext\">W tej samej koncepcji kolorystycznej, klasyczne motywy s\u0105 wygodne na sofie, a tkaniny o grubej melan\u017cowej fakturze mog\u0105 by\u0107 nawet u\u017cywane jako tapicerka. Struktury przypominaj\u0105ce siatk\u0119 z b\u0142yszcz\u0105c\u0105 prz\u0119dz\u0105 dodaj\u0105 wyko\u0144czenia pomieszczeniu - poniewa\u017c tkanina z brokatowym akcentem po prostu \u015bwietnie prezentuje si\u0119 w ka\u017cdym pomieszczeniu. Pokoje przekszta\u0142caj\u0105 si\u0119 w s\u0142oneczne miejsca, kt\u00f3re \u0142\u0105cz\u0105 elegancj\u0119 z nowoczesnym stylem \u017cycia. Przytulny charakter \u017cycia jest zawsze na pierwszym planie. Je\u015bli chodzi o kolorystyk\u0119, wszechstronne tkaniny s\u0105 idealnie zgodne z trendami dzi\u0119ki ciep\u0142ym pastelowym odcieniom mi\u0119ty, r\u00f3\u017cu, zieleni i pomara\u0144czy.<\/p>\t\t\t\t\t\t\t\t<\/div>\n\t\t\t\t<\/div>\n\t\t\t\t\t<\/div>\n\t\t\t\t<\/div>\n\t\t<div class=\"elementor-element elementor-element-45e5fd4 e-flex e-con-boxed e-con e-parent\" data-id=\"45e5fd4\" data-element_type=\"container\" data-e-type=\"container\">\n\t\t\t\t\t<div class=\"e-con-inner\">\n\t\t\t\t<div class=\"elementor-element elementor-element-64d7449 elementor-skin-carousel elementor-arrows-yes elementor-pagination-type-bullets elementor-pagination-position-outside elementor-widget elementor-widget-media-carousel\" data-id=\"64d7449\" data-element_type=\"widget\" data-e-type=\"widget\" data-settings=\"{&quot;skin&quot;:&quot;carousel&quot;,&quot;effect&quot;:&quot;slide&quot;,&quot;show_arrows&quot;:&quot;yes&quot;,&quot;pagination&quot;:&quot;bullets&quot;,&quot;speed&quot;:500,&quot;autoplay&quot;:&quot;yes&quot;,&quot;autoplay_speed&quot;:5000,&quot;loop&quot;:&quot;yes&quot;,&quot;pause_on_hover&quot;:&quot;yes&quot;,&quot;pause_on_interaction&quot;:&quot;yes&quot;,&quot;space_between&quot;:{&quot;unit&quot;:&quot;px&quot;,&quot;size&quot;:10,&quot;sizes&quot;:[]},&quot;space_between_tablet&quot;:{&quot;unit&quot;:&quot;px&quot;,&quot;size&quot;:10,&quot;sizes&quot;:[]},&quot;space_between_mobile&quot;:{&quot;unit&quot;:&quot;px&quot;,&quot;size&quot;:10,&quot;sizes&quot;:[]}}\" data-widget_type=\"media-carousel.default\">\n\t\t\t\t<div class=\"elementor-widget-container\">\n\t\t\t\t\t\t\t\t\t<div class=\"elementor-swiper\">\n\t\t\t\t\t<div class=\"elementor-main-swiper swiper\" role=\"region\" aria-roledescription=\"carousel\" aria-label=\"Slajdy\">\n\t\t\t\t<div class=\"swiper-wrapper\">\n\t\t\t\t\t\t\t\t\t\t\t<div class=\"swiper-slide\" role=\"group\" aria-roledescription=\"slide\">\n\t\t\t\t\t\t\t\t\t<div class=\"elementor-carousel-image\" role=\"img\" aria-label=\"Ouzo_2547-99_Chartreuse 2548-29_Teal+Obay_2552-77_River\" style=\"background-image: url(&#039;https:\/\/indesfuggerhaus.de\/wp-content\/uploads\/2024\/10\/Ouzo_2547-99_Chartreuse2548-29_TealObay_2552-77_River-3.jpg&#039;)\">\n\n\t\t\t\n\t\t\t\t\t<\/div>\n\t\t\t\t\t\t\t\t<\/div>\n\t\t\t\t\t\t\t\t\t\t\t<div class=\"swiper-slide\" role=\"group\" aria-roledescription=\"slide\">\n\t\t\t\t\t\t\t\t\t<div class=\"elementor-carousel-image\" role=\"img\" aria-label=\"Ouzo_2547-99_Chazreuse_ + Ossimi_2550-48_Aqua 2551-09_Mandarin\" style=\"background-image: url(&#039;https:\/\/indesfuggerhaus.de\/wp-content\/uploads\/2024\/10\/Ouzo_2547-99_Chazreuse_Ossimi_2550-48_Aqua2551-09_Mandarin-1.jpg&#039;)\">\n\n\t\t\t\n\t\t\t\t\t<\/div>\n\t\t\t\t\t\t\t\t<\/div>\n\t\t\t\t\t\t\t\t\t\t\t<div class=\"swiper-slide\" role=\"group\" aria-roledescription=\"slide\">\n\t\t\t\t\t\t\t\t\t<div class=\"elementor-carousel-image\" role=\"img\" aria-label=\"Ouzo_2547-99_Chartreuse\" style=\"background-image: url(&#039;https:\/\/indesfuggerhaus.de\/wp-content\/uploads\/2024\/10\/Ouzo_2547-99_Chartreuse.jpg&#039;)\">\n\n\t\t\t\n\t\t\t\t\t<\/div>\n\t\t\t\t\t\t\t\t<\/div>\n\t\t\t\t\t\t\t\t\t\t\t<div class=\"swiper-slide\" role=\"group\" aria-roledescription=\"slide\">\n\t\t\t\t\t\t\t\t\t<div class=\"elementor-carousel-image\" role=\"img\" aria-label=\"Ossimi_2550-79_Bamboo+Oracle_2546-21_Rose\" style=\"background-image: url(&#039;https:\/\/indesfuggerhaus.de\/wp-content\/uploads\/2024\/10\/Ossimi_2550-79_BambooOracle_2546-21_Rose-3.jpg&#039;)\">\n\n\t\t\t\n\t\t\t\t\t<\/div>\n\t\t\t\t\t\t\t\t<\/div>\n\t\t\t\t\t\t\t\t\t\t\t<div class=\"swiper-slide\" role=\"group\" aria-roledescription=\"slide\">\n\t\t\t\t\t\t\t\t\t<div class=\"elementor-carousel-image\" role=\"img\" aria-label=\"Ossimi_2549-97_Thunder+2549-73_Cement\" style=\"background-image: url(&#039;https:\/\/indesfuggerhaus.de\/wp-content\/uploads\/2024\/10\/Ossimi_2549-97_Thunder2549-73_Cement-1.jpg&#039;)\">\n\n\t\t\t\n\t\t\t\t\t<\/div>\n\t\t\t\t\t\t\t\t<\/div>\n\t\t\t\t\t\t\t\t\t\t\t<div class=\"swiper-slide\" role=\"group\" aria-roledescription=\"slide\">\n\t\t\t\t\t\t\t\t\t<div class=\"elementor-carousel-image\" role=\"img\" aria-label=\"Objet_2539-14_Teal+Odeaon_2556-97_Teal\" style=\"background-image: url(&#039;https:\/\/indesfuggerhaus.de\/wp-content\/uploads\/2024\/10\/Objet_2539-14_TealOdeaon_2556-97_Teal.jpg&#039;)\">\n\n\t\t\t\n\t\t\t\t\t<\/div>\n\t\t\t\t\t\t\t\t<\/div>\n\t\t\t\t\t\t\t\t\t\t\t<div class=\"swiper-slide\" role=\"group\" aria-roledescription=\"slide\">\n\t\t\t\t\t\t\t\t\t<div class=\"elementor-carousel-image\" role=\"img\" aria-label=\"Odeon_2557-10_Aqua\" style=\"background-image: url(&#039;https:\/\/indesfuggerhaus.de\/wp-content\/uploads\/2024\/10\/Odeon_2557-10_Aqua.jpg&#039;)\">\n\n\t\t\t\n\t\t\t\t\t<\/div>\n\t\t\t\t\t\t\t\t<\/div>\n\t\t\t\t\t\t\t\t\t\t\t<div class=\"swiper-slide\" role=\"group\" aria-roledescription=\"slide\">\n\t\t\t\t\t\t\t\t\t<div class=\"elementor-carousel-image\" role=\"img\" aria-label=\"Opulent_2558-71_Navy + Odeon_2557-10_Aqua\" style=\"background-image: url(&#039;https:\/\/indesfuggerhaus.de\/wp-content\/uploads\/2024\/10\/Opulent_2558-71_NavyOdeon_2557-10_Aqua.jpg&#039;)\">\n\n\t\t\t\n\t\t\t\t\t<\/div>\n\t\t\t\t\t\t\t\t<\/div>\n\t\t\t\t\t\t\t\t\t\t\t<div class=\"swiper-slide\" role=\"group\" aria-roledescription=\"slide\">\n\t\t\t\t\t\t\t\t\t<div class=\"elementor-carousel-image\" role=\"img\" aria-label=\"Odeon_2556-73_Iron\" style=\"background-image: url(&#039;https:\/\/indesfuggerhaus.de\/wp-content\/uploads\/2024\/10\/Odeon_2556-73_Iron-1.jpg&#039;)\">\n\n\t\t\t\n\t\t\t\t\t<\/div>\n\t\t\t\t\t\t\t\t<\/div>\n\t\t\t\t\t\t\t\t\t\t\t<div class=\"swiper-slide\" role=\"group\" aria-roledescription=\"slide\">\n\t\t\t\t\t\t\t\t\t<div class=\"elementor-carousel-image\" role=\"img\" aria-label=\"Opulent_2558-57_Cadet\" style=\"background-image: url(&#039;https:\/\/indesfuggerhaus.de\/wp-content\/uploads\/2024\/10\/Opulent_2558-57_Cadet-4.jpg&#039;)\">\n\n\t\t\t\n\t\t\t\t\t<\/div>\n\t\t\t\t\t\t\t\t<\/div>\n\t\t\t\t\t\t\t\t\t\t\t<div class=\"swiper-slide\" role=\"group\" aria-roledescription=\"slide\">\n\t\t\t\t\t\t\t\t\t<div class=\"elementor-carousel-image\" role=\"img\" aria-label=\"Opulent_2558-71_Navy + 2558-33_Silver\" style=\"background-image: url(&#039;https:\/\/indesfuggerhaus.de\/wp-content\/uploads\/2024\/10\/Opulent_2558-71_Navy2558-33_Silver-2.jpg&#039;)\">\n\n\t\t\t\n\t\t\t\t\t<\/div>\n\t\t\t\t\t\t\t\t<\/div>\n\t\t\t\t\t\t\t\t\t\t\t<div class=\"swiper-slide\" role=\"group\" aria-roledescription=\"slide\">\n\t\t\t\t\t\t\t\t\t<div class=\"elementor-carousel-image\" role=\"img\" aria-label=\"Obduce_2537-09_Terra+Ombre_2535-56_Copper+Odeon_2557-41_Sienna\" style=\"background-image: url(&#039;https:\/\/indesfuggerhaus.de\/wp-content\/uploads\/2024\/10\/Obduce_2537-09_TerraOmbre_2535-56_CopperOdeon_2557-41_Sienna.jpg&#039;)\">\n\n\t\t\t\n\t\t\t\t\t<\/div>\n\t\t\t\t\t\t\t\t<\/div>\n\t\t\t\t\t\t\t\t\t\t\t<div class=\"swiper-slide\" role=\"group\" aria-roledescription=\"slide\">\n\t\t\t\t\t\t\t\t\t<div class=\"elementor-carousel-image\" role=\"img\" aria-label=\"Odin+ Orb\" style=\"background-image: url(&#039;https:\/\/indesfuggerhaus.de\/wp-content\/uploads\/2024\/10\/Odin_2529-55_NavyOrb_2528-56_Night-1.jpg&#039;)\">\n\n\t\t\t\n\t\t\t\t\t<\/div>\n\t\t\t\t\t\t\t\t<\/div>\n\t\t\t\t\t\t\t\t\t<\/div>\n\t\t\t\t\t\t\t\t\t\t\t\t\t\t\t<div class=\"elementor-swiper-button elementor-swiper-button-prev\" role=\"button\" tabindex=\"0\" aria-label=\"Poprzedni\" data-no-translation-aria-label=\"\">\n\t\t\t\t\t\t\t<svg aria-hidden=\"true\" class=\"e-font-icon-svg e-eicon-chevron-left\" viewbox=\"0 0 1000 1000\" xmlns=\"http:\/\/www.w3.org\/2000\/svg\"><path d=\"M646 125C629 125 613 133 604 142L308 442C296 454 292 471 292 487 292 504 296 521 308 533L604 854C617 867 629 875 646 875 663 875 679 871 692 858 704 846 713 829 713 812 713 796 708 779 692 767L438 487 692 225C700 217 708 204 708 187 708 171 704 154 692 142 675 129 663 125 646 125Z\"><\/path><\/svg>\t\t\t\t\t\t<\/div>\n\t\t\t\t\t\t<div class=\"elementor-swiper-button elementor-swiper-button-next\" role=\"button\" tabindex=\"0\" aria-label=\"Nast\u0119pny\" data-no-translation-aria-label=\"\">\n\t\t\t\t\t\t\t<svg aria-hidden=\"true\" class=\"e-font-icon-svg e-eicon-chevron-right\" viewbox=\"0 0 1000 1000\" xmlns=\"http:\/\/www.w3.org\/2000\/svg\"><path d=\"M696 533C708 521 713 504 713 487 713 471 708 454 696 446L400 146C388 133 375 125 354 125 338 125 325 129 313 142 300 154 292 171 292 187 292 204 296 221 308 233L563 492 304 771C292 783 288 800 288 817 288 833 296 850 308 863 321 871 338 875 354 875 371 875 388 867 400 854L696 533Z\"><\/path><\/svg>\t\t\t\t\t\t<\/div>\n\t\t\t\t\t\t\t\t\t\t\t\t\t\t\t\t<div class=\"swiper-pagination\"><\/div>\n\t\t\t\t\t\t\t\t\t\t\t\t<\/div>\n\t\t\t\t<\/div>\n\t\t\t\t\t\t\t\t<\/div>\n\t\t\t\t<\/div>\n\t\t\t\t\t<\/div>\n\t\t\t\t<\/div>\n\t\t\t\t<\/div>","protected":false},"excerpt":{"rendered":"<p>Leben mit allen Vorz\u00fcgen Ob grafisch, modern oder neobarocke Muster \u2013 die Fuggerhaus Kollektion \u201eOptimum\u201c bereichert Wohnr\u00e4ume mit zeitloser Eleganz. Leichte transparente Stoffe sowie raffinierte geometrische Dessins und klassische Ornamente laden zum kreativen Kombinieren ein. Dabei ergibt das Zusammenspiel ein einzigartiges Raumerlebnis. Luftig transparente Scherlies bewegen sich leicht am Fenster und geben neben geometrisch modernen [&hellip;]<\/p>\n","protected":false},"author":2,"featured_media":0,"parent":0,"menu_order":0,"comment_status":"closed","ping_status":"closed","template":"","meta":{"footnotes":""},"class_list":["post-20268","page","type-page","status-publish","hentry"],"_links":{"self":[{"href":"https:\/\/indesfuggerhaus.de\/pl\/wp-json\/wp\/v2\/pages\/20268","targetHints":{"allow":["GET"]}}],"collection":[{"href":"https:\/\/indesfuggerhaus.de\/pl\/wp-json\/wp\/v2\/pages"}],"about":[{"href":"https:\/\/indesfuggerhaus.de\/pl\/wp-json\/wp\/v2\/types\/page"}],"author":[{"embeddable":true,"href":"https:\/\/indesfuggerhaus.de\/pl\/wp-json\/wp\/v2\/users\/2"}],"replies":[{"embeddable":true,"href":"https:\/\/indesfuggerhaus.de\/pl\/wp-json\/wp\/v2\/comments?post=20268"}],"version-history":[{"count":4,"href":"https:\/\/indesfuggerhaus.de\/pl\/wp-json\/wp\/v2\/pages\/20268\/revisions"}],"predecessor-version":[{"id":20286,"href":"https:\/\/indesfuggerhaus.de\/pl\/wp-json\/wp\/v2\/pages\/20268\/revisions\/20286"}],"wp:attachment":[{"href":"https:\/\/indesfuggerhaus.de\/pl\/wp-json\/wp\/v2\/media?parent=20268"}],"curies":[{"name":"wp","href":"https:\/\/api.w.org\/{rel}","templated":true}]}}