{"id":21143,"date":"2024-11-15T19:09:13","date_gmt":"2024-11-15T19:09:13","guid":{"rendered":"https:\/\/indesfuggerhaus.de\/?page_id=21143"},"modified":"2024-11-15T19:22:20","modified_gmt":"2024-11-15T19:22:20","slug":"archiv-bildmaterial","status":"publish","type":"page","link":"https:\/\/indesfuggerhaus.de\/pl\/archiv-bildmaterial\/","title":{"rendered":"Archiv Bildmaterial"},"content":{"rendered":"<div data-elementor-type=\"wp-page\" data-elementor-id=\"21143\" class=\"elementor elementor-21143\" data-elementor-post-type=\"page\">\n\t\t\t\t<div class=\"elementor-element elementor-element-b7ca94a e-flex e-con-boxed e-con e-parent\" data-id=\"b7ca94a\" data-element_type=\"container\" data-e-type=\"container\">\n\t\t\t\t\t<div class=\"e-con-inner\">\n\t\t<div class=\"elementor-element elementor-element-44bde05 e-con-full e-flex e-con e-child\" data-id=\"44bde05\" data-element_type=\"container\" data-e-type=\"container\">\n\t\t<div class=\"elementor-element elementor-element-03eb37d e-con-full e-flex e-con e-child\" data-id=\"03eb37d\" data-element_type=\"container\" data-e-type=\"container\">\n\t\t<div class=\"elementor-element elementor-element-5ab549e e-con-full e-flex e-con e-child\" data-id=\"5ab549e\" data-element_type=\"container\" data-e-type=\"container\">\n\t\t\t\t<div class=\"elementor-element elementor-element-2c8150e elementor-widget elementor-widget-heading\" data-id=\"2c8150e\" data-element_type=\"widget\" data-e-type=\"widget\" data-widget_type=\"heading.default\">\n\t\t\t\t<div class=\"elementor-widget-container\">\n\t\t\t\t\t<h2 class=\"elementor-heading-title elementor-size-default\">Materia\u0142 zdj\u0119ciowy<\/h2>\t\t\t\t<\/div>\n\t\t\t\t<\/div>\n\t\t\t\t<\/div>\n\t\t\t\t<\/div>\n\t\t\t\t<\/div>\n\t\t\t\t\t<\/div>\n\t\t\t\t<\/div>\n\t\t<div class=\"elementor-element elementor-element-8a053ae e-flex e-con-boxed e-con e-parent\" data-id=\"8a053ae\" data-element_type=\"container\" data-e-type=\"container\">\n\t\t\t\t\t<div class=\"e-con-inner\">\n\t\t<div class=\"elementor-element elementor-element-12c0deb e-con-full e-flex e-con e-child\" data-id=\"12c0deb\" data-element_type=\"container\" data-e-type=\"container\">\n\t\t<div class=\"elementor-element elementor-element-4097db2 e-con-full e-flex e-con e-child\" data-id=\"4097db2\" data-element_type=\"container\" data-e-type=\"container\">\n\t\t\t\t<div class=\"elementor-element elementor-element-a9e291f elementor-widget elementor-widget-text-editor\" data-id=\"a9e291f\" data-element_type=\"widget\" data-e-type=\"widget\" data-widget_type=\"text-editor.default\">\n\t\t\t\t<div class=\"elementor-widget-container\">\n\t\t\t\t\t\t\t\t\t<p><a href=\"https:\/\/indesfuggerhaus.de\/wp-content\/uploads\/2024\/11\/Little_Love_low.zip\">Kolekcja Indes Little Love <\/a><br \/><br \/><a href=\"https:\/\/indesfuggerhaus.de\/wp-content\/uploads\/2024\/11\/Modern_Chalet_low.zip\">Kolekcja Indes \"Modern Chalet\"<\/a><br \/><br \/><a href=\"https:\/\/indesfuggerhaus.de\/wp-content\/uploads\/2024\/11\/Indes_Perfect_Day_2.zip\">Kolekcja Indes \"Perfect Day\"<\/a><br \/><br \/><a href=\"https:\/\/indesfuggerhaus.de\/wp-content\/uploads\/2024\/11\/Fuggerhaus_Enjoy_and_Relax.zip\">Kolekcja Fuggerhaus \"Ciesz si\u0119 i relaksuj\"<\/a><br \/><br \/><a href=\"https:\/\/indesfuggerhaus.de\/wp-content\/uploads\/2024\/11\/Garden_Greetings_RGB-2.zip\">Kolekcja Indes \"Garden Greetings\"<\/a><br \/><br \/><a href=\"https:\/\/indesfuggerhaus.de\/wp-content\/uploads\/2024\/11\/Indes_SeaSide_CountrySide_IndesFuggerhaus.zip\">Indes Collection Seaside\/Countryside<\/a><br \/><br \/><a href=\"https:\/\/indesfuggerhaus.de\/wp-content\/uploads\/2024\/11\/Bilder-FROne-Optimum.zip\">Kolekcja FR-One \"Optimum\"<\/a><br \/><br \/><a href=\"https:\/\/indesfuggerhaus.de\/wp-content\/uploads\/2024\/11\/Fuggerhaus_CozyElegance_2020_Raumbilder_RGB.zip\">Kolekcja Fuggerhaus \"Przytulna elegancja\"<\/a><\/p><p>\u00a0<\/p><p style=\"text-align: left;\">Wystarczy jedno klikni\u0119cie na odpowiedni\u0105 kolekcj\u0119 <br \/>rozpoczyna pobieranie materia\u0142u graficznego.<\/p>\t\t\t\t\t\t\t\t<\/div>\n\t\t\t\t<\/div>\n\t\t\t\t<\/div>\n\t\t<div class=\"elementor-element elementor-element-288e558 e-con-full e-flex e-con e-child\" data-id=\"288e558\" data-element_type=\"container\" data-e-type=\"container\">\n\t\t\t\t<\/div>\n\t\t\t\t<\/div>\n\t\t\t\t\t<\/div>\n\t\t\t\t<\/div>\n\t\t\t\t<\/div>","protected":false},"excerpt":{"rendered":"<p>Bildmaterial Indes Kollektion Little Love Indes Kollektion &#8222;Modern Chalet&#8220; Indes Kollektion &#8222;Perfect Day&#8220; Fuggerhaus Kollektion &#8222;Enjoy and Relax&#8220; Indes Kollektion &#8222;Garden Greetings&#8220; Indes Kollektion Seaside\/Countryside FR-One Kollektion &#8222;Optimum&#8220; Fuggerhaus Kollektion &#8222;Cozy Elegance&#8220; \u00a0 Mit einem Klick auf die jeweilige Kollektion startet der Download des Bildmaterials.<\/p>","protected":false},"author":2,"featured_media":0,"parent":0,"menu_order":0,"comment_status":"closed","ping_status":"closed","template":"","meta":{"footnotes":""},"class_list":["post-21143","page","type-page","status-publish","hentry"],"_links":{"self":[{"href":"https:\/\/indesfuggerhaus.de\/pl\/wp-json\/wp\/v2\/pages\/21143","targetHints":{"allow":["GET"]}}],"collection":[{"href":"https:\/\/indesfuggerhaus.de\/pl\/wp-json\/wp\/v2\/pages"}],"about":[{"href":"https:\/\/indesfuggerhaus.de\/pl\/wp-json\/wp\/v2\/types\/page"}],"author":[{"embeddable":true,"href":"https:\/\/indesfuggerhaus.de\/pl\/wp-json\/wp\/v2\/users\/2"}],"replies":[{"embeddable":true,"href":"https:\/\/indesfuggerhaus.de\/pl\/wp-json\/wp\/v2\/comments?post=21143"}],"version-history":[{"count":4,"href":"https:\/\/indesfuggerhaus.de\/pl\/wp-json\/wp\/v2\/pages\/21143\/revisions"}],"predecessor-version":[{"id":21150,"href":"https:\/\/indesfuggerhaus.de\/pl\/wp-json\/wp\/v2\/pages\/21143\/revisions\/21150"}],"wp:attachment":[{"href":"https:\/\/indesfuggerhaus.de\/pl\/wp-json\/wp\/v2\/media?parent=21143"}],"curies":[{"name":"wp","href":"https:\/\/api.w.org\/{rel}","templated":true}]}}