{"id":22002,"date":"2025-02-10T11:02:34","date_gmt":"2025-02-10T11:02:34","guid":{"rendered":"https:\/\/indesfuggerhaus.de\/?page_id=22002"},"modified":"2025-02-10T11:04:16","modified_gmt":"2025-02-10T11:04:16","slug":"calm-ref","status":"publish","type":"page","link":"https:\/\/indesfuggerhaus.de\/pl\/calm-ref\/","title":{"rendered":"Spokojne refleksje"},"content":{"rendered":"<div data-elementor-type=\"wp-page\" data-elementor-id=\"22002\" class=\"elementor elementor-22002\" data-elementor-post-type=\"page\">\n\t\t\t\t<div class=\"elementor-element elementor-element-a409533 e-flex e-con-boxed e-con e-parent\" data-id=\"a409533\" data-element_type=\"container\" data-e-type=\"container\">\n\t\t\t\t\t<div class=\"e-con-inner\">\n\t\t\t\t<div class=\"elementor-element elementor-element-d028158 elementor-widget elementor-widget-text-editor\" data-id=\"d028158\" data-element_type=\"widget\" data-e-type=\"widget\" data-widget_type=\"text-editor.default\">\n\t\t\t\t<div class=\"elementor-widget-container\">\n\t\t\t\t\t\t\t\t\t<h4>Wspieramy Ci\u0119 w tworzeniu osobistej oazy dobrego samopoczucia, poniewa\u017c umeblowanie staje si\u0119 coraz wa\u017cniejsze.<\/h4><p>Nowa kolekcja \u201eCalm Reflections\u201c od Indes Fuggerhaus pozwala stworzy\u0107 emocje takie jak spok\u00f3j, bezpiecze\u0144stwo i przytulno\u015b\u0107, oferuj\u0105c unikalny wyb\u00f3r harmonijnych i spokojnych tkanin. Idealna do \u0142\u0105czenia z aktualnym trendem wyposa\u017cenia wn\u0119trz z du\u017c\u0105 ilo\u015bci\u0105 drewna i stonowan\u0105 elegancj\u0105 w kolorze bia\u0142ym, kremowym i be\u017cowym.<\/p><p>Delikatne kolory tworz\u0105 uspokajaj\u0105c\u0105 atmosfer\u0119, kt\u00f3ra pomaga zapomnie\u0107 o stresie dnia codziennego i po prostu si\u0119 wy\u0142\u0105czy\u0107. Pozytywno-negatywny styl charakteryzuje ca\u0142\u0105 kolekcj\u0119 i zapewnia subtelnie zabawny akcent, szczeg\u00f3lnie w przypadku wypale\u0144. Gdy s\u0142o\u0144ce \u015bwieci przez okna i zas\u0142ony<br \/>mieni si\u0119, tworz\u0105c wyj\u0105tkow\u0105 gr\u0119 \u015bwiat\u0142a i cienia, kt\u00f3ra wnosi do domu lekko\u015b\u0107 i natur\u0119.<\/p><p>Atmosfer\u0119 tworz\u0105 nie tylko niuanse kolorystyczne bieli, zieleni i be\u017cu, ale tak\u017ce wzory, kt\u00f3re charakteryzuj\u0105 t\u0119 kolekcj\u0119. Od egzotycznych motyw\u00f3w li\u015bci po zabawne hafty, nowa kolekcja oferuje wszystko, czego potrzebujesz, aby przekszta\u0142ci\u0107 sw\u00f3j dom w przytulne schronienie - zgodnie z mottem \u201eCalm Reflections\u201c.<\/p><p>Cieszymy si\u0119, \u017ce mo\u017cemy zaprezentowa\u0107 t\u0119 kolekcj\u0119 i czekamy, a\u017c odkryjesz w niej sw\u00f3j osobisty punkt kulminacyjny i przekszta\u0142cisz sw\u00f3j dom w naturalny i stylowy dom.<\/p>\t\t\t\t\t\t\t\t<\/div>\n\t\t\t\t<\/div>\n\t\t\t\t\t<\/div>\n\t\t\t\t<\/div>\n\t\t<div class=\"elementor-element elementor-element-7e1b1b9 e-flex e-con-boxed e-con e-parent\" data-id=\"7e1b1b9\" data-element_type=\"container\" data-e-type=\"container\">\n\t\t\t\t\t<div class=\"e-con-inner\">\n\t\t\t\t<div class=\"elementor-element elementor-element-0df79a4 elementor-skin-carousel elementor-arrows-yes elementor-pagination-type-bullets elementor-pagination-position-outside elementor-widget elementor-widget-media-carousel\" data-id=\"0df79a4\" data-element_type=\"widget\" data-e-type=\"widget\" data-settings=\"{&quot;skin&quot;:&quot;carousel&quot;,&quot;effect&quot;:&quot;slide&quot;,&quot;show_arrows&quot;:&quot;yes&quot;,&quot;pagination&quot;:&quot;bullets&quot;,&quot;speed&quot;:500,&quot;autoplay&quot;:&quot;yes&quot;,&quot;autoplay_speed&quot;:5000,&quot;loop&quot;:&quot;yes&quot;,&quot;pause_on_hover&quot;:&quot;yes&quot;,&quot;pause_on_interaction&quot;:&quot;yes&quot;,&quot;space_between&quot;:{&quot;unit&quot;:&quot;px&quot;,&quot;size&quot;:10,&quot;sizes&quot;:[]},&quot;space_between_tablet&quot;:{&quot;unit&quot;:&quot;px&quot;,&quot;size&quot;:10,&quot;sizes&quot;:[]},&quot;space_between_mobile&quot;:{&quot;unit&quot;:&quot;px&quot;,&quot;size&quot;:10,&quot;sizes&quot;:[]}}\" data-widget_type=\"media-carousel.default\">\n\t\t\t\t<div class=\"elementor-widget-container\">\n\t\t\t\t\t\t\t\t\t<div class=\"elementor-swiper\">\n\t\t\t\t\t<div class=\"elementor-main-swiper swiper\" role=\"region\" aria-roledescription=\"carousel\" aria-label=\"Suwak\">\n\t\t\t\t<div class=\"swiper-wrapper\">\n\t\t\t\t\t\t\t\t\t\t\t<div class=\"swiper-slide\" role=\"group\" aria-roledescription=\"slide\">\n\t\t\t\t\t\t\t\t\t<div class=\"elementor-carousel-image\" role=\"img\" aria-label=\"Anela Calm Reflections by Indes Fuggerhaus\" style=\"background-image: url(&#039;https:\/\/indesfuggerhaus.de\/wp-content\/uploads\/2025\/02\/Anela4875-16_4874-17_01_04.jpg&#039;)\">\n\n\t\t\t\n\t\t\t\t\t<\/div>\n\t\t\t\t\t\t\t\t<\/div>\n\t\t\t\t\t\t\t\t\t\t\t<div class=\"swiper-slide\" role=\"group\" aria-roledescription=\"slide\">\n\t\t\t\t\t\t\t\t\t<div class=\"elementor-carousel-image\" role=\"img\" aria-label=\"Spokojne refleksje autorstwa Indes Fuggerhaus\" style=\"background-image: url(&#039;https:\/\/indesfuggerhaus.de\/wp-content\/uploads\/2025\/02\/Bjordis4877-21_Kissen4878-20_Lio_10-scaled.jpg&#039;)\">\n\n\t\t\t\n\t\t\t\t\t<\/div>\n\t\t\t\t\t\t\t\t<\/div>\n\t\t\t\t\t\t\t\t\t\t\t<div class=\"swiper-slide\" role=\"group\" aria-roledescription=\"slide\">\n\t\t\t\t\t\t\t\t\t<div class=\"elementor-carousel-image\" role=\"img\" aria-label=\"\u015awiat\u0142o Catalea Spokojne refleksje z Indes Fuggerhaus\" style=\"background-image: url(&#039;https:\/\/indesfuggerhaus.de\/wp-content\/uploads\/2025\/02\/Calatea4870-11_light4871-10_02.jpg&#039;)\">\n\n\t\t\t\n\t\t\t\t\t<\/div>\n\t\t\t\t\t\t\t\t<\/div>\n\t\t\t\t\t\t\t\t\t\t\t<div class=\"swiper-slide\" role=\"group\" aria-roledescription=\"slide\">\n\t\t\t\t\t\t\t\t\t<div class=\"elementor-carousel-image\" role=\"img\" aria-label=\"Callum Calm Reflections autorstwa Indes Fuggerhaus\" style=\"background-image: url(&#039;https:\/\/indesfuggerhaus.de\/wp-content\/uploads\/2025\/02\/Callum-4872-19_light4873-18_03.jpg&#039;)\">\n\n\t\t\t\n\t\t\t\t\t<\/div>\n\t\t\t\t\t\t\t\t<\/div>\n\t\t\t\t\t\t\t\t\t\t\t<div class=\"swiper-slide\" role=\"group\" aria-roledescription=\"slide\">\n\t\t\t\t\t\t\t\t\t<div class=\"elementor-carousel-image\" role=\"img\" aria-label=\"Spokojne refleksje Collinsa autorstwa Indes Fuggerhaus\" style=\"background-image: url(&#039;https:\/\/indesfuggerhaus.de\/wp-content\/uploads\/2025\/02\/Collins-light4894-28_Lio_03-scaled.jpg&#039;)\">\n\n\t\t\t\n\t\t\t\t\t<\/div>\n\t\t\t\t\t\t\t\t<\/div>\n\t\t\t\t\t\t\t\t\t\t\t<div class=\"swiper-slide\" role=\"group\" aria-roledescription=\"slide\">\n\t\t\t\t\t\t\t\t\t<div class=\"elementor-carousel-image\" role=\"img\" aria-label=\"Odbicia pustynnego spokoju autorstwa Indes Fuggerhaus\" style=\"background-image: url(&#039;https:\/\/indesfuggerhaus.de\/wp-content\/uploads\/2025\/02\/Desert-7361-27_02.jpg&#039;)\">\n\n\t\t\t\n\t\t\t\t\t<\/div>\n\t\t\t\t\t\t\t\t<\/div>\n\t\t\t\t\t\t\t\t\t\t\t<div class=\"swiper-slide\" role=\"group\" aria-roledescription=\"slide\">\n\t\t\t\t\t\t\t\t\t<div class=\"elementor-carousel-image\" role=\"img\" aria-label=\"Floris Calm Reflections od Indes Fuggerhaus\" style=\"background-image: url(&#039;https:\/\/indesfuggerhaus.de\/wp-content\/uploads\/2025\/02\/Floris_4890-39_04-scaled.jpg&#039;)\">\n\n\t\t\t\n\t\t\t\t\t<\/div>\n\t\t\t\t\t\t\t\t<\/div>\n\t\t\t\t\t\t\t\t\t\t\t<div class=\"swiper-slide\" role=\"group\" aria-roledescription=\"slide\">\n\t\t\t\t\t\t\t\t\t<div class=\"elementor-carousel-image\" role=\"img\" aria-label=\"Fontanna Spokojne Refleksje autorstwa Indes Fuggerhaus\" style=\"background-image: url(&#039;https:\/\/indesfuggerhaus.de\/wp-content\/uploads\/2025\/02\/Fountain_01-scaled.jpg&#039;)\">\n\n\t\t\t\n\t\t\t\t\t<\/div>\n\t\t\t\t\t\t\t\t<\/div>\n\t\t\t\t\t\t\t\t\t\t\t<div class=\"swiper-slide\" role=\"group\" aria-roledescription=\"slide\">\n\t\t\t\t\t\t\t\t\t<div class=\"elementor-carousel-image\" role=\"img\" aria-label=\"Ginko Calm Reflections od Indes Fuggerhaus\" style=\"background-image: url(&#039;https:\/\/indesfuggerhaus.de\/wp-content\/uploads\/2025\/02\/Ginko-4896-26_02-scaled.jpg&#039;)\">\n\n\t\t\t\n\t\t\t\t\t<\/div>\n\t\t\t\t\t\t\t\t<\/div>\n\t\t\t\t\t\t\t\t\t\t\t<div class=\"swiper-slide\" role=\"group\" aria-roledescription=\"slide\">\n\t\t\t\t\t\t\t\t\t<div class=\"elementor-carousel-image\" role=\"img\" aria-label=\"Spokojne refleksje Lio z Indes Fuggerhaus\" style=\"background-image: url(&#039;https:\/\/indesfuggerhaus.de\/wp-content\/uploads\/2025\/02\/Lio-scaled.jpg&#039;)\">\n\n\t\t\t\n\t\t\t\t\t<\/div>\n\t\t\t\t\t\t\t\t<\/div>\n\t\t\t\t\t\t\t\t\t\t\t<div class=\"swiper-slide\" role=\"group\" aria-roledescription=\"slide\">\n\t\t\t\t\t\t\t\t\t<div class=\"elementor-carousel-image\" role=\"img\" aria-label=\"Lovis Calm Reflections by Indes Fuggerhaus\" style=\"background-image: url(&#039;https:\/\/indesfuggerhaus.de\/wp-content\/uploads\/2025\/02\/Lovis_7369-36_07-scaled.jpg&#039;)\">\n\n\t\t\t\n\t\t\t\t\t<\/div>\n\t\t\t\t\t\t\t\t<\/div>\n\t\t\t\t\t\t\t\t\t\t\t<div class=\"swiper-slide\" role=\"group\" aria-roledescription=\"slide\">\n\t\t\t\t\t\t\t\t\t<div class=\"elementor-carousel-image\" role=\"img\" aria-label=\"Ohana Calm Reflections od Indes Fuggerhaus\" style=\"background-image: url(&#039;https:\/\/indesfuggerhaus.de\/wp-content\/uploads\/2025\/02\/Ohana-4876-39_03-scaled.jpg&#039;)\">\n\n\t\t\t\n\t\t\t\t\t<\/div>\n\t\t\t\t\t\t\t\t<\/div>\n\t\t\t\t\t\t\t\t\t\t\t<div class=\"swiper-slide\" role=\"group\" aria-roledescription=\"slide\">\n\t\t\t\t\t\t\t\t\t<div class=\"elementor-carousel-image\" role=\"img\" aria-label=\"Ovin Spokojne refleksje z Indes Fuggerhaus\" style=\"background-image: url(&#039;https:\/\/indesfuggerhaus.de\/wp-content\/uploads\/2025\/02\/Ovin4881-62_Silence_03.jpg&#039;)\">\n\n\t\t\t\n\t\t\t\t\t<\/div>\n\t\t\t\t\t\t\t\t<\/div>\n\t\t\t\t\t\t\t\t\t\t\t<div class=\"swiper-slide\" role=\"group\" aria-roledescription=\"slide\">\n\t\t\t\t\t\t\t\t\t<div class=\"elementor-carousel-image\" role=\"img\" aria-label=\"Pilea Calm Reflections od Indes Fuggerhaus\" style=\"background-image: url(&#039;https:\/\/indesfuggerhaus.de\/wp-content\/uploads\/2025\/02\/Pilea-4865-26_02-scaled.jpg&#039;)\">\n\n\t\t\t\n\t\t\t\t\t<\/div>\n\t\t\t\t\t\t\t\t<\/div>\n\t\t\t\t\t\t\t\t\t\t\t<div class=\"swiper-slide\" role=\"group\" aria-roledescription=\"slide\">\n\t\t\t\t\t\t\t\t\t<div class=\"elementor-carousel-image\" role=\"img\" aria-label=\"Solea Calm Reflections od Indes Fuggerhaus\" style=\"background-image: url(&#039;https:\/\/indesfuggerhaus.de\/wp-content\/uploads\/2025\/02\/Solea-4895-10_01-scaled.jpg&#039;)\">\n\n\t\t\t\n\t\t\t\t\t<\/div>\n\t\t\t\t\t\t\t\t<\/div>\n\t\t\t\t\t\t\t\t\t<\/div>\n\t\t\t\t\t\t\t\t\t\t\t\t\t\t\t<div class=\"elementor-swiper-button elementor-swiper-button-prev\" role=\"button\" tabindex=\"0\" aria-label=\"Poprzedni\">\n\t\t\t\t\t\t\t<svg aria-hidden=\"true\" class=\"e-font-icon-svg e-eicon-chevron-left\" viewbox=\"0 0 1000 1000\" xmlns=\"http:\/\/www.w3.org\/2000\/svg\"><path d=\"M646 125C629 125 613 133 604 142L308 442C296 454 292 471 292 487 292 504 296 521 308 533L604 854C617 867 629 875 646 875 663 875 679 871 692 858 704 846 713 829 713 812 713 796 708 779 692 767L438 487 692 225C700 217 708 204 708 187 708 171 704 154 692 142 675 129 663 125 646 125Z\"><\/path><\/svg>\t\t\t\t\t\t<\/div>\n\t\t\t\t\t\t<div class=\"elementor-swiper-button elementor-swiper-button-next\" role=\"button\" tabindex=\"0\" aria-label=\"Nast\u0119pny\">\n\t\t\t\t\t\t\t<svg aria-hidden=\"true\" class=\"e-font-icon-svg e-eicon-chevron-right\" viewbox=\"0 0 1000 1000\" xmlns=\"http:\/\/www.w3.org\/2000\/svg\"><path d=\"M696 533C708 521 713 504 713 487 713 471 708 454 696 446L400 146C388 133 375 125 354 125 338 125 325 129 313 142 300 154 292 171 292 187 292 204 296 221 308 233L563 492 304 771C292 783 288 800 288 817 288 833 296 850 308 863 321 871 338 875 354 875 371 875 388 867 400 854L696 533Z\"><\/path><\/svg>\t\t\t\t\t\t<\/div>\n\t\t\t\t\t\t\t\t\t\t\t\t\t\t\t\t<div class=\"swiper-pagination\"><\/div>\n\t\t\t\t\t\t\t\t\t\t\t\t<\/div>\n\t\t\t\t<\/div>\n\t\t\t\t\t\t\t\t<\/div>\n\t\t\t\t<\/div>\n\t\t\t\t\t<\/div>\n\t\t\t\t<\/div>\n\t\t\t\t<\/div>","protected":false},"excerpt":{"rendered":"<p>Wir unterst\u00fctzen Sie dabei, Ihre pers\u00f6nliche Wohlf\u00fchloase zu schaffen, da das\u00a0Thema Einrichtung immer wichtiger wird. Die neue Kollektion \u201eCalm Reflections\u201c von Indes Fuggerhaus erm\u00f6glicht es Ihnen, Emotionen\u00a0wie Ruhe, Geborgenheit und Behaglichkeit zu erzeugen, indem sie eine einzigartige Auswahl an\u00a0harmonischen und ruhigen Stoffen bietet. Perfekt kombinierbar zu den aktuellen\u00a0Einrichtungstrend mit viel Holz und zur\u00fcckhaltender Eleganz in [&hellip;]<\/p>\n","protected":false},"author":2,"featured_media":0,"parent":0,"menu_order":0,"comment_status":"closed","ping_status":"closed","template":"","meta":{"footnotes":""},"class_list":["post-22002","page","type-page","status-publish","hentry"],"_links":{"self":[{"href":"https:\/\/indesfuggerhaus.de\/pl\/wp-json\/wp\/v2\/pages\/22002","targetHints":{"allow":["GET"]}}],"collection":[{"href":"https:\/\/indesfuggerhaus.de\/pl\/wp-json\/wp\/v2\/pages"}],"about":[{"href":"https:\/\/indesfuggerhaus.de\/pl\/wp-json\/wp\/v2\/types\/page"}],"author":[{"embeddable":true,"href":"https:\/\/indesfuggerhaus.de\/pl\/wp-json\/wp\/v2\/users\/2"}],"replies":[{"embeddable":true,"href":"https:\/\/indesfuggerhaus.de\/pl\/wp-json\/wp\/v2\/comments?post=22002"}],"version-history":[{"count":4,"href":"https:\/\/indesfuggerhaus.de\/pl\/wp-json\/wp\/v2\/pages\/22002\/revisions"}],"predecessor-version":[{"id":22021,"href":"https:\/\/indesfuggerhaus.de\/pl\/wp-json\/wp\/v2\/pages\/22002\/revisions\/22021"}],"wp:attachment":[{"href":"https:\/\/indesfuggerhaus.de\/pl\/wp-json\/wp\/v2\/media?parent=22002"}],"curies":[{"name":"wp","href":"https:\/\/api.w.org\/{rel}","templated":true}]}}