{"id":22035,"date":"2025-02-11T08:54:14","date_gmt":"2025-02-11T08:54:14","guid":{"rendered":"https:\/\/indesfuggerhaus.de\/?page_id=22035"},"modified":"2025-04-04T12:39:48","modified_gmt":"2025-04-04T12:39:48","slug":"aquatic-awe","status":"publish","type":"page","link":"https:\/\/indesfuggerhaus.de\/pl\/aquatic-awe\/","title":{"rendered":"Aquatic Awe 2025"},"content":{"rendered":"<div data-elementor-type=\"wp-page\" data-elementor-id=\"22035\" class=\"elementor elementor-22035\" data-elementor-post-type=\"page\">\n\t\t\t\t<div class=\"elementor-element elementor-element-2accc48 e-flex e-con-boxed e-con e-parent\" data-id=\"2accc48\" data-element_type=\"container\" data-e-type=\"container\">\n\t\t\t\t\t<div class=\"e-con-inner\">\n\t\t<div class=\"elementor-element elementor-element-0a4b1bd e-con-full e-flex e-con e-child\" data-id=\"0a4b1bd\" data-element_type=\"container\" data-e-type=\"container\">\n\t\t\t\t<div class=\"elementor-element elementor-element-e17c8bd elementor-widget elementor-widget-heading\" data-id=\"e17c8bd\" data-element_type=\"widget\" data-e-type=\"widget\" data-widget_type=\"heading.default\">\n\t\t\t\t<div class=\"elementor-widget-container\">\n\t\t\t\t\t<h2 class=\"elementor-heading-title elementor-size-default\">Aquatic Awe<\/h2>\t\t\t\t<\/div>\n\t\t\t\t<\/div>\n\t\t\t\t<\/div>\n\t\t\t\t\t<\/div>\n\t\t\t\t<\/div>\n\t\t<div class=\"elementor-element elementor-element-12c99ae e-flex e-con-boxed e-con e-parent\" data-id=\"12c99ae\" data-element_type=\"container\" data-e-type=\"container\">\n\t\t\t\t\t<div class=\"e-con-inner\">\n\t\t\t\t<div class=\"elementor-element elementor-element-2875e0a elementor-widget elementor-widget-text-editor\" data-id=\"2875e0a\" data-element_type=\"widget\" data-e-type=\"widget\" data-widget_type=\"text-editor.default\">\n\t\t\t\t<div class=\"elementor-widget-container\">\n\t\t\t\t\t\t\t\t\t<p style=\"text-align: center;\">Witamy w fascynuj\u0105cym \u015bwiecie Aquatic awe - naszego modnego koloru na rok 2025! <br \/>Ten inspiruj\u0105cy odcie\u0144, przywodz\u0105cy na my\u015bl uspokajaj\u0105ce g\u0142\u0119biny oceanu, wprowadza do domu od\u015bwie\u017caj\u0105c\u0105 i harmonijn\u0105 atmosfer\u0119. <br \/>Zainspiruj si\u0119 zaletami tego koloru i odkryj, jak sprawdza si\u0119 on we wn\u0119trzach, a w szczeg\u00f3lno\u015bci w zas\u0142onach.<\/p>\t\t\t\t\t\t\t\t<\/div>\n\t\t\t\t<\/div>\n\t\t\t\t\t<\/div>\n\t\t\t\t<\/div>\n\t\t<div class=\"elementor-element elementor-element-ca11f28 e-flex e-con-boxed e-con e-parent\" data-id=\"ca11f28\" data-element_type=\"container\" data-e-type=\"container\">\n\t\t\t\t\t<div class=\"e-con-inner\">\n\t\t<div class=\"elementor-element elementor-element-5042db7 e-con-full e-flex e-con e-child\" data-id=\"5042db7\" data-element_type=\"container\" data-e-type=\"container\">\n\t\t\t\t<div class=\"elementor-element elementor-element-3b3961c elementor-widget elementor-widget-image\" data-id=\"3b3961c\" data-element_type=\"widget\" data-e-type=\"widget\" data-widget_type=\"image.default\">\n\t\t\t\t<div class=\"elementor-widget-container\">\n\t\t\t\t\t\t\t\t\t\t\t\t\t\t\t<img fetchpriority=\"high\" decoding=\"async\" width=\"300\" height=\"300\" src=\"https:\/\/indesfuggerhaus.de\/wp-content\/uploads\/2025\/02\/Unbenannt-1-300x300.gif\" class=\"attachment-medium size-medium wp-image-22048\" alt=\"Aquatic Awe 2025\" srcset=\"https:\/\/indesfuggerhaus.de\/wp-content\/uploads\/2025\/02\/Unbenannt-1-300x300.gif 300w, https:\/\/indesfuggerhaus.de\/wp-content\/uploads\/2025\/02\/Unbenannt-1-1024x1024.gif 1024w, https:\/\/indesfuggerhaus.de\/wp-content\/uploads\/2025\/02\/Unbenannt-1-150x150.gif 150w, https:\/\/indesfuggerhaus.de\/wp-content\/uploads\/2025\/02\/Unbenannt-1-768x768.gif 768w, https:\/\/indesfuggerhaus.de\/wp-content\/uploads\/2025\/02\/Unbenannt-1-600x600.gif 600w, https:\/\/indesfuggerhaus.de\/wp-content\/uploads\/2025\/02\/Unbenannt-1-100x100.gif 100w\" sizes=\"(max-width: 300px) 100vw, 300px\" \/>\t\t\t\t\t\t\t\t\t\t\t\t\t\t\t<\/div>\n\t\t\t\t<\/div>\n\t\t\t\t<\/div>\n\t\t<div class=\"elementor-element elementor-element-45746bb e-con-full e-flex e-con e-child\" data-id=\"45746bb\" data-element_type=\"container\" data-e-type=\"container\">\n\t\t\t\t<div class=\"elementor-element elementor-element-06884dd elementor-widget elementor-widget-image\" data-id=\"06884dd\" data-element_type=\"widget\" data-e-type=\"widget\" data-widget_type=\"image.default\">\n\t\t\t\t<div class=\"elementor-widget-container\">\n\t\t\t\t\t\t\t\t\t\t\t\t\t\t\t<img decoding=\"async\" width=\"300\" height=\"300\" src=\"https:\/\/indesfuggerhaus.de\/wp-content\/uploads\/2025\/02\/Unbenannt-2-300x300.gif\" class=\"attachment-medium size-medium wp-image-22050\" alt=\"Aquatic Awe 2025 von Indes Fuggerhaus\" srcset=\"https:\/\/indesfuggerhaus.de\/wp-content\/uploads\/2025\/02\/Unbenannt-2-300x300.gif 300w, https:\/\/indesfuggerhaus.de\/wp-content\/uploads\/2025\/02\/Unbenannt-2-1024x1024.gif 1024w, https:\/\/indesfuggerhaus.de\/wp-content\/uploads\/2025\/02\/Unbenannt-2-150x150.gif 150w, https:\/\/indesfuggerhaus.de\/wp-content\/uploads\/2025\/02\/Unbenannt-2-768x768.gif 768w, https:\/\/indesfuggerhaus.de\/wp-content\/uploads\/2025\/02\/Unbenannt-2-600x600.gif 600w, https:\/\/indesfuggerhaus.de\/wp-content\/uploads\/2025\/02\/Unbenannt-2-100x100.gif 100w\" sizes=\"(max-width: 300px) 100vw, 300px\" \/>\t\t\t\t\t\t\t\t\t\t\t\t\t\t\t<\/div>\n\t\t\t\t<\/div>\n\t\t\t\t<\/div>\n\t\t<div class=\"elementor-element elementor-element-97fc0d0 e-con-full e-flex e-con e-child\" data-id=\"97fc0d0\" data-element_type=\"container\" data-e-type=\"container\">\n\t\t\t\t<div class=\"elementor-element elementor-element-892450c elementor-widget elementor-widget-image\" data-id=\"892450c\" data-element_type=\"widget\" data-e-type=\"widget\" data-widget_type=\"image.default\">\n\t\t\t\t<div class=\"elementor-widget-container\">\n\t\t\t\t\t\t\t\t\t\t\t\t\t\t\t<img decoding=\"async\" width=\"300\" height=\"300\" src=\"https:\/\/indesfuggerhaus.de\/wp-content\/uploads\/2025\/02\/Unbenannt-3-300x300.gif\" class=\"attachment-medium size-medium wp-image-22049\" alt=\"Aquatic Awe 2025 von Indes Fuggerhaus\" srcset=\"https:\/\/indesfuggerhaus.de\/wp-content\/uploads\/2025\/02\/Unbenannt-3-300x300.gif 300w, https:\/\/indesfuggerhaus.de\/wp-content\/uploads\/2025\/02\/Unbenannt-3-1024x1024.gif 1024w, https:\/\/indesfuggerhaus.de\/wp-content\/uploads\/2025\/02\/Unbenannt-3-150x150.gif 150w, https:\/\/indesfuggerhaus.de\/wp-content\/uploads\/2025\/02\/Unbenannt-3-768x768.gif 768w, https:\/\/indesfuggerhaus.de\/wp-content\/uploads\/2025\/02\/Unbenannt-3-600x600.gif 600w, https:\/\/indesfuggerhaus.de\/wp-content\/uploads\/2025\/02\/Unbenannt-3-100x100.gif 100w\" sizes=\"(max-width: 300px) 100vw, 300px\" \/>\t\t\t\t\t\t\t\t\t\t\t\t\t\t\t<\/div>\n\t\t\t\t<\/div>\n\t\t\t\t<\/div>\n\t\t<div class=\"elementor-element elementor-element-b36380c e-con-full e-flex e-con e-child\" data-id=\"b36380c\" data-element_type=\"container\" data-e-type=\"container\">\n\t\t\t\t<div class=\"elementor-element elementor-element-b474e6c elementor-widget elementor-widget-image\" data-id=\"b474e6c\" data-element_type=\"widget\" data-e-type=\"widget\" data-widget_type=\"image.default\">\n\t\t\t\t<div class=\"elementor-widget-container\">\n\t\t\t\t\t\t\t\t\t\t\t\t\t\t\t<img loading=\"lazy\" decoding=\"async\" width=\"300\" height=\"300\" src=\"https:\/\/indesfuggerhaus.de\/wp-content\/uploads\/2025\/02\/Unbenannt-4-300x300.gif\" class=\"attachment-medium size-medium wp-image-22047\" alt=\"Aquatic Awe 2025 von Indes Fuggerhaus\" srcset=\"https:\/\/indesfuggerhaus.de\/wp-content\/uploads\/2025\/02\/Unbenannt-4-300x300.gif 300w, https:\/\/indesfuggerhaus.de\/wp-content\/uploads\/2025\/02\/Unbenannt-4-1024x1024.gif 1024w, https:\/\/indesfuggerhaus.de\/wp-content\/uploads\/2025\/02\/Unbenannt-4-150x150.gif 150w, https:\/\/indesfuggerhaus.de\/wp-content\/uploads\/2025\/02\/Unbenannt-4-768x768.gif 768w, https:\/\/indesfuggerhaus.de\/wp-content\/uploads\/2025\/02\/Unbenannt-4-600x600.gif 600w, https:\/\/indesfuggerhaus.de\/wp-content\/uploads\/2025\/02\/Unbenannt-4-100x100.gif 100w\" sizes=\"(max-width: 300px) 100vw, 300px\" \/>\t\t\t\t\t\t\t\t\t\t\t\t\t\t\t<\/div>\n\t\t\t\t<\/div>\n\t\t\t\t<\/div>\n\t\t<div class=\"elementor-element elementor-element-7a1b7eb e-con-full e-flex e-con e-child\" data-id=\"7a1b7eb\" data-element_type=\"container\" data-e-type=\"container\">\n\t\t\t\t<div class=\"elementor-element elementor-element-6fc9057 elementor-widget elementor-widget-text-editor\" data-id=\"6fc9057\" data-element_type=\"widget\" data-e-type=\"widget\" data-widget_type=\"text-editor.default\">\n\t\t\t\t<div class=\"elementor-widget-container\">\n\t\t\t\t\t\t\t\t\t<p>\u00a0<\/p><p>Zas\u0142ony w Aquatic awe s\u0105 absolutnym <b>Must-have<\/b> na rok 2025! <br \/>Dodaj\u0105 one wyj\u0105tkowego charakteru ka\u017cdemu pomieszczeniu i tworz\u0105 przyjemn\u0105 atmosfer\u0119 \u015bwietln\u0105. <br \/>Kolor ten mo\u017cna doskonale \u0142\u0105czy\u0107 z r\u00f3\u017cnymi tkaninami, od lekkich, przewiewnych materia\u0142\u00f3w po ci\u0119\u017ckie, luksusowe tkaniny. <br \/>Aquatic Awe zapewnia nie tylko prywatno\u015b\u0107, ale tak\u017ce stylowy wystr\u00f3j wn\u0119trz, kt\u00f3ry jest zar\u00f3wno nowoczesny, jak i ponadczasowy.<\/p>\t\t\t\t\t\t\t\t<\/div>\n\t\t\t\t<\/div>\n\t\t\t\t<\/div>\n\t\t\t\t\t<\/div>\n\t\t\t\t<\/div>\n\t\t<div class=\"elementor-element elementor-element-33e2ef6 e-flex e-con-boxed e-con e-parent\" data-id=\"33e2ef6\" data-element_type=\"container\" data-e-type=\"container\">\n\t\t\t\t\t<div class=\"e-con-inner\">\n\t\t\t\t<div class=\"elementor-element elementor-element-cdfd66e elementor-widget elementor-widget-text-editor\" data-id=\"cdfd66e\" data-element_type=\"widget\" data-e-type=\"widget\" data-widget_type=\"text-editor.default\">\n\t\t\t\t<div class=\"elementor-widget-container\">\n\t\t\t\t\t\t\t\t\t<h4>Jakie s\u0105 zalety tego modnego koloru?<\/h4><p>1. efekt uspokajaj\u0105cy: Aquatic awe promieniuje naturalnym spokojem, kt\u00f3ry zmniejsza stres i tworzy relaksuj\u0105ce \u015brodowisko. Idealny do pomieszcze\u0144 mieszkalnych, w kt\u00f3rych chcesz si\u0119 zrelaksowa\u0107 i odpocz\u0105\u0107.<\/p><p>2. Wszechstronno\u015b\u0107: Ten kolor harmonizuje zar\u00f3wno z ciep\u0142ymi, jak i ch\u0142odnymi odcieniami. Wspaniale \u0142\u0105czy si\u0119 z drewnem i naturalnymi materia\u0142ami, dodaj\u0105c \u015bwie\u017co\u015bci ka\u017cdemu pomieszczeniu.<\/p><p>3. Ponadczasowo\u015b\u0107: Aquatic awe to nie tylko trend, ale kolor, kt\u00f3ry pozostanie aktualny przez wiele lat. Zapewnia ponadczasow\u0105 elegancj\u0119, kt\u00f3ra nigdy nie blaknie.\u00a0<br \/>moda.<\/p>\t\t\t\t\t\t\t\t<\/div>\n\t\t\t\t<\/div>\n\t\t\t\t\t<\/div>\n\t\t\t\t<\/div>\n\t\t<div class=\"elementor-element elementor-element-49cc9e5 e-flex e-con-boxed e-con e-parent\" data-id=\"49cc9e5\" data-element_type=\"container\" data-e-type=\"container\">\n\t\t\t\t\t<div class=\"e-con-inner\">\n\t\t\t\t<div class=\"elementor-element elementor-element-f9637e6 elementor-widget elementor-widget-text-editor\" data-id=\"f9637e6\" data-element_type=\"widget\" data-e-type=\"widget\" data-widget_type=\"text-editor.default\">\n\t\t\t\t<div class=\"elementor-widget-container\">\n\t\t\t\t\t\t\t\t\t<p>Odkryj mo\u017cliwo\u015bci Aquatic awe i zainspiruj si\u0119 tym modnym kolorem. W Indes Fuggerhaus znajdziesz szerok\u0105 gam\u0119 produkt\u00f3w, kt\u00f3re wprowadz\u0105 ten fascynuj\u0105cy kolor do Twojego domu. Zanurz si\u0119 w \u015bwiecie Aquatic Awe i zaprojektuj swoje pokoje z nutk\u0105 morskiej elegancji!<\/p>\t\t\t\t\t\t\t\t<\/div>\n\t\t\t\t<\/div>\n\t\t\t\t\t<\/div>\n\t\t\t\t<\/div>\n\t\t\t\t<\/div>","protected":false},"excerpt":{"rendered":"<p>Aquatic Awe Willkommen in der faszinierenden Welt von Aquatic awe \u2013 unserer Trendfarbe f\u00fcr das Jahr 2025! Diese inspirierende Nuance, die an die beruhigenden Tiefen des Ozeans erinnert, bringt eine erfrischende und harmonische Atmosph\u00e4re in Ihr Zuhause. Lassen Sie sich von den Vorteilen dieser Farbe begeistern und entdecken Sie, wie sie insbesondere im Interior-Bereich und [&hellip;]<\/p>\n","protected":false},"author":2,"featured_media":0,"parent":0,"menu_order":0,"comment_status":"closed","ping_status":"closed","template":"","meta":{"footnotes":""},"class_list":["post-22035","page","type-page","status-publish","hentry"],"_links":{"self":[{"href":"https:\/\/indesfuggerhaus.de\/pl\/wp-json\/wp\/v2\/pages\/22035","targetHints":{"allow":["GET"]}}],"collection":[{"href":"https:\/\/indesfuggerhaus.de\/pl\/wp-json\/wp\/v2\/pages"}],"about":[{"href":"https:\/\/indesfuggerhaus.de\/pl\/wp-json\/wp\/v2\/types\/page"}],"author":[{"embeddable":true,"href":"https:\/\/indesfuggerhaus.de\/pl\/wp-json\/wp\/v2\/users\/2"}],"replies":[{"embeddable":true,"href":"https:\/\/indesfuggerhaus.de\/pl\/wp-json\/wp\/v2\/comments?post=22035"}],"version-history":[{"count":26,"href":"https:\/\/indesfuggerhaus.de\/pl\/wp-json\/wp\/v2\/pages\/22035\/revisions"}],"predecessor-version":[{"id":23505,"href":"https:\/\/indesfuggerhaus.de\/pl\/wp-json\/wp\/v2\/pages\/22035\/revisions\/23505"}],"wp:attachment":[{"href":"https:\/\/indesfuggerhaus.de\/pl\/wp-json\/wp\/v2\/media?parent=22035"}],"curies":[{"name":"wp","href":"https:\/\/api.w.org\/{rel}","templated":true}]}}