{"id":24534,"date":"2026-01-30T09:23:08","date_gmt":"2026-01-30T09:23:08","guid":{"rendered":"https:\/\/indesfuggerhaus.de\/?page_id=24534"},"modified":"2026-01-30T09:46:53","modified_gmt":"2026-01-30T09:46:53","slug":"neuigkeiten","status":"publish","type":"page","link":"https:\/\/indesfuggerhaus.de\/pl\/neuigkeiten\/","title":{"rendered":"Najnowsze wiadomo\u015bci"},"content":{"rendered":"<div data-elementor-type=\"wp-page\" data-elementor-id=\"24534\" class=\"elementor elementor-24534\" data-elementor-post-type=\"page\">\n\t\t\t\t<div class=\"elementor-element elementor-element-a26d4de e-flex e-con-boxed e-con e-parent\" data-id=\"a26d4de\" data-element_type=\"container\" data-e-type=\"container\">\n\t\t\t\t\t<div class=\"e-con-inner\">\n\t\t\t\t<div class=\"elementor-element elementor-element-9713bd4 elementor-widget-divider--view-line elementor-widget elementor-widget-divider\" data-id=\"9713bd4\" data-element_type=\"widget\" data-e-type=\"widget\" data-widget_type=\"divider.default\">\n\t\t\t\t<div class=\"elementor-widget-container\">\n\t\t\t\t\t\t\t<div class=\"elementor-divider\">\n\t\t\t<span class=\"elementor-divider-separator\">\n\t\t\t\t\t\t<\/span>\n\t\t<\/div>\n\t\t\t\t\t\t<\/div>\n\t\t\t\t<\/div>\n\t\t\t\t\t<\/div>\n\t\t\t\t<\/div>\n\t\t<div class=\"elementor-element elementor-element-ef62107 e-flex e-con-boxed e-con e-parent\" data-id=\"ef62107\" data-element_type=\"container\" data-e-type=\"container\">\n\t\t\t\t\t<div class=\"e-con-inner\">\n\t\t<div class=\"elementor-element elementor-element-ca04596 e-con-full e-flex e-con e-child\" data-id=\"ca04596\" data-element_type=\"container\" data-e-type=\"container\">\n\t\t\t\t<div class=\"elementor-element elementor-element-b23e7c1 elementor-widget elementor-widget-heading\" data-id=\"b23e7c1\" data-element_type=\"widget\" data-e-type=\"widget\" data-widget_type=\"heading.default\">\n\t\t\t\t<div class=\"elementor-widget-container\">\n\t\t\t\t\t<h2 class=\"elementor-heading-title elementor-size-default\">Najnowsze wiadomo\u015bci<\/h2>\t\t\t\t<\/div>\n\t\t\t\t<\/div>\n\t\t\t\t<\/div>\n\t\t<div class=\"elementor-element elementor-element-d9a1671 e-con-full e-flex e-con e-child\" data-id=\"d9a1671\" data-element_type=\"container\" data-e-type=\"container\">\n\t\t\t\t<div class=\"elementor-element elementor-element-b7339b9 elementor-grid-1 elementor-grid-tablet-2 elementor-grid-mobile-1 elementor-posts--thumbnail-top elementor-widget elementor-widget-posts\" data-id=\"b7339b9\" data-element_type=\"widget\" data-e-type=\"widget\" data-settings=\"{&quot;classic_columns&quot;:&quot;1&quot;,&quot;classic_columns_tablet&quot;:&quot;2&quot;,&quot;classic_columns_mobile&quot;:&quot;1&quot;,&quot;classic_row_gap&quot;:{&quot;unit&quot;:&quot;px&quot;,&quot;size&quot;:35,&quot;sizes&quot;:[]},&quot;classic_row_gap_tablet&quot;:{&quot;unit&quot;:&quot;px&quot;,&quot;size&quot;:&quot;&quot;,&quot;sizes&quot;:[]},&quot;classic_row_gap_mobile&quot;:{&quot;unit&quot;:&quot;px&quot;,&quot;size&quot;:&quot;&quot;,&quot;sizes&quot;:[]}}\" data-widget_type=\"posts.classic\">\n\t\t\t\t<div class=\"elementor-widget-container\">\n\t\t\t\t\t\t\t<div class=\"elementor-posts-container elementor-posts elementor-posts--skin-classic elementor-grid\" role=\"list\">\n\t\t\t\t<article class=\"elementor-post elementor-grid-item post-24513 post type-post status-publish format-standard hentry category-uncategorized\" role=\"listitem\">\n\t\t\t\t<div class=\"elementor-post__text\">\n\t\t\t\t<h1 class=\"elementor-post__title\">\n\t\t\t<a href=\"https:\/\/indesfuggerhaus.de\/pl\/elementor-24513\/\" >\n\t\t\t\tW mi\u0119dzyczasie Fuggerhaus przejmuje du\u017c\u0105 cz\u0119\u015b\u0107 asortymentu Geos\t\t\t<\/a>\n\t\t<\/h1>\n\t\t\t\t<div class=\"elementor-post__meta-data\">\n\t\t\t\t\t<span class=\"elementor-post-date\">\n\t\t\t29 stycznia, 2026\t\t<\/span>\n\t\t\t\t<\/div>\n\t\t\t\t<div class=\"elementor-post__excerpt\">\n\t\t\t<p>Indes Fuggerhaus przejmuje du\u017c\u0105 cz\u0119\u015b\u0107 asortymentu Geos Chcieliby\u015bmy dzi\u015b poinformowa\u0107, \u017ce Indes Fuggerhaus Textil GmbH przejmuje asortyment GEOS w zakresie tkanin dekoracyjnych, zas\u0142on i wybranych tkanin dekoracyjnych.<\/p>\n\t\t<\/div>\n\t\t\n\t\t<a class=\"elementor-post__read-more\" href=\"https:\/\/indesfuggerhaus.de\/pl\/elementor-24513\/\" aria-label=\"Read more about Indes Fuggerhaus \u00fcbernimmt gro\u00dfe Teile des Geos-Sortiments\" tabindex=\"-1\" >\n\t\t\tCzytaj wi\u0119cej \"\t\t<\/a>\n\n\t\t\t\t<\/div>\n\t\t\t\t<\/article>\n\t\t\t\t<article class=\"elementor-post elementor-grid-item post-24353 post type-post status-publish format-standard hentry category-uncategorized\" role=\"listitem\">\n\t\t\t\t<div class=\"elementor-post__text\">\n\t\t\t\t<h1 class=\"elementor-post__title\">\n\t\t\t<a href=\"https:\/\/indesfuggerhaus.de\/pl\/jetzt-konfektionsauftraege-rechtzeitig-fuer-weihnachten-planen\/\" >\n\t\t\t\tZaplanuj swoje zam\u00f3wienia ready-to-wear ju\u017c teraz!\t\t\t<\/a>\n\t\t<\/h1>\n\t\t\t\t<div class=\"elementor-post__meta-data\">\n\t\t\t\t\t<span class=\"elementor-post-date\">\n\t\t\t27 pa\u017adziernika, 2025\t\t<\/span>\n\t\t\t\t<\/div>\n\t\t\t\t<div class=\"elementor-post__excerpt\">\n\t\t\t<p>Wszystkie zam\u00f3wienia gotowych ubra\u0144 otrzymane do 10 listopada 2025 r. zostan\u0105 wys\u0142ane przed \u015bwi\u0119tami Bo\u017cego Narodzenia - pod warunkiem, \u017ce towary b\u0119d\u0105 dost\u0119pne w magazynie. Zabezpiecz swoje zam\u00f3wienie ju\u017c teraz<\/p>\n\t\t<\/div>\n\t\t\n\t\t<a class=\"elementor-post__read-more\" href=\"https:\/\/indesfuggerhaus.de\/pl\/jetzt-konfektionsauftraege-rechtzeitig-fuer-weihnachten-planen\/\" aria-label=\"Read more about Jetzt Konfektionsauftr\u00e4ge rechtzeitig f\u00fcr Weihnachten planen!\" tabindex=\"-1\" >\n\t\t\tCzytaj wi\u0119cej \"\t\t<\/a>\n\n\t\t\t\t<\/div>\n\t\t\t\t<\/article>\n\t\t\t\t<article class=\"elementor-post elementor-grid-item post-23518 post type-post status-publish format-standard hentry category-uncategorized\" role=\"listitem\">\n\t\t\t\t<div class=\"elementor-post__text\">\n\t\t\t\t<h1 class=\"elementor-post__title\">\n\t\t\t<a href=\"https:\/\/indesfuggerhaus.de\/pl\/neuer-newsletter\/\" >\n\t\t\t\tNowy biuletyn!\t\t\t<\/a>\n\t\t<\/h1>\n\t\t\t\t<div class=\"elementor-post__meta-data\">\n\t\t\t\t\t<span class=\"elementor-post-date\">\n\t\t\t15 kwietnia, 2025\t\t<\/span>\n\t\t\t\t<\/div>\n\t\t\t\t<div class=\"elementor-post__excerpt\">\n\t\t\t<p>Zapisz si\u0119 do naszego nowego newslettera ju\u017c teraz, aby nie przegapi\u0107 \u017cadnych przysz\u0142ych aktualizacji i kolekcji! Zapisz si\u0119 do naszego newslettera<\/p>\n\t\t<\/div>\n\t\t\n\t\t<a class=\"elementor-post__read-more\" href=\"https:\/\/indesfuggerhaus.de\/pl\/neuer-newsletter\/\" aria-label=\"Read more about Neuer Newsletter!\" tabindex=\"-1\" >\n\t\t\tCzytaj wi\u0119cej \"\t\t<\/a>\n\n\t\t\t\t<\/div>\n\t\t\t\t<\/article>\n\t\t\t\t<article class=\"elementor-post elementor-grid-item post-22210 post type-post status-publish format-standard hentry category-uncategorized\" role=\"listitem\">\n\t\t\t\t<div class=\"elementor-post__text\">\n\t\t\t\t<h1 class=\"elementor-post__title\">\n\t\t\t<a href=\"https:\/\/indesfuggerhaus.de\/pl\/indes-fuggerhaus-im-wohnmagazin\/\" >\n\t\t\t\tIndes Fuggerhaus w magazynie Living\t\t\t<\/a>\n\t\t<\/h1>\n\t\t\t\t<div class=\"elementor-post__meta-data\">\n\t\t\t\t\t<span class=\"elementor-post-date\">\n\t\t\t24 lutego, 2025\t\t<\/span>\n\t\t\t\t<\/div>\n\t\t\t\t<div class=\"elementor-post__excerpt\">\n\t\t\t<p>\u00a0 Indes Fuggerhaus prezentuje si\u0119 obecnie w ekskluzywnym artykule reklamowym w Wohnmagazin, kt\u00f3ry jest po\u015bwi\u0119cony bardzo szczeg\u00f3lnemu tematowi w kategorii tkanin dekoracyjnych i zas\u0142onowych:<\/p>\n\t\t<\/div>\n\t\t\n\t\t<a class=\"elementor-post__read-more\" href=\"https:\/\/indesfuggerhaus.de\/pl\/indes-fuggerhaus-im-wohnmagazin\/\" aria-label=\"Read more about Indes Fuggerhaus im Wohnmagazin\" tabindex=\"-1\" >\n\t\t\tCzytaj wi\u0119cej \"\t\t<\/a>\n\n\t\t\t\t<\/div>\n\t\t\t\t<\/article>\n\t\t\t\t<article class=\"elementor-post elementor-grid-item post-21944 post type-post status-publish format-standard hentry category-uncategorized\" role=\"listitem\">\n\t\t\t\t<div class=\"elementor-post__text\">\n\t\t\t\t<h1 class=\"elementor-post__title\">\n\t\t\t<a href=\"https:\/\/indesfuggerhaus.de\/pl\/einladung-zu-den-vienna-interior-fashion-days\/\" >\n\t\t\t\tZaproszenie na Vienna Interior Fashion Days\t\t\t<\/a>\n\t\t<\/h1>\n\t\t\t\t<div class=\"elementor-post__meta-data\">\n\t\t\t\t\t<span class=\"elementor-post-date\">\n\t\t\t31 stycznia, 2025\t\t<\/span>\n\t\t\t\t<\/div>\n\t\t\t\t<div class=\"elementor-post__excerpt\">\n\t\t\t<p>Poznaj z bliska najnowsze trendy wn\u0119trzarskie! Podczas Vienna Interior Fashion Days pi\u0119\u0107 wiod\u0105cych salon\u00f3w w Wiedniu zaprezentuje swoje najnowsze kolekcje i designerskie atrakcje. Niech<\/p>\n\t\t<\/div>\n\t\t\n\t\t<a class=\"elementor-post__read-more\" href=\"https:\/\/indesfuggerhaus.de\/pl\/einladung-zu-den-vienna-interior-fashion-days\/\" aria-label=\"Read more about Einladung zu den Vienna Interior Fashion Days\" tabindex=\"-1\" >\n\t\t\tCzytaj wi\u0119cej \"\t\t<\/a>\n\n\t\t\t\t<\/div>\n\t\t\t\t<\/article>\n\t\t\t\t<article class=\"elementor-post elementor-grid-item post-21938 post type-post status-publish format-standard hentry category-uncategorized\" role=\"listitem\">\n\t\t\t\t<div class=\"elementor-post__text\">\n\t\t\t\t<h1 class=\"elementor-post__title\">\n\t\t\t<a href=\"https:\/\/indesfuggerhaus.de\/pl\/einladung-zur-wohnschau-in-hamburg-besuchen-sie-uns\/\" >\n\t\t\t\tZaproszenie na Wohnschau w Hamburgu - Odwied\u017a nas!\t\t\t<\/a>\n\t\t<\/h1>\n\t\t\t\t<div class=\"elementor-post__meta-data\">\n\t\t\t\t\t<span class=\"elementor-post-date\">\n\t\t\t31 stycznia, 2025\t\t<\/span>\n\t\t\t\t<\/div>\n\t\t\t\t<div class=\"elementor-post__excerpt\">\n\t\t\t<p>Z niecierpliwo\u015bci\u0105 czekamy na powitanie w Wohnschau w Hamburgu! W dniach 19 i 20 lutego 2025 r. zaprezentujemy nasz\u0105 najnowsz\u0105 kolekcj\u0119 i trendy w bran\u017cy odzie\u017cowej.<\/p>\n\t\t<\/div>\n\t\t\n\t\t<a class=\"elementor-post__read-more\" href=\"https:\/\/indesfuggerhaus.de\/pl\/einladung-zur-wohnschau-in-hamburg-besuchen-sie-uns\/\" aria-label=\"Read more about Einladung zur Wohnschau in Hamburg &#8211; Besuchen Sie uns!\" tabindex=\"-1\" >\n\t\t\tCzytaj wi\u0119cej \"\t\t<\/a>\n\n\t\t\t\t<\/div>\n\t\t\t\t<\/article>\n\t\t\t\t<\/div>\n\t\t\n\t\t\t\t\t\t<\/div>\n\t\t\t\t<\/div>\n\t\t\t\t<\/div>\n\t\t\t\t\t<\/div>\n\t\t\t\t<\/div>\n\t\t\t\t<\/div>","protected":false},"excerpt":{"rendered":"<p>Najnowsze wiadomo\u015bci<\/p>","protected":false},"author":2,"featured_media":0,"parent":0,"menu_order":0,"comment_status":"closed","ping_status":"closed","template":"","meta":{"footnotes":""},"class_list":["post-24534","page","type-page","status-publish","hentry"],"_links":{"self":[{"href":"https:\/\/indesfuggerhaus.de\/pl\/wp-json\/wp\/v2\/pages\/24534","targetHints":{"allow":["GET"]}}],"collection":[{"href":"https:\/\/indesfuggerhaus.de\/pl\/wp-json\/wp\/v2\/pages"}],"about":[{"href":"https:\/\/indesfuggerhaus.de\/pl\/wp-json\/wp\/v2\/types\/page"}],"author":[{"embeddable":true,"href":"https:\/\/indesfuggerhaus.de\/pl\/wp-json\/wp\/v2\/users\/2"}],"replies":[{"embeddable":true,"href":"https:\/\/indesfuggerhaus.de\/pl\/wp-json\/wp\/v2\/comments?post=24534"}],"version-history":[{"count":4,"href":"https:\/\/indesfuggerhaus.de\/pl\/wp-json\/wp\/v2\/pages\/24534\/revisions"}],"predecessor-version":[{"id":24539,"href":"https:\/\/indesfuggerhaus.de\/pl\/wp-json\/wp\/v2\/pages\/24534\/revisions\/24539"}],"wp:attachment":[{"href":"https:\/\/indesfuggerhaus.de\/pl\/wp-json\/wp\/v2\/media?parent=24534"}],"curies":[{"name":"wp","href":"https:\/\/api.w.org\/{rel}","templated":true}]}}