{"id":52,"date":"2023-09-11T11:39:57","date_gmt":"2023-09-11T11:39:57","guid":{"rendered":"https:\/\/indesfuggerhaus.de\/?page_id=52"},"modified":"2026-03-31T11:57:54","modified_gmt":"2026-03-31T11:57:54","slug":"naehservice","status":"publish","type":"page","link":"https:\/\/indesfuggerhaus.de\/pl\/naehservice\/","title":{"rendered":"Us\u0142uga szycia"},"content":{"rendered":"<div data-elementor-type=\"wp-page\" data-elementor-id=\"52\" class=\"elementor elementor-52\" data-elementor-post-type=\"page\">\n\t\t\t\t<div class=\"elementor-element elementor-element-dd5bcf6 e-flex e-con-boxed e-con e-parent\" data-id=\"dd5bcf6\" data-element_type=\"container\" data-e-type=\"container\">\n\t\t\t\t\t<div class=\"e-con-inner\">\n\t\t<div class=\"elementor-element elementor-element-2afcef7 e-con-full e-flex e-con e-child\" data-id=\"2afcef7\" data-element_type=\"container\" data-e-type=\"container\">\n\t\t\t\t<div class=\"elementor-element elementor-element-252b1ba elementor-widget-divider--view-line elementor-widget elementor-widget-divider\" data-id=\"252b1ba\" data-element_type=\"widget\" data-e-type=\"widget\" data-widget_type=\"divider.default\">\n\t\t\t\t<div class=\"elementor-widget-container\">\n\t\t\t\t\t\t\t<div class=\"elementor-divider\">\n\t\t\t<span class=\"elementor-divider-separator\">\n\t\t\t\t\t\t<\/span>\n\t\t<\/div>\n\t\t\t\t\t\t<\/div>\n\t\t\t\t<\/div>\n\t\t\t\t<\/div>\n\t\t\t\t\t<\/div>\n\t\t\t\t<\/div>\n\t\t<div class=\"elementor-element elementor-element-1709222 e-flex e-con-boxed e-con e-parent\" data-id=\"1709222\" data-element_type=\"container\" data-e-type=\"container\">\n\t\t\t\t\t<div class=\"e-con-inner\">\n\t\t<div class=\"elementor-element elementor-element-94472b5 e-con-full e-flex e-con e-child\" data-id=\"94472b5\" data-element_type=\"container\" data-e-type=\"container\">\n\t\t\t\t<div class=\"elementor-element elementor-element-969c26d elementor-widget elementor-widget-heading\" data-id=\"969c26d\" data-element_type=\"widget\" data-e-type=\"widget\" data-widget_type=\"heading.default\">\n\t\t\t\t<div class=\"elementor-widget-container\">\n\t\t\t\t\t<h2 class=\"elementor-heading-title elementor-size-default\">Us\u0142uga szycia<\/h2>\t\t\t\t<\/div>\n\t\t\t\t<\/div>\n\t\t\t\t<\/div>\n\t\t\t\t\t<\/div>\n\t\t\t\t<\/div>\n\t\t<div class=\"elementor-element elementor-element-6e4f585 e-flex e-con-boxed e-con e-parent\" data-id=\"6e4f585\" data-element_type=\"container\" data-e-type=\"container\">\n\t\t\t\t\t<div class=\"e-con-inner\">\n\t\t<div class=\"elementor-element elementor-element-b19b9ee e-con-full e-flex e-con e-child\" data-id=\"b19b9ee\" data-element_type=\"container\" data-e-type=\"container\">\n\t\t\t\t<div class=\"elementor-element elementor-element-1c0ce30 elementor-widget elementor-widget-text-editor\" data-id=\"1c0ce30\" data-element_type=\"widget\" data-e-type=\"widget\" data-widget_type=\"text-editor.default\">\n\t\t\t\t<div class=\"elementor-widget-container\">\n\t\t\t\t\t\t\t\t\t<h3 style=\"text-align: center;\">Spersonalizowane dekoracje okienne w zaledwie kilku krokach<\/h3><p style=\"text-align: center;\">W zaledwie kilku prostych krokach, bez u\u017cycia papieru, mo\u017cesz z\u0142o\u017cy\u0107 u nas zam\u00f3wienie cyfrowo. Wybierasz materia\u0142, okre\u015blasz rodzaj odzie\u017cy, a zam\u00f3wienie jest przetwarzane za Ciebie. Oferujemy szerok\u0105 gam\u0119 profesjonalnych rodzaj\u00f3w odzie\u017cy, kt\u00f3re pokrywaj\u0105 wi\u0119kszo\u015b\u0107 aktualnego zapotrzebowania rynku.<\/p><p style=\"text-align: center;\">Us\u0142uga szycia, kt\u00f3ra jest dost\u0119pna tylko dla zarejestrowanych sprzedawc\u00f3w detalicznych, u\u0142atwia szybk\u0105 i \u0142atw\u0105 realizacj\u0119 indywidualnych zam\u00f3wie\u0144.<\/p>\t\t\t\t\t\t\t\t<\/div>\n\t\t\t\t<\/div>\n\t\t\t\t<div class=\"elementor-element elementor-element-f1d4954 elementor-align-left elementor-widget elementor-widget-button\" data-id=\"f1d4954\" data-element_type=\"widget\" data-e-type=\"widget\" data-widget_type=\"button.default\">\n\t\t\t\t<div class=\"elementor-widget-container\">\n\t\t\t\t\t\t\t\t\t<div class=\"elementor-button-wrapper\">\n\t\t\t\t\t<a class=\"elementor-button elementor-button-link elementor-size-sm\" href=\"https:\/\/youtu.be\/OTIiLnCx5PQ\" target=\"_blank\">\n\t\t\t\t\t\t<span class=\"elementor-button-content-wrapper\">\n\t\t\t\t\t\t\t\t\t<span class=\"elementor-button-text\">Do wideo z us\u0142ugi szycia<\/span>\n\t\t\t\t\t<\/span>\n\t\t\t\t\t<\/a>\n\t\t\t\t<\/div>\n\t\t\t\t\t\t\t\t<\/div>\n\t\t\t\t<\/div>\n\t\t\t\t<\/div>\n\t\t\t\t\t<\/div>\n\t\t\t\t<\/div>\n\t\t<div class=\"elementor-element elementor-element-6d22a93 e-flex e-con-boxed e-con e-parent\" data-id=\"6d22a93\" data-element_type=\"container\" data-e-type=\"container\">\n\t\t\t\t\t<div class=\"e-con-inner\">\n\t\t<div class=\"elementor-element elementor-element-a48bd94 e-con-full e-flex e-con e-child\" data-id=\"a48bd94\" data-element_type=\"container\" data-e-type=\"container\">\n\t\t\t\t<div class=\"elementor-element elementor-element-27118c7 elementor-widget__width-initial elementor-widget elementor-widget-image\" data-id=\"27118c7\" data-element_type=\"widget\" data-e-type=\"widget\" data-widget_type=\"image.default\">\n\t\t\t\t<div class=\"elementor-widget-container\">\n\t\t\t\t\t\t\t\t\t\t\t\t\t\t\t<img fetchpriority=\"high\" decoding=\"async\" width=\"300\" height=\"300\" src=\"https:\/\/indesfuggerhaus.de\/wp-content\/uploads\/2024\/08\/Nahservice-Logo-freigestellt-Bunt-Helvetica-300x300.png\" class=\"elementor-animation-shrink attachment-medium size-medium wp-image-19769\" alt=\"N\u00e4hservice\" srcset=\"https:\/\/indesfuggerhaus.de\/wp-content\/uploads\/2024\/08\/Nahservice-Logo-freigestellt-Bunt-Helvetica-300x300.png 300w, https:\/\/indesfuggerhaus.de\/wp-content\/uploads\/2024\/08\/Nahservice-Logo-freigestellt-Bunt-Helvetica-100x100.png 100w, https:\/\/indesfuggerhaus.de\/wp-content\/uploads\/2024\/08\/Nahservice-Logo-freigestellt-Bunt-Helvetica-150x150.png 150w, https:\/\/indesfuggerhaus.de\/wp-content\/uploads\/2024\/08\/Nahservice-Logo-freigestellt-Bunt-Helvetica.png 591w\" sizes=\"(max-width: 300px) 100vw, 300px\" \/>\t\t\t\t\t\t\t\t\t\t\t\t\t\t\t<\/div>\n\t\t\t\t<\/div>\n\t\t\t\t<\/div>\n\t\t<div class=\"elementor-element elementor-element-972e7cb e-con-full e-flex e-con e-child\" data-id=\"972e7cb\" data-element_type=\"container\" data-e-type=\"container\">\n\t\t<div class=\"elementor-element elementor-element-ded503a e-con-full e-flex e-con e-child\" data-id=\"ded503a\" data-element_type=\"container\" data-e-type=\"container\">\n\t\t\t\t<div class=\"elementor-element elementor-element-d322a01 elementor-widget elementor-widget-text-editor\" data-id=\"d322a01\" data-element_type=\"widget\" data-e-type=\"widget\" data-widget_type=\"text-editor.default\">\n\t\t\t\t<div class=\"elementor-widget-container\">\n\t\t\t\t\t\t\t\t\t<p style=\"text-align: center;\">\"Dzi\u0119ki us\u0142udze szycia online mam teraz mo\u017cliwo\u015b\u0107 <br \/>Mo\u017cliwo\u015b\u0107 realizacji wi\u0119kszej liczby zam\u00f3wie\u0144 w tym samym czasie\".<\/p>\t\t\t\t\t\t\t\t<\/div>\n\t\t\t\t<\/div>\n\t\t\t\t<div class=\"elementor-element elementor-element-24a6fab elementor-widget elementor-widget-text-editor\" data-id=\"24a6fab\" data-element_type=\"widget\" data-e-type=\"widget\" data-widget_type=\"text-editor.default\">\n\t\t\t\t<div class=\"elementor-widget-container\">\n\t\t\t\t\t\t\t\t\t<p style=\"text-align: center;\"><strong>- Dekorator wn\u0119trz z Kolonii, NRW<\/strong><\/p>\t\t\t\t\t\t\t\t<\/div>\n\t\t\t\t<\/div>\n\t\t\t\t<div class=\"elementor-element elementor-element-b1a913b elementor-widget-divider--view-line elementor-widget elementor-widget-divider\" data-id=\"b1a913b\" data-element_type=\"widget\" data-e-type=\"widget\" data-widget_type=\"divider.default\">\n\t\t\t\t<div class=\"elementor-widget-container\">\n\t\t\t\t\t\t\t<div class=\"elementor-divider\">\n\t\t\t<span class=\"elementor-divider-separator\">\n\t\t\t\t\t\t<\/span>\n\t\t<\/div>\n\t\t\t\t\t\t<\/div>\n\t\t\t\t<\/div>\n\t\t\t\t<\/div>\n\t\t\t\t<\/div>\n\t\t\t\t\t<\/div>\n\t\t\t\t<\/div>\n\t\t<div class=\"elementor-element elementor-element-f8300c8 e-flex e-con-boxed e-con e-parent\" data-id=\"f8300c8\" data-element_type=\"container\" data-e-type=\"container\">\n\t\t\t\t\t<div class=\"e-con-inner\">\n\t\t<div class=\"elementor-element elementor-element-1cfb103 e-con-full e-flex e-con e-child\" data-id=\"1cfb103\" data-element_type=\"container\" data-e-type=\"container\" data-settings=\"{&quot;background_background&quot;:&quot;classic&quot;}\">\n\t\t\t\t<div class=\"elementor-element elementor-element-7b97b6f elementor-widget elementor-widget-text-editor\" data-id=\"7b97b6f\" data-element_type=\"widget\" data-e-type=\"widget\" data-widget_type=\"text-editor.default\">\n\t\t\t\t<div class=\"elementor-widget-container\">\n\t\t\t\t\t\t\t\t\t<h1 style=\"text-align: center;\">1. wyb\u00f3r tkaniny<\/h1>\t\t\t\t\t\t\t\t<\/div>\n\t\t\t\t<\/div>\n\t\t\t\t<div class=\"elementor-element elementor-element-d268cb0 elementor-widget elementor-widget-text-editor\" data-id=\"d268cb0\" data-element_type=\"widget\" data-e-type=\"widget\" data-widget_type=\"text-editor.default\">\n\t\t\t\t<div class=\"elementor-widget-container\">\n\t\t\t\t\t\t\t\t\t<h1 style=\"text-align: center;\">3. wys\u0142a\u0107 zam\u00f3wienie<\/h1>\t\t\t\t\t\t\t\t<\/div>\n\t\t\t\t<\/div>\n\t\t\t\t<div class=\"elementor-element elementor-element-be5f465 elementor-widget elementor-widget-text-editor\" data-id=\"be5f465\" data-element_type=\"widget\" data-e-type=\"widget\" data-widget_type=\"text-editor.default\">\n\t\t\t\t<div class=\"elementor-widget-container\">\n\t\t\t\t\t\t\t\t\t<h1 style=\"text-align: center;\">2. okre\u015bli\u0107 typ odzie\u017cy<\/h1>\t\t\t\t\t\t\t\t<\/div>\n\t\t\t\t<\/div>\n\t\t\t\t<\/div>\n\t\t\t\t\t<\/div>\n\t\t\t\t<\/div>\n\t\t<div class=\"elementor-element elementor-element-f18ee20 e-flex e-con-boxed e-con e-parent\" data-id=\"f18ee20\" data-element_type=\"container\" data-e-type=\"container\">\n\t\t\t\t\t<div class=\"e-con-inner\">\n\t\t<div class=\"elementor-element elementor-element-cd53643 e-con-full e-flex e-con e-child\" data-id=\"cd53643\" data-element_type=\"container\" data-e-type=\"container\" data-settings=\"{&quot;background_background&quot;:&quot;classic&quot;}\">\n\t\t\t\t<div class=\"elementor-element elementor-element-d3707c8 elementor-widget elementor-widget-text-editor\" data-id=\"d3707c8\" data-element_type=\"widget\" data-e-type=\"widget\" data-widget_type=\"text-editor.default\">\n\t\t\t\t<div class=\"elementor-widget-container\">\n\t\t\t\t\t\t\t\t\t<p style=\"text-align: center;\">Po\u0142\u0105cz nasz bardzo du\u017cy wyb\u00f3r modnych tkanin domowych z wieloma aktualnymi wariantami szycia.<\/p>\t\t\t\t\t\t\t\t<\/div>\n\t\t\t\t<\/div>\n\t\t\t\t<\/div>\n\t\t<div class=\"elementor-element elementor-element-4ff6f9e e-con-full e-flex e-con e-child\" data-id=\"4ff6f9e\" data-element_type=\"container\" data-e-type=\"container\" data-settings=\"{&quot;background_background&quot;:&quot;classic&quot;}\">\n\t\t\t\t<div class=\"elementor-element elementor-element-ca8b835 elementor-widget elementor-widget-text-editor\" data-id=\"ca8b835\" data-element_type=\"widget\" data-e-type=\"widget\" data-widget_type=\"text-editor.default\">\n\t\t\t\t<div class=\"elementor-widget-container\">\n\t\t\t\t\t\t\t\t\t<p style=\"text-align: center;\">Skoncentruj si\u0119 na doradzaniu swoim klientom: Indes Fuggerhaus szyje dla Ciebie w profesjonalnej jako\u015bci wyposa\u017cenia wn\u0119trz.<\/p>\t\t\t\t\t\t\t\t<\/div>\n\t\t\t\t<\/div>\n\t\t\t\t<\/div>\n\t\t<div class=\"elementor-element elementor-element-cc6ab58 e-con-full e-flex e-con e-child\" data-id=\"cc6ab58\" data-element_type=\"container\" data-e-type=\"container\" data-settings=\"{&quot;background_background&quot;:&quot;classic&quot;}\">\n\t\t\t\t<div class=\"elementor-element elementor-element-e6c39bb elementor-widget elementor-widget-text-editor\" data-id=\"e6c39bb\" data-element_type=\"widget\" data-e-type=\"widget\" data-widget_type=\"text-editor.default\">\n\t\t\t\t<div class=\"elementor-widget-container\">\n\t\t\t\t\t\t\t\t\t<p style=\"text-align: center;\">Mo\u017cesz bardzo szybko skonfigurowa\u0107 r\u00f3\u017cne dekoracje okienne, poduszki i rolety rzymskie oraz otrzyma\u0107 wymiary ci\u0119cia i ofert\u0119 cenow\u0105 w ci\u0105gu kilku sekund.<\/p>\t\t\t\t\t\t\t\t<\/div>\n\t\t\t\t<\/div>\n\t\t\t\t<\/div>\n\t\t\t\t\t<\/div>\n\t\t\t\t<\/div>\n\t\t<div class=\"elementor-element elementor-element-ff1370e e-flex e-con-boxed e-con e-parent\" data-id=\"ff1370e\" data-element_type=\"container\" data-e-type=\"container\">\n\t\t\t\t\t<div class=\"e-con-inner\">\n\t\t\t\t<div class=\"elementor-element elementor-element-bec6fc0 elementor-align-center elementor-widget elementor-widget-button\" data-id=\"bec6fc0\" data-element_type=\"widget\" data-e-type=\"widget\" data-widget_type=\"button.default\">\n\t\t\t\t<div class=\"elementor-widget-container\">\n\t\t\t\t\t\t\t\t\t<div class=\"elementor-button-wrapper\">\n\t\t\t\t\t<a class=\"elementor-button elementor-button-link elementor-size-sm\" href=\"https:\/\/indesfuggerhaus.de\/pl\/unternehmen\/naehservice-login\/?L=0\" target=\"_blank\">\n\t\t\t\t\t\t<span class=\"elementor-button-content-wrapper\">\n\t\t\t\t\t\t\t\t\t<span class=\"elementor-button-text\">Skonfiguruj kurtyn\u0119 teraz<\/span>\n\t\t\t\t\t<\/span>\n\t\t\t\t\t<\/a>\n\t\t\t\t<\/div>\n\t\t\t\t\t\t\t\t<\/div>\n\t\t\t\t<\/div>\n\t\t\t\t<div class=\"elementor-element elementor-element-356d5fe elementor-widget-divider--view-line elementor-widget elementor-widget-divider\" data-id=\"356d5fe\" data-element_type=\"widget\" data-e-type=\"widget\" data-widget_type=\"divider.default\">\n\t\t\t\t<div class=\"elementor-widget-container\">\n\t\t\t\t\t\t\t<div class=\"elementor-divider\">\n\t\t\t<span class=\"elementor-divider-separator\">\n\t\t\t\t\t\t<\/span>\n\t\t<\/div>\n\t\t\t\t\t\t<\/div>\n\t\t\t\t<\/div>\n\t\t\t\t<div class=\"elementor-element elementor-element-1e31dc3 elementor-widget elementor-widget-text-editor\" data-id=\"1e31dc3\" data-element_type=\"widget\" data-e-type=\"widget\" data-widget_type=\"text-editor.default\">\n\t\t\t\t<div class=\"elementor-widget-container\">\n\t\t\t\t\t\t\t\t\t<h3 style=\"text-align: center;\">Jakie zalety ma dla Ciebie us\u0142uga szycia online?<\/h3>\t\t\t\t\t\t\t\t<\/div>\n\t\t\t\t<\/div>\n\t\t\t\t\t<\/div>\n\t\t\t\t<\/div>\n\t\t<div class=\"elementor-element elementor-element-2c8f839 e-flex e-con-boxed e-con e-parent\" data-id=\"2c8f839\" data-element_type=\"container\" data-e-type=\"container\">\n\t\t\t\t\t<div class=\"e-con-inner\">\n\t\t\t\t<div class=\"elementor-element elementor-element-befea3f elementor-widget elementor-widget-text-editor\" data-id=\"befea3f\" data-element_type=\"widget\" data-e-type=\"widget\" data-widget_type=\"text-editor.default\">\n\t\t\t\t<div class=\"elementor-widget-container\">\n\t\t\t\t\t\t\t\t\t<p style=\"text-align: center;\"><strong>1. bardzo szybka konfiguracja i wycena<\/strong><\/p><p style=\"text-align: center;\">Zapewnij swoim klientom wycen\u0119 r\u00f3\u017cnych dekoracji okiennych szybciej ni\u017c kiedykolwiek wcze\u015bniej - z natychmiastow\u0105 wycen\u0105. <br \/>Mo\u017cesz zapisa\u0107 oferty lub wys\u0142a\u0107 je bezpo\u015brednio do nas jako zam\u00f3wienie - odpowiednia cena we w\u0142a\u015bciwym miejscu w dowolnym momencie: Tkanina + odzie\u017c<\/p><p>\u00a0<\/p><p style=\"text-align: center;\"><strong><span style=\"color: var( --e-global-color-text ); font-family: var( --e-global-typography-text-font-family ), Sans-serif; font-size: 1rem; text-align: var(--text-align);\">2. proste i bezpieczne zamawianie<\/span><\/strong><\/p><p style=\"text-align: center;\">Mo\u017cesz spodziewa\u0107 si\u0119 przejrzystego systemu zam\u00f3wie\u0144, kt\u00f3ry krok po kroku poprowadzi Ci\u0119 do indywidualnego, spersonalizowanego produktu. <br \/>Dzi\u0119ki precyzyjnym polom zapyta\u0144 mo\u017cna oczekiwa\u0107 wyra\u017anie spersonalizowanych i profesjonalnie wyprodukowanych tkanin.<br \/><br \/><\/p><p style=\"text-align: center;\"><strong><span style=\"color: var( --e-global-color-text ); font-family: var( --e-global-typography-text-font-family ), Sans-serif; font-size: 1rem; text-align: var(--text-align);\">3. atrakcyjna mar\u017ca<\/span><\/strong><\/p><p style=\"text-align: center;\"><span style=\"color: var( --e-global-color-text ); font-family: var( --e-global-typography-text-font-family ), Sans-serif; font-size: 1rem; font-weight: var( --e-global-typography-text-font-weight ); text-align: var(--text-align);\">Gotowe tkaniny otrzymujesz szybko i niezawodnie z atrakcyjn\u0105 mar\u017c\u0105. Dostarczamy gotowe rolety rzymskie <br \/>Daje to mo\u017cliwo\u015b\u0107 sprzeda\u017cy znacznie wi\u0119kszej liczby dekoracji okiennych z tkanin.<\/span><\/p>\t\t\t\t\t\t\t\t<\/div>\n\t\t\t\t<\/div>\n\t\t\t\t\t<\/div>\n\t\t\t\t<\/div>\n\t\t<div class=\"elementor-element elementor-element-ff174b1 e-flex e-con-boxed e-con e-parent\" data-id=\"ff174b1\" data-element_type=\"container\" data-e-type=\"container\">\n\t\t\t\t\t<div class=\"e-con-inner\">\n\t\t\t\t<div class=\"elementor-element elementor-element-1ec86c5 elementor-widget elementor-widget-text-editor\" data-id=\"1ec86c5\" data-element_type=\"widget\" data-e-type=\"widget\" data-widget_type=\"text-editor.default\">\n\t\t\t\t<div class=\"elementor-widget-container\">\n\t\t\t\t\t\t\t\t\t<h5 style=\"text-align: center;\">Popro\u015b o dane dost\u0119powe ju\u017c teraz i rozpocznij prac\u0119.<\/h5>\t\t\t\t\t\t\t\t<\/div>\n\t\t\t\t<\/div>\n\t\t\t\t<div class=\"elementor-element elementor-element-7d94934 elementor-align-center elementor-widget elementor-widget-button\" data-id=\"7d94934\" data-element_type=\"widget\" data-e-type=\"widget\" data-widget_type=\"button.default\">\n\t\t\t\t<div class=\"elementor-widget-container\">\n\t\t\t\t\t\t\t\t\t<div class=\"elementor-button-wrapper\">\n\t\t\t\t\t<a class=\"elementor-button elementor-button-link elementor-size-sm\" href=\"https:\/\/indesfuggerhaus.de\/pl\/unternehmen\/ansprechpartner\/\">\n\t\t\t\t\t\t<span class=\"elementor-button-content-wrapper\">\n\t\t\t\t\t\t\t\t\t<span class=\"elementor-button-text\">Znajd\u017a odpowiedni\u0105 osob\u0119 kontaktow\u0105<\/span>\n\t\t\t\t\t<\/span>\n\t\t\t\t\t<\/a>\n\t\t\t\t<\/div>\n\t\t\t\t\t\t\t\t<\/div>\n\t\t\t\t<\/div>\n\t\t\t\t<div class=\"elementor-element elementor-element-4570669 elementor-widget-divider--view-line elementor-widget elementor-widget-divider\" data-id=\"4570669\" data-element_type=\"widget\" data-e-type=\"widget\" data-widget_type=\"divider.default\">\n\t\t\t\t<div class=\"elementor-widget-container\">\n\t\t\t\t\t\t\t<div class=\"elementor-divider\">\n\t\t\t<span class=\"elementor-divider-separator\">\n\t\t\t\t\t\t<\/span>\n\t\t<\/div>\n\t\t\t\t\t\t<\/div>\n\t\t\t\t<\/div>\n\t\t\t\t\t<\/div>\n\t\t\t\t<\/div>\n\t\t\t\t<\/div>","protected":false},"excerpt":{"rendered":"<p>N\u00e4hservice In wenigen Schritten zur individuellen Fensterdekoration In nur wenigen Schritten geben Sie einfach und papierlos Ihre Kundenbestellung digital bei uns auf. Sie suchen den Stoff aus, legen die Konfektionsart fest und\u00a0 der Auftrag wird f\u00fcr Sie ausgef\u00fchrt. Wir bieten Ihnen eine Vielzahl an professionellen Konfektionsarten, die den Gro\u00dfteil der derzeitigen Marktnachfrage abdecken. Mit dem [&hellip;]<\/p>\n","protected":false},"author":2,"featured_media":0,"parent":0,"menu_order":0,"comment_status":"closed","ping_status":"closed","template":"","meta":{"footnotes":""},"class_list":["post-52","page","type-page","status-publish","hentry"],"_links":{"self":[{"href":"https:\/\/indesfuggerhaus.de\/pl\/wp-json\/wp\/v2\/pages\/52","targetHints":{"allow":["GET"]}}],"collection":[{"href":"https:\/\/indesfuggerhaus.de\/pl\/wp-json\/wp\/v2\/pages"}],"about":[{"href":"https:\/\/indesfuggerhaus.de\/pl\/wp-json\/wp\/v2\/types\/page"}],"author":[{"embeddable":true,"href":"https:\/\/indesfuggerhaus.de\/pl\/wp-json\/wp\/v2\/users\/2"}],"replies":[{"embeddable":true,"href":"https:\/\/indesfuggerhaus.de\/pl\/wp-json\/wp\/v2\/comments?post=52"}],"version-history":[{"count":139,"href":"https:\/\/indesfuggerhaus.de\/pl\/wp-json\/wp\/v2\/pages\/52\/revisions"}],"predecessor-version":[{"id":29819,"href":"https:\/\/indesfuggerhaus.de\/pl\/wp-json\/wp\/v2\/pages\/52\/revisions\/29819"}],"wp:attachment":[{"href":"https:\/\/indesfuggerhaus.de\/pl\/wp-json\/wp\/v2\/media?parent=52"}],"curies":[{"name":"wp","href":"https:\/\/api.w.org\/{rel}","templated":true}]}}