{"id":54,"date":"2023-09-11T11:40:07","date_gmt":"2023-09-11T11:40:07","guid":{"rendered":"https:\/\/indesfuggerhaus.de\/?page_id=54"},"modified":"2025-10-07T06:11:06","modified_gmt":"2025-10-07T06:11:06","slug":"unternehmen","status":"publish","type":"page","link":"https:\/\/indesfuggerhaus.de\/pl\/unternehmen\/","title":{"rendered":"Firma"},"content":{"rendered":"<div data-elementor-type=\"wp-page\" data-elementor-id=\"54\" class=\"elementor elementor-54\" data-elementor-post-type=\"page\">\n\t\t\t\t<div class=\"elementor-element elementor-element-9fe2957 e-flex e-con-boxed e-con e-parent\" data-id=\"9fe2957\" data-element_type=\"container\" data-e-type=\"container\">\n\t\t\t\t\t<div class=\"e-con-inner\">\n\t\t<div class=\"elementor-element elementor-element-3bfb722 e-con-full e-flex e-con e-child\" data-id=\"3bfb722\" data-element_type=\"container\" data-e-type=\"container\">\n\t\t\t\t<div class=\"elementor-element elementor-element-330cb79 elementor-widget elementor-widget-heading\" data-id=\"330cb79\" data-element_type=\"widget\" data-e-type=\"widget\" data-widget_type=\"heading.default\">\n\t\t\t\t<div class=\"elementor-widget-container\">\n\t\t\t\t\t<h2 class=\"elementor-heading-title elementor-size-default\">O nas<\/h2>\t\t\t\t<\/div>\n\t\t\t\t<\/div>\n\t\t\t\t<\/div>\n\t\t\t\t\t<\/div>\n\t\t\t\t<\/div>\n\t\t<div class=\"elementor-element elementor-element-fc6f17c e-flex e-con-boxed e-con e-parent\" data-id=\"fc6f17c\" data-element_type=\"container\" data-e-type=\"container\">\n\t\t\t\t\t<div class=\"e-con-inner\">\n\t\t<div class=\"elementor-element elementor-element-59f7303 e-con-full e-flex e-con e-child\" data-id=\"59f7303\" data-element_type=\"container\" data-e-type=\"container\">\n\t\t\t\t<div class=\"elementor-element elementor-element-2fb84eb elementor-cta--skin-cover elementor-widget__width-initial elementor-animated-content elementor-widget elementor-widget-call-to-action\" data-id=\"2fb84eb\" data-element_type=\"widget\" data-e-type=\"widget\" data-widget_type=\"call-to-action.default\">\n\t\t\t\t<div class=\"elementor-widget-container\">\n\t\t\t\t\t\t\t<div class=\"elementor-cta\">\n\t\t\t\t\t<div class=\"elementor-cta__bg-wrapper\">\n\t\t\t\t<div class=\"elementor-cta__bg elementor-bg\" style=\"background-image: url();\" role=\"img\" aria-label=\"\"><\/div>\n\t\t\t\t<div class=\"elementor-cta__bg-overlay\"><\/div>\n\t\t\t<\/div>\n\t\t\t\t\t\t\t<div class=\"elementor-cta__content\">\n\t\t\t\t\n\t\t\t\t\n\t\t\t\t\t\t\t\t\t<div class=\"elementor-cta__description elementor-cta__content-item elementor-content-item elementor-animated-item--grow\">\n\t\t\t\t\t\tOsoba do kontaktu\t\t\t\t\t<\/div>\n\t\t\t\t\n\t\t\t\t\t\t\t\t\t<div class=\"elementor-cta__button-wrapper elementor-cta__content-item elementor-content-item elementor-animated-item--grow\">\n\t\t\t\t\t<a class=\"elementor-cta__button elementor-button elementor-size-\" href=\"https:\/\/indesfuggerhaus.de\/pl\/unternehmen\/ansprechpartner\/\">\n\t\t\t\t\t\tCieszymy si\u0119, \u017ce mo\u017cemy Ci pom\u00f3c!\t\t\t\t\t<\/a>\n\t\t\t\t\t<\/div>\n\t\t\t\t\t\t\t<\/div>\n\t\t\t\t\t\t<\/div>\n\t\t\t\t\t\t<\/div>\n\t\t\t\t<\/div>\n\t\t\t\t<\/div>\n\t\t<div class=\"elementor-element elementor-element-73bff90 e-con-full e-flex e-con e-child\" data-id=\"73bff90\" data-element_type=\"container\" data-e-type=\"container\">\n\t\t\t\t<div class=\"elementor-element elementor-element-2b4bcb9 elementor-cta--skin-cover elementor-widget__width-initial elementor-animated-content elementor-widget elementor-widget-call-to-action\" data-id=\"2b4bcb9\" data-element_type=\"widget\" data-e-type=\"widget\" data-widget_type=\"call-to-action.default\">\n\t\t\t\t<div class=\"elementor-widget-container\">\n\t\t\t\t\t\t\t<div class=\"elementor-cta\">\n\t\t\t\t\t<div class=\"elementor-cta__bg-wrapper\">\n\t\t\t\t<div class=\"elementor-cta__bg elementor-bg\" style=\"background-image: url();\" role=\"img\" aria-label=\"\"><\/div>\n\t\t\t\t<div class=\"elementor-cta__bg-overlay\"><\/div>\n\t\t\t<\/div>\n\t\t\t\t\t\t\t<div class=\"elementor-cta__content\">\n\t\t\t\t\n\t\t\t\t\n\t\t\t\t\t\t\t\t\t<div class=\"elementor-cta__description elementor-cta__content-item elementor-content-item elementor-animated-item--grow\">\n\t\t\t\t\t\tLokalizacja\t\t\t\t\t<\/div>\n\t\t\t\t\n\t\t\t\t\t\t\t\t\t<div class=\"elementor-cta__button-wrapper elementor-cta__content-item elementor-content-item elementor-animated-item--grow\">\n\t\t\t\t\t<a class=\"elementor-cta__button elementor-button elementor-size-\" href=\"https:\/\/indesfuggerhaus.de\/pl\/unternehmen\/standort\/\">\n\t\t\t\t\t\tMo\u017cna nas znale\u017a\u0107 tutaj\t\t\t\t\t<\/a>\n\t\t\t\t\t<\/div>\n\t\t\t\t\t\t\t<\/div>\n\t\t\t\t\t\t<\/div>\n\t\t\t\t\t\t<\/div>\n\t\t\t\t<\/div>\n\t\t\t\t<\/div>\n\t\t\t\t\t<\/div>\n\t\t\t\t<\/div>\n\t\t<div class=\"elementor-element elementor-element-628c1e1 e-flex e-con-boxed e-con e-parent\" data-id=\"628c1e1\" data-element_type=\"container\" data-e-type=\"container\">\n\t\t\t\t\t<div class=\"e-con-inner\">\n\t\t<div class=\"elementor-element elementor-element-be5b9e0 e-con-full e-flex e-con e-child\" data-id=\"be5b9e0\" data-element_type=\"container\" data-e-type=\"container\">\n\t\t\t\t<div class=\"elementor-element elementor-element-86b598b elementor-cta--skin-cover elementor-widget__width-initial elementor-animated-content elementor-widget elementor-widget-call-to-action\" data-id=\"86b598b\" data-element_type=\"widget\" data-e-type=\"widget\" data-widget_type=\"call-to-action.default\">\n\t\t\t\t<div class=\"elementor-widget-container\">\n\t\t\t\t\t\t\t<div class=\"elementor-cta\">\n\t\t\t\t\t<div class=\"elementor-cta__bg-wrapper\">\n\t\t\t\t<div class=\"elementor-cta__bg elementor-bg\" style=\"background-image: url();\" role=\"img\" aria-label=\"\"><\/div>\n\t\t\t\t<div class=\"elementor-cta__bg-overlay\"><\/div>\n\t\t\t<\/div>\n\t\t\t\t\t\t\t<div class=\"elementor-cta__content\">\n\t\t\t\t\n\t\t\t\t\n\t\t\t\t\t\t\t\t\t<div class=\"elementor-cta__description elementor-cta__content-item elementor-content-item elementor-animated-item--grow\">\n\t\t\t\t\t\tSalony\t\t\t\t\t<\/div>\n\t\t\t\t\n\t\t\t\t\t\t\t\t\t<div class=\"elementor-cta__button-wrapper elementor-cta__content-item elementor-content-item elementor-animated-item--grow\">\n\t\t\t\t\t<a class=\"elementor-cta__button elementor-button elementor-size-\" href=\"https:\/\/indesfuggerhaus.de\/pl\/unternehmen\/schauraeume\/\">\n\t\t\t\t\t\tPozw\u00f3l nam si\u0119 zainspirowa\u0107\t\t\t\t\t<\/a>\n\t\t\t\t\t<\/div>\n\t\t\t\t\t\t\t<\/div>\n\t\t\t\t\t\t<\/div>\n\t\t\t\t\t\t<\/div>\n\t\t\t\t<\/div>\n\t\t\t\t<\/div>\n\t\t<div class=\"elementor-element elementor-element-761e689 e-con-full e-flex e-con e-child\" data-id=\"761e689\" data-element_type=\"container\" data-e-type=\"container\">\n\t\t\t\t<div class=\"elementor-element elementor-element-2c2199b elementor-cta--skin-cover elementor-widget__width-initial elementor-animated-content elementor-widget elementor-widget-call-to-action\" data-id=\"2c2199b\" data-element_type=\"widget\" data-e-type=\"widget\" data-widget_type=\"call-to-action.default\">\n\t\t\t\t<div class=\"elementor-widget-container\">\n\t\t\t\t\t\t\t<div class=\"elementor-cta\">\n\t\t\t\t\t<div class=\"elementor-cta__bg-wrapper\">\n\t\t\t\t<div class=\"elementor-cta__bg elementor-bg\" style=\"background-image: url();\" role=\"img\" aria-label=\"\"><\/div>\n\t\t\t\t<div class=\"elementor-cta__bg-overlay\"><\/div>\n\t\t\t<\/div>\n\t\t\t\t\t\t\t<div class=\"elementor-cta__content\">\n\t\t\t\t\n\t\t\t\t\n\t\t\t\t\t\t\t\t\t<div class=\"elementor-cta__description elementor-cta__content-item elementor-content-item elementor-animated-item--grow\">\n\t\t\t\t\t\tKariera\t\t\t\t\t<\/div>\n\t\t\t\t\n\t\t\t\t\t\t\t\t\t<div class=\"elementor-cta__button-wrapper elementor-cta__content-item elementor-content-item elementor-animated-item--grow\">\n\t\t\t\t\t<a class=\"elementor-cta__button elementor-button elementor-size-\" href=\"https:\/\/indesfuggerhaus.de\/pl\/unternehmen\/karriere\/\">\n\t\t\t\t\t\tZosta\u0144 cz\u0119\u015bci\u0105 naszego zespo\u0142u!\t\t\t\t\t<\/a>\n\t\t\t\t\t<\/div>\n\t\t\t\t\t\t\t<\/div>\n\t\t\t\t\t\t<\/div>\n\t\t\t\t\t\t<\/div>\n\t\t\t\t<\/div>\n\t\t\t\t<\/div>\n\t\t\t\t\t<\/div>\n\t\t\t\t<\/div>\n\t\t<div class=\"elementor-element elementor-element-99c99f4 e-flex e-con-boxed e-con e-parent\" data-id=\"99c99f4\" data-element_type=\"container\" data-e-type=\"container\">\n\t\t\t\t\t<div class=\"e-con-inner\">\n\t\t\t\t<div class=\"elementor-element elementor-element-cb6c558 elementor-widget-divider--view-line elementor-widget elementor-widget-divider\" data-id=\"cb6c558\" data-element_type=\"widget\" data-e-type=\"widget\" data-widget_type=\"divider.default\">\n\t\t\t\t<div class=\"elementor-widget-container\">\n\t\t\t\t\t\t\t<div class=\"elementor-divider\">\n\t\t\t<span class=\"elementor-divider-separator\">\n\t\t\t\t\t\t<\/span>\n\t\t<\/div>\n\t\t\t\t\t\t<\/div>\n\t\t\t\t<\/div>\n\t\t\t\t\t<\/div>\n\t\t\t\t<\/div>\n\t\t<div class=\"elementor-element elementor-element-aedf570 e-flex e-con-boxed e-con e-parent\" data-id=\"aedf570\" data-element_type=\"container\" data-e-type=\"container\">\n\t\t\t\t\t<div class=\"e-con-inner\">\n\t\t\t\t<div class=\"elementor-element elementor-element-cdfa8d4 elementor-widget elementor-widget-heading\" data-id=\"cdfa8d4\" data-element_type=\"widget\" data-e-type=\"widget\" data-widget_type=\"heading.default\">\n\t\t\t\t<div class=\"elementor-widget-container\">\n\t\t\t\t\t<h2 class=\"elementor-heading-title elementor-size-default\">Wra\u017cenia<\/h2>\t\t\t\t<\/div>\n\t\t\t\t<\/div>\n\t\t\t\t\t<\/div>\n\t\t\t\t<\/div>\n\t\t<div class=\"elementor-element elementor-element-8510b2c e-flex e-con-boxed e-con e-parent\" data-id=\"8510b2c\" data-element_type=\"container\" data-e-type=\"container\">\n\t\t\t\t\t<div class=\"e-con-inner\">\n\t\t<div class=\"elementor-element elementor-element-f5700ae e-con-full e-flex e-con e-child\" data-id=\"f5700ae\" data-element_type=\"container\" data-e-type=\"container\">\n\t\t\t\t<div class=\"elementor-element elementor-element-aba973d elementor-widget elementor-widget-image\" data-id=\"aba973d\" data-element_type=\"widget\" data-e-type=\"widget\" data-widget_type=\"image.default\">\n\t\t\t\t<div class=\"elementor-widget-container\">\n\t\t\t\t\t\t\t\t\t\t\t\t\t\t\t<img fetchpriority=\"high\" decoding=\"async\" width=\"800\" height=\"534\" src=\"https:\/\/indesfuggerhaus.de\/wp-content\/uploads\/2024\/08\/Meyer_Schrader-Fuggerhaus_Layout-7274-1024x683.jpg\" class=\"attachment-large size-large wp-image-19220\" alt=\"Haupteingang Indes Fuggerhaus\" srcset=\"https:\/\/indesfuggerhaus.de\/wp-content\/uploads\/2024\/08\/Meyer_Schrader-Fuggerhaus_Layout-7274-1024x683.jpg 1024w, https:\/\/indesfuggerhaus.de\/wp-content\/uploads\/2024\/08\/Meyer_Schrader-Fuggerhaus_Layout-7274-600x400.jpg 600w, https:\/\/indesfuggerhaus.de\/wp-content\/uploads\/2024\/08\/Meyer_Schrader-Fuggerhaus_Layout-7274-300x200.jpg 300w, https:\/\/indesfuggerhaus.de\/wp-content\/uploads\/2024\/08\/Meyer_Schrader-Fuggerhaus_Layout-7274-768x512.jpg 768w, https:\/\/indesfuggerhaus.de\/wp-content\/uploads\/2024\/08\/Meyer_Schrader-Fuggerhaus_Layout-7274-1536x1024.jpg 1536w, https:\/\/indesfuggerhaus.de\/wp-content\/uploads\/2024\/08\/Meyer_Schrader-Fuggerhaus_Layout-7274-2048x1366.jpg 2048w\" sizes=\"(max-width: 800px) 100vw, 800px\" \/>\t\t\t\t\t\t\t\t\t\t\t\t\t\t\t<\/div>\n\t\t\t\t<\/div>\n\t\t\t\t<\/div>\n\t\t<div class=\"elementor-element elementor-element-b0376b8 e-con-full e-flex e-con e-child\" data-id=\"b0376b8\" data-element_type=\"container\" data-e-type=\"container\">\n\t\t\t\t<div class=\"elementor-element elementor-element-6a11358 elementor-widget elementor-widget-image\" data-id=\"6a11358\" data-element_type=\"widget\" data-e-type=\"widget\" data-widget_type=\"image.default\">\n\t\t\t\t<div class=\"elementor-widget-container\">\n\t\t\t\t\t\t\t\t\t\t\t\t\t\t\t<img decoding=\"async\" width=\"800\" height=\"534\" src=\"https:\/\/indesfuggerhaus.de\/wp-content\/uploads\/2024\/08\/Meyer_Schrader-Fuggerhaus_Layout-7306-1024x683.jpg\" class=\"attachment-large size-large wp-image-19221\" alt=\"B\u00fcrokonzepte: Indes Fuggerhaus\" srcset=\"https:\/\/indesfuggerhaus.de\/wp-content\/uploads\/2024\/08\/Meyer_Schrader-Fuggerhaus_Layout-7306-1024x683.jpg 1024w, https:\/\/indesfuggerhaus.de\/wp-content\/uploads\/2024\/08\/Meyer_Schrader-Fuggerhaus_Layout-7306-600x400.jpg 600w, https:\/\/indesfuggerhaus.de\/wp-content\/uploads\/2024\/08\/Meyer_Schrader-Fuggerhaus_Layout-7306-300x200.jpg 300w, https:\/\/indesfuggerhaus.de\/wp-content\/uploads\/2024\/08\/Meyer_Schrader-Fuggerhaus_Layout-7306-768x512.jpg 768w, https:\/\/indesfuggerhaus.de\/wp-content\/uploads\/2024\/08\/Meyer_Schrader-Fuggerhaus_Layout-7306-1536x1024.jpg 1536w, https:\/\/indesfuggerhaus.de\/wp-content\/uploads\/2024\/08\/Meyer_Schrader-Fuggerhaus_Layout-7306-2048x1366.jpg 2048w\" sizes=\"(max-width: 800px) 100vw, 800px\" \/>\t\t\t\t\t\t\t\t\t\t\t\t\t\t\t<\/div>\n\t\t\t\t<\/div>\n\t\t\t\t<\/div>\n\t\t<div class=\"elementor-element elementor-element-18c7c8b e-con-full e-flex e-con e-child\" data-id=\"18c7c8b\" data-element_type=\"container\" data-e-type=\"container\">\n\t\t\t\t<div class=\"elementor-element elementor-element-3e19ace elementor-widget elementor-widget-image\" data-id=\"3e19ace\" data-element_type=\"widget\" data-e-type=\"widget\" data-widget_type=\"image.default\">\n\t\t\t\t<div class=\"elementor-widget-container\">\n\t\t\t\t\t\t\t\t\t\t\t\t\t\t\t<img decoding=\"async\" width=\"800\" height=\"534\" src=\"https:\/\/indesfuggerhaus.de\/wp-content\/uploads\/2024\/08\/Meyer_Schrader-Fuggerhaus_Layout-7345-1024x683.jpg\" class=\"attachment-large size-large wp-image-19222\" alt=\"Indes Fuggerhaus R\u00e4ume\" srcset=\"https:\/\/indesfuggerhaus.de\/wp-content\/uploads\/2024\/08\/Meyer_Schrader-Fuggerhaus_Layout-7345-1024x683.jpg 1024w, https:\/\/indesfuggerhaus.de\/wp-content\/uploads\/2024\/08\/Meyer_Schrader-Fuggerhaus_Layout-7345-600x400.jpg 600w, https:\/\/indesfuggerhaus.de\/wp-content\/uploads\/2024\/08\/Meyer_Schrader-Fuggerhaus_Layout-7345-300x200.jpg 300w, https:\/\/indesfuggerhaus.de\/wp-content\/uploads\/2024\/08\/Meyer_Schrader-Fuggerhaus_Layout-7345-768x512.jpg 768w, https:\/\/indesfuggerhaus.de\/wp-content\/uploads\/2024\/08\/Meyer_Schrader-Fuggerhaus_Layout-7345-1536x1024.jpg 1536w, https:\/\/indesfuggerhaus.de\/wp-content\/uploads\/2024\/08\/Meyer_Schrader-Fuggerhaus_Layout-7345-2048x1366.jpg 2048w\" sizes=\"(max-width: 800px) 100vw, 800px\" \/>\t\t\t\t\t\t\t\t\t\t\t\t\t\t\t<\/div>\n\t\t\t\t<\/div>\n\t\t\t\t<\/div>\n\t\t<div class=\"elementor-element elementor-element-46b4ffd e-con-full e-flex e-con e-child\" data-id=\"46b4ffd\" data-element_type=\"container\" data-e-type=\"container\">\n\t\t\t\t<div class=\"elementor-element elementor-element-ace74c1 elementor-widget elementor-widget-image\" data-id=\"ace74c1\" data-element_type=\"widget\" data-e-type=\"widget\" data-widget_type=\"image.default\">\n\t\t\t\t<div class=\"elementor-widget-container\">\n\t\t\t\t\t\t\t\t\t\t\t\t\t\t\t<img loading=\"lazy\" decoding=\"async\" width=\"800\" height=\"534\" src=\"https:\/\/indesfuggerhaus.de\/wp-content\/uploads\/2024\/08\/3-1024x683.jpg\" class=\"attachment-large size-large wp-image-19219\" alt=\"Unternehmen\" srcset=\"https:\/\/indesfuggerhaus.de\/wp-content\/uploads\/2024\/08\/3-1024x683.jpg 1024w, https:\/\/indesfuggerhaus.de\/wp-content\/uploads\/2024\/08\/3-scaled-600x400.jpg 600w, https:\/\/indesfuggerhaus.de\/wp-content\/uploads\/2024\/08\/3-300x200.jpg 300w, https:\/\/indesfuggerhaus.de\/wp-content\/uploads\/2024\/08\/3-768x512.jpg 768w, https:\/\/indesfuggerhaus.de\/wp-content\/uploads\/2024\/08\/3-1536x1024.jpg 1536w, https:\/\/indesfuggerhaus.de\/wp-content\/uploads\/2024\/08\/3-2048x1365.jpg 2048w\" sizes=\"(max-width: 800px) 100vw, 800px\" \/>\t\t\t\t\t\t\t\t\t\t\t\t\t\t\t<\/div>\n\t\t\t\t<\/div>\n\t\t\t\t<\/div>\n\t\t<div class=\"elementor-element elementor-element-933f579 e-con-full e-flex e-con e-child\" data-id=\"933f579\" data-element_type=\"container\" data-e-type=\"container\">\n\t\t\t\t<div class=\"elementor-element elementor-element-e7c78b8 elementor-widget elementor-widget-image\" data-id=\"e7c78b8\" data-element_type=\"widget\" data-e-type=\"widget\" data-widget_type=\"image.default\">\n\t\t\t\t<div class=\"elementor-widget-container\">\n\t\t\t\t\t\t\t\t\t\t\t\t\t\t\t<img loading=\"lazy\" decoding=\"async\" width=\"800\" height=\"534\" src=\"https:\/\/indesfuggerhaus.de\/wp-content\/uploads\/2024\/08\/Meyer_Schrader-Fuggerhaus_Layout-7354-1024x683.jpg\" class=\"attachment-large size-large wp-image-19223\" alt=\"B\u00fcrokonzepte: Indes Fuggerhaus\" srcset=\"https:\/\/indesfuggerhaus.de\/wp-content\/uploads\/2024\/08\/Meyer_Schrader-Fuggerhaus_Layout-7354-1024x683.jpg 1024w, https:\/\/indesfuggerhaus.de\/wp-content\/uploads\/2024\/08\/Meyer_Schrader-Fuggerhaus_Layout-7354-600x400.jpg 600w, https:\/\/indesfuggerhaus.de\/wp-content\/uploads\/2024\/08\/Meyer_Schrader-Fuggerhaus_Layout-7354-300x200.jpg 300w, https:\/\/indesfuggerhaus.de\/wp-content\/uploads\/2024\/08\/Meyer_Schrader-Fuggerhaus_Layout-7354-768x512.jpg 768w, https:\/\/indesfuggerhaus.de\/wp-content\/uploads\/2024\/08\/Meyer_Schrader-Fuggerhaus_Layout-7354-1536x1024.jpg 1536w, https:\/\/indesfuggerhaus.de\/wp-content\/uploads\/2024\/08\/Meyer_Schrader-Fuggerhaus_Layout-7354-2048x1366.jpg 2048w\" sizes=\"(max-width: 800px) 100vw, 800px\" \/>\t\t\t\t\t\t\t\t\t\t\t\t\t\t\t<\/div>\n\t\t\t\t<\/div>\n\t\t\t\t<\/div>\n\t\t<div class=\"elementor-element elementor-element-be5246d e-con-full e-flex e-con e-child\" data-id=\"be5246d\" data-element_type=\"container\" data-e-type=\"container\">\n\t\t\t\t<div class=\"elementor-element elementor-element-57cc563 elementor-widget elementor-widget-image\" data-id=\"57cc563\" data-element_type=\"widget\" data-e-type=\"widget\" data-widget_type=\"image.default\">\n\t\t\t\t<div class=\"elementor-widget-container\">\n\t\t\t\t\t\t\t\t\t\t\t\t\t\t\t<img loading=\"lazy\" decoding=\"async\" width=\"768\" height=\"512\" src=\"https:\/\/indesfuggerhaus.de\/wp-content\/uploads\/2024\/08\/Meyer_Schrader-Fuggerhaus_Layout-7290-768x512.jpg\" class=\"attachment-medium_large size-medium_large wp-image-19218\" alt=\"Cafe Indes Fuggerhaus\" srcset=\"https:\/\/indesfuggerhaus.de\/wp-content\/uploads\/2024\/08\/Meyer_Schrader-Fuggerhaus_Layout-7290-768x512.jpg 768w, https:\/\/indesfuggerhaus.de\/wp-content\/uploads\/2024\/08\/Meyer_Schrader-Fuggerhaus_Layout-7290-600x400.jpg 600w, https:\/\/indesfuggerhaus.de\/wp-content\/uploads\/2024\/08\/Meyer_Schrader-Fuggerhaus_Layout-7290-300x200.jpg 300w, https:\/\/indesfuggerhaus.de\/wp-content\/uploads\/2024\/08\/Meyer_Schrader-Fuggerhaus_Layout-7290-1024x683.jpg 1024w, https:\/\/indesfuggerhaus.de\/wp-content\/uploads\/2024\/08\/Meyer_Schrader-Fuggerhaus_Layout-7290-1536x1024.jpg 1536w, https:\/\/indesfuggerhaus.de\/wp-content\/uploads\/2024\/08\/Meyer_Schrader-Fuggerhaus_Layout-7290-2048x1366.jpg 2048w\" sizes=\"(max-width: 768px) 100vw, 768px\" \/>\t\t\t\t\t\t\t\t\t\t\t\t\t\t\t<\/div>\n\t\t\t\t<\/div>\n\t\t\t\t<\/div>\n\t\t\t\t\t<\/div>\n\t\t\t\t<\/div>\n\t\t\t\t<\/div>","protected":false},"excerpt":{"rendered":"<p>\u00dcber uns Ansprechpartner Wir helfen Ihnen gern! Standort Hier finden Sie uns Schaur\u00e4ume Lassen Sie sich inspirieren Karriere Werden Sie Teil unseres Teams! Impressionen<\/p>","protected":false},"author":2,"featured_media":0,"parent":0,"menu_order":0,"comment_status":"closed","ping_status":"closed","template":"","meta":{"footnotes":""},"class_list":["post-54","page","type-page","status-publish","hentry"],"_links":{"self":[{"href":"https:\/\/indesfuggerhaus.de\/pl\/wp-json\/wp\/v2\/pages\/54","targetHints":{"allow":["GET"]}}],"collection":[{"href":"https:\/\/indesfuggerhaus.de\/pl\/wp-json\/wp\/v2\/pages"}],"about":[{"href":"https:\/\/indesfuggerhaus.de\/pl\/wp-json\/wp\/v2\/types\/page"}],"author":[{"embeddable":true,"href":"https:\/\/indesfuggerhaus.de\/pl\/wp-json\/wp\/v2\/users\/2"}],"replies":[{"embeddable":true,"href":"https:\/\/indesfuggerhaus.de\/pl\/wp-json\/wp\/v2\/comments?post=54"}],"version-history":[{"count":40,"href":"https:\/\/indesfuggerhaus.de\/pl\/wp-json\/wp\/v2\/pages\/54\/revisions"}],"predecessor-version":[{"id":24318,"href":"https:\/\/indesfuggerhaus.de\/pl\/wp-json\/wp\/v2\/pages\/54\/revisions\/24318"}],"wp:attachment":[{"href":"https:\/\/indesfuggerhaus.de\/pl\/wp-json\/wp\/v2\/media?parent=54"}],"curies":[{"name":"wp","href":"https:\/\/api.w.org\/{rel}","templated":true}]}}